{"id":922584,"date":"2026-03-12T10:28:59","date_gmt":"2026-03-12T10:28:59","guid":{"rendered":"https:\/\/marksandharrison.cwdevelop.com\/?page_id=922584"},"modified":"2026-03-20T10:23:25","modified_gmt":"2026-03-20T10:23:25","slug":"william-r-rob-sievers","status":"publish","type":"page","link":"https:\/\/marksandharrison.cwdevelop.com\/es\/nuestros-profesionales\/william-r-rob-sievers\/","title":{"rendered":"William R. \u201cRob\u201d Sievers"},"content":{"rendered":"<p>Rob ingres\u00f3 al equipo de Marks &amp; Harrison en 2019. Recibi\u00f3 su t\u00edtulo de licenciatura de la Universidad de Elon antes de graduarse de The Appalachian School of Law. Mientras estaba en la escuela de derecho, se desempe\u00f1\u00f3 como Presidente de la Asociaci\u00f3n de Abogados Estudiantiles, y fue galardonado con el premio Presidente del A\u00f1o de la Asociaci\u00f3n Americana de Abogados SBA.<\/p>\n<p>Rob cuenta con acreditaci\u00f3n para ejercer en los tribunales estatales y federales de Virginia, incluido el Tribunal de Apelaciones del 4\u00ba Circuito, as\u00ed como el Tribunal de Apelaciones del 6\u00ba Circuito y el Tribunal Supremo de los Estados Unidos. Es abogado en dos casos presentados ante el Tribunal Supremo de los Estados Unidos y en varios casos ante el Tribunal Supremo de Virginia.<\/p>\n<p>Antes de unirse a Marks &amp; Harrison, Rob ejerci\u00f3 enun bufete local de lesiones personales en Richmond y, previamente, en una firma dedicada a la defensa de seguros.\u00a0Inici\u00f3 su carrera como asistente jur\u00eddico del Honorable Juez Superior del Tribunal de Distrito de los Estados Unidos, Glen M. Williams, para el Distrito Oeste de Virginia. Despu\u00e9s de su pasant\u00eda federal, trabaj\u00f3 dos a\u00f1os como Fiscal General Adjunto y Procurador General Asociado para la Oficina del Fiscal General de la Mancomunidad de Virginia. Adem\u00e1s, ha demostrado un firme compromiso con el servicio comunitario y la educaci\u00f3n legal, siendo miembro del Comit\u00e9 Pro Bono de VTLA y ponente en dos ocasiones en el VTLA Advanced Auto Retreat.<\/p>\n","protected":false},"excerpt":{"rendered":"<p>Rob ingres\u00f3 al equipo de Marks &amp; Harrison en 2019. Recibi\u00f3 su t\u00edtulo de licenciatura de la Universidad de Elon antes de graduarse de The Appalachian School of Law. Mientras estaba en la escuela de derecho, se desempe\u00f1\u00f3 como Presidente de la Asociaci\u00f3n de Abogados Estudiantiles, y fue galardonado con el premio Presidente del A\u00f1o [&hellip;]<\/p>\n","protected":false},"author":6,"featured_media":922597,"parent":893352,"menu_order":42,"comment_status":"closed","ping_status":"closed","template":"attorney.php","meta":{"_acf_changed":false,"footnotes":""},"class_list":["post-922584","page","type-page","status-publish","has-post-thumbnail","hentry"],"acf":[],"yoast_head":"<!-- This site is optimized with the Yoast SEO plugin v27.1 - https:\/\/yoast.com\/product\/yoast-seo-wordpress\/ -->\n<title>Abogada de lesiones personales R. \u201cRob\u201d Sievers | Marks &amp; Harrison<\/title>\n<meta name=\"description\" content=\"Conozca R. \u201cRob\u201d Sievers, abogado de Marks &amp; Harrison con amplia experiencia en demandas por lesiones personales. Nuestro equipo est\u00e1 aqu\u00ed para ayudarle.\" \/>\n<meta name=\"robots\" content=\"noindex, follow, max-snippet:-1, max-image-preview:large, max-video-preview:-1\" \/>\n<meta property=\"og:locale\" content=\"es_ES\" \/>\n<meta property=\"og:type\" content=\"article\" \/>\n<meta property=\"og:title\" content=\"Abogada de lesiones personales R. \u201cRob\u201d Sievers | Marks &amp; Harrison\" \/>\n<meta property=\"og:description\" content=\"Conozca R. \u201cRob\u201d Sievers, abogado de Marks &amp; Harrison con amplia experiencia en demandas por lesiones personales. Nuestro equipo est\u00e1 aqu\u00ed para ayudarle.\" \/>\n<meta property=\"og:url\" content=\"https:\/\/marksandharrison.cwdevelop.com\/es\/nuestros-profesionales\/william-r-rob-sievers\/\" \/>\n<meta property=\"og:site_name\" content=\"marksandharrison.cwdevelop.com Managed WordPress Site\" \/>\n<meta property=\"article:modified_time\" content=\"2026-03-20T10:23:25+00:00\" \/>\n<meta property=\"og:image\" content=\"http:\/\/marksandharrison.cwdevelop.com\/wp-content\/uploads\/2026\/03\/william-r-rob-sievers-bio-banner.jpg\" \/>\n\t<meta property=\"og:image:width\" content=\"680\" \/>\n\t<meta property=\"og:image:height\" content=\"730\" \/>\n\t<meta property=\"og:image:type\" content=\"image\/jpeg\" \/>\n<meta name=\"twitter:card\" content=\"summary_large_image\" \/>\n<meta name=\"twitter:label1\" content=\"Tiempo de lectura\" \/>\n\t<meta name=\"twitter:data1\" content=\"2 minutos\" \/>\n<script type=\"application\/ld+json\" class=\"yoast-schema-graph\">{\"@context\":\"https:\/\/schema.org\",\"@graph\":[{\"@type\":\"WebPage\",\"@id\":\"https:\/\/marksandharrison.cwdevelop.com\/es\/nuestros-profesionales\/william-r-rob-sievers\/\",\"url\":\"https:\/\/marksandharrison.cwdevelop.com\/es\/nuestros-profesionales\/william-r-rob-sievers\/\",\"name\":\"Abogada de lesiones personales R. \u201cRob\u201d Sievers | Marks & Harrison\",\"isPartOf\":{\"@id\":\"https:\/\/marksandharrison.cwdevelop.com\/es\/#website\"},\"primaryImageOfPage\":{\"@id\":\"https:\/\/marksandharrison.cwdevelop.com\/es\/nuestros-profesionales\/william-r-rob-sievers\/#primaryimage\"},\"image\":{\"@id\":\"https:\/\/marksandharrison.cwdevelop.com\/es\/nuestros-profesionales\/william-r-rob-sievers\/#primaryimage\"},\"thumbnailUrl\":\"https:\/\/marksandharrison.cwdevelop.com\/wp-content\/uploads\/2026\/03\/william-r-rob-sievers-bio-banner.jpg\",\"datePublished\":\"2026-03-12T10:28:59+00:00\",\"dateModified\":\"2026-03-20T10:23:25+00:00\",\"description\":\"Conozca R. \u201cRob\u201d Sievers, abogado de Marks & Harrison con amplia experiencia en demandas por lesiones personales. Nuestro equipo est\u00e1 aqu\u00ed para ayudarle.\",\"breadcrumb\":{\"@id\":\"https:\/\/marksandharrison.cwdevelop.com\/es\/nuestros-profesionales\/william-r-rob-sievers\/#breadcrumb\"},\"inLanguage\":\"es\",\"potentialAction\":[{\"@type\":\"ReadAction\",\"target\":[\"https:\/\/marksandharrison.cwdevelop.com\/es\/nuestros-profesionales\/william-r-rob-sievers\/\"]}]},{\"@type\":\"ImageObject\",\"inLanguage\":\"es\",\"@id\":\"https:\/\/marksandharrison.cwdevelop.com\/es\/nuestros-profesionales\/william-r-rob-sievers\/#primaryimage\",\"url\":\"https:\/\/marksandharrison.cwdevelop.com\/wp-content\/uploads\/2026\/03\/william-r-rob-sievers-bio-banner.jpg\",\"contentUrl\":\"https:\/\/marksandharrison.cwdevelop.com\/wp-content\/uploads\/2026\/03\/william-r-rob-sievers-bio-banner.jpg\",\"width\":680,\"height\":730},{\"@type\":\"BreadcrumbList\",\"@id\":\"https:\/\/marksandharrison.cwdevelop.com\/es\/nuestros-profesionales\/william-r-rob-sievers\/#breadcrumb\",\"itemListElement\":[{\"@type\":\"ListItem\",\"position\":1,\"name\":\"Inicio\",\"item\":\"https:\/\/marksandharrison.cwdevelop.com\/es\/\"},{\"@type\":\"ListItem\",\"position\":2,\"name\":\"Nuestros Abogados\",\"item\":\"https:\/\/marksandharrison.cwdevelop.com\/es\/nuestros-profesionales\/\"},{\"@type\":\"ListItem\",\"position\":3,\"name\":\"William R. \u201cRob\u201d Sievers\"}]},{\"@type\":\"WebSite\",\"@id\":\"https:\/\/marksandharrison.cwdevelop.com\/es\/#website\",\"url\":\"https:\/\/marksandharrison.cwdevelop.com\/es\/\",\"name\":\"marksandharrison.cwdevelop.com Managed WordPress Site\",\"description\":\"\",\"potentialAction\":[{\"@type\":\"SearchAction\",\"target\":{\"@type\":\"EntryPoint\",\"urlTemplate\":\"https:\/\/marksandharrison.cwdevelop.com\/es\/?s={search_term_string}\"},\"query-input\":{\"@type\":\"PropertyValueSpecification\",\"valueRequired\":true,\"valueName\":\"search_term_string\"}}],\"inLanguage\":\"es\"}]}<\/script>\n<!-- \/ Yoast SEO plugin. -->","yoast_head_json":{"title":"Abogada de lesiones personales R. \u201cRob\u201d Sievers | Marks & Harrison","description":"Conozca R. \u201cRob\u201d Sievers, abogado de Marks & Harrison con amplia experiencia en demandas por lesiones personales. Nuestro equipo est\u00e1 aqu\u00ed para ayudarle.","robots":{"index":"noindex","follow":"follow","max-snippet":"max-snippet:-1","max-image-preview":"max-image-preview:large","max-video-preview":"max-video-preview:-1"},"og_locale":"es_ES","og_type":"article","og_title":"Abogada de lesiones personales R. \u201cRob\u201d Sievers | Marks & Harrison","og_description":"Conozca R. \u201cRob\u201d Sievers, abogado de Marks & Harrison con amplia experiencia en demandas por lesiones personales. Nuestro equipo est\u00e1 aqu\u00ed para ayudarle.","og_url":"https:\/\/marksandharrison.cwdevelop.com\/es\/nuestros-profesionales\/william-r-rob-sievers\/","og_site_name":"marksandharrison.cwdevelop.com Managed WordPress Site","article_modified_time":"2026-03-20T10:23:25+00:00","og_image":[{"width":680,"height":730,"url":"http:\/\/marksandharrison.cwdevelop.com\/wp-content\/uploads\/2026\/03\/william-r-rob-sievers-bio-banner.jpg","type":"image\/jpeg"}],"twitter_card":"summary_large_image","twitter_misc":{"Tiempo de lectura":"2 minutos"},"schema":{"@context":"https:\/\/schema.org","@graph":[{"@type":"WebPage","@id":"https:\/\/marksandharrison.cwdevelop.com\/es\/nuestros-profesionales\/william-r-rob-sievers\/","url":"https:\/\/marksandharrison.cwdevelop.com\/es\/nuestros-profesionales\/william-r-rob-sievers\/","name":"Abogada de lesiones personales R. \u201cRob\u201d Sievers | Marks & Harrison","isPartOf":{"@id":"https:\/\/marksandharrison.cwdevelop.com\/es\/#website"},"primaryImageOfPage":{"@id":"https:\/\/marksandharrison.cwdevelop.com\/es\/nuestros-profesionales\/william-r-rob-sievers\/#primaryimage"},"image":{"@id":"https:\/\/marksandharrison.cwdevelop.com\/es\/nuestros-profesionales\/william-r-rob-sievers\/#primaryimage"},"thumbnailUrl":"https:\/\/marksandharrison.cwdevelop.com\/wp-content\/uploads\/2026\/03\/william-r-rob-sievers-bio-banner.jpg","datePublished":"2026-03-12T10:28:59+00:00","dateModified":"2026-03-20T10:23:25+00:00","description":"Conozca R. \u201cRob\u201d Sievers, abogado de Marks & Harrison con amplia experiencia en demandas por lesiones personales. Nuestro equipo est\u00e1 aqu\u00ed para ayudarle.","breadcrumb":{"@id":"https:\/\/marksandharrison.cwdevelop.com\/es\/nuestros-profesionales\/william-r-rob-sievers\/#breadcrumb"},"inLanguage":"es","potentialAction":[{"@type":"ReadAction","target":["https:\/\/marksandharrison.cwdevelop.com\/es\/nuestros-profesionales\/william-r-rob-sievers\/"]}]},{"@type":"ImageObject","inLanguage":"es","@id":"https:\/\/marksandharrison.cwdevelop.com\/es\/nuestros-profesionales\/william-r-rob-sievers\/#primaryimage","url":"https:\/\/marksandharrison.cwdevelop.com\/wp-content\/uploads\/2026\/03\/william-r-rob-sievers-bio-banner.jpg","contentUrl":"https:\/\/marksandharrison.cwdevelop.com\/wp-content\/uploads\/2026\/03\/william-r-rob-sievers-bio-banner.jpg","width":680,"height":730},{"@type":"BreadcrumbList","@id":"https:\/\/marksandharrison.cwdevelop.com\/es\/nuestros-profesionales\/william-r-rob-sievers\/#breadcrumb","itemListElement":[{"@type":"ListItem","position":1,"name":"Inicio","item":"https:\/\/marksandharrison.cwdevelop.com\/es\/"},{"@type":"ListItem","position":2,"name":"Nuestros Abogados","item":"https:\/\/marksandharrison.cwdevelop.com\/es\/nuestros-profesionales\/"},{"@type":"ListItem","position":3,"name":"William R. \u201cRob\u201d Sievers"}]},{"@type":"WebSite","@id":"https:\/\/marksandharrison.cwdevelop.com\/es\/#website","url":"https:\/\/marksandharrison.cwdevelop.com\/es\/","name":"marksandharrison.cwdevelop.com Managed WordPress Site","description":"","potentialAction":[{"@type":"SearchAction","target":{"@type":"EntryPoint","urlTemplate":"https:\/\/marksandharrison.cwdevelop.com\/es\/?s={search_term_string}"},"query-input":{"@type":"PropertyValueSpecification","valueRequired":true,"valueName":"search_term_string"}}],"inLanguage":"es"}]}},"_links":{"self":[{"href":"https:\/\/marksandharrison.cwdevelop.com\/es\/wp-json\/wp\/v2\/pages\/922584","targetHints":{"allow":["GET"]}}],"collection":[{"href":"https:\/\/marksandharrison.cwdevelop.com\/es\/wp-json\/wp\/v2\/pages"}],"about":[{"href":"https:\/\/marksandharrison.cwdevelop.com\/es\/wp-json\/wp\/v2\/types\/page"}],"author":[{"embeddable":true,"href":"https:\/\/marksandharrison.cwdevelop.com\/es\/wp-json\/wp\/v2\/users\/6"}],"replies":[{"embeddable":true,"href":"https:\/\/marksandharrison.cwdevelop.com\/es\/wp-json\/wp\/v2\/comments?post=922584"}],"version-history":[{"count":0,"href":"https:\/\/marksandharrison.cwdevelop.com\/es\/wp-json\/wp\/v2\/pages\/922584\/revisions"}],"up":[{"embeddable":true,"href":"https:\/\/marksandharrison.cwdevelop.com\/es\/wp-json\/wp\/v2\/pages\/893352"}],"wp:featuredmedia":[{"embeddable":true,"href":"https:\/\/marksandharrison.cwdevelop.com\/es\/wp-json\/wp\/v2\/media\/922597"}],"wp:attachment":[{"href":"https:\/\/marksandharrison.cwdevelop.com\/es\/wp-json\/wp\/v2\/media?parent=922584"}],"curies":[{"name":"wp","href":"https:\/\/api.w.org\/{rel}","templated":true}]}}