{"id":922561,"date":"2026-03-12T10:23:20","date_gmt":"2026-03-12T10:23:20","guid":{"rendered":"https:\/\/marksandharrison.cwdevelop.com\/?page_id=922561"},"modified":"2026-03-20T10:19:33","modified_gmt":"2026-03-20T10:19:33","slug":"vanessa-e-hicks","status":"publish","type":"page","link":"https:\/\/marksandharrison.cwdevelop.com\/es\/nuestros-profesionales\/vanessa-e-hicks\/","title":{"rendered":"Vanessa E. Hicks"},"content":{"rendered":"<p>Vanessa E. Hicks ha ejercido la abogac\u00eda por m\u00e1s de treinta a\u00f1os, ofreciendo representaci\u00f3n legal con integridad y compasi\u00f3n.<\/p>\n<p>Nacida y criada en el Condado de Lunenburg, VA, Vanessa se gradu\u00f3 de la Escuela Secundaria Central de Lunenburg, donde descubri\u00f3 su pasi\u00f3n por hablar en p\u00fablico como miembro del Equipo Forense.<\/p>\n<p>Vanessa obtuvo su t\u00edtulo de licenciada en Artes en Ingl\u00e9s de la Universidad de William &amp; Mary y su t\u00edtulo de Doctora en Jurisprudencia de Washington &amp; Lee School of Law. Mientras trabajaba activamente por su t\u00edtulo en derecho, particip\u00f3 en una de las Cl\u00ednicas de Asistencia Jur\u00eddica de la escuela proporcionando representaci\u00f3n legal para las mujeres encarceladas en la Prisi\u00f3n Federal de Alderson, WV y perfeccion\u00f3 sus habilidades para hablar en p\u00fablico como miembro del Equipo de Juicios Simulados.<\/p>\n<p>Vanessa ha sido reconocida con el AVVO Client\u2019s Choice Award, 2021 y en 2014 fue nombrada por The National Trial Lawyers, como uno de los 100 mejores abogados litigantes del a\u00f1o.<\/p>\n\n\t\t\t\t\n\t\t\t\t\t<div itemtype=\"https:\/\/schema.org\/VideoObject\" itemscope=\"\" id=\"video_play-884460\" class=\" vid-aligncenter\" style=\"display:block\">\n\t\t\t\t\t\t<meta itemprop=\"name\" content=\"Meet Our Attorney: Vanessa Hicks &#8211; Marks &#038; Harrison\" \/>\n\t\t\t\t\t\t<meta itemprop=\"thumbnailURL\" content=\"https:\/\/i.ytimg.com\/vi\/FJatWIviO8g\/hqdefault.jpg\" \/>\n\t\t\t\t\t\t<meta itemprop=\"uploadDate\" content=\"12 de marzo de 2026\">\n\t\t\t\t\t\t\t\t\t\t\t\t\t<meta itemprop=\"embedURL\" content=\"https:\/\/www.youtube.com\/watch?v=FJatWIviO8g\" \/>\n\t\t\t\t\t\t\t<iframe loading=\"lazy\" class=\"cw_video_single\" src=\"https:\/\/www.youtube.com\/embed\/FJatWIviO8g?rel=0&amp;showinfo=1&amp;autoplay=0\" allowfullscreen=\"allowfullscreen\" width=\"100%\" height=\"480px\" ><\/iframe>\n\t\t\t\t\t\t\n\t\t\t\t\t\t\n\t\t\t\t\t\t\t\t\t\t\t\t\t\t\t<meta itemprop=\"description\" content=\"http:\/\/marksandharrison.cwdevelop.com\/\r\n\r\nFollow us on Facebook: \r\nhttps:\/\/www.facebook.com\/marksandharrison\r\nFollow us on Twitter: \r\nhttps:\/\/twitter.com\/mandhlaw\r\n\r\nContact us at http:\/\/marksandharrison.cwdevelop.com\/contact-us\/\" \/>\n\t\t\t\t\t\t\t\n\t\t\t\t\t\t\n\t\t\t\t\t<\/div>\n\n\t\t\t\t\n\n\n\n\t\t\t\n\t\t\t\t\n","protected":false},"excerpt":{"rendered":"<p>Vanessa E. Hicks ha ejercido la abogac\u00eda por m\u00e1s de treinta a\u00f1os, ofreciendo representaci\u00f3n legal con integridad y compasi\u00f3n. Nacida y criada en el Condado de Lunenburg, VA, Vanessa se gradu\u00f3 de la Escuela Secundaria Central de Lunenburg, donde descubri\u00f3 su pasi\u00f3n por hablar en p\u00fablico como miembro del Equipo Forense. Vanessa obtuvo su t\u00edtulo [&hellip;]<\/p>\n","protected":false},"author":6,"featured_media":922574,"parent":893352,"menu_order":41,"comment_status":"closed","ping_status":"closed","template":"attorney.php","meta":{"_acf_changed":false,"footnotes":""},"class_list":["post-922561","page","type-page","status-publish","has-post-thumbnail","hentry"],"acf":[],"yoast_head":"<!-- This site is optimized with the Yoast SEO plugin v27.1 - https:\/\/yoast.com\/product\/yoast-seo-wordpress\/ -->\n<title>Abogada de lesiones personales Vanessa E. Hicks | Marks &amp; Harrison<\/title>\n<meta name=\"description\" content=\"Conozca a Vanessa E. Hicks, abogada con experiencia en lesiones personales que, como parte del equipo de Marks &amp; Harrison, est\u00e1 aqu\u00ed para apoyarlo.\" \/>\n<meta name=\"robots\" content=\"noindex, follow, max-snippet:-1, max-image-preview:large, max-video-preview:-1\" \/>\n<meta property=\"og:locale\" content=\"es_ES\" \/>\n<meta property=\"og:type\" content=\"article\" \/>\n<meta property=\"og:title\" content=\"Abogada de lesiones personales Vanessa E. Hicks | Marks &amp; Harrison\" \/>\n<meta property=\"og:description\" content=\"Conozca a Vanessa E. Hicks, abogada con experiencia en lesiones personales que, como parte del equipo de Marks &amp; Harrison, est\u00e1 aqu\u00ed para apoyarlo.\" \/>\n<meta property=\"og:url\" content=\"https:\/\/marksandharrison.cwdevelop.com\/es\/nuestros-profesionales\/vanessa-e-hicks\/\" \/>\n<meta property=\"og:site_name\" content=\"marksandharrison.cwdevelop.com Managed WordPress Site\" \/>\n<meta property=\"article:modified_time\" content=\"2026-03-20T10:19:33+00:00\" \/>\n<meta property=\"og:image\" content=\"http:\/\/marksandharrison.cwdevelop.com\/wp-content\/uploads\/2026\/03\/vanessa-e-hicks-bio-banner.jpg\" \/>\n\t<meta property=\"og:image:width\" content=\"680\" \/>\n\t<meta property=\"og:image:height\" content=\"730\" \/>\n\t<meta property=\"og:image:type\" content=\"image\/jpeg\" \/>\n<meta name=\"twitter:card\" content=\"summary_large_image\" \/>\n<meta name=\"twitter:label1\" content=\"Tiempo de lectura\" \/>\n\t<meta name=\"twitter:data1\" content=\"1 minuto\" \/>\n<script type=\"application\/ld+json\" class=\"yoast-schema-graph\">{\"@context\":\"https:\/\/schema.org\",\"@graph\":[{\"@type\":\"WebPage\",\"@id\":\"https:\/\/marksandharrison.cwdevelop.com\/es\/nuestros-profesionales\/vanessa-e-hicks\/\",\"url\":\"https:\/\/marksandharrison.cwdevelop.com\/es\/nuestros-profesionales\/vanessa-e-hicks\/\",\"name\":\"Abogada de lesiones personales Vanessa E. Hicks | Marks & Harrison\",\"isPartOf\":{\"@id\":\"https:\/\/marksandharrison.cwdevelop.com\/es\/#website\"},\"primaryImageOfPage\":{\"@id\":\"https:\/\/marksandharrison.cwdevelop.com\/es\/nuestros-profesionales\/vanessa-e-hicks\/#primaryimage\"},\"image\":{\"@id\":\"https:\/\/marksandharrison.cwdevelop.com\/es\/nuestros-profesionales\/vanessa-e-hicks\/#primaryimage\"},\"thumbnailUrl\":\"https:\/\/marksandharrison.cwdevelop.com\/wp-content\/uploads\/2026\/03\/vanessa-e-hicks-bio-banner.jpg\",\"datePublished\":\"2026-03-12T10:23:20+00:00\",\"dateModified\":\"2026-03-20T10:19:33+00:00\",\"description\":\"Conozca a Vanessa E. Hicks, abogada con experiencia en lesiones personales que, como parte del equipo de Marks & Harrison, est\u00e1 aqu\u00ed para apoyarlo.\",\"breadcrumb\":{\"@id\":\"https:\/\/marksandharrison.cwdevelop.com\/es\/nuestros-profesionales\/vanessa-e-hicks\/#breadcrumb\"},\"inLanguage\":\"es\",\"potentialAction\":[{\"@type\":\"ReadAction\",\"target\":[\"https:\/\/marksandharrison.cwdevelop.com\/es\/nuestros-profesionales\/vanessa-e-hicks\/\"]}]},{\"@type\":\"ImageObject\",\"inLanguage\":\"es\",\"@id\":\"https:\/\/marksandharrison.cwdevelop.com\/es\/nuestros-profesionales\/vanessa-e-hicks\/#primaryimage\",\"url\":\"https:\/\/marksandharrison.cwdevelop.com\/wp-content\/uploads\/2026\/03\/vanessa-e-hicks-bio-banner.jpg\",\"contentUrl\":\"https:\/\/marksandharrison.cwdevelop.com\/wp-content\/uploads\/2026\/03\/vanessa-e-hicks-bio-banner.jpg\",\"width\":680,\"height\":730},{\"@type\":\"BreadcrumbList\",\"@id\":\"https:\/\/marksandharrison.cwdevelop.com\/es\/nuestros-profesionales\/vanessa-e-hicks\/#breadcrumb\",\"itemListElement\":[{\"@type\":\"ListItem\",\"position\":1,\"name\":\"Inicio\",\"item\":\"https:\/\/marksandharrison.cwdevelop.com\/es\/\"},{\"@type\":\"ListItem\",\"position\":2,\"name\":\"Nuestros Abogados\",\"item\":\"https:\/\/marksandharrison.cwdevelop.com\/es\/nuestros-profesionales\/\"},{\"@type\":\"ListItem\",\"position\":3,\"name\":\"Vanessa E. Hicks\"}]},{\"@type\":\"WebSite\",\"@id\":\"https:\/\/marksandharrison.cwdevelop.com\/es\/#website\",\"url\":\"https:\/\/marksandharrison.cwdevelop.com\/es\/\",\"name\":\"marksandharrison.cwdevelop.com Managed WordPress Site\",\"description\":\"\",\"potentialAction\":[{\"@type\":\"SearchAction\",\"target\":{\"@type\":\"EntryPoint\",\"urlTemplate\":\"https:\/\/marksandharrison.cwdevelop.com\/es\/?s={search_term_string}\"},\"query-input\":{\"@type\":\"PropertyValueSpecification\",\"valueRequired\":true,\"valueName\":\"search_term_string\"}}],\"inLanguage\":\"es\"}]}<\/script>\n<!-- \/ Yoast SEO plugin. -->","yoast_head_json":{"title":"Abogada de lesiones personales Vanessa E. Hicks | Marks & Harrison","description":"Conozca a Vanessa E. Hicks, abogada con experiencia en lesiones personales que, como parte del equipo de Marks & Harrison, est\u00e1 aqu\u00ed para apoyarlo.","robots":{"index":"noindex","follow":"follow","max-snippet":"max-snippet:-1","max-image-preview":"max-image-preview:large","max-video-preview":"max-video-preview:-1"},"og_locale":"es_ES","og_type":"article","og_title":"Abogada de lesiones personales Vanessa E. Hicks | Marks & Harrison","og_description":"Conozca a Vanessa E. Hicks, abogada con experiencia en lesiones personales que, como parte del equipo de Marks & Harrison, est\u00e1 aqu\u00ed para apoyarlo.","og_url":"https:\/\/marksandharrison.cwdevelop.com\/es\/nuestros-profesionales\/vanessa-e-hicks\/","og_site_name":"marksandharrison.cwdevelop.com Managed WordPress Site","article_modified_time":"2026-03-20T10:19:33+00:00","og_image":[{"width":680,"height":730,"url":"http:\/\/marksandharrison.cwdevelop.com\/wp-content\/uploads\/2026\/03\/vanessa-e-hicks-bio-banner.jpg","type":"image\/jpeg"}],"twitter_card":"summary_large_image","twitter_misc":{"Tiempo de lectura":"1 minuto"},"schema":{"@context":"https:\/\/schema.org","@graph":[{"@type":"WebPage","@id":"https:\/\/marksandharrison.cwdevelop.com\/es\/nuestros-profesionales\/vanessa-e-hicks\/","url":"https:\/\/marksandharrison.cwdevelop.com\/es\/nuestros-profesionales\/vanessa-e-hicks\/","name":"Abogada de lesiones personales Vanessa E. Hicks | Marks & Harrison","isPartOf":{"@id":"https:\/\/marksandharrison.cwdevelop.com\/es\/#website"},"primaryImageOfPage":{"@id":"https:\/\/marksandharrison.cwdevelop.com\/es\/nuestros-profesionales\/vanessa-e-hicks\/#primaryimage"},"image":{"@id":"https:\/\/marksandharrison.cwdevelop.com\/es\/nuestros-profesionales\/vanessa-e-hicks\/#primaryimage"},"thumbnailUrl":"https:\/\/marksandharrison.cwdevelop.com\/wp-content\/uploads\/2026\/03\/vanessa-e-hicks-bio-banner.jpg","datePublished":"2026-03-12T10:23:20+00:00","dateModified":"2026-03-20T10:19:33+00:00","description":"Conozca a Vanessa E. Hicks, abogada con experiencia en lesiones personales que, como parte del equipo de Marks & Harrison, est\u00e1 aqu\u00ed para apoyarlo.","breadcrumb":{"@id":"https:\/\/marksandharrison.cwdevelop.com\/es\/nuestros-profesionales\/vanessa-e-hicks\/#breadcrumb"},"inLanguage":"es","potentialAction":[{"@type":"ReadAction","target":["https:\/\/marksandharrison.cwdevelop.com\/es\/nuestros-profesionales\/vanessa-e-hicks\/"]}]},{"@type":"ImageObject","inLanguage":"es","@id":"https:\/\/marksandharrison.cwdevelop.com\/es\/nuestros-profesionales\/vanessa-e-hicks\/#primaryimage","url":"https:\/\/marksandharrison.cwdevelop.com\/wp-content\/uploads\/2026\/03\/vanessa-e-hicks-bio-banner.jpg","contentUrl":"https:\/\/marksandharrison.cwdevelop.com\/wp-content\/uploads\/2026\/03\/vanessa-e-hicks-bio-banner.jpg","width":680,"height":730},{"@type":"BreadcrumbList","@id":"https:\/\/marksandharrison.cwdevelop.com\/es\/nuestros-profesionales\/vanessa-e-hicks\/#breadcrumb","itemListElement":[{"@type":"ListItem","position":1,"name":"Inicio","item":"https:\/\/marksandharrison.cwdevelop.com\/es\/"},{"@type":"ListItem","position":2,"name":"Nuestros Abogados","item":"https:\/\/marksandharrison.cwdevelop.com\/es\/nuestros-profesionales\/"},{"@type":"ListItem","position":3,"name":"Vanessa E. Hicks"}]},{"@type":"WebSite","@id":"https:\/\/marksandharrison.cwdevelop.com\/es\/#website","url":"https:\/\/marksandharrison.cwdevelop.com\/es\/","name":"marksandharrison.cwdevelop.com Managed WordPress Site","description":"","potentialAction":[{"@type":"SearchAction","target":{"@type":"EntryPoint","urlTemplate":"https:\/\/marksandharrison.cwdevelop.com\/es\/?s={search_term_string}"},"query-input":{"@type":"PropertyValueSpecification","valueRequired":true,"valueName":"search_term_string"}}],"inLanguage":"es"}]}},"_links":{"self":[{"href":"https:\/\/marksandharrison.cwdevelop.com\/es\/wp-json\/wp\/v2\/pages\/922561","targetHints":{"allow":["GET"]}}],"collection":[{"href":"https:\/\/marksandharrison.cwdevelop.com\/es\/wp-json\/wp\/v2\/pages"}],"about":[{"href":"https:\/\/marksandharrison.cwdevelop.com\/es\/wp-json\/wp\/v2\/types\/page"}],"author":[{"embeddable":true,"href":"https:\/\/marksandharrison.cwdevelop.com\/es\/wp-json\/wp\/v2\/users\/6"}],"replies":[{"embeddable":true,"href":"https:\/\/marksandharrison.cwdevelop.com\/es\/wp-json\/wp\/v2\/comments?post=922561"}],"version-history":[{"count":0,"href":"https:\/\/marksandharrison.cwdevelop.com\/es\/wp-json\/wp\/v2\/pages\/922561\/revisions"}],"up":[{"embeddable":true,"href":"https:\/\/marksandharrison.cwdevelop.com\/es\/wp-json\/wp\/v2\/pages\/893352"}],"wp:featuredmedia":[{"embeddable":true,"href":"https:\/\/marksandharrison.cwdevelop.com\/es\/wp-json\/wp\/v2\/media\/922574"}],"wp:attachment":[{"href":"https:\/\/marksandharrison.cwdevelop.com\/es\/wp-json\/wp\/v2\/media?parent=922561"}],"curies":[{"name":"wp","href":"https:\/\/api.w.org\/{rel}","templated":true}]}}