{"id":922530,"date":"2026-03-12T10:16:39","date_gmt":"2026-03-12T10:16:39","guid":{"rendered":"https:\/\/marksandharrison.cwdevelop.com\/?page_id=922530"},"modified":"2026-03-20T10:17:58","modified_gmt":"2026-03-20T10:17:58","slug":"steven-g-friedman","status":"publish","type":"page","link":"https:\/\/marksandharrison.cwdevelop.com\/es\/nuestros-profesionales\/steven-g-friedman\/","title":{"rendered":"Steven G. Friedman"},"content":{"rendered":"<p>Steve se une a nuestro equipo desde el National Legal Research Group en Charlottesville, donde ejerci\u00f3 desde 1999. Como Abogado Senior en dicha organizaci\u00f3n, Steve trabaj\u00f3 con numerosos abogados en todo el pa\u00eds realizando investigaciones legales, redacci\u00f3n y an\u00e1lisis jur\u00eddicos, adem\u00e1s de asesorar a sus clientes-abogados sobre una variedad de temas complejos. En esa capacidad, Steve ha preparado literalmente miles de memorandos legales y escritos de apelaci\u00f3n, incluyendo m\u00faltiples presentaciones ante la Corte Suprema de Virginia, el Tribunal de Apelaciones del Cuarto Circuito de los Estados Unidos y la Corte Suprema de los Estados Unidos.<\/p>\n<p>Steve complet\u00f3 sus estudios de pregrado en la\u00a0<a href=\"https:\/\/www.virginia.edu\/\" target=\"_blank\" rel=\"noopener\">Universidad de Virginia<\/a>\u00a0en 1996 y obtuvo su t\u00edtulo de abogado en la\u00a0<a href=\"https:\/\/www.law.gmu.edu\/\" target=\"_blank\" rel=\"noopener\">Facultad de Derecho de la Universidad George Mason<\/a>\u00a0en 1999.<\/p>\n<p>Fuera del \u00e1mbito legal, disfruta ver deportes (especialmente a los Washington Commanders y a los equipos de la UVA), leer ficci\u00f3n, ver series en Netflix y pasar tiempo con su familia: su esposa Tara, sus hijos Bailey y Olivia, y sus dos perros, Lucille Ball y Minnie Pearl.<\/p>\n","protected":false},"excerpt":{"rendered":"<p>Con m\u00e1s de un cuarto de siglo de experiencia en investigaci\u00f3n, redacci\u00f3n y an\u00e1lisis jur\u00eddico, Steve centra su pr\u00e1ctica en elaborar argumentos s\u00f3lidos para los casos de nuestros clientes v\u00edctimas de accidentes.<\/p>\n","protected":false},"author":6,"featured_media":922551,"parent":893352,"menu_order":40,"comment_status":"closed","ping_status":"closed","template":"attorney.php","meta":{"_acf_changed":false,"footnotes":""},"class_list":["post-922530","page","type-page","status-publish","has-post-thumbnail","hentry"],"acf":[],"yoast_head":"<!-- This site is optimized with the Yoast SEO plugin v27.1 - https:\/\/yoast.com\/product\/yoast-seo-wordpress\/ -->\n<title>Attorney Steven G. Friedman - Marks &amp; Harrison<\/title>\n<meta name=\"description\" content=\"Conozca a Steven G. Friedman, abogado en Marks &amp; Harrison con m\u00e1s de 20 a\u00f1os de experiencia en investigaci\u00f3n y litigios.\" \/>\n<meta name=\"robots\" content=\"noindex, follow, max-snippet:-1, max-image-preview:large, max-video-preview:-1\" \/>\n<meta property=\"og:locale\" content=\"es_ES\" \/>\n<meta property=\"og:type\" content=\"article\" \/>\n<meta property=\"og:title\" content=\"Attorney Steven G. Friedman - Marks &amp; Harrison\" \/>\n<meta property=\"og:description\" content=\"Conozca a Steven G. Friedman, abogado en Marks &amp; Harrison con m\u00e1s de 20 a\u00f1os de experiencia en investigaci\u00f3n y litigios.\" \/>\n<meta property=\"og:url\" content=\"https:\/\/marksandharrison.cwdevelop.com\/es\/nuestros-profesionales\/steven-g-friedman\/\" \/>\n<meta property=\"og:site_name\" content=\"marksandharrison.cwdevelop.com Managed WordPress Site\" \/>\n<meta property=\"article:modified_time\" content=\"2026-03-20T10:17:58+00:00\" \/>\n<meta property=\"og:image\" content=\"http:\/\/marksandharrison.cwdevelop.com\/wp-content\/uploads\/2026\/03\/steven-g-friedman-bio-banner.jpg\" \/>\n\t<meta property=\"og:image:width\" content=\"680\" \/>\n\t<meta property=\"og:image:height\" content=\"730\" \/>\n\t<meta property=\"og:image:type\" content=\"image\/jpeg\" \/>\n<meta name=\"twitter:card\" content=\"summary_large_image\" \/>\n<meta name=\"twitter:label1\" content=\"Tiempo de lectura\" \/>\n\t<meta name=\"twitter:data1\" content=\"1 minuto\" \/>\n<script type=\"application\/ld+json\" class=\"yoast-schema-graph\">{\"@context\":\"https:\/\/schema.org\",\"@graph\":[{\"@type\":\"WebPage\",\"@id\":\"https:\/\/marksandharrison.cwdevelop.com\/es\/nuestros-profesionales\/steven-g-friedman\/\",\"url\":\"https:\/\/marksandharrison.cwdevelop.com\/es\/nuestros-profesionales\/steven-g-friedman\/\",\"name\":\"Attorney Steven G. Friedman - Marks & Harrison\",\"isPartOf\":{\"@id\":\"https:\/\/marksandharrison.cwdevelop.com\/es\/#website\"},\"primaryImageOfPage\":{\"@id\":\"https:\/\/marksandharrison.cwdevelop.com\/es\/nuestros-profesionales\/steven-g-friedman\/#primaryimage\"},\"image\":{\"@id\":\"https:\/\/marksandharrison.cwdevelop.com\/es\/nuestros-profesionales\/steven-g-friedman\/#primaryimage\"},\"thumbnailUrl\":\"https:\/\/marksandharrison.cwdevelop.com\/wp-content\/uploads\/2026\/03\/steven-g-friedman-bio-banner.jpg\",\"datePublished\":\"2026-03-12T10:16:39+00:00\",\"dateModified\":\"2026-03-20T10:17:58+00:00\",\"description\":\"Conozca a Steven G. Friedman, abogado en Marks & Harrison con m\u00e1s de 20 a\u00f1os de experiencia en investigaci\u00f3n y litigios.\",\"breadcrumb\":{\"@id\":\"https:\/\/marksandharrison.cwdevelop.com\/es\/nuestros-profesionales\/steven-g-friedman\/#breadcrumb\"},\"inLanguage\":\"es\",\"potentialAction\":[{\"@type\":\"ReadAction\",\"target\":[\"https:\/\/marksandharrison.cwdevelop.com\/es\/nuestros-profesionales\/steven-g-friedman\/\"]}]},{\"@type\":\"ImageObject\",\"inLanguage\":\"es\",\"@id\":\"https:\/\/marksandharrison.cwdevelop.com\/es\/nuestros-profesionales\/steven-g-friedman\/#primaryimage\",\"url\":\"https:\/\/marksandharrison.cwdevelop.com\/wp-content\/uploads\/2026\/03\/steven-g-friedman-bio-banner.jpg\",\"contentUrl\":\"https:\/\/marksandharrison.cwdevelop.com\/wp-content\/uploads\/2026\/03\/steven-g-friedman-bio-banner.jpg\",\"width\":680,\"height\":730},{\"@type\":\"BreadcrumbList\",\"@id\":\"https:\/\/marksandharrison.cwdevelop.com\/es\/nuestros-profesionales\/steven-g-friedman\/#breadcrumb\",\"itemListElement\":[{\"@type\":\"ListItem\",\"position\":1,\"name\":\"Inicio\",\"item\":\"https:\/\/marksandharrison.cwdevelop.com\/es\/\"},{\"@type\":\"ListItem\",\"position\":2,\"name\":\"Nuestros Abogados\",\"item\":\"https:\/\/marksandharrison.cwdevelop.com\/es\/nuestros-profesionales\/\"},{\"@type\":\"ListItem\",\"position\":3,\"name\":\"Steven G. Friedman\"}]},{\"@type\":\"WebSite\",\"@id\":\"https:\/\/marksandharrison.cwdevelop.com\/es\/#website\",\"url\":\"https:\/\/marksandharrison.cwdevelop.com\/es\/\",\"name\":\"marksandharrison.cwdevelop.com Managed WordPress Site\",\"description\":\"\",\"potentialAction\":[{\"@type\":\"SearchAction\",\"target\":{\"@type\":\"EntryPoint\",\"urlTemplate\":\"https:\/\/marksandharrison.cwdevelop.com\/es\/?s={search_term_string}\"},\"query-input\":{\"@type\":\"PropertyValueSpecification\",\"valueRequired\":true,\"valueName\":\"search_term_string\"}}],\"inLanguage\":\"es\"}]}<\/script>\n<!-- \/ Yoast SEO plugin. -->","yoast_head_json":{"title":"Attorney Steven G. Friedman - Marks & Harrison","description":"Conozca a Steven G. Friedman, abogado en Marks & Harrison con m\u00e1s de 20 a\u00f1os de experiencia en investigaci\u00f3n y litigios.","robots":{"index":"noindex","follow":"follow","max-snippet":"max-snippet:-1","max-image-preview":"max-image-preview:large","max-video-preview":"max-video-preview:-1"},"og_locale":"es_ES","og_type":"article","og_title":"Attorney Steven G. Friedman - Marks & Harrison","og_description":"Conozca a Steven G. Friedman, abogado en Marks & Harrison con m\u00e1s de 20 a\u00f1os de experiencia en investigaci\u00f3n y litigios.","og_url":"https:\/\/marksandharrison.cwdevelop.com\/es\/nuestros-profesionales\/steven-g-friedman\/","og_site_name":"marksandharrison.cwdevelop.com Managed WordPress Site","article_modified_time":"2026-03-20T10:17:58+00:00","og_image":[{"width":680,"height":730,"url":"http:\/\/marksandharrison.cwdevelop.com\/wp-content\/uploads\/2026\/03\/steven-g-friedman-bio-banner.jpg","type":"image\/jpeg"}],"twitter_card":"summary_large_image","twitter_misc":{"Tiempo de lectura":"1 minuto"},"schema":{"@context":"https:\/\/schema.org","@graph":[{"@type":"WebPage","@id":"https:\/\/marksandharrison.cwdevelop.com\/es\/nuestros-profesionales\/steven-g-friedman\/","url":"https:\/\/marksandharrison.cwdevelop.com\/es\/nuestros-profesionales\/steven-g-friedman\/","name":"Attorney Steven G. Friedman - Marks & Harrison","isPartOf":{"@id":"https:\/\/marksandharrison.cwdevelop.com\/es\/#website"},"primaryImageOfPage":{"@id":"https:\/\/marksandharrison.cwdevelop.com\/es\/nuestros-profesionales\/steven-g-friedman\/#primaryimage"},"image":{"@id":"https:\/\/marksandharrison.cwdevelop.com\/es\/nuestros-profesionales\/steven-g-friedman\/#primaryimage"},"thumbnailUrl":"https:\/\/marksandharrison.cwdevelop.com\/wp-content\/uploads\/2026\/03\/steven-g-friedman-bio-banner.jpg","datePublished":"2026-03-12T10:16:39+00:00","dateModified":"2026-03-20T10:17:58+00:00","description":"Conozca a Steven G. Friedman, abogado en Marks & Harrison con m\u00e1s de 20 a\u00f1os de experiencia en investigaci\u00f3n y litigios.","breadcrumb":{"@id":"https:\/\/marksandharrison.cwdevelop.com\/es\/nuestros-profesionales\/steven-g-friedman\/#breadcrumb"},"inLanguage":"es","potentialAction":[{"@type":"ReadAction","target":["https:\/\/marksandharrison.cwdevelop.com\/es\/nuestros-profesionales\/steven-g-friedman\/"]}]},{"@type":"ImageObject","inLanguage":"es","@id":"https:\/\/marksandharrison.cwdevelop.com\/es\/nuestros-profesionales\/steven-g-friedman\/#primaryimage","url":"https:\/\/marksandharrison.cwdevelop.com\/wp-content\/uploads\/2026\/03\/steven-g-friedman-bio-banner.jpg","contentUrl":"https:\/\/marksandharrison.cwdevelop.com\/wp-content\/uploads\/2026\/03\/steven-g-friedman-bio-banner.jpg","width":680,"height":730},{"@type":"BreadcrumbList","@id":"https:\/\/marksandharrison.cwdevelop.com\/es\/nuestros-profesionales\/steven-g-friedman\/#breadcrumb","itemListElement":[{"@type":"ListItem","position":1,"name":"Inicio","item":"https:\/\/marksandharrison.cwdevelop.com\/es\/"},{"@type":"ListItem","position":2,"name":"Nuestros Abogados","item":"https:\/\/marksandharrison.cwdevelop.com\/es\/nuestros-profesionales\/"},{"@type":"ListItem","position":3,"name":"Steven G. Friedman"}]},{"@type":"WebSite","@id":"https:\/\/marksandharrison.cwdevelop.com\/es\/#website","url":"https:\/\/marksandharrison.cwdevelop.com\/es\/","name":"marksandharrison.cwdevelop.com Managed WordPress Site","description":"","potentialAction":[{"@type":"SearchAction","target":{"@type":"EntryPoint","urlTemplate":"https:\/\/marksandharrison.cwdevelop.com\/es\/?s={search_term_string}"},"query-input":{"@type":"PropertyValueSpecification","valueRequired":true,"valueName":"search_term_string"}}],"inLanguage":"es"}]}},"_links":{"self":[{"href":"https:\/\/marksandharrison.cwdevelop.com\/es\/wp-json\/wp\/v2\/pages\/922530","targetHints":{"allow":["GET"]}}],"collection":[{"href":"https:\/\/marksandharrison.cwdevelop.com\/es\/wp-json\/wp\/v2\/pages"}],"about":[{"href":"https:\/\/marksandharrison.cwdevelop.com\/es\/wp-json\/wp\/v2\/types\/page"}],"author":[{"embeddable":true,"href":"https:\/\/marksandharrison.cwdevelop.com\/es\/wp-json\/wp\/v2\/users\/6"}],"replies":[{"embeddable":true,"href":"https:\/\/marksandharrison.cwdevelop.com\/es\/wp-json\/wp\/v2\/comments?post=922530"}],"version-history":[{"count":0,"href":"https:\/\/marksandharrison.cwdevelop.com\/es\/wp-json\/wp\/v2\/pages\/922530\/revisions"}],"up":[{"embeddable":true,"href":"https:\/\/marksandharrison.cwdevelop.com\/es\/wp-json\/wp\/v2\/pages\/893352"}],"wp:featuredmedia":[{"embeddable":true,"href":"https:\/\/marksandharrison.cwdevelop.com\/es\/wp-json\/wp\/v2\/media\/922551"}],"wp:attachment":[{"href":"https:\/\/marksandharrison.cwdevelop.com\/es\/wp-json\/wp\/v2\/media?parent=922530"}],"curies":[{"name":"wp","href":"https:\/\/api.w.org\/{rel}","templated":true}]}}