{"id":922502,"date":"2026-03-12T10:04:42","date_gmt":"2026-03-12T10:04:42","guid":{"rendered":"https:\/\/marksandharrison.cwdevelop.com\/?page_id=922502"},"modified":"2026-03-20T10:24:03","modified_gmt":"2026-03-20T10:24:03","slug":"ryan-t-walker","status":"publish","type":"page","link":"https:\/\/marksandharrison.cwdevelop.com\/es\/nuestros-profesionales\/ryan-t-walker\/","title":{"rendered":"Ryan T. Walker"},"content":{"rendered":"<p>Ryan T. Walker ingres\u00f3 al equipo de Marks &amp; Harrison en 2014, despu\u00e9s de haber trabajado previamente en GEICO en la\u00a0<a href=\"https:\/\/marksandharrison.cwdevelop.com\/blog\/settle-personal-injury-case\/\">defensa de casos de lesiones personales<\/a>.<\/p>\n<p>Desde que fue admitido en el Colegio de Abogados de Virginia, ha ejercido exclusivamente en el \u00e1rea de litigios civiles, con un enfoque especial en lesiones personales. Cuenta con una amplia experiencia en litigios por accidentes automovil\u00edsticos.<\/p>\n<p>\u201cNuestra firma tiene una reputaci\u00f3n excepcional por el excelente trabajo que hacemos para nuestros clientes\u201d, comenta Ryan. \u201cDisfruto trabajar con este equipo y poder ayudar a quienes han sufrido lesiones\u201d.<\/p>\n<p>Ryan creci\u00f3 en\u00a0<a href=\"https:\/\/marksandharrison.cwdevelop.com\/our-locations\/chesterfield-office\/\">Chesterfield<\/a>\u00a0y asisti\u00f3 al Instituto Militar de Virginia, donde se especializ\u00f3 en Estudios Internacionales con una menci\u00f3n en Escritura. Se gradu\u00f3 con honores de VMI.<\/p>\n<p>Posteriormente obtuvo su t\u00edtulo en derecho en la\u00a0<a href=\"https:\/\/www.law.fsu.edu\/\" target=\"_blank\" rel=\"noopener\">Facultad de Derecho de la Universidad Estatal de Florida<\/a>.<\/p>\n<p>En su tiempo libre, disfruta del esqu\u00ed acu\u00e1tico, el senderismo, asistir a partidos de f\u00fatbol americano universitario, la lectura y pasar tiempo con su esposa y sus dos hijos.<\/p>\n\n\t\t\t\t\n\t\t\t\t\t<div itemtype=\"https:\/\/schema.org\/VideoObject\" itemscope=\"\" id=\"video_play-888826\" class=\" vid-aligncenter\" style=\"display:block\">\n\t\t\t\t\t\t<meta itemprop=\"name\" content=\"Meet Our Attorney: Ryan T. Walker &#8211; Marks &#038; Harrison\" \/>\n\t\t\t\t\t\t<meta itemprop=\"thumbnailURL\" content=\"https:\/\/i.ytimg.com\/vi\/fdym9etqXS0\/hqdefault.jpg\" \/>\n\t\t\t\t\t\t<meta itemprop=\"uploadDate\" content=\"12 de marzo de 2026\">\n\t\t\t\t\t\t\t\t\t\t\t\t\t<meta itemprop=\"embedURL\" content=\"https:\/\/www.youtube.com\/watch?v=fdym9etqXS0\" \/>\n\t\t\t\t\t\t\t<iframe loading=\"lazy\" class=\"cw_video_single\" src=\"https:\/\/www.youtube.com\/embed\/fdym9etqXS0?rel=0&amp;showinfo=1&amp;autoplay=0\" allowfullscreen=\"allowfullscreen\" width=\"100%\" height=\"480px\" ><\/iframe>\n\t\t\t\t\t\t\n\t\t\t\t\t\t\n\t\t\t\t\t\t\t\t\t\t\t\t\t\t\t<meta itemprop=\"description\" content=\"http:\/\/marksandharrison.cwdevelop.com\/\r\n\r\nFollow us on Facebook: \r\nhttps:\/\/www.facebook.com\/marksandharrison\r\nFollow us on Twitter: \r\nhttps:\/\/twitter.com\/mandhlaw\r\n\r\nContact us at http:\/\/marksandharrison.cwdevelop.com\/contact-us\/\" \/>\n\t\t\t\t\t\t\t\n\t\t\t\t\t\t\n\t\t\t\t\t<\/div>\n\n\t\t\t\t\n\n\n\n\t\t\t\n\t\t\t\t\n<img loading=\"lazy\" decoding=\"async\" class=\"size-medium wp-image-856690 aligncenter\" src=\"https:\/\/marksandharrison.cwdevelop.com\/wp-content\/uploads\/2023\/01\/2018.1115-Membership-Seal-300x300.png\" alt=\"\" width=\"300\" height=\"300\" srcset=\"https:\/\/marksandharrison.cwdevelop.com\/wp-content\/uploads\/2023\/01\/2018.1115-Membership-Seal-300x300.png 300w, https:\/\/marksandharrison.cwdevelop.com\/wp-content\/uploads\/2023\/01\/2018.1115-Membership-Seal-150x150.png 150w, https:\/\/marksandharrison.cwdevelop.com\/wp-content\/uploads\/2023\/01\/2018.1115-Membership-Seal.png 322w\" sizes=\"auto, (max-width: 300px) 100vw, 300px\" \/>\n<img loading=\"lazy\" decoding=\"async\" class=\"aligncenter wp-image-856896 size-medium\" src=\"https:\/\/marksandharrison.cwdevelop.com\/wp-content\/uploads\/2023\/01\/image003-e1673986373768-295x300.jpg\" alt=\"\" width=\"295\" height=\"300\" srcset=\"https:\/\/marksandharrison.cwdevelop.com\/wp-content\/uploads\/2023\/01\/image003-e1673986373768-295x300.jpg 295w, https:\/\/marksandharrison.cwdevelop.com\/wp-content\/uploads\/2023\/01\/image003-e1673986373768.jpg 375w\" sizes=\"auto, (max-width: 295px) 100vw, 295px\" \/>\n<img loading=\"lazy\" decoding=\"async\" class=\"size-medium wp-image-871020 aligncenter\" src=\"https:\/\/marksandharrison.cwdevelop.com\/wp-content\/uploads\/2023\/08\/Best-Lawyers-Firm-Logo-300x91.png\" alt=\"\" width=\"300\" height=\"91\" srcset=\"https:\/\/marksandharrison.cwdevelop.com\/wp-content\/uploads\/2023\/08\/Best-Lawyers-Firm-Logo-300x91.png 300w, https:\/\/marksandharrison.cwdevelop.com\/wp-content\/uploads\/2023\/08\/Best-Lawyers-Firm-Logo-1024x310.png 1024w, https:\/\/marksandharrison.cwdevelop.com\/wp-content\/uploads\/2023\/08\/Best-Lawyers-Firm-Logo-768x232.png 768w, https:\/\/marksandharrison.cwdevelop.com\/wp-content\/uploads\/2023\/08\/Best-Lawyers-Firm-Logo-1536x465.png 1536w, https:\/\/marksandharrison.cwdevelop.com\/wp-content\/uploads\/2023\/08\/Best-Lawyers-Firm-Logo-2048x620.png 2048w\" sizes=\"auto, (max-width: 300px) 100vw, 300px\" \/>\n<h2>Casos Interesantes \/ Acuerdos \/ Veredictos<\/h2>\n<ol>\n<li>Durante el verano de 2023, un conductor de tr\u00e1iler circulaba por el carril central de la Interestatal 95 hacia el norte cuando se cambi\u00f3 al carril derecho sin ver a la v\u00edctima, lo que result\u00f3 en una colisi\u00f3n entre el tr\u00e1iler, la persona y otro veh\u00edculo. La v\u00edctima muri\u00f3 en el lugar del accidente. Hab\u00eda servido en el ej\u00e9rcito por m\u00e1s de 20 a\u00f1os y recientemente se hab\u00eda retirado para trabajar como contratista civil para el Departamento de Defensa. Le sobreviven su esposa, dos hijos adultos y una hija menor de edad. Era el \u00fanico proveedor para su esposa y su hija menor. El caso se resolvi\u00f3 por $10,000,000.00.<\/li>\n<li>Responsabilidad en propiedades. Fractura de cr\u00e1neo y lesi\u00f3n cerebral traum\u00e1tica. Acuerdo de $9,000,000.<\/li>\n<li>Veredicto de juicio de $10,000,000: el acusado, mientras corr\u00eda en una carretera residencial, choc\u00f3 contra un conductor que ven\u00eda de frente, causando lesiones catastr\u00f3ficas.<\/li>\n<li>Un cliente sufri\u00f3 una fractura severa en la pierna que requiri\u00f3 cirug\u00eda cuando un conductor ebrio se le cruz\u00f3 en el condado de Augusta. El juicio result\u00f3 en un veredicto de $1,350,000.00.<\/li>\n<li>Un cliente sufri\u00f3 graves lesiones ortop\u00e9dicas tras ser golpeado por un conductor ebrio. Veredicto de $1,350,000.00.<\/li>\n<li>Un cami\u00f3n de volteo volc\u00f3 y mat\u00f3 a una mujer de 64 a\u00f1os en el condado de Caroline, Virginia: acuerdo de $1,103,679.93.<\/li>\n<li>Caso de responsabilidad disputada donde el cliente sufri\u00f3 una lesi\u00f3n cerebral traum\u00e1tica; acuerdo de $1,000,000.00.<\/li>\n<li>Conductor de Amazon gir\u00f3 a la izquierda frente al cliente que iba en su motocicleta. El cliente sufri\u00f3 lesiones ortop\u00e9dicas. Acuerdo de $700,000.00.<\/li>\n<li>En un centro de cuidado para adultos se cambi\u00f3 a una mujer de 34 a\u00f1os en su silla de ruedas, fractur\u00e1ndole la pierna izquierda: acuerdo de $375,000.00.<\/li>\n<li>Pasajero en una colisi\u00f3n de un solo veh\u00edculo donde el conductor perdi\u00f3 el control al tomar una curva. El cliente sufri\u00f3 una conmoci\u00f3n cerebral, fractura del radio\/c\u00fabito derecho y dislocaci\u00f3n del hombro derecho. No se requiri\u00f3 cirug\u00eda y el cliente se recuper\u00f3 por completo: acuerdo de $150,000.00.<\/li>\n<li>Cliente fue golpeada en el lado del pasajero de su veh\u00edculo por una camioneta de la Ciudad de Richmond. Sufri\u00f3 quemaduras por el airbag, una lesi\u00f3n en la rodilla izquierda que requiri\u00f3 cirug\u00eda y dolor en el cuello. Caso resuelto por $150,000.00.<\/li>\n<li>Caso referido por un bufete de abogados de Pensilvania en el que el cliente era pasajero en un veh\u00edculo que fue impactado en la parte trasera mientras estaba detenido en el tr\u00e1fico en el condado de Henrico, Virginia. El cliente sufri\u00f3 lesiones en el cuello, la espalda y una rotura del manguito rotador. Despu\u00e9s de presentar la demanda y completar el proceso de descubrimiento relacionado con la lesi\u00f3n en el hombro, el caso se resolvi\u00f3 por el monto m\u00e1ximo de la p\u00f3liza del demandado.<\/li>\n<li>El cliente se dirig\u00eda a su casa despu\u00e9s de su turno nocturno cuando sufri\u00f3 la explosi\u00f3n de un neum\u00e1tico, lo que provoc\u00f3 que su veh\u00edculo chocara contra una barrera de concreto y quedara inutilizado en medio de la Interestatal 95. El cliente activ\u00f3 las luces intermitentes de emergencia, camin\u00f3 hacia el costado de la carretera y luego regres\u00f3 a la autopista para intentar empujar su veh\u00edculo hacia el acotamiento. En ese momento, fue atropellado por otro conductor y sufri\u00f3 fracturas en la pierna y el brazo derechos. Varios bufetes de abogados de la zona rechazaron el caso, pero tras una investigaci\u00f3n exhaustiva sobre los hechos de la colisi\u00f3n, la aseguradora ofreci\u00f3 el l\u00edmite de la p\u00f3liza del conductor demandado.<\/li>\n<li>Accidente automovil\u00edstico en el condado de Chesterfield, donde el cliente era pasajero en un veh\u00edculo cuyo conductor perdi\u00f3 el control, invadi\u00f3 el carril contrario y choc\u00f3 de frente contra una furgoneta de trabajo. El cliente sufri\u00f3 m\u00faltiples cortes, contusiones y una fractura en el rostro. Tras presentar la demanda y realizar declaraciones, el caso se resolvi\u00f3 en mediaci\u00f3n por $102,000.00.<\/li>\n<li>Caso referido por un bufete de abogados de Pensilvania en el que el cliente result\u00f3 lesionado en el condado de Prince William, Virginia. El cliente conduc\u00eda de regreso a casa despu\u00e9s de su turno nocturno para descansar antes de comenzar su segundo trabajo. Al acercarse a una intersecci\u00f3n, el demandado no cedi\u00f3 el derecho de paso y se interpuso directamente en su camino. El oficial que respondi\u00f3 al accidente cree que el cliente estaba participando en una carrera callejera. El cliente sufri\u00f3 m\u00faltiples fracturas en la pierna derecha que requirieron cirug\u00eda. Tras investigar el caso, se descubri\u00f3 que una c\u00e1mara de seguridad de un McDonald\u2019s cercano capt\u00f3 la colisi\u00f3n. El video mostr\u00f3 que el cliente y otro veh\u00edculo viajaban uno al lado del otro, pero no evidenciaba ninguna carrera callejera. Se realiz\u00f3 un an\u00e1lisis del caso con un grupo de enfoque, el cual concluy\u00f3 que el cliente iba entre 5 y 10 millas por hora por encima del l\u00edmite de velocidad, pero no consider\u00f3 que esto fuera la causa del accidente. Despu\u00e9s de la mediaci\u00f3n, el caso se resolvi\u00f3 por $240,000.00.<\/li>\n<li>El cliente sufri\u00f3 m\u00faltiples lesiones tras ser impactado en la parte trasera por un tr\u00e1iler en el condado de Chesterfield. El caso lleg\u00f3 a juicio, donde un jurado del condado emiti\u00f3 un veredicto por aproximadamente $192,000.00.<\/li>\n<li>Una mujer fue atacada por dos perros en la ciudad de Richmond mientras esperaba el autob\u00fas para ir a su trabajo. Inicialmente, el reclamo fue rechazado por la aseguradora del propietario de los perros, pero despu\u00e9s de presentar la demanda, la aseguradora pag\u00f3 el l\u00edmite de la p\u00f3liza de $300,000.00.<\/li>\n<li>El cliente, un peat\u00f3n de 82 a\u00f1os, cruzaba Quioccasin en direcci\u00f3n a Westridge Road en el condado de Henrico, Virginia, cuando fue atropellado por un veh\u00edculo y perdi\u00f3 la vida. El accidente ocurri\u00f3 a las 6:50 a. m. en oto\u00f1o, en una zona con poca iluminaci\u00f3n. El caso se resolvi\u00f3 por $450,000.00.<\/li>\n<li>El cliente, una peatona de 73 a\u00f1os, caminaba detr\u00e1s de su hija y su nieta mientras cruzaban la Ruta 60 en el condado de York, Virginia, a las 6:22 p. m. en oto\u00f1o. La aseguradora del conductor demandado inicialmente rechaz\u00f3 el reclamo, pero despu\u00e9s de una investigaci\u00f3n sobre los hechos y circunstancias del accidente, se ofreci\u00f3 toda la cobertura de seguro disponible.<\/li>\n<li>Los clientes, miembros de una misma familia, sufrieron un accidente automovil\u00edstico en la Interestatal 64 en el condado de Henrico. La colisi\u00f3n provoc\u00f3 que su camioneta F-150 volcara, causando m\u00faltiples lesiones, entre ellas fracturas en la espalda, el brazo, las costillas, el hombro y el cuello. El caso se resolvi\u00f3 por la totalidad de la cobertura de seguro disponible, que ascend\u00eda a $603,000.00.<\/li>\n<\/ol>\n","protected":false},"excerpt":{"rendered":"<p>Ryan T. Walker ingres\u00f3 al equipo de Marks &amp; Harrison en 2014, despu\u00e9s de haber trabajado previamente en GEICO en la\u00a0defensa de casos de lesiones personales. Desde que fue admitido en el Colegio de Abogados de Virginia, ha ejercido exclusivamente en el \u00e1rea de litigios civiles, con un enfoque especial en lesiones personales. Cuenta con [&hellip;]<\/p>\n","protected":false},"author":6,"featured_media":922518,"parent":893352,"menu_order":38,"comment_status":"closed","ping_status":"closed","template":"attorney.php","meta":{"_acf_changed":false,"footnotes":""},"class_list":["post-922502","page","type-page","status-publish","has-post-thumbnail","hentry"],"acf":[],"yoast_head":"<!-- This site is optimized with the Yoast SEO plugin v27.1 - https:\/\/yoast.com\/product\/yoast-seo-wordpress\/ -->\n<title>Ryan T. Walker: Abogado de lesiones personales | Marks &amp; Harrison<\/title>\n<meta name=\"description\" content=\"Los m\u00faltiples casos ganados del abogado Ryan T. Walker son muestra de su experiencia y su gran capacidad para afrontar cualquier caso de lesiones personales.\" \/>\n<meta name=\"robots\" content=\"noindex, follow, max-snippet:-1, max-image-preview:large, max-video-preview:-1\" \/>\n<meta property=\"og:locale\" content=\"es_ES\" \/>\n<meta property=\"og:type\" content=\"article\" \/>\n<meta property=\"og:title\" content=\"Ryan T. Walker: Abogado de lesiones personales | Marks &amp; Harrison\" \/>\n<meta property=\"og:description\" content=\"Los m\u00faltiples casos ganados del abogado Ryan T. Walker son muestra de su experiencia y su gran capacidad para afrontar cualquier caso de lesiones personales.\" \/>\n<meta property=\"og:url\" content=\"https:\/\/marksandharrison.cwdevelop.com\/es\/nuestros-profesionales\/ryan-t-walker\/\" \/>\n<meta property=\"og:site_name\" content=\"marksandharrison.cwdevelop.com Managed WordPress Site\" \/>\n<meta property=\"article:modified_time\" content=\"2026-03-20T10:24:03+00:00\" \/>\n<meta property=\"og:image\" content=\"http:\/\/marksandharrison.cwdevelop.com\/wp-content\/uploads\/2026\/03\/ryan-t-walker-bio-banner-1.jpg\" \/>\n\t<meta property=\"og:image:width\" content=\"680\" \/>\n\t<meta property=\"og:image:height\" content=\"730\" \/>\n\t<meta property=\"og:image:type\" content=\"image\/jpeg\" \/>\n<meta name=\"twitter:card\" content=\"summary_large_image\" \/>\n<meta name=\"twitter:label1\" content=\"Tiempo de lectura\" \/>\n\t<meta name=\"twitter:data1\" content=\"7 minutos\" \/>\n<script type=\"application\/ld+json\" class=\"yoast-schema-graph\">{\"@context\":\"https:\/\/schema.org\",\"@graph\":[{\"@type\":\"WebPage\",\"@id\":\"https:\/\/marksandharrison.cwdevelop.com\/es\/nuestros-profesionales\/ryan-t-walker\/\",\"url\":\"https:\/\/marksandharrison.cwdevelop.com\/es\/nuestros-profesionales\/ryan-t-walker\/\",\"name\":\"Ryan T. Walker: Abogado de lesiones personales | Marks & Harrison\",\"isPartOf\":{\"@id\":\"https:\/\/marksandharrison.cwdevelop.com\/es\/#website\"},\"primaryImageOfPage\":{\"@id\":\"https:\/\/marksandharrison.cwdevelop.com\/es\/nuestros-profesionales\/ryan-t-walker\/#primaryimage\"},\"image\":{\"@id\":\"https:\/\/marksandharrison.cwdevelop.com\/es\/nuestros-profesionales\/ryan-t-walker\/#primaryimage\"},\"thumbnailUrl\":\"https:\/\/marksandharrison.cwdevelop.com\/wp-content\/uploads\/2026\/03\/ryan-t-walker-bio-banner-1.jpg\",\"datePublished\":\"2026-03-12T10:04:42+00:00\",\"dateModified\":\"2026-03-20T10:24:03+00:00\",\"description\":\"Los m\u00faltiples casos ganados del abogado Ryan T. Walker son muestra de su experiencia y su gran capacidad para afrontar cualquier caso de lesiones personales.\",\"breadcrumb\":{\"@id\":\"https:\/\/marksandharrison.cwdevelop.com\/es\/nuestros-profesionales\/ryan-t-walker\/#breadcrumb\"},\"inLanguage\":\"es\",\"potentialAction\":[{\"@type\":\"ReadAction\",\"target\":[\"https:\/\/marksandharrison.cwdevelop.com\/es\/nuestros-profesionales\/ryan-t-walker\/\"]}]},{\"@type\":\"ImageObject\",\"inLanguage\":\"es\",\"@id\":\"https:\/\/marksandharrison.cwdevelop.com\/es\/nuestros-profesionales\/ryan-t-walker\/#primaryimage\",\"url\":\"https:\/\/marksandharrison.cwdevelop.com\/wp-content\/uploads\/2026\/03\/ryan-t-walker-bio-banner-1.jpg\",\"contentUrl\":\"https:\/\/marksandharrison.cwdevelop.com\/wp-content\/uploads\/2026\/03\/ryan-t-walker-bio-banner-1.jpg\",\"width\":680,\"height\":730},{\"@type\":\"BreadcrumbList\",\"@id\":\"https:\/\/marksandharrison.cwdevelop.com\/es\/nuestros-profesionales\/ryan-t-walker\/#breadcrumb\",\"itemListElement\":[{\"@type\":\"ListItem\",\"position\":1,\"name\":\"Inicio\",\"item\":\"https:\/\/marksandharrison.cwdevelop.com\/es\/\"},{\"@type\":\"ListItem\",\"position\":2,\"name\":\"Nuestros Abogados\",\"item\":\"https:\/\/marksandharrison.cwdevelop.com\/es\/nuestros-profesionales\/\"},{\"@type\":\"ListItem\",\"position\":3,\"name\":\"Ryan T. Walker\"}]},{\"@type\":\"WebSite\",\"@id\":\"https:\/\/marksandharrison.cwdevelop.com\/es\/#website\",\"url\":\"https:\/\/marksandharrison.cwdevelop.com\/es\/\",\"name\":\"marksandharrison.cwdevelop.com Managed WordPress Site\",\"description\":\"\",\"potentialAction\":[{\"@type\":\"SearchAction\",\"target\":{\"@type\":\"EntryPoint\",\"urlTemplate\":\"https:\/\/marksandharrison.cwdevelop.com\/es\/?s={search_term_string}\"},\"query-input\":{\"@type\":\"PropertyValueSpecification\",\"valueRequired\":true,\"valueName\":\"search_term_string\"}}],\"inLanguage\":\"es\"}]}<\/script>\n<!-- \/ Yoast SEO plugin. -->","yoast_head_json":{"title":"Ryan T. Walker: Abogado de lesiones personales | Marks & Harrison","description":"Los m\u00faltiples casos ganados del abogado Ryan T. Walker son muestra de su experiencia y su gran capacidad para afrontar cualquier caso de lesiones personales.","robots":{"index":"noindex","follow":"follow","max-snippet":"max-snippet:-1","max-image-preview":"max-image-preview:large","max-video-preview":"max-video-preview:-1"},"og_locale":"es_ES","og_type":"article","og_title":"Ryan T. Walker: Abogado de lesiones personales | Marks & Harrison","og_description":"Los m\u00faltiples casos ganados del abogado Ryan T. Walker son muestra de su experiencia y su gran capacidad para afrontar cualquier caso de lesiones personales.","og_url":"https:\/\/marksandharrison.cwdevelop.com\/es\/nuestros-profesionales\/ryan-t-walker\/","og_site_name":"marksandharrison.cwdevelop.com Managed WordPress Site","article_modified_time":"2026-03-20T10:24:03+00:00","og_image":[{"width":680,"height":730,"url":"http:\/\/marksandharrison.cwdevelop.com\/wp-content\/uploads\/2026\/03\/ryan-t-walker-bio-banner-1.jpg","type":"image\/jpeg"}],"twitter_card":"summary_large_image","twitter_misc":{"Tiempo de lectura":"7 minutos"},"schema":{"@context":"https:\/\/schema.org","@graph":[{"@type":"WebPage","@id":"https:\/\/marksandharrison.cwdevelop.com\/es\/nuestros-profesionales\/ryan-t-walker\/","url":"https:\/\/marksandharrison.cwdevelop.com\/es\/nuestros-profesionales\/ryan-t-walker\/","name":"Ryan T. Walker: Abogado de lesiones personales | Marks & Harrison","isPartOf":{"@id":"https:\/\/marksandharrison.cwdevelop.com\/es\/#website"},"primaryImageOfPage":{"@id":"https:\/\/marksandharrison.cwdevelop.com\/es\/nuestros-profesionales\/ryan-t-walker\/#primaryimage"},"image":{"@id":"https:\/\/marksandharrison.cwdevelop.com\/es\/nuestros-profesionales\/ryan-t-walker\/#primaryimage"},"thumbnailUrl":"https:\/\/marksandharrison.cwdevelop.com\/wp-content\/uploads\/2026\/03\/ryan-t-walker-bio-banner-1.jpg","datePublished":"2026-03-12T10:04:42+00:00","dateModified":"2026-03-20T10:24:03+00:00","description":"Los m\u00faltiples casos ganados del abogado Ryan T. Walker son muestra de su experiencia y su gran capacidad para afrontar cualquier caso de lesiones personales.","breadcrumb":{"@id":"https:\/\/marksandharrison.cwdevelop.com\/es\/nuestros-profesionales\/ryan-t-walker\/#breadcrumb"},"inLanguage":"es","potentialAction":[{"@type":"ReadAction","target":["https:\/\/marksandharrison.cwdevelop.com\/es\/nuestros-profesionales\/ryan-t-walker\/"]}]},{"@type":"ImageObject","inLanguage":"es","@id":"https:\/\/marksandharrison.cwdevelop.com\/es\/nuestros-profesionales\/ryan-t-walker\/#primaryimage","url":"https:\/\/marksandharrison.cwdevelop.com\/wp-content\/uploads\/2026\/03\/ryan-t-walker-bio-banner-1.jpg","contentUrl":"https:\/\/marksandharrison.cwdevelop.com\/wp-content\/uploads\/2026\/03\/ryan-t-walker-bio-banner-1.jpg","width":680,"height":730},{"@type":"BreadcrumbList","@id":"https:\/\/marksandharrison.cwdevelop.com\/es\/nuestros-profesionales\/ryan-t-walker\/#breadcrumb","itemListElement":[{"@type":"ListItem","position":1,"name":"Inicio","item":"https:\/\/marksandharrison.cwdevelop.com\/es\/"},{"@type":"ListItem","position":2,"name":"Nuestros Abogados","item":"https:\/\/marksandharrison.cwdevelop.com\/es\/nuestros-profesionales\/"},{"@type":"ListItem","position":3,"name":"Ryan T. Walker"}]},{"@type":"WebSite","@id":"https:\/\/marksandharrison.cwdevelop.com\/es\/#website","url":"https:\/\/marksandharrison.cwdevelop.com\/es\/","name":"marksandharrison.cwdevelop.com Managed WordPress Site","description":"","potentialAction":[{"@type":"SearchAction","target":{"@type":"EntryPoint","urlTemplate":"https:\/\/marksandharrison.cwdevelop.com\/es\/?s={search_term_string}"},"query-input":{"@type":"PropertyValueSpecification","valueRequired":true,"valueName":"search_term_string"}}],"inLanguage":"es"}]}},"_links":{"self":[{"href":"https:\/\/marksandharrison.cwdevelop.com\/es\/wp-json\/wp\/v2\/pages\/922502","targetHints":{"allow":["GET"]}}],"collection":[{"href":"https:\/\/marksandharrison.cwdevelop.com\/es\/wp-json\/wp\/v2\/pages"}],"about":[{"href":"https:\/\/marksandharrison.cwdevelop.com\/es\/wp-json\/wp\/v2\/types\/page"}],"author":[{"embeddable":true,"href":"https:\/\/marksandharrison.cwdevelop.com\/es\/wp-json\/wp\/v2\/users\/6"}],"replies":[{"embeddable":true,"href":"https:\/\/marksandharrison.cwdevelop.com\/es\/wp-json\/wp\/v2\/comments?post=922502"}],"version-history":[{"count":0,"href":"https:\/\/marksandharrison.cwdevelop.com\/es\/wp-json\/wp\/v2\/pages\/922502\/revisions"}],"up":[{"embeddable":true,"href":"https:\/\/marksandharrison.cwdevelop.com\/es\/wp-json\/wp\/v2\/pages\/893352"}],"wp:featuredmedia":[{"embeddable":true,"href":"https:\/\/marksandharrison.cwdevelop.com\/es\/wp-json\/wp\/v2\/media\/922518"}],"wp:attachment":[{"href":"https:\/\/marksandharrison.cwdevelop.com\/es\/wp-json\/wp\/v2\/media?parent=922502"}],"curies":[{"name":"wp","href":"https:\/\/api.w.org\/{rel}","templated":true}]}}