{"id":922471,"date":"2026-03-12T09:49:30","date_gmt":"2026-03-12T09:49:30","guid":{"rendered":"https:\/\/marksandharrison.cwdevelop.com\/?page_id=922471"},"modified":"2026-03-20T09:22:41","modified_gmt":"2026-03-20T09:22:41","slug":"roger-t-creager","status":"publish","type":"page","link":"https:\/\/marksandharrison.cwdevelop.com\/es\/nuestros-profesionales\/roger-t-creager\/","title":{"rendered":"Roger T. Creager"},"content":{"rendered":"<p>Roger T. Creager obtuvo su t\u00edtulo de abogado en 1976 en el College of William &amp; Mary y su maestr\u00eda en derecho en 1982 en la Facultad de Derecho de la Universidad de Virginia, donde se desempe\u00f1\u00f3 como editor de la revista Virginia Law Review y se gradu\u00f3 con honores. Durante su tiempo en la facultad, public\u00f3 un extenso art\u00edculo acad\u00e9mico sobre un tema de derecho probatorio.<\/p>\n<p>Tras trabajar en el National Legal Research Group en Charlottesville, Roger ingres\u00f3 al equipo de Marks &amp; Harrison en 1997 y trabaj\u00f3 en la oficina de Richmond hasta 2008, cuando fund\u00f3 su propia firma de abogados. De 2008 a 2022, continu\u00f3 colaborando con Marks &amp; Harrison como co-abogado y consultor en investigaci\u00f3n y litigios en diversos casos. Adem\u00e1s, ha trabajado con otros reconocidos abogados de demandantes en Virginia.<\/p>\n<p>En 2023, Roger se reincorpor\u00f3 a Marks &amp; Harrison.<\/p>\n<p>Entre sus numerosos logros y distinciones profesionales, Roger es el \u00fanico abogado que ha recibido los dos premios m\u00e1s prestigiosos otorgados por la Virginia Trial Lawyers Association (VTLA): el Courageous Advocate Award y el Lifetime Achievement Award.<\/p>\n<p>El peri\u00f3dico Virginia Lawyers Weekly lo ha reconocido en dos ocasiones: en 2014 con el premio Leaders in the Law y en 2024 con el Hall of Fame Award.<\/p>\n<p>Roger ha desempe\u00f1ado un papel clave en varias organizaciones profesionales legales de Virginia. Ha sido miembro del Consejo de Gobierno del Colegio de Abogados del Estado de Virginia (Virginia State Bar) durante tres a\u00f1os y del Comit\u00e9 de \u00c9tica durante cinco a\u00f1os. Tambi\u00e9n ha sido un miembro destacado de la Virginia Trial Lawyers Association desde 1997, particip\u00f3 activamente en la Boyd-Graves Conference durante m\u00e1s de una d\u00e9cada y ha sido parte de la Secci\u00f3n de Litigios de la Virginia Bar Association. Ha publicado numerosos art\u00edculos y ha sido conferencista en temas jur\u00eddicos innovadores en seminarios legales en todo el estado.<\/p>\n<p>Roger ha asegurado importantes indemnizaciones para clientes lesionados en diversos accidentes, incluyendo colisiones con camiones de carga, ca\u00eddas desde balcones, accidentes en escaleras y aceras, colisiones causadas por la conducci\u00f3n temeraria de la polic\u00eda, accidentes en motocicletas y lesiones por mercanc\u00eda ca\u00edda en tiendas.<\/p>\n<p>Roger tambi\u00e9n ha desempe\u00f1ado un papel importante en muchas decisiones de apelaci\u00f3n de Virginia. Durante los primeros a\u00f1os de su trabajo con Marks &amp; Harrison, Roger (junto con el abogado Burle U. Stromberg de Portsmouth) lider\u00f3 la oposici\u00f3n integral de la VTLA a un importante desaf\u00edo a la Norma de la Fuente Colateral de Virginia, que tradicionalmente hab\u00eda permitido a las personas lesionadas recuperar el importe total de sus facturas m\u00e9dicas de los responsable de su lesi\u00f3n. A finales de la d\u00e9cada de 1990, las compa\u00f1\u00edas de seguros y los abogados defensores de las aseguradoras lanzaron con \u00e9xito un ataque contra la norma que redujo los gastos m\u00e9dicos recuperables de los demandantes en un tercio (o m\u00e1s) en muchos tribunales de primera instancia. \u00a0 Bas\u00e1ndose en el an\u00e1lisis jur\u00eddico y el razonamiento expuesto en los escritos de Amicus Curiae redactados y presentados por Roger (y otros coautores de VTLA), el Tribunal Supremo de Virginia rechaz\u00f3 rotundamente los argumentos de la defensa en dos decisiones de apelaci\u00f3n hist\u00f3ricas. V\u00e9ase Acuar contra Letourneau, 260 Va. 180, 531 S.E. 2d 316 (2000) y Radvany v. Davis, 262 Va. 308, 551 S.E.2d 347 (2001).\u00a0 Las opiniones de Acuar y Radvany han influido, a su vez, en el desarrollo del derecho com\u00fan en otros estados.<\/p>\n<p>En otro caso destacado, Roger encabez\u00f3 una apelaci\u00f3n que revoc\u00f3 un veredicto del condado de Chesterfield a favor del fabricante Honeywell International, Inc., luego de un juicio de dos semanas. En la apelaci\u00f3n, argument\u00f3 que el tribunal de primera instancia cometi\u00f3 errores en el juicio relacionado con la muerte de un padre y su hijo en un accidente a\u00e9reo causado por un sistema de piloto autom\u00e1tico de Honeywell. El Tribunal Supremo de Virginia, en una importante opini\u00f3n publicada, estuvo de acuerdo con tres de los errores asignados, anul\u00f3 el veredicto de la defensa y concedi\u00f3 a los demandantes un nuevo juicio. V\u00e9ase Harman contra Honewell Int\u2019l, Inc., 288 Va. 84, 758 S.E.2d 515 (2014). A lo largo de su carrera, Roger ha comparecido como abogado en 25 casos que han dado lugar a dict\u00e1menes de tribunales de apelaci\u00f3n y de primera instancia.<\/p>\n<p>En 2001, la VTLA concedi\u00f3 a Roger el premio Courageous Advocate Award por su \u00abexcepcional labor\u00bb en defensa de la Collateral Source Rule. La VTLA declar\u00f3 que la \u00abb\u00fasqueda de la justicia por parte de Roger se llev\u00f3 a cabo con valent\u00eda, habilidad, perseverancia y fiel dedicaci\u00f3n a sus clientes, a sus colegas y a la ley\u00bb.\u00a0 Era la primera vez que la VTLA conced\u00eda el Courageous Advocate Award en 17 a\u00f1os.<\/p>\n<p>Veinte a\u00f1os m\u00e1s tarde, en 2021, la VTLA honr\u00f3 una vez m\u00e1s a Roger, esta vez con su Lifetime Achievement Award. La VTLA elogi\u00f3 a Roger por su experiencia, intelecto y pasi\u00f3n a lo largo de su carrera y declar\u00f3 que el \u00abcolegio de abogados litigantes ha sido ciertamente el beneficiario de sus notables esfuerzos, pero a\u00fan m\u00e1s, los miles de clientes que ha impactado a trav\u00e9s de su trabajo con abogados de toda la Commonwealth.<\/p>\n<h2>Principales Veredictos y Acuerdos<\/h2>\n<p>Actu\u00f3 como co-asesor en estos casos con los principales abogados de accidentes y lesiones personales de Virginia, incluyendo Barbara S. Williams, Thomas J. Curcio, John C. Shea, Donald Gee, Edward E. Scher, Stephen C. Swain, Stephen M. Smith, y otros:<\/p>\n<ul>\n<li>2020 \u2014 $7 millones \u2014 Dos ni\u00f1os fallecen al cruzar la calle hacia el autob\u00fas escolar.<\/li>\n<li>2019 \u2014 $4 millones \u2014 Ca\u00edda en un edificio de apartamentos deja a un hombre parapl\u00e9jico.<\/li>\n<li>2018 \u2014 $1 mill\u00f3n \u2014 Hombre sobrevive un d\u00eda tras sufrir quemaduras por una explosi\u00f3n.<\/li>\n<li>2018 \u2014 $1.5 millones \u2014 Hombre muere tras sufrir quemaduras en el 90% de su cuerpo en un incendio.<\/li>\n<li>2017 \u2014 $250,000.00 \u2014 Paciente de casa de reposo tirado por sus cuidadores.<\/li>\n<li>2016 \u2014 $2.5 millones \u2014 La defensa admiti\u00f3 negligencia, pero argument\u00f3 el uso de tel\u00e9fono celular por parte del demandante.<\/li>\n<li>2016 \u2014 $1.4 millones \u2014 Los doctores nunca le recomendaron al paciente un seguimiento despu\u00e9s del descubrimiento de un n\u00f3dulo en los pulmones.<\/li>\n<li>2015 \u2014 $3 millones \u2014 Piloto de carreras amateur choc\u00f3 su veh\u00edculo en un evento p\u00fablico.<\/li>\n<li>2015 \u2014 $1,5 millones de d\u00f3lares \u2014 Un ni\u00f1o muri\u00f3 tras caer por la barandilla del balc\u00f3n de un hotel.<\/li>\n<li>2014 \u2014 $450,000 \u2014 Cami\u00f3n semirremolque haciendo vuelta en U bloquea autopista causando colisi\u00f3n.<\/li>\n<li>2014 \u2014 $700,000 \u2014 Accidente automovil\u00edstico complic\u00f3 lesiones cervicales anteriores.<\/li>\n<li>2013 \u2014 $2,4 millones \u2014\u00a0Defensa \u2018lesi\u00f3n causalidad\u2019 testimonio impugnada en el caso de TBI.<\/li>\n<li>2013 \u2014 $500,000 \u2014 Tractor-remolque se meti\u00f3 en el camino de una motocicleta que ven\u00eda en sentido contrario.<\/li>\n<li>2012 \u2014 $1,75 millones \u2014 T-Bone accidente de coche se asienta.<\/li>\n<li>2011 \u2014 $11 millones \u2014 Pasajero sufre lesiones cerebrales y de cadera en una colisi\u00f3n.<\/li>\n<li>2010 \u2014 $3 millones \u2014 Una mujer sufre lesiones rectales durante una operaci\u00f3n quir\u00fargica en Winchester.<\/li>\n<li>2010 \u2014 1,5 millones de d\u00f3lares \u2014 Auxiliar docente fallecida en colisi\u00f3n con coche de polic\u00eda.<\/li>\n<li>2007 \u2014 $12 millones \u2014 Accidente con un cami\u00f3n de basura.<\/li>\n<li>2005 \u2014 $2,5 millones \u2014 Una camionera con el pie aplastado gana el veredicto de un tribunal federal.<\/li>\n<li>1996 \u2014 $10 millones \u2014 Accidente con un vag\u00f3n de tren, empatando el r\u00e9cord de indemnizaci\u00f3n en lesiones personales en Richmond.<\/li>\n<\/ul>\n","protected":false},"excerpt":{"rendered":"<p>Roger T. Creager obtuvo su t\u00edtulo de abogado en 1976 en el College of William &amp; Mary y su maestr\u00eda en derecho en 1982 en la Facultad de Derecho de la Universidad de Virginia, donde se desempe\u00f1\u00f3 como editor de la revista Virginia Law Review y se gradu\u00f3 con honores. Durante su tiempo en la [&hellip;]<\/p>\n","protected":false},"author":6,"featured_media":922492,"parent":893352,"menu_order":33,"comment_status":"closed","ping_status":"closed","template":"attorney.php","meta":{"_acf_changed":false,"footnotes":""},"class_list":["post-922471","page","type-page","status-publish","has-post-thumbnail","hentry"],"acf":[],"yoast_head":"<!-- This site is optimized with the Yoast SEO plugin v27.1 - https:\/\/yoast.com\/product\/yoast-seo-wordpress\/ -->\n<title>Abogado de accidentes y lesiones personales Roger T. Creager | Marks &amp; Harrison<\/title>\n<meta name=\"description\" content=\"Conoce a Roger T. Creager, uno de nuestros experimentados abogados de lesiones personales. Si buscas asesor\u00eda legal profesional, Roger puede ayudarte.\" \/>\n<meta name=\"robots\" content=\"noindex, follow, max-snippet:-1, max-image-preview:large, max-video-preview:-1\" \/>\n<meta property=\"og:locale\" content=\"es_ES\" \/>\n<meta property=\"og:type\" content=\"article\" \/>\n<meta property=\"og:title\" content=\"Abogado de accidentes y lesiones personales Roger T. Creager | Marks &amp; Harrison\" \/>\n<meta property=\"og:description\" content=\"Conoce a Roger T. Creager, uno de nuestros experimentados abogados de lesiones personales. Si buscas asesor\u00eda legal profesional, Roger puede ayudarte.\" \/>\n<meta property=\"og:url\" content=\"https:\/\/marksandharrison.cwdevelop.com\/es\/nuestros-profesionales\/roger-t-creager\/\" \/>\n<meta property=\"og:site_name\" content=\"marksandharrison.cwdevelop.com Managed WordPress Site\" \/>\n<meta property=\"article:modified_time\" content=\"2026-03-20T09:22:41+00:00\" \/>\n<meta property=\"og:image\" content=\"http:\/\/marksandharrison.cwdevelop.com\/wp-content\/uploads\/2026\/03\/roger-t-creager-bio-banner.jpg\" \/>\n\t<meta property=\"og:image:width\" content=\"680\" \/>\n\t<meta property=\"og:image:height\" content=\"730\" \/>\n\t<meta property=\"og:image:type\" content=\"image\/jpeg\" \/>\n<meta name=\"twitter:card\" content=\"summary_large_image\" \/>\n<meta name=\"twitter:label1\" content=\"Tiempo de lectura\" \/>\n\t<meta name=\"twitter:data1\" content=\"6 minutos\" \/>\n<script type=\"application\/ld+json\" class=\"yoast-schema-graph\">{\"@context\":\"https:\/\/schema.org\",\"@graph\":[{\"@type\":\"WebPage\",\"@id\":\"https:\/\/marksandharrison.cwdevelop.com\/es\/nuestros-profesionales\/roger-t-creager\/\",\"url\":\"https:\/\/marksandharrison.cwdevelop.com\/es\/nuestros-profesionales\/roger-t-creager\/\",\"name\":\"Abogado de accidentes y lesiones personales Roger T. Creager | Marks & Harrison\",\"isPartOf\":{\"@id\":\"https:\/\/marksandharrison.cwdevelop.com\/es\/#website\"},\"primaryImageOfPage\":{\"@id\":\"https:\/\/marksandharrison.cwdevelop.com\/es\/nuestros-profesionales\/roger-t-creager\/#primaryimage\"},\"image\":{\"@id\":\"https:\/\/marksandharrison.cwdevelop.com\/es\/nuestros-profesionales\/roger-t-creager\/#primaryimage\"},\"thumbnailUrl\":\"https:\/\/marksandharrison.cwdevelop.com\/wp-content\/uploads\/2026\/03\/roger-t-creager-bio-banner.jpg\",\"datePublished\":\"2026-03-12T09:49:30+00:00\",\"dateModified\":\"2026-03-20T09:22:41+00:00\",\"description\":\"Conoce a Roger T. Creager, uno de nuestros experimentados abogados de lesiones personales. Si buscas asesor\u00eda legal profesional, Roger puede ayudarte.\",\"breadcrumb\":{\"@id\":\"https:\/\/marksandharrison.cwdevelop.com\/es\/nuestros-profesionales\/roger-t-creager\/#breadcrumb\"},\"inLanguage\":\"es\",\"potentialAction\":[{\"@type\":\"ReadAction\",\"target\":[\"https:\/\/marksandharrison.cwdevelop.com\/es\/nuestros-profesionales\/roger-t-creager\/\"]}]},{\"@type\":\"ImageObject\",\"inLanguage\":\"es\",\"@id\":\"https:\/\/marksandharrison.cwdevelop.com\/es\/nuestros-profesionales\/roger-t-creager\/#primaryimage\",\"url\":\"https:\/\/marksandharrison.cwdevelop.com\/wp-content\/uploads\/2026\/03\/roger-t-creager-bio-banner.jpg\",\"contentUrl\":\"https:\/\/marksandharrison.cwdevelop.com\/wp-content\/uploads\/2026\/03\/roger-t-creager-bio-banner.jpg\",\"width\":680,\"height\":730},{\"@type\":\"BreadcrumbList\",\"@id\":\"https:\/\/marksandharrison.cwdevelop.com\/es\/nuestros-profesionales\/roger-t-creager\/#breadcrumb\",\"itemListElement\":[{\"@type\":\"ListItem\",\"position\":1,\"name\":\"Inicio\",\"item\":\"https:\/\/marksandharrison.cwdevelop.com\/es\/\"},{\"@type\":\"ListItem\",\"position\":2,\"name\":\"Nuestros Abogados\",\"item\":\"https:\/\/marksandharrison.cwdevelop.com\/es\/nuestros-profesionales\/\"},{\"@type\":\"ListItem\",\"position\":3,\"name\":\"Roger T. Creager\"}]},{\"@type\":\"WebSite\",\"@id\":\"https:\/\/marksandharrison.cwdevelop.com\/es\/#website\",\"url\":\"https:\/\/marksandharrison.cwdevelop.com\/es\/\",\"name\":\"marksandharrison.cwdevelop.com Managed WordPress Site\",\"description\":\"\",\"potentialAction\":[{\"@type\":\"SearchAction\",\"target\":{\"@type\":\"EntryPoint\",\"urlTemplate\":\"https:\/\/marksandharrison.cwdevelop.com\/es\/?s={search_term_string}\"},\"query-input\":{\"@type\":\"PropertyValueSpecification\",\"valueRequired\":true,\"valueName\":\"search_term_string\"}}],\"inLanguage\":\"es\"}]}<\/script>\n<!-- \/ Yoast SEO plugin. -->","yoast_head_json":{"title":"Abogado de accidentes y lesiones personales Roger T. Creager | Marks & Harrison","description":"Conoce a Roger T. Creager, uno de nuestros experimentados abogados de lesiones personales. Si buscas asesor\u00eda legal profesional, Roger puede ayudarte.","robots":{"index":"noindex","follow":"follow","max-snippet":"max-snippet:-1","max-image-preview":"max-image-preview:large","max-video-preview":"max-video-preview:-1"},"og_locale":"es_ES","og_type":"article","og_title":"Abogado de accidentes y lesiones personales Roger T. Creager | Marks & Harrison","og_description":"Conoce a Roger T. Creager, uno de nuestros experimentados abogados de lesiones personales. Si buscas asesor\u00eda legal profesional, Roger puede ayudarte.","og_url":"https:\/\/marksandharrison.cwdevelop.com\/es\/nuestros-profesionales\/roger-t-creager\/","og_site_name":"marksandharrison.cwdevelop.com Managed WordPress Site","article_modified_time":"2026-03-20T09:22:41+00:00","og_image":[{"width":680,"height":730,"url":"http:\/\/marksandharrison.cwdevelop.com\/wp-content\/uploads\/2026\/03\/roger-t-creager-bio-banner.jpg","type":"image\/jpeg"}],"twitter_card":"summary_large_image","twitter_misc":{"Tiempo de lectura":"6 minutos"},"schema":{"@context":"https:\/\/schema.org","@graph":[{"@type":"WebPage","@id":"https:\/\/marksandharrison.cwdevelop.com\/es\/nuestros-profesionales\/roger-t-creager\/","url":"https:\/\/marksandharrison.cwdevelop.com\/es\/nuestros-profesionales\/roger-t-creager\/","name":"Abogado de accidentes y lesiones personales Roger T. Creager | Marks & Harrison","isPartOf":{"@id":"https:\/\/marksandharrison.cwdevelop.com\/es\/#website"},"primaryImageOfPage":{"@id":"https:\/\/marksandharrison.cwdevelop.com\/es\/nuestros-profesionales\/roger-t-creager\/#primaryimage"},"image":{"@id":"https:\/\/marksandharrison.cwdevelop.com\/es\/nuestros-profesionales\/roger-t-creager\/#primaryimage"},"thumbnailUrl":"https:\/\/marksandharrison.cwdevelop.com\/wp-content\/uploads\/2026\/03\/roger-t-creager-bio-banner.jpg","datePublished":"2026-03-12T09:49:30+00:00","dateModified":"2026-03-20T09:22:41+00:00","description":"Conoce a Roger T. Creager, uno de nuestros experimentados abogados de lesiones personales. Si buscas asesor\u00eda legal profesional, Roger puede ayudarte.","breadcrumb":{"@id":"https:\/\/marksandharrison.cwdevelop.com\/es\/nuestros-profesionales\/roger-t-creager\/#breadcrumb"},"inLanguage":"es","potentialAction":[{"@type":"ReadAction","target":["https:\/\/marksandharrison.cwdevelop.com\/es\/nuestros-profesionales\/roger-t-creager\/"]}]},{"@type":"ImageObject","inLanguage":"es","@id":"https:\/\/marksandharrison.cwdevelop.com\/es\/nuestros-profesionales\/roger-t-creager\/#primaryimage","url":"https:\/\/marksandharrison.cwdevelop.com\/wp-content\/uploads\/2026\/03\/roger-t-creager-bio-banner.jpg","contentUrl":"https:\/\/marksandharrison.cwdevelop.com\/wp-content\/uploads\/2026\/03\/roger-t-creager-bio-banner.jpg","width":680,"height":730},{"@type":"BreadcrumbList","@id":"https:\/\/marksandharrison.cwdevelop.com\/es\/nuestros-profesionales\/roger-t-creager\/#breadcrumb","itemListElement":[{"@type":"ListItem","position":1,"name":"Inicio","item":"https:\/\/marksandharrison.cwdevelop.com\/es\/"},{"@type":"ListItem","position":2,"name":"Nuestros Abogados","item":"https:\/\/marksandharrison.cwdevelop.com\/es\/nuestros-profesionales\/"},{"@type":"ListItem","position":3,"name":"Roger T. Creager"}]},{"@type":"WebSite","@id":"https:\/\/marksandharrison.cwdevelop.com\/es\/#website","url":"https:\/\/marksandharrison.cwdevelop.com\/es\/","name":"marksandharrison.cwdevelop.com Managed WordPress Site","description":"","potentialAction":[{"@type":"SearchAction","target":{"@type":"EntryPoint","urlTemplate":"https:\/\/marksandharrison.cwdevelop.com\/es\/?s={search_term_string}"},"query-input":{"@type":"PropertyValueSpecification","valueRequired":true,"valueName":"search_term_string"}}],"inLanguage":"es"}]}},"_links":{"self":[{"href":"https:\/\/marksandharrison.cwdevelop.com\/es\/wp-json\/wp\/v2\/pages\/922471","targetHints":{"allow":["GET"]}}],"collection":[{"href":"https:\/\/marksandharrison.cwdevelop.com\/es\/wp-json\/wp\/v2\/pages"}],"about":[{"href":"https:\/\/marksandharrison.cwdevelop.com\/es\/wp-json\/wp\/v2\/types\/page"}],"author":[{"embeddable":true,"href":"https:\/\/marksandharrison.cwdevelop.com\/es\/wp-json\/wp\/v2\/users\/6"}],"replies":[{"embeddable":true,"href":"https:\/\/marksandharrison.cwdevelop.com\/es\/wp-json\/wp\/v2\/comments?post=922471"}],"version-history":[{"count":0,"href":"https:\/\/marksandharrison.cwdevelop.com\/es\/wp-json\/wp\/v2\/pages\/922471\/revisions"}],"up":[{"embeddable":true,"href":"https:\/\/marksandharrison.cwdevelop.com\/es\/wp-json\/wp\/v2\/pages\/893352"}],"wp:featuredmedia":[{"embeddable":true,"href":"https:\/\/marksandharrison.cwdevelop.com\/es\/wp-json\/wp\/v2\/media\/922492"}],"wp:attachment":[{"href":"https:\/\/marksandharrison.cwdevelop.com\/es\/wp-json\/wp\/v2\/media?parent=922471"}],"curies":[{"name":"wp","href":"https:\/\/api.w.org\/{rel}","templated":true}]}}