{"id":922422,"date":"2026-03-12T09:32:10","date_gmt":"2026-03-12T09:32:10","guid":{"rendered":"https:\/\/marksandharrison.cwdevelop.com\/?page_id=922422"},"modified":"2026-03-20T09:04:47","modified_gmt":"2026-03-20T09:04:47","slug":"robert-coleman-flowers","status":"publish","type":"page","link":"https:\/\/marksandharrison.cwdevelop.com\/es\/nuestros-profesionales\/robert-coleman-flowers\/","title":{"rendered":"Robert Coleman Flowers"},"content":{"rendered":"<p>El abogado Robert Coleman Flowers ingres\u00f3 a nuestra firma en 2025, tras haber adquirido una amplia experiencia legal en diversas \u00e1reas del derecho. Se gradu\u00f3 de la Facultad de Derecho de la Universidad Americana de Washington en 2019, luego de haber realizado sus estudios de licenciatura en la Universidad de Carolina del Sur en 2015. Robert est\u00e1 autorizado para ejercer la abogac\u00eda en Maryland y el Distrito de Columbia.<\/p>\n<p>Antes de integrarse a nuestro equipo, trabaj\u00f3 en un bufete especializado en accidentes y lesiones personales, en una firma de abogados de inmigraci\u00f3n y derecho penal, y realiz\u00f3 una pasant\u00eda judicial, lo que le permiti\u00f3 desarrollar un conjunto de habilidades legales vers\u00e1til. Adem\u00e1s, es fluido en espa\u00f1ol, lo que le permite brindar un mejor servicio a una mayor variedad de clientes.<\/p>\n<p>Robert es miembro activo de la Asociaci\u00f3n del Colegio de Abogados del Estado de Maryland, la Asociaci\u00f3n de Justicia de Maryland, la Asociaci\u00f3n de Abogados Hispanos de Maryland y la Academia de Liderazgo del Colegio de Abogados del Estado de Maryland.<\/p>\n","protected":false},"excerpt":{"rendered":"<p>El abogado Robert Coleman Flowers ingres\u00f3 a nuestra firma en 2025, tras haber adquirido una amplia experiencia legal en diversas \u00e1reas del derecho. Se gradu\u00f3 de la Facultad de Derecho de la Universidad Americana de Washington en 2019, luego de haber realizado sus estudios de licenciatura en la Universidad de Carolina del Sur en 2015. [&hellip;]<\/p>\n","protected":false},"author":6,"featured_media":922438,"parent":893352,"menu_order":31,"comment_status":"closed","ping_status":"closed","template":"attorney.php","meta":{"_acf_changed":false,"footnotes":""},"class_list":["post-922422","page","type-page","status-publish","has-post-thumbnail","hentry"],"acf":[],"yoast_head":"<!-- This site is optimized with the Yoast SEO plugin v27.1 - https:\/\/yoast.com\/product\/yoast-seo-wordpress\/ -->\n<title>Robert Coleman Flowers: Abogado de accidentes y lesiones personales | Marks &amp; Harrison<\/title>\n<meta name=\"description\" content=\"Robert Coleman Flowers, miembro de Marks &amp; Harrison, tiene experiencia y habilidades, como su dominio del espa\u00f1ol, para atender su caso de accidentes y lesiones personales.\" \/>\n<meta name=\"robots\" content=\"noindex, follow, max-snippet:-1, max-image-preview:large, max-video-preview:-1\" \/>\n<meta property=\"og:locale\" content=\"es_ES\" \/>\n<meta property=\"og:type\" content=\"article\" \/>\n<meta property=\"og:title\" content=\"Robert Coleman Flowers: Abogado de accidentes y lesiones personales | Marks &amp; Harrison\" \/>\n<meta property=\"og:description\" content=\"Robert Coleman Flowers, miembro de Marks &amp; Harrison, tiene experiencia y habilidades, como su dominio del espa\u00f1ol, para atender su caso de accidentes y lesiones personales.\" \/>\n<meta property=\"og:url\" content=\"https:\/\/marksandharrison.cwdevelop.com\/es\/nuestros-profesionales\/robert-coleman-flowers\/\" \/>\n<meta property=\"og:site_name\" content=\"marksandharrison.cwdevelop.com Managed WordPress Site\" \/>\n<meta property=\"article:modified_time\" content=\"2026-03-20T09:04:47+00:00\" \/>\n<meta property=\"og:image\" content=\"http:\/\/marksandharrison.cwdevelop.com\/wp-content\/uploads\/2026\/03\/robert-coleman-flowers-bio-banner.jpg\" \/>\n\t<meta property=\"og:image:width\" content=\"680\" \/>\n\t<meta property=\"og:image:height\" content=\"730\" \/>\n\t<meta property=\"og:image:type\" content=\"image\/jpeg\" \/>\n<meta name=\"twitter:card\" content=\"summary_large_image\" \/>\n<meta name=\"twitter:label1\" content=\"Tiempo de lectura\" \/>\n\t<meta name=\"twitter:data1\" content=\"1 minuto\" \/>\n<script type=\"application\/ld+json\" class=\"yoast-schema-graph\">{\"@context\":\"https:\/\/schema.org\",\"@graph\":[{\"@type\":\"WebPage\",\"@id\":\"https:\/\/marksandharrison.cwdevelop.com\/es\/nuestros-profesionales\/robert-coleman-flowers\/\",\"url\":\"https:\/\/marksandharrison.cwdevelop.com\/es\/nuestros-profesionales\/robert-coleman-flowers\/\",\"name\":\"Robert Coleman Flowers: Abogado de accidentes y lesiones personales | Marks & Harrison\",\"isPartOf\":{\"@id\":\"https:\/\/marksandharrison.cwdevelop.com\/es\/#website\"},\"primaryImageOfPage\":{\"@id\":\"https:\/\/marksandharrison.cwdevelop.com\/es\/nuestros-profesionales\/robert-coleman-flowers\/#primaryimage\"},\"image\":{\"@id\":\"https:\/\/marksandharrison.cwdevelop.com\/es\/nuestros-profesionales\/robert-coleman-flowers\/#primaryimage\"},\"thumbnailUrl\":\"https:\/\/marksandharrison.cwdevelop.com\/wp-content\/uploads\/2026\/03\/robert-coleman-flowers-bio-banner.jpg\",\"datePublished\":\"2026-03-12T09:32:10+00:00\",\"dateModified\":\"2026-03-20T09:04:47+00:00\",\"description\":\"Robert Coleman Flowers, miembro de Marks & Harrison, tiene experiencia y habilidades, como su dominio del espa\u00f1ol, para atender su caso de accidentes y lesiones personales.\",\"breadcrumb\":{\"@id\":\"https:\/\/marksandharrison.cwdevelop.com\/es\/nuestros-profesionales\/robert-coleman-flowers\/#breadcrumb\"},\"inLanguage\":\"es\",\"potentialAction\":[{\"@type\":\"ReadAction\",\"target\":[\"https:\/\/marksandharrison.cwdevelop.com\/es\/nuestros-profesionales\/robert-coleman-flowers\/\"]}]},{\"@type\":\"ImageObject\",\"inLanguage\":\"es\",\"@id\":\"https:\/\/marksandharrison.cwdevelop.com\/es\/nuestros-profesionales\/robert-coleman-flowers\/#primaryimage\",\"url\":\"https:\/\/marksandharrison.cwdevelop.com\/wp-content\/uploads\/2026\/03\/robert-coleman-flowers-bio-banner.jpg\",\"contentUrl\":\"https:\/\/marksandharrison.cwdevelop.com\/wp-content\/uploads\/2026\/03\/robert-coleman-flowers-bio-banner.jpg\",\"width\":680,\"height\":730},{\"@type\":\"BreadcrumbList\",\"@id\":\"https:\/\/marksandharrison.cwdevelop.com\/es\/nuestros-profesionales\/robert-coleman-flowers\/#breadcrumb\",\"itemListElement\":[{\"@type\":\"ListItem\",\"position\":1,\"name\":\"Inicio\",\"item\":\"https:\/\/marksandharrison.cwdevelop.com\/es\/\"},{\"@type\":\"ListItem\",\"position\":2,\"name\":\"Nuestros Abogados\",\"item\":\"https:\/\/marksandharrison.cwdevelop.com\/es\/nuestros-profesionales\/\"},{\"@type\":\"ListItem\",\"position\":3,\"name\":\"Robert Coleman Flowers\"}]},{\"@type\":\"WebSite\",\"@id\":\"https:\/\/marksandharrison.cwdevelop.com\/es\/#website\",\"url\":\"https:\/\/marksandharrison.cwdevelop.com\/es\/\",\"name\":\"marksandharrison.cwdevelop.com Managed WordPress Site\",\"description\":\"\",\"potentialAction\":[{\"@type\":\"SearchAction\",\"target\":{\"@type\":\"EntryPoint\",\"urlTemplate\":\"https:\/\/marksandharrison.cwdevelop.com\/es\/?s={search_term_string}\"},\"query-input\":{\"@type\":\"PropertyValueSpecification\",\"valueRequired\":true,\"valueName\":\"search_term_string\"}}],\"inLanguage\":\"es\"}]}<\/script>\n<!-- \/ Yoast SEO plugin. -->","yoast_head_json":{"title":"Robert Coleman Flowers: Abogado de accidentes y lesiones personales | Marks & Harrison","description":"Robert Coleman Flowers, miembro de Marks & Harrison, tiene experiencia y habilidades, como su dominio del espa\u00f1ol, para atender su caso de accidentes y lesiones personales.","robots":{"index":"noindex","follow":"follow","max-snippet":"max-snippet:-1","max-image-preview":"max-image-preview:large","max-video-preview":"max-video-preview:-1"},"og_locale":"es_ES","og_type":"article","og_title":"Robert Coleman Flowers: Abogado de accidentes y lesiones personales | Marks & Harrison","og_description":"Robert Coleman Flowers, miembro de Marks & Harrison, tiene experiencia y habilidades, como su dominio del espa\u00f1ol, para atender su caso de accidentes y lesiones personales.","og_url":"https:\/\/marksandharrison.cwdevelop.com\/es\/nuestros-profesionales\/robert-coleman-flowers\/","og_site_name":"marksandharrison.cwdevelop.com Managed WordPress Site","article_modified_time":"2026-03-20T09:04:47+00:00","og_image":[{"width":680,"height":730,"url":"http:\/\/marksandharrison.cwdevelop.com\/wp-content\/uploads\/2026\/03\/robert-coleman-flowers-bio-banner.jpg","type":"image\/jpeg"}],"twitter_card":"summary_large_image","twitter_misc":{"Tiempo de lectura":"1 minuto"},"schema":{"@context":"https:\/\/schema.org","@graph":[{"@type":"WebPage","@id":"https:\/\/marksandharrison.cwdevelop.com\/es\/nuestros-profesionales\/robert-coleman-flowers\/","url":"https:\/\/marksandharrison.cwdevelop.com\/es\/nuestros-profesionales\/robert-coleman-flowers\/","name":"Robert Coleman Flowers: Abogado de accidentes y lesiones personales | Marks & Harrison","isPartOf":{"@id":"https:\/\/marksandharrison.cwdevelop.com\/es\/#website"},"primaryImageOfPage":{"@id":"https:\/\/marksandharrison.cwdevelop.com\/es\/nuestros-profesionales\/robert-coleman-flowers\/#primaryimage"},"image":{"@id":"https:\/\/marksandharrison.cwdevelop.com\/es\/nuestros-profesionales\/robert-coleman-flowers\/#primaryimage"},"thumbnailUrl":"https:\/\/marksandharrison.cwdevelop.com\/wp-content\/uploads\/2026\/03\/robert-coleman-flowers-bio-banner.jpg","datePublished":"2026-03-12T09:32:10+00:00","dateModified":"2026-03-20T09:04:47+00:00","description":"Robert Coleman Flowers, miembro de Marks & Harrison, tiene experiencia y habilidades, como su dominio del espa\u00f1ol, para atender su caso de accidentes y lesiones personales.","breadcrumb":{"@id":"https:\/\/marksandharrison.cwdevelop.com\/es\/nuestros-profesionales\/robert-coleman-flowers\/#breadcrumb"},"inLanguage":"es","potentialAction":[{"@type":"ReadAction","target":["https:\/\/marksandharrison.cwdevelop.com\/es\/nuestros-profesionales\/robert-coleman-flowers\/"]}]},{"@type":"ImageObject","inLanguage":"es","@id":"https:\/\/marksandharrison.cwdevelop.com\/es\/nuestros-profesionales\/robert-coleman-flowers\/#primaryimage","url":"https:\/\/marksandharrison.cwdevelop.com\/wp-content\/uploads\/2026\/03\/robert-coleman-flowers-bio-banner.jpg","contentUrl":"https:\/\/marksandharrison.cwdevelop.com\/wp-content\/uploads\/2026\/03\/robert-coleman-flowers-bio-banner.jpg","width":680,"height":730},{"@type":"BreadcrumbList","@id":"https:\/\/marksandharrison.cwdevelop.com\/es\/nuestros-profesionales\/robert-coleman-flowers\/#breadcrumb","itemListElement":[{"@type":"ListItem","position":1,"name":"Inicio","item":"https:\/\/marksandharrison.cwdevelop.com\/es\/"},{"@type":"ListItem","position":2,"name":"Nuestros Abogados","item":"https:\/\/marksandharrison.cwdevelop.com\/es\/nuestros-profesionales\/"},{"@type":"ListItem","position":3,"name":"Robert Coleman Flowers"}]},{"@type":"WebSite","@id":"https:\/\/marksandharrison.cwdevelop.com\/es\/#website","url":"https:\/\/marksandharrison.cwdevelop.com\/es\/","name":"marksandharrison.cwdevelop.com Managed WordPress Site","description":"","potentialAction":[{"@type":"SearchAction","target":{"@type":"EntryPoint","urlTemplate":"https:\/\/marksandharrison.cwdevelop.com\/es\/?s={search_term_string}"},"query-input":{"@type":"PropertyValueSpecification","valueRequired":true,"valueName":"search_term_string"}}],"inLanguage":"es"}]}},"_links":{"self":[{"href":"https:\/\/marksandharrison.cwdevelop.com\/es\/wp-json\/wp\/v2\/pages\/922422","targetHints":{"allow":["GET"]}}],"collection":[{"href":"https:\/\/marksandharrison.cwdevelop.com\/es\/wp-json\/wp\/v2\/pages"}],"about":[{"href":"https:\/\/marksandharrison.cwdevelop.com\/es\/wp-json\/wp\/v2\/types\/page"}],"author":[{"embeddable":true,"href":"https:\/\/marksandharrison.cwdevelop.com\/es\/wp-json\/wp\/v2\/users\/6"}],"replies":[{"embeddable":true,"href":"https:\/\/marksandharrison.cwdevelop.com\/es\/wp-json\/wp\/v2\/comments?post=922422"}],"version-history":[{"count":0,"href":"https:\/\/marksandharrison.cwdevelop.com\/es\/wp-json\/wp\/v2\/pages\/922422\/revisions"}],"up":[{"embeddable":true,"href":"https:\/\/marksandharrison.cwdevelop.com\/es\/wp-json\/wp\/v2\/pages\/893352"}],"wp:featuredmedia":[{"embeddable":true,"href":"https:\/\/marksandharrison.cwdevelop.com\/es\/wp-json\/wp\/v2\/media\/922438"}],"wp:attachment":[{"href":"https:\/\/marksandharrison.cwdevelop.com\/es\/wp-json\/wp\/v2\/media?parent=922422"}],"curies":[{"name":"wp","href":"https:\/\/api.w.org\/{rel}","templated":true}]}}