{"id":922398,"date":"2026-03-12T08:58:43","date_gmt":"2026-03-12T08:58:43","guid":{"rendered":"https:\/\/marksandharrison.cwdevelop.com\/?page_id=922398"},"modified":"2026-03-20T09:21:51","modified_gmt":"2026-03-20T09:21:51","slug":"michael-j-braggs","status":"publish","type":"page","link":"https:\/\/marksandharrison.cwdevelop.com\/es\/nuestros-profesionales\/michael-j-braggs\/","title":{"rendered":"Michael J. Braggs"},"content":{"rendered":"<p>Michael J. Braggs ingres\u00f3 al equipo de Marks &amp; Harrison en 2019. Anteriormente, ejerci\u00f3 la abogac\u00eda como asociado en Freeborn &amp; Peters, en Richmond. Realiz\u00f3 sus estudios de licenciatura en la <a href=\"https:\/\/www.ncsu.edu\/\" target=\"_blank\" rel=\"noopener\">Universidad Estatal de Carolina del Norte<\/a>\u00a0y obtuvo su t\u00edtulo de Doctor en Jurisprudencia (J.D.) en la\u00a0<a href=\"https:\/\/law.richmond.edu\/\" target=\"_blank\" rel=\"noopener\">Facultad de Derecho de la Universidad de Richmond<\/a>.<\/p>\n<p>Antes de integrarse a Freeborn &amp; Peters, Michael se desempe\u00f1\u00f3 como asesor jur\u00eddico en GEICO. Tambi\u00e9n trabaj\u00f3 como defensor p\u00fablico adjunto en la Oficina del Defensor P\u00fablico en Fredericksburg, Virginia.<\/p>\n\n\t\t\t\t\n\t\t\t\t\t<div itemtype=\"https:\/\/schema.org\/VideoObject\" itemscope=\"\" id=\"video_play-876721\" class=\" vid-aligncenter\" style=\"display:block\">\n\t\t\t\t\t\t<meta itemprop=\"name\" content=\"Meet Our Attorney: Michael J. Braggs &#8211; Marks &#038; Harrison\" \/>\n\t\t\t\t\t\t<meta itemprop=\"thumbnailURL\" content=\"https:\/\/i.ytimg.com\/vi\/czXhM3aoQzg\/hqdefault.jpg\" \/>\n\t\t\t\t\t\t<meta itemprop=\"uploadDate\" content=\"12 de marzo de 2026\">\n\t\t\t\t\t\t\t\t\t\t\t\t\t<meta itemprop=\"embedURL\" content=\"https:\/\/www.youtube.com\/watch?v=czXhM3aoQzg\" \/>\n\t\t\t\t\t\t\t<iframe loading=\"lazy\" class=\"cw_video_single\" src=\"https:\/\/www.youtube.com\/embed\/czXhM3aoQzg?rel=0&amp;showinfo=1&amp;autoplay=0\" allowfullscreen=\"allowfullscreen\" width=\"100%\" height=\"480px\" ><\/iframe>\n\t\t\t\t\t\t\n\t\t\t\t\t\t\n\t\t\t\t\t\t\t\t\t\t\t\t\t\t\t<meta itemprop=\"description\" content=\"http:\/\/marksandharrison.cwdevelop.com\/\r\n\r\nFollow us on Facebook: \r\nhttps:\/\/www.facebook.com\/marksandharrison\r\nFollow us on Twitter: \r\nhttps:\/\/twitter.com\/mandhlaw\r\n\r\nContact us at http:\/\/marksandharrison.cwdevelop.com\/contact-us\/\" \/>\n\t\t\t\t\t\t\t\n\t\t\t\t\t\t\n\t\t\t\t\t<\/div>\n\n\t\t\t\t\n\n\n\n\t\t\t\n\t\t\t\t\n","protected":false},"excerpt":{"rendered":"<p>Michael J. Braggs ingres\u00f3 al equipo de Marks &amp; Harrison en 2019. Anteriormente, ejerci\u00f3 la abogac\u00eda como asociado en Freeborn &amp; Peters, en Richmond. Realiz\u00f3 sus estudios de licenciatura en la Universidad Estatal de Carolina del Norte\u00a0y obtuvo su t\u00edtulo de Doctor en Jurisprudencia (J.D.) en la\u00a0Facultad de Derecho de la Universidad de Richmond. Antes [&hellip;]<\/p>\n","protected":false},"author":6,"featured_media":922412,"parent":893352,"menu_order":30,"comment_status":"closed","ping_status":"closed","template":"attorney.php","meta":{"_acf_changed":false,"footnotes":""},"class_list":["post-922398","page","type-page","status-publish","has-post-thumbnail","hentry"],"acf":[],"yoast_head":"<!-- This site is optimized with the Yoast SEO plugin v27.1 - https:\/\/yoast.com\/product\/yoast-seo-wordpress\/ -->\n<title>Michael J. Braggs: Abogado de accidentes y lesiones personales | Marks &amp; Harrison<\/title>\n<meta name=\"description\" content=\"Conozca la formaci\u00f3n educativa de Michael J. Braggs, uno de los abogados que puede ocuparse de su caso de accidentes y lesiones personales en el bufete de Marks &amp; Harrison.\" \/>\n<meta name=\"robots\" content=\"noindex, follow, max-snippet:-1, max-image-preview:large, max-video-preview:-1\" \/>\n<meta property=\"og:locale\" content=\"es_ES\" \/>\n<meta property=\"og:type\" content=\"article\" \/>\n<meta property=\"og:title\" content=\"Michael J. Braggs: Abogado de accidentes y lesiones personales | Marks &amp; Harrison\" \/>\n<meta property=\"og:description\" content=\"Conozca la formaci\u00f3n educativa de Michael J. Braggs, uno de los abogados que puede ocuparse de su caso de accidentes y lesiones personales en el bufete de Marks &amp; Harrison.\" \/>\n<meta property=\"og:url\" content=\"https:\/\/marksandharrison.cwdevelop.com\/es\/nuestros-profesionales\/michael-j-braggs\/\" \/>\n<meta property=\"og:site_name\" content=\"marksandharrison.cwdevelop.com Managed WordPress Site\" \/>\n<meta property=\"article:modified_time\" content=\"2026-03-20T09:21:51+00:00\" \/>\n<meta property=\"og:image\" content=\"http:\/\/marksandharrison.cwdevelop.com\/wp-content\/uploads\/2026\/03\/michael-j-braggs-bio-banner.jpg\" \/>\n\t<meta property=\"og:image:width\" content=\"680\" \/>\n\t<meta property=\"og:image:height\" content=\"730\" \/>\n\t<meta property=\"og:image:type\" content=\"image\/jpeg\" \/>\n<meta name=\"twitter:card\" content=\"summary_large_image\" \/>\n<meta name=\"twitter:label1\" content=\"Tiempo de lectura\" \/>\n\t<meta name=\"twitter:data1\" content=\"1 minuto\" \/>\n<script type=\"application\/ld+json\" class=\"yoast-schema-graph\">{\"@context\":\"https:\/\/schema.org\",\"@graph\":[{\"@type\":\"WebPage\",\"@id\":\"https:\/\/marksandharrison.cwdevelop.com\/es\/nuestros-profesionales\/michael-j-braggs\/\",\"url\":\"https:\/\/marksandharrison.cwdevelop.com\/es\/nuestros-profesionales\/michael-j-braggs\/\",\"name\":\"Michael J. Braggs: Abogado de accidentes y lesiones personales | Marks & Harrison\",\"isPartOf\":{\"@id\":\"https:\/\/marksandharrison.cwdevelop.com\/es\/#website\"},\"primaryImageOfPage\":{\"@id\":\"https:\/\/marksandharrison.cwdevelop.com\/es\/nuestros-profesionales\/michael-j-braggs\/#primaryimage\"},\"image\":{\"@id\":\"https:\/\/marksandharrison.cwdevelop.com\/es\/nuestros-profesionales\/michael-j-braggs\/#primaryimage\"},\"thumbnailUrl\":\"https:\/\/marksandharrison.cwdevelop.com\/wp-content\/uploads\/2026\/03\/michael-j-braggs-bio-banner.jpg\",\"datePublished\":\"2026-03-12T08:58:43+00:00\",\"dateModified\":\"2026-03-20T09:21:51+00:00\",\"description\":\"Conozca la formaci\u00f3n educativa de Michael J. Braggs, uno de los abogados que puede ocuparse de su caso de accidentes y lesiones personales en el bufete de Marks & Harrison.\",\"breadcrumb\":{\"@id\":\"https:\/\/marksandharrison.cwdevelop.com\/es\/nuestros-profesionales\/michael-j-braggs\/#breadcrumb\"},\"inLanguage\":\"es\",\"potentialAction\":[{\"@type\":\"ReadAction\",\"target\":[\"https:\/\/marksandharrison.cwdevelop.com\/es\/nuestros-profesionales\/michael-j-braggs\/\"]}]},{\"@type\":\"ImageObject\",\"inLanguage\":\"es\",\"@id\":\"https:\/\/marksandharrison.cwdevelop.com\/es\/nuestros-profesionales\/michael-j-braggs\/#primaryimage\",\"url\":\"https:\/\/marksandharrison.cwdevelop.com\/wp-content\/uploads\/2026\/03\/michael-j-braggs-bio-banner.jpg\",\"contentUrl\":\"https:\/\/marksandharrison.cwdevelop.com\/wp-content\/uploads\/2026\/03\/michael-j-braggs-bio-banner.jpg\",\"width\":680,\"height\":730},{\"@type\":\"BreadcrumbList\",\"@id\":\"https:\/\/marksandharrison.cwdevelop.com\/es\/nuestros-profesionales\/michael-j-braggs\/#breadcrumb\",\"itemListElement\":[{\"@type\":\"ListItem\",\"position\":1,\"name\":\"Inicio\",\"item\":\"https:\/\/marksandharrison.cwdevelop.com\/es\/\"},{\"@type\":\"ListItem\",\"position\":2,\"name\":\"Nuestros Abogados\",\"item\":\"https:\/\/marksandharrison.cwdevelop.com\/es\/nuestros-profesionales\/\"},{\"@type\":\"ListItem\",\"position\":3,\"name\":\"Michael J. Braggs\"}]},{\"@type\":\"WebSite\",\"@id\":\"https:\/\/marksandharrison.cwdevelop.com\/es\/#website\",\"url\":\"https:\/\/marksandharrison.cwdevelop.com\/es\/\",\"name\":\"marksandharrison.cwdevelop.com Managed WordPress Site\",\"description\":\"\",\"potentialAction\":[{\"@type\":\"SearchAction\",\"target\":{\"@type\":\"EntryPoint\",\"urlTemplate\":\"https:\/\/marksandharrison.cwdevelop.com\/es\/?s={search_term_string}\"},\"query-input\":{\"@type\":\"PropertyValueSpecification\",\"valueRequired\":true,\"valueName\":\"search_term_string\"}}],\"inLanguage\":\"es\"}]}<\/script>\n<!-- \/ Yoast SEO plugin. -->","yoast_head_json":{"title":"Michael J. Braggs: Abogado de accidentes y lesiones personales | Marks & Harrison","description":"Conozca la formaci\u00f3n educativa de Michael J. Braggs, uno de los abogados que puede ocuparse de su caso de accidentes y lesiones personales en el bufete de Marks & Harrison.","robots":{"index":"noindex","follow":"follow","max-snippet":"max-snippet:-1","max-image-preview":"max-image-preview:large","max-video-preview":"max-video-preview:-1"},"og_locale":"es_ES","og_type":"article","og_title":"Michael J. Braggs: Abogado de accidentes y lesiones personales | Marks & Harrison","og_description":"Conozca la formaci\u00f3n educativa de Michael J. Braggs, uno de los abogados que puede ocuparse de su caso de accidentes y lesiones personales en el bufete de Marks & Harrison.","og_url":"https:\/\/marksandharrison.cwdevelop.com\/es\/nuestros-profesionales\/michael-j-braggs\/","og_site_name":"marksandharrison.cwdevelop.com Managed WordPress Site","article_modified_time":"2026-03-20T09:21:51+00:00","og_image":[{"width":680,"height":730,"url":"http:\/\/marksandharrison.cwdevelop.com\/wp-content\/uploads\/2026\/03\/michael-j-braggs-bio-banner.jpg","type":"image\/jpeg"}],"twitter_card":"summary_large_image","twitter_misc":{"Tiempo de lectura":"1 minuto"},"schema":{"@context":"https:\/\/schema.org","@graph":[{"@type":"WebPage","@id":"https:\/\/marksandharrison.cwdevelop.com\/es\/nuestros-profesionales\/michael-j-braggs\/","url":"https:\/\/marksandharrison.cwdevelop.com\/es\/nuestros-profesionales\/michael-j-braggs\/","name":"Michael J. Braggs: Abogado de accidentes y lesiones personales | Marks & Harrison","isPartOf":{"@id":"https:\/\/marksandharrison.cwdevelop.com\/es\/#website"},"primaryImageOfPage":{"@id":"https:\/\/marksandharrison.cwdevelop.com\/es\/nuestros-profesionales\/michael-j-braggs\/#primaryimage"},"image":{"@id":"https:\/\/marksandharrison.cwdevelop.com\/es\/nuestros-profesionales\/michael-j-braggs\/#primaryimage"},"thumbnailUrl":"https:\/\/marksandharrison.cwdevelop.com\/wp-content\/uploads\/2026\/03\/michael-j-braggs-bio-banner.jpg","datePublished":"2026-03-12T08:58:43+00:00","dateModified":"2026-03-20T09:21:51+00:00","description":"Conozca la formaci\u00f3n educativa de Michael J. Braggs, uno de los abogados que puede ocuparse de su caso de accidentes y lesiones personales en el bufete de Marks & Harrison.","breadcrumb":{"@id":"https:\/\/marksandharrison.cwdevelop.com\/es\/nuestros-profesionales\/michael-j-braggs\/#breadcrumb"},"inLanguage":"es","potentialAction":[{"@type":"ReadAction","target":["https:\/\/marksandharrison.cwdevelop.com\/es\/nuestros-profesionales\/michael-j-braggs\/"]}]},{"@type":"ImageObject","inLanguage":"es","@id":"https:\/\/marksandharrison.cwdevelop.com\/es\/nuestros-profesionales\/michael-j-braggs\/#primaryimage","url":"https:\/\/marksandharrison.cwdevelop.com\/wp-content\/uploads\/2026\/03\/michael-j-braggs-bio-banner.jpg","contentUrl":"https:\/\/marksandharrison.cwdevelop.com\/wp-content\/uploads\/2026\/03\/michael-j-braggs-bio-banner.jpg","width":680,"height":730},{"@type":"BreadcrumbList","@id":"https:\/\/marksandharrison.cwdevelop.com\/es\/nuestros-profesionales\/michael-j-braggs\/#breadcrumb","itemListElement":[{"@type":"ListItem","position":1,"name":"Inicio","item":"https:\/\/marksandharrison.cwdevelop.com\/es\/"},{"@type":"ListItem","position":2,"name":"Nuestros Abogados","item":"https:\/\/marksandharrison.cwdevelop.com\/es\/nuestros-profesionales\/"},{"@type":"ListItem","position":3,"name":"Michael J. Braggs"}]},{"@type":"WebSite","@id":"https:\/\/marksandharrison.cwdevelop.com\/es\/#website","url":"https:\/\/marksandharrison.cwdevelop.com\/es\/","name":"marksandharrison.cwdevelop.com Managed WordPress Site","description":"","potentialAction":[{"@type":"SearchAction","target":{"@type":"EntryPoint","urlTemplate":"https:\/\/marksandharrison.cwdevelop.com\/es\/?s={search_term_string}"},"query-input":{"@type":"PropertyValueSpecification","valueRequired":true,"valueName":"search_term_string"}}],"inLanguage":"es"}]}},"_links":{"self":[{"href":"https:\/\/marksandharrison.cwdevelop.com\/es\/wp-json\/wp\/v2\/pages\/922398","targetHints":{"allow":["GET"]}}],"collection":[{"href":"https:\/\/marksandharrison.cwdevelop.com\/es\/wp-json\/wp\/v2\/pages"}],"about":[{"href":"https:\/\/marksandharrison.cwdevelop.com\/es\/wp-json\/wp\/v2\/types\/page"}],"author":[{"embeddable":true,"href":"https:\/\/marksandharrison.cwdevelop.com\/es\/wp-json\/wp\/v2\/users\/6"}],"replies":[{"embeddable":true,"href":"https:\/\/marksandharrison.cwdevelop.com\/es\/wp-json\/wp\/v2\/comments?post=922398"}],"version-history":[{"count":0,"href":"https:\/\/marksandharrison.cwdevelop.com\/es\/wp-json\/wp\/v2\/pages\/922398\/revisions"}],"up":[{"embeddable":true,"href":"https:\/\/marksandharrison.cwdevelop.com\/es\/wp-json\/wp\/v2\/pages\/893352"}],"wp:featuredmedia":[{"embeddable":true,"href":"https:\/\/marksandharrison.cwdevelop.com\/es\/wp-json\/wp\/v2\/media\/922412"}],"wp:attachment":[{"href":"https:\/\/marksandharrison.cwdevelop.com\/es\/wp-json\/wp\/v2\/media?parent=922398"}],"curies":[{"name":"wp","href":"https:\/\/api.w.org\/{rel}","templated":true}]}}