{"id":922222,"date":"2026-03-12T07:53:42","date_gmt":"2026-03-12T07:53:42","guid":{"rendered":"https:\/\/marksandharrison.cwdevelop.com\/?page_id=922222"},"modified":"2026-04-07T09:41:22","modified_gmt":"2026-04-07T09:41:22","slug":"john-c-shea","status":"publish","type":"page","link":"https:\/\/marksandharrison.cwdevelop.com\/es\/nuestros-profesionales\/john-c-shea\/","title":{"rendered":"John C. Shea"},"content":{"rendered":"<p>John C. Shea ha ejercido la abogac\u00eda desde 1977, enfocando su pr\u00e1ctica exclusivamente en la representaci\u00f3n de personas lesionadas.<\/p>\n<p>Se gradu\u00f3 de Wake Forest University con honores (Cum Laude) y obtuvo su J.D. en la Escuela de Derecho de la Universidad de Richmond. Desde entonces, ha formado parte de Marks &amp; Harrison. Sus \u00e1reas de especial inter\u00e9s incluyen reclamaciones por lesiones cerebrales y casos de accidentes con camiones de carga.<\/p>\n\n\t\t\t\t\n\t\t\t\t\t<div itemtype=\"https:\/\/schema.org\/VideoObject\" itemscope=\"\" id=\"video_play-919362\" class=\" vid-aligncenter\" style=\"display:block\">\n\t\t\t\t\t\t<meta itemprop=\"name\" content=\"Attorney John Shea\u2019s Most Memorable Case!\" \/>\n\t\t\t\t\t\t<meta itemprop=\"thumbnailURL\" content=\"https:\/\/i.ytimg.com\/vi\/-9196LbbNAg\/hqdefault.jpg\" \/>\n\t\t\t\t\t\t<meta itemprop=\"uploadDate\" content=\"12 de marzo de 2026\">\n\t\t\t\t\t\t\t\t\t\t\t\t\t<meta itemprop=\"embedURL\" content=\"https:\/\/www.youtube.com\/watch?v=-9196LbbNAg\" \/>\n\t\t\t\t\t\t\t<iframe loading=\"lazy\" class=\"cw_video_single\" src=\"https:\/\/www.youtube.com\/embed\/-9196LbbNAg?rel=0&amp;showinfo=1&amp;autoplay=0\" allowfullscreen=\"allowfullscreen\" width=\"100%\" height=\"480px\" ><\/iframe>\n\t\t\t\t\t\t\n\t\t\t\t\t\t\n\t\t\t\t\t\t\t\t\t\t\t\t\t\t\t<meta itemprop=\"description\" content=\"http:\/\/www.marksandharrison.com\/\r\n\r\nFollow us on Facebook: \r\nhttps:\/\/www.facebook.com\/marksandharrison\r\nFollow us on Twitter: \r\nhttps:\/\/twitter.com\/mandhlaw\r\n\r\nContact us at http:\/\/www.marksandharrison.com\/contact-us\/\" \/>\n\t\t\t\t\t\t\t\n\t\t\t\t\t\t\n\t\t\t\t\t<\/div>\n\n\t\t\t\t\n\n\n\n\t\t\t\n\t\t\t\t\n<h2>Casos destacados\/ acuerdos \/ veredictos<\/h2>\n<ul>\n<li>$12,000,000 \u2013 Cuadriplejia en accidente con cami\u00f3n de basura.<\/li>\n<li>$11,000,000 \u2013 Joven sufre lesi\u00f3n cerebral en accidente con camioneta de servicio.<\/li>\n<li>$10,000,000 \u2013 Lesiones cerebrales en un accidente ferroviario.<\/li>\n<li>$7,000,000 \u2013 Colisi\u00f3n de motociclista con un conductor ebrio.<\/li>\n<li>$6,500,000 \u2013 Hombre sufre quemaduras graves.<\/li>\n<li>$5,100,000 \u2013 Hombre sufre m\u00faltiples fracturas en colisi\u00f3n con un tr\u00e1iler.<\/li>\n<li>$4,200,000 \u2013 Lesi\u00f3n cerebral y m\u00faltiples otras lesiones en accidente vehicular.<\/li>\n<li>$3,900,000 \u2013 Cuadriplejia en accidente con cami\u00f3n de carga.<\/li>\n<li>$3,000,000 \u2013 Fallecimiento en colisi\u00f3n con cami\u00f3n de carga.<\/li>\n<li>$3,000,000 \u2013 Hombre sufre lesiones extensas cuando su auto es chocado por detr\u00e1s por un tr\u00e1iler en West Virginia.<\/li>\n<li>$2,600,000 \u2013 Demanda de mala fe en favor de un ni\u00f1o lesionado.<\/li>\n<li>$2,000,000 \u2013 Tres miembros de una familia fallecen en un choque con un tr\u00e1iler.<\/li>\n<li>$685,000 \u2013 Pasajero sufre m\u00faltiples fracturas en colisi\u00f3n trasera con tr\u00e1iler estacionado ilegalmente.<\/li>\n<\/ul>\n<img loading=\"lazy\" decoding=\"async\" class=\"size-medium wp-image-818626 aligncenter\" src=\"https:\/\/marksandharrison.cwdevelop.com\/wp-content\/uploads\/2020\/08\/Best-Lawyers-_Lawyer-of-the-Year_-Traditional-Logo-1-300x211.png\" alt=\"\" width=\"300\" height=\"211\" srcset=\"https:\/\/marksandharrison.cwdevelop.com\/wp-content\/uploads\/2020\/08\/Best-Lawyers-_Lawyer-of-the-Year_-Traditional-Logo-1-300x211.png 300w, https:\/\/marksandharrison.cwdevelop.com\/wp-content\/uploads\/2020\/08\/Best-Lawyers-_Lawyer-of-the-Year_-Traditional-Logo-1-1024x720.png 1024w, https:\/\/marksandharrison.cwdevelop.com\/wp-content\/uploads\/2020\/08\/Best-Lawyers-_Lawyer-of-the-Year_-Traditional-Logo-1-768x540.png 768w, https:\/\/marksandharrison.cwdevelop.com\/wp-content\/uploads\/2020\/08\/Best-Lawyers-_Lawyer-of-the-Year_-Traditional-Logo-1-1536x1080.png 1536w, https:\/\/marksandharrison.cwdevelop.com\/wp-content\/uploads\/2020\/08\/Best-Lawyers-_Lawyer-of-the-Year_-Traditional-Logo-1-2048x1440.png 2048w\" sizes=\"auto, (max-width: 300px) 100vw, 300px\" \/>\n","protected":false},"excerpt":{"rendered":"<p>John C. Shea ha ejercido la abogac\u00eda desde 1977, enfocando su pr\u00e1ctica exclusivamente en la representaci\u00f3n de personas lesionadas. Se gradu\u00f3 de Wake Forest University con honores (Cum Laude) y obtuvo su J.D. en la Escuela de Derecho de la Universidad de Richmond. Desde entonces, ha formado parte de Marks &amp; Harrison. Sus \u00e1reas de [&hellip;]<\/p>\n","protected":false},"author":6,"featured_media":937140,"parent":893352,"menu_order":20,"comment_status":"closed","ping_status":"closed","template":"attorney.php","meta":{"_acf_changed":false,"footnotes":""},"class_list":["post-922222","page","type-page","status-publish","has-post-thumbnail","hentry"],"acf":[],"yoast_head":"<!-- This site is optimized with the Yoast SEO plugin v27.1 - https:\/\/yoast.com\/product\/yoast-seo-wordpress\/ -->\n<title>John C. Shea | Marks &amp; Harrison<\/title>\n<meta name=\"description\" content=\"Conozca a John C. Shea, uno de los abogados de lesiones personales expertos de Marks &amp; Harrison que le ayudar\u00e1 en su caso.\" \/>\n<meta name=\"robots\" content=\"noindex, follow, max-snippet:-1, max-image-preview:large, max-video-preview:-1\" \/>\n<meta property=\"og:locale\" content=\"es_ES\" \/>\n<meta property=\"og:type\" content=\"article\" \/>\n<meta property=\"og:title\" content=\"John C. Shea | Marks &amp; Harrison\" \/>\n<meta property=\"og:description\" content=\"Conozca a John C. Shea, uno de los abogados de lesiones personales expertos de Marks &amp; Harrison que le ayudar\u00e1 en su caso.\" \/>\n<meta property=\"og:url\" content=\"https:\/\/marksandharrison.cwdevelop.com\/es\/nuestros-profesionales\/john-c-shea\/\" \/>\n<meta property=\"og:site_name\" content=\"marksandharrison.cwdevelop.com Managed WordPress Site\" \/>\n<meta property=\"article:modified_time\" content=\"2026-04-07T09:41:22+00:00\" \/>\n<meta property=\"og:image\" content=\"http:\/\/marksandharrison.cwdevelop.com\/wp-content\/uploads\/2026\/03\/john-c-shea-new-bio-banner-1.jpg\" \/>\n\t<meta property=\"og:image:width\" content=\"680\" \/>\n\t<meta property=\"og:image:height\" content=\"730\" \/>\n\t<meta property=\"og:image:type\" content=\"image\/jpeg\" \/>\n<meta name=\"twitter:card\" content=\"summary_large_image\" \/>\n<meta name=\"twitter:label1\" content=\"Tiempo de lectura\" \/>\n\t<meta name=\"twitter:data1\" content=\"2 minutos\" \/>\n<script type=\"application\/ld+json\" class=\"yoast-schema-graph\">{\"@context\":\"https:\/\/schema.org\",\"@graph\":[{\"@type\":\"WebPage\",\"@id\":\"https:\/\/marksandharrison.cwdevelop.com\/es\/nuestros-profesionales\/john-c-shea\/\",\"url\":\"https:\/\/marksandharrison.cwdevelop.com\/es\/nuestros-profesionales\/john-c-shea\/\",\"name\":\"John C. Shea | Marks & Harrison\",\"isPartOf\":{\"@id\":\"https:\/\/marksandharrison.cwdevelop.com\/es\/#website\"},\"primaryImageOfPage\":{\"@id\":\"https:\/\/marksandharrison.cwdevelop.com\/es\/nuestros-profesionales\/john-c-shea\/#primaryimage\"},\"image\":{\"@id\":\"https:\/\/marksandharrison.cwdevelop.com\/es\/nuestros-profesionales\/john-c-shea\/#primaryimage\"},\"thumbnailUrl\":\"https:\/\/marksandharrison.cwdevelop.com\/wp-content\/uploads\/2026\/03\/john-c-shea-new-bio-banner-1.jpg\",\"datePublished\":\"2026-03-12T07:53:42+00:00\",\"dateModified\":\"2026-04-07T09:41:22+00:00\",\"description\":\"Conozca a John C. Shea, uno de los abogados de lesiones personales expertos de Marks & Harrison que le ayudar\u00e1 en su caso.\",\"breadcrumb\":{\"@id\":\"https:\/\/marksandharrison.cwdevelop.com\/es\/nuestros-profesionales\/john-c-shea\/#breadcrumb\"},\"inLanguage\":\"es\",\"potentialAction\":[{\"@type\":\"ReadAction\",\"target\":[\"https:\/\/marksandharrison.cwdevelop.com\/es\/nuestros-profesionales\/john-c-shea\/\"]}]},{\"@type\":\"ImageObject\",\"inLanguage\":\"es\",\"@id\":\"https:\/\/marksandharrison.cwdevelop.com\/es\/nuestros-profesionales\/john-c-shea\/#primaryimage\",\"url\":\"https:\/\/marksandharrison.cwdevelop.com\/wp-content\/uploads\/2026\/03\/john-c-shea-new-bio-banner-1.jpg\",\"contentUrl\":\"https:\/\/marksandharrison.cwdevelop.com\/wp-content\/uploads\/2026\/03\/john-c-shea-new-bio-banner-1.jpg\",\"width\":680,\"height\":730},{\"@type\":\"BreadcrumbList\",\"@id\":\"https:\/\/marksandharrison.cwdevelop.com\/es\/nuestros-profesionales\/john-c-shea\/#breadcrumb\",\"itemListElement\":[{\"@type\":\"ListItem\",\"position\":1,\"name\":\"Inicio\",\"item\":\"https:\/\/marksandharrison.cwdevelop.com\/es\/\"},{\"@type\":\"ListItem\",\"position\":2,\"name\":\"Nuestros Abogados\",\"item\":\"https:\/\/marksandharrison.cwdevelop.com\/es\/nuestros-profesionales\/\"},{\"@type\":\"ListItem\",\"position\":3,\"name\":\"John C. Shea\"}]},{\"@type\":\"WebSite\",\"@id\":\"https:\/\/marksandharrison.cwdevelop.com\/es\/#website\",\"url\":\"https:\/\/marksandharrison.cwdevelop.com\/es\/\",\"name\":\"marksandharrison.cwdevelop.com Managed WordPress Site\",\"description\":\"\",\"potentialAction\":[{\"@type\":\"SearchAction\",\"target\":{\"@type\":\"EntryPoint\",\"urlTemplate\":\"https:\/\/marksandharrison.cwdevelop.com\/es\/?s={search_term_string}\"},\"query-input\":{\"@type\":\"PropertyValueSpecification\",\"valueRequired\":true,\"valueName\":\"search_term_string\"}}],\"inLanguage\":\"es\"}]}<\/script>\n<!-- \/ Yoast SEO plugin. -->","yoast_head_json":{"title":"John C. Shea | Marks & Harrison","description":"Conozca a John C. Shea, uno de los abogados de lesiones personales expertos de Marks & Harrison que le ayudar\u00e1 en su caso.","robots":{"index":"noindex","follow":"follow","max-snippet":"max-snippet:-1","max-image-preview":"max-image-preview:large","max-video-preview":"max-video-preview:-1"},"og_locale":"es_ES","og_type":"article","og_title":"John C. Shea | Marks & Harrison","og_description":"Conozca a John C. Shea, uno de los abogados de lesiones personales expertos de Marks & Harrison que le ayudar\u00e1 en su caso.","og_url":"https:\/\/marksandharrison.cwdevelop.com\/es\/nuestros-profesionales\/john-c-shea\/","og_site_name":"marksandharrison.cwdevelop.com Managed WordPress Site","article_modified_time":"2026-04-07T09:41:22+00:00","og_image":[{"width":680,"height":730,"url":"http:\/\/marksandharrison.cwdevelop.com\/wp-content\/uploads\/2026\/03\/john-c-shea-new-bio-banner-1.jpg","type":"image\/jpeg"}],"twitter_card":"summary_large_image","twitter_misc":{"Tiempo de lectura":"2 minutos"},"schema":{"@context":"https:\/\/schema.org","@graph":[{"@type":"WebPage","@id":"https:\/\/marksandharrison.cwdevelop.com\/es\/nuestros-profesionales\/john-c-shea\/","url":"https:\/\/marksandharrison.cwdevelop.com\/es\/nuestros-profesionales\/john-c-shea\/","name":"John C. Shea | Marks & Harrison","isPartOf":{"@id":"https:\/\/marksandharrison.cwdevelop.com\/es\/#website"},"primaryImageOfPage":{"@id":"https:\/\/marksandharrison.cwdevelop.com\/es\/nuestros-profesionales\/john-c-shea\/#primaryimage"},"image":{"@id":"https:\/\/marksandharrison.cwdevelop.com\/es\/nuestros-profesionales\/john-c-shea\/#primaryimage"},"thumbnailUrl":"https:\/\/marksandharrison.cwdevelop.com\/wp-content\/uploads\/2026\/03\/john-c-shea-new-bio-banner-1.jpg","datePublished":"2026-03-12T07:53:42+00:00","dateModified":"2026-04-07T09:41:22+00:00","description":"Conozca a John C. Shea, uno de los abogados de lesiones personales expertos de Marks & Harrison que le ayudar\u00e1 en su caso.","breadcrumb":{"@id":"https:\/\/marksandharrison.cwdevelop.com\/es\/nuestros-profesionales\/john-c-shea\/#breadcrumb"},"inLanguage":"es","potentialAction":[{"@type":"ReadAction","target":["https:\/\/marksandharrison.cwdevelop.com\/es\/nuestros-profesionales\/john-c-shea\/"]}]},{"@type":"ImageObject","inLanguage":"es","@id":"https:\/\/marksandharrison.cwdevelop.com\/es\/nuestros-profesionales\/john-c-shea\/#primaryimage","url":"https:\/\/marksandharrison.cwdevelop.com\/wp-content\/uploads\/2026\/03\/john-c-shea-new-bio-banner-1.jpg","contentUrl":"https:\/\/marksandharrison.cwdevelop.com\/wp-content\/uploads\/2026\/03\/john-c-shea-new-bio-banner-1.jpg","width":680,"height":730},{"@type":"BreadcrumbList","@id":"https:\/\/marksandharrison.cwdevelop.com\/es\/nuestros-profesionales\/john-c-shea\/#breadcrumb","itemListElement":[{"@type":"ListItem","position":1,"name":"Inicio","item":"https:\/\/marksandharrison.cwdevelop.com\/es\/"},{"@type":"ListItem","position":2,"name":"Nuestros Abogados","item":"https:\/\/marksandharrison.cwdevelop.com\/es\/nuestros-profesionales\/"},{"@type":"ListItem","position":3,"name":"John C. Shea"}]},{"@type":"WebSite","@id":"https:\/\/marksandharrison.cwdevelop.com\/es\/#website","url":"https:\/\/marksandharrison.cwdevelop.com\/es\/","name":"marksandharrison.cwdevelop.com Managed WordPress Site","description":"","potentialAction":[{"@type":"SearchAction","target":{"@type":"EntryPoint","urlTemplate":"https:\/\/marksandharrison.cwdevelop.com\/es\/?s={search_term_string}"},"query-input":{"@type":"PropertyValueSpecification","valueRequired":true,"valueName":"search_term_string"}}],"inLanguage":"es"}]}},"_links":{"self":[{"href":"https:\/\/marksandharrison.cwdevelop.com\/es\/wp-json\/wp\/v2\/pages\/922222","targetHints":{"allow":["GET"]}}],"collection":[{"href":"https:\/\/marksandharrison.cwdevelop.com\/es\/wp-json\/wp\/v2\/pages"}],"about":[{"href":"https:\/\/marksandharrison.cwdevelop.com\/es\/wp-json\/wp\/v2\/types\/page"}],"author":[{"embeddable":true,"href":"https:\/\/marksandharrison.cwdevelop.com\/es\/wp-json\/wp\/v2\/users\/6"}],"replies":[{"embeddable":true,"href":"https:\/\/marksandharrison.cwdevelop.com\/es\/wp-json\/wp\/v2\/comments?post=922222"}],"version-history":[{"count":0,"href":"https:\/\/marksandharrison.cwdevelop.com\/es\/wp-json\/wp\/v2\/pages\/922222\/revisions"}],"up":[{"embeddable":true,"href":"https:\/\/marksandharrison.cwdevelop.com\/es\/wp-json\/wp\/v2\/pages\/893352"}],"wp:featuredmedia":[{"embeddable":true,"href":"https:\/\/marksandharrison.cwdevelop.com\/es\/wp-json\/wp\/v2\/media\/937140"}],"wp:attachment":[{"href":"https:\/\/marksandharrison.cwdevelop.com\/es\/wp-json\/wp\/v2\/media?parent=922222"}],"curies":[{"name":"wp","href":"https:\/\/api.w.org\/{rel}","templated":true}]}}