{"id":922195,"date":"2026-03-12T07:44:41","date_gmt":"2026-03-12T07:44:41","guid":{"rendered":"https:\/\/marksandharrison.cwdevelop.com\/?page_id=922195"},"modified":"2026-03-20T10:21:09","modified_gmt":"2026-03-20T10:21:09","slug":"joel-r-mcclellan","status":"publish","type":"page","link":"https:\/\/marksandharrison.cwdevelop.com\/es\/nuestros-profesionales\/joel-r-mcclellan\/","title":{"rendered":"Joel R. McClellan"},"content":{"rendered":"<p>Joel McClellan es un defensor apasionado y comprometido con obtener los mejores resultados para sus clientes. Desde que ingres\u00f3 al equipo de Marks &amp; Harrison en 2013, ha representado con \u00e9xito a cientos de clientes tanto dentro como fuera de los tribunales. Su amplia experiencia en litigios civiles incluye numerosas victorias en juicios con jueces y jurados en toda Virginia. Actualmente, es socio y accionista de Marks &amp; Harrison.<\/p>\n<h2>L\u00edder con experiencia<\/h2>\n<p>El compromiso de Joel con la profesi\u00f3n legal se refleja en sus roles de liderazgo. Es ex presidente de Young Trial Lawyers en la Virginia Trial Lawyers Association (VTLA) y contin\u00faa sirviendo en su Junta de Gobernadores. Adem\u00e1s, es miembro de la Junta Directiva de la Asociaci\u00f3n de Abogados de Richmond y forma parte del Comit\u00e9 Ejecutivo de la Lewis F. Powell Inn of Court, donde es presidente de membres\u00eda.<\/p>\n<p>Tambi\u00e9n forma parte de la Junta Directiva de la Central Virginia Legal Aid Society (CVLAS), reflejando su dedicaci\u00f3n a garantizar el acceso a la justicia para todos.<\/p>\n<h2>Elegido por sus colegas<\/h2>\n<p>En 2022, Joel fue elegido por sus colegas para formar parte del Virginia State Bar Council, representando el 14\u00ba Circuito Judicial (Henrico). Este organismo de 81 miembros es responsable de representar a los abogados en todo el estado. Su elecci\u00f3n ocurri\u00f3 despu\u00e9s del nombramiento de la Honorable Marrisa D. Mitchell para el Tribunal de Relaciones Dom\u00e9sticas y de Menores de Henrico.<\/p>\n<h2>Formaci\u00f3n acad\u00e9mica y desarrollo profesional<\/h2>\n<p>Durante la facultad de derecho, Joel realiz\u00f3 una pasant\u00eda con la jueza M. Hannah Lauck en el Tribunal de Distrito de los Estados Unidos para el Distrito Este de Virginia. Tambi\u00e9n obtuvo experiencia pr\u00e1ctica mediando disputas civiles en la Cl\u00ednica de Mediaci\u00f3n de la Facultad de Derecho de Valpara\u00edso. Se gradu\u00f3 con honores, demostrando su compromiso con la excelencia desde el inicio de su carrera.<\/p>\n<h2>Fuera de la oficina<\/h2>\n<p>Cuando no est\u00e1 trabajando, Joel disfruta pasar tiempo con su esposa y sus dos hijos peque\u00f1os. Es un apasionado del golf y un gran aficionado a los deportes, animando a los Virginia Tech Hokies, Washington Nationals y Washington Commanders.<\/p>\n<h2>Casos \/ acuerdos \/ veredictos destacados<\/h2>\n<ul>\n<li>Responsabilidad de instalaciones. Fractura de cr\u00e1neo y lesi\u00f3n cerebral traum\u00e1tica: Acuerdo por $9 millones<\/li>\n<li>Uso excesivo de fuerza (Taser). Polic\u00eda utiliz\u00f3 un Taser en un hombre cubierto de gasolina: Acuerdo por $6.5 millones (Joel llev\u00f3 el caso al bufete)<\/li>\n<li>Accidente con conductor ebrio. Conductor ebrio sali\u00f3 de una tienda y choc\u00f3 contra el demandante: Veredicto de $1.35 millones<\/li>\n<li>Pasajero expulsado de un veh\u00edculo: Acuerdo por $330,000<\/li>\n<li>Cami\u00f3n de carga no respet\u00f3 una se\u00f1al de alto: Acuerdo en mediaci\u00f3n por $325,000<\/li>\n<li>Camioneta choc\u00f3 por detr\u00e1s contra el cliente: Acuerdo por $300,000<\/li>\n<li>Cami\u00f3n volquete no cedi\u00f3 el derecho de paso: Acuerdo por $240,000<\/li>\n<li>Trabajador del Servicio Postal de EE.UU. atropellado por un conductor negligente: Acuerdo por $225,000<\/li>\n<li>Empleado de DoorDash derribado por perros agresivos: Acuerdo por $225,000<\/li>\n<li>Peat\u00f3n atropellado mientras revisaba su correo: Acuerdo por $200,000<\/li>\n<\/ul>\n","protected":false},"excerpt":{"rendered":"<p>Joel McClellan es un defensor apasionado y comprometido con obtener los mejores resultados para sus clientes. Desde que ingres\u00f3 al equipo de Marks &amp; Harrison en 2013, ha representado con \u00e9xito a cientos de clientes tanto dentro como fuera de los tribunales. Su amplia experiencia en litigios civiles incluye numerosas victorias en juicios con jueces [&hellip;]<\/p>\n","protected":false},"author":6,"featured_media":922212,"parent":893352,"menu_order":19,"comment_status":"closed","ping_status":"closed","template":"attorney.php","meta":{"_acf_changed":false,"footnotes":""},"class_list":["post-922195","page","type-page","status-publish","has-post-thumbnail","hentry"],"acf":[],"yoast_head":"<!-- This site is optimized with the Yoast SEO plugin v27.1 - https:\/\/yoast.com\/product\/yoast-seo-wordpress\/ -->\n<title>Joel R. McClellan | Marks &amp; Harrison<\/title>\n<meta name=\"description\" content=\"Conozca a Joel R. McClellan, abogado de lesiones personales, socio en Marks &amp; Harrison y defensor comprometido con la justicia en Virginia.\" \/>\n<meta name=\"robots\" content=\"noindex, follow, max-snippet:-1, max-image-preview:large, max-video-preview:-1\" \/>\n<meta property=\"og:locale\" content=\"es_ES\" \/>\n<meta property=\"og:type\" content=\"article\" \/>\n<meta property=\"og:title\" content=\"Joel R. McClellan | Marks &amp; Harrison\" \/>\n<meta property=\"og:description\" content=\"Conozca a Joel R. McClellan, abogado de lesiones personales, socio en Marks &amp; Harrison y defensor comprometido con la justicia en Virginia.\" \/>\n<meta property=\"og:url\" content=\"https:\/\/marksandharrison.cwdevelop.com\/es\/nuestros-profesionales\/joel-r-mcclellan\/\" \/>\n<meta property=\"og:site_name\" content=\"marksandharrison.cwdevelop.com Managed WordPress Site\" \/>\n<meta property=\"article:modified_time\" content=\"2026-03-20T10:21:09+00:00\" \/>\n<meta property=\"og:image\" content=\"http:\/\/marksandharrison.cwdevelop.com\/wp-content\/uploads\/2026\/03\/joel-r-mcclellan-bio-banner.jpg\" \/>\n\t<meta property=\"og:image:width\" content=\"680\" \/>\n\t<meta property=\"og:image:height\" content=\"730\" \/>\n\t<meta property=\"og:image:type\" content=\"image\/jpeg\" \/>\n<meta name=\"twitter:card\" content=\"summary_large_image\" \/>\n<meta name=\"twitter:label1\" content=\"Tiempo de lectura\" \/>\n\t<meta name=\"twitter:data1\" content=\"3 minutos\" \/>\n<script type=\"application\/ld+json\" class=\"yoast-schema-graph\">{\"@context\":\"https:\/\/schema.org\",\"@graph\":[{\"@type\":\"WebPage\",\"@id\":\"https:\/\/marksandharrison.cwdevelop.com\/es\/nuestros-profesionales\/joel-r-mcclellan\/\",\"url\":\"https:\/\/marksandharrison.cwdevelop.com\/es\/nuestros-profesionales\/joel-r-mcclellan\/\",\"name\":\"Joel R. McClellan | Marks & Harrison\",\"isPartOf\":{\"@id\":\"https:\/\/marksandharrison.cwdevelop.com\/es\/#website\"},\"primaryImageOfPage\":{\"@id\":\"https:\/\/marksandharrison.cwdevelop.com\/es\/nuestros-profesionales\/joel-r-mcclellan\/#primaryimage\"},\"image\":{\"@id\":\"https:\/\/marksandharrison.cwdevelop.com\/es\/nuestros-profesionales\/joel-r-mcclellan\/#primaryimage\"},\"thumbnailUrl\":\"https:\/\/marksandharrison.cwdevelop.com\/wp-content\/uploads\/2026\/03\/joel-r-mcclellan-bio-banner.jpg\",\"datePublished\":\"2026-03-12T07:44:41+00:00\",\"dateModified\":\"2026-03-20T10:21:09+00:00\",\"description\":\"Conozca a Joel R. McClellan, abogado de lesiones personales, socio en Marks & Harrison y defensor comprometido con la justicia en Virginia.\",\"breadcrumb\":{\"@id\":\"https:\/\/marksandharrison.cwdevelop.com\/es\/nuestros-profesionales\/joel-r-mcclellan\/#breadcrumb\"},\"inLanguage\":\"es\",\"potentialAction\":[{\"@type\":\"ReadAction\",\"target\":[\"https:\/\/marksandharrison.cwdevelop.com\/es\/nuestros-profesionales\/joel-r-mcclellan\/\"]}]},{\"@type\":\"ImageObject\",\"inLanguage\":\"es\",\"@id\":\"https:\/\/marksandharrison.cwdevelop.com\/es\/nuestros-profesionales\/joel-r-mcclellan\/#primaryimage\",\"url\":\"https:\/\/marksandharrison.cwdevelop.com\/wp-content\/uploads\/2026\/03\/joel-r-mcclellan-bio-banner.jpg\",\"contentUrl\":\"https:\/\/marksandharrison.cwdevelop.com\/wp-content\/uploads\/2026\/03\/joel-r-mcclellan-bio-banner.jpg\",\"width\":680,\"height\":730},{\"@type\":\"BreadcrumbList\",\"@id\":\"https:\/\/marksandharrison.cwdevelop.com\/es\/nuestros-profesionales\/joel-r-mcclellan\/#breadcrumb\",\"itemListElement\":[{\"@type\":\"ListItem\",\"position\":1,\"name\":\"Inicio\",\"item\":\"https:\/\/marksandharrison.cwdevelop.com\/es\/\"},{\"@type\":\"ListItem\",\"position\":2,\"name\":\"Nuestros Abogados\",\"item\":\"https:\/\/marksandharrison.cwdevelop.com\/es\/nuestros-profesionales\/\"},{\"@type\":\"ListItem\",\"position\":3,\"name\":\"Joel R. McClellan\"}]},{\"@type\":\"WebSite\",\"@id\":\"https:\/\/marksandharrison.cwdevelop.com\/es\/#website\",\"url\":\"https:\/\/marksandharrison.cwdevelop.com\/es\/\",\"name\":\"marksandharrison.cwdevelop.com Managed WordPress Site\",\"description\":\"\",\"potentialAction\":[{\"@type\":\"SearchAction\",\"target\":{\"@type\":\"EntryPoint\",\"urlTemplate\":\"https:\/\/marksandharrison.cwdevelop.com\/es\/?s={search_term_string}\"},\"query-input\":{\"@type\":\"PropertyValueSpecification\",\"valueRequired\":true,\"valueName\":\"search_term_string\"}}],\"inLanguage\":\"es\"}]}<\/script>\n<!-- \/ Yoast SEO plugin. -->","yoast_head_json":{"title":"Joel R. McClellan | Marks & Harrison","description":"Conozca a Joel R. McClellan, abogado de lesiones personales, socio en Marks & Harrison y defensor comprometido con la justicia en Virginia.","robots":{"index":"noindex","follow":"follow","max-snippet":"max-snippet:-1","max-image-preview":"max-image-preview:large","max-video-preview":"max-video-preview:-1"},"og_locale":"es_ES","og_type":"article","og_title":"Joel R. McClellan | Marks & Harrison","og_description":"Conozca a Joel R. McClellan, abogado de lesiones personales, socio en Marks & Harrison y defensor comprometido con la justicia en Virginia.","og_url":"https:\/\/marksandharrison.cwdevelop.com\/es\/nuestros-profesionales\/joel-r-mcclellan\/","og_site_name":"marksandharrison.cwdevelop.com Managed WordPress Site","article_modified_time":"2026-03-20T10:21:09+00:00","og_image":[{"width":680,"height":730,"url":"http:\/\/marksandharrison.cwdevelop.com\/wp-content\/uploads\/2026\/03\/joel-r-mcclellan-bio-banner.jpg","type":"image\/jpeg"}],"twitter_card":"summary_large_image","twitter_misc":{"Tiempo de lectura":"3 minutos"},"schema":{"@context":"https:\/\/schema.org","@graph":[{"@type":"WebPage","@id":"https:\/\/marksandharrison.cwdevelop.com\/es\/nuestros-profesionales\/joel-r-mcclellan\/","url":"https:\/\/marksandharrison.cwdevelop.com\/es\/nuestros-profesionales\/joel-r-mcclellan\/","name":"Joel R. McClellan | Marks & Harrison","isPartOf":{"@id":"https:\/\/marksandharrison.cwdevelop.com\/es\/#website"},"primaryImageOfPage":{"@id":"https:\/\/marksandharrison.cwdevelop.com\/es\/nuestros-profesionales\/joel-r-mcclellan\/#primaryimage"},"image":{"@id":"https:\/\/marksandharrison.cwdevelop.com\/es\/nuestros-profesionales\/joel-r-mcclellan\/#primaryimage"},"thumbnailUrl":"https:\/\/marksandharrison.cwdevelop.com\/wp-content\/uploads\/2026\/03\/joel-r-mcclellan-bio-banner.jpg","datePublished":"2026-03-12T07:44:41+00:00","dateModified":"2026-03-20T10:21:09+00:00","description":"Conozca a Joel R. McClellan, abogado de lesiones personales, socio en Marks & Harrison y defensor comprometido con la justicia en Virginia.","breadcrumb":{"@id":"https:\/\/marksandharrison.cwdevelop.com\/es\/nuestros-profesionales\/joel-r-mcclellan\/#breadcrumb"},"inLanguage":"es","potentialAction":[{"@type":"ReadAction","target":["https:\/\/marksandharrison.cwdevelop.com\/es\/nuestros-profesionales\/joel-r-mcclellan\/"]}]},{"@type":"ImageObject","inLanguage":"es","@id":"https:\/\/marksandharrison.cwdevelop.com\/es\/nuestros-profesionales\/joel-r-mcclellan\/#primaryimage","url":"https:\/\/marksandharrison.cwdevelop.com\/wp-content\/uploads\/2026\/03\/joel-r-mcclellan-bio-banner.jpg","contentUrl":"https:\/\/marksandharrison.cwdevelop.com\/wp-content\/uploads\/2026\/03\/joel-r-mcclellan-bio-banner.jpg","width":680,"height":730},{"@type":"BreadcrumbList","@id":"https:\/\/marksandharrison.cwdevelop.com\/es\/nuestros-profesionales\/joel-r-mcclellan\/#breadcrumb","itemListElement":[{"@type":"ListItem","position":1,"name":"Inicio","item":"https:\/\/marksandharrison.cwdevelop.com\/es\/"},{"@type":"ListItem","position":2,"name":"Nuestros Abogados","item":"https:\/\/marksandharrison.cwdevelop.com\/es\/nuestros-profesionales\/"},{"@type":"ListItem","position":3,"name":"Joel R. McClellan"}]},{"@type":"WebSite","@id":"https:\/\/marksandharrison.cwdevelop.com\/es\/#website","url":"https:\/\/marksandharrison.cwdevelop.com\/es\/","name":"marksandharrison.cwdevelop.com Managed WordPress Site","description":"","potentialAction":[{"@type":"SearchAction","target":{"@type":"EntryPoint","urlTemplate":"https:\/\/marksandharrison.cwdevelop.com\/es\/?s={search_term_string}"},"query-input":{"@type":"PropertyValueSpecification","valueRequired":true,"valueName":"search_term_string"}}],"inLanguage":"es"}]}},"_links":{"self":[{"href":"https:\/\/marksandharrison.cwdevelop.com\/es\/wp-json\/wp\/v2\/pages\/922195","targetHints":{"allow":["GET"]}}],"collection":[{"href":"https:\/\/marksandharrison.cwdevelop.com\/es\/wp-json\/wp\/v2\/pages"}],"about":[{"href":"https:\/\/marksandharrison.cwdevelop.com\/es\/wp-json\/wp\/v2\/types\/page"}],"author":[{"embeddable":true,"href":"https:\/\/marksandharrison.cwdevelop.com\/es\/wp-json\/wp\/v2\/users\/6"}],"replies":[{"embeddable":true,"href":"https:\/\/marksandharrison.cwdevelop.com\/es\/wp-json\/wp\/v2\/comments?post=922195"}],"version-history":[{"count":0,"href":"https:\/\/marksandharrison.cwdevelop.com\/es\/wp-json\/wp\/v2\/pages\/922195\/revisions"}],"up":[{"embeddable":true,"href":"https:\/\/marksandharrison.cwdevelop.com\/es\/wp-json\/wp\/v2\/pages\/893352"}],"wp:featuredmedia":[{"embeddable":true,"href":"https:\/\/marksandharrison.cwdevelop.com\/es\/wp-json\/wp\/v2\/media\/922212"}],"wp:attachment":[{"href":"https:\/\/marksandharrison.cwdevelop.com\/es\/wp-json\/wp\/v2\/media?parent=922195"}],"curies":[{"name":"wp","href":"https:\/\/api.w.org\/{rel}","templated":true}]}}