{"id":922151,"date":"2026-03-12T07:32:43","date_gmt":"2026-03-12T07:32:43","guid":{"rendered":"https:\/\/marksandharrison.cwdevelop.com\/?page_id=922151"},"modified":"2026-03-20T10:20:39","modified_gmt":"2026-03-20T10:20:39","slug":"james-a-mccauley","status":"publish","type":"page","link":"https:\/\/marksandharrison.cwdevelop.com\/es\/nuestros-profesionales\/james-a-mccauley\/","title":{"rendered":"James A. McCauley"},"content":{"rendered":"<p>Jim centra su pr\u00e1ctica exclusivamente en la representaci\u00f3n de personas lesionadas.<\/p>\n<p>Despu\u00e9s de graduarse de la Universidad de Maryland, trabaj\u00f3 como escritor para el peri\u00f3dico Washington Star antes de obtener su t\u00edtulo en derecho en la Facultad de Derecho de la Universidad de Richmond. Actualmente, se desempe\u00f1a como Secretario del bufete.<\/p>\n<p>Durante los \u00faltimos 35 a\u00f1os, Jim ha estado profundamente comprometido con los servicios legales pro bono en la regi\u00f3n central de Virginia.<\/p>\n<p>Fue presidente de la Junta Directiva de\u00a0Southside Virginia Legal Services, donde sirvi\u00f3 durante 13 a\u00f1os. En 2001, se uni\u00f3 a la Junta Directiva de la\u00a0Central Virginia Legal Aid Society, desempe\u00f1ando dos mandatos como presidente y permaneciendo como miembro activo en la actualidad. Adem\u00e1s, entre 2009 y 2019, form\u00f3 parte de la Junta Directiva del\u00a0Legal Aid Justice Center.<\/p>\n<p>Jim tambi\u00e9n es miembro de la\u00a0Boyd-Graves Conference\u00a0y ha recibido la calificaci\u00f3n m\u00e1s alta otorgada por\u00a0Martindale-Hubbell.<\/p>\n","protected":false},"excerpt":{"rendered":"<p>Jim centra su pr\u00e1ctica exclusivamente en la representaci\u00f3n de personas lesionadas. Despu\u00e9s de graduarse de la Universidad de Maryland, trabaj\u00f3 como escritor para el peri\u00f3dico Washington Star antes de obtener su t\u00edtulo en derecho en la Facultad de Derecho de la Universidad de Richmond. Actualmente, se desempe\u00f1a como Secretario del bufete. Durante los \u00faltimos 35 [&hellip;]<\/p>\n","protected":false},"author":6,"featured_media":922159,"parent":893352,"menu_order":17,"comment_status":"closed","ping_status":"closed","template":"attorney.php","meta":{"_acf_changed":false,"footnotes":""},"class_list":["post-922151","page","type-page","status-publish","has-post-thumbnail","hentry"],"acf":[],"yoast_head":"<!-- This site is optimized with the Yoast SEO plugin v27.1 - https:\/\/yoast.com\/product\/yoast-seo-wordpress\/ -->\n<title>James A. McCauley: Abogado de lesiones personales | Marks &amp; Harrison<\/title>\n<meta name=\"description\" content=\"El abogado de lesiones personales James A. McCauley se encarga de representar a los lesionados ante la corte de justicia de Virginia. Cont\u00e1ctenos hoy mismo.\" \/>\n<meta name=\"robots\" content=\"noindex, follow, max-snippet:-1, max-image-preview:large, max-video-preview:-1\" \/>\n<meta property=\"og:locale\" content=\"es_ES\" \/>\n<meta property=\"og:type\" content=\"article\" \/>\n<meta property=\"og:title\" content=\"James A. McCauley: Abogado de lesiones personales | Marks &amp; Harrison\" \/>\n<meta property=\"og:description\" content=\"El abogado de lesiones personales James A. McCauley se encarga de representar a los lesionados ante la corte de justicia de Virginia. Cont\u00e1ctenos hoy mismo.\" \/>\n<meta property=\"og:url\" content=\"https:\/\/marksandharrison.cwdevelop.com\/es\/nuestros-profesionales\/james-a-mccauley\/\" \/>\n<meta property=\"og:site_name\" content=\"marksandharrison.cwdevelop.com Managed WordPress Site\" \/>\n<meta property=\"article:modified_time\" content=\"2026-03-20T10:20:39+00:00\" \/>\n<meta property=\"og:image\" content=\"http:\/\/marksandharrison.cwdevelop.com\/wp-content\/uploads\/2026\/03\/james-a-mccauley-bio-banner.jpg\" \/>\n\t<meta property=\"og:image:width\" content=\"680\" \/>\n\t<meta property=\"og:image:height\" content=\"730\" \/>\n\t<meta property=\"og:image:type\" content=\"image\/jpeg\" \/>\n<meta name=\"twitter:card\" content=\"summary_large_image\" \/>\n<meta name=\"twitter:label1\" content=\"Tiempo de lectura\" \/>\n\t<meta name=\"twitter:data1\" content=\"1 minuto\" \/>\n<script type=\"application\/ld+json\" class=\"yoast-schema-graph\">{\"@context\":\"https:\/\/schema.org\",\"@graph\":[{\"@type\":\"WebPage\",\"@id\":\"https:\/\/marksandharrison.cwdevelop.com\/es\/nuestros-profesionales\/james-a-mccauley\/\",\"url\":\"https:\/\/marksandharrison.cwdevelop.com\/es\/nuestros-profesionales\/james-a-mccauley\/\",\"name\":\"James A. McCauley: Abogado de lesiones personales | Marks & Harrison\",\"isPartOf\":{\"@id\":\"https:\/\/marksandharrison.cwdevelop.com\/es\/#website\"},\"primaryImageOfPage\":{\"@id\":\"https:\/\/marksandharrison.cwdevelop.com\/es\/nuestros-profesionales\/james-a-mccauley\/#primaryimage\"},\"image\":{\"@id\":\"https:\/\/marksandharrison.cwdevelop.com\/es\/nuestros-profesionales\/james-a-mccauley\/#primaryimage\"},\"thumbnailUrl\":\"https:\/\/marksandharrison.cwdevelop.com\/wp-content\/uploads\/2026\/03\/james-a-mccauley-bio-banner.jpg\",\"datePublished\":\"2026-03-12T07:32:43+00:00\",\"dateModified\":\"2026-03-20T10:20:39+00:00\",\"description\":\"El abogado de lesiones personales James A. McCauley se encarga de representar a los lesionados ante la corte de justicia de Virginia. Cont\u00e1ctenos hoy mismo.\",\"breadcrumb\":{\"@id\":\"https:\/\/marksandharrison.cwdevelop.com\/es\/nuestros-profesionales\/james-a-mccauley\/#breadcrumb\"},\"inLanguage\":\"es\",\"potentialAction\":[{\"@type\":\"ReadAction\",\"target\":[\"https:\/\/marksandharrison.cwdevelop.com\/es\/nuestros-profesionales\/james-a-mccauley\/\"]}]},{\"@type\":\"ImageObject\",\"inLanguage\":\"es\",\"@id\":\"https:\/\/marksandharrison.cwdevelop.com\/es\/nuestros-profesionales\/james-a-mccauley\/#primaryimage\",\"url\":\"https:\/\/marksandharrison.cwdevelop.com\/wp-content\/uploads\/2026\/03\/james-a-mccauley-bio-banner.jpg\",\"contentUrl\":\"https:\/\/marksandharrison.cwdevelop.com\/wp-content\/uploads\/2026\/03\/james-a-mccauley-bio-banner.jpg\",\"width\":680,\"height\":730},{\"@type\":\"BreadcrumbList\",\"@id\":\"https:\/\/marksandharrison.cwdevelop.com\/es\/nuestros-profesionales\/james-a-mccauley\/#breadcrumb\",\"itemListElement\":[{\"@type\":\"ListItem\",\"position\":1,\"name\":\"Inicio\",\"item\":\"https:\/\/marksandharrison.cwdevelop.com\/es\/\"},{\"@type\":\"ListItem\",\"position\":2,\"name\":\"Nuestros Abogados\",\"item\":\"https:\/\/marksandharrison.cwdevelop.com\/es\/nuestros-profesionales\/\"},{\"@type\":\"ListItem\",\"position\":3,\"name\":\"James A. McCauley\"}]},{\"@type\":\"WebSite\",\"@id\":\"https:\/\/marksandharrison.cwdevelop.com\/es\/#website\",\"url\":\"https:\/\/marksandharrison.cwdevelop.com\/es\/\",\"name\":\"marksandharrison.cwdevelop.com Managed WordPress Site\",\"description\":\"\",\"potentialAction\":[{\"@type\":\"SearchAction\",\"target\":{\"@type\":\"EntryPoint\",\"urlTemplate\":\"https:\/\/marksandharrison.cwdevelop.com\/es\/?s={search_term_string}\"},\"query-input\":{\"@type\":\"PropertyValueSpecification\",\"valueRequired\":true,\"valueName\":\"search_term_string\"}}],\"inLanguage\":\"es\"}]}<\/script>\n<!-- \/ Yoast SEO plugin. -->","yoast_head_json":{"title":"James A. McCauley: Abogado de lesiones personales | Marks & Harrison","description":"El abogado de lesiones personales James A. McCauley se encarga de representar a los lesionados ante la corte de justicia de Virginia. Cont\u00e1ctenos hoy mismo.","robots":{"index":"noindex","follow":"follow","max-snippet":"max-snippet:-1","max-image-preview":"max-image-preview:large","max-video-preview":"max-video-preview:-1"},"og_locale":"es_ES","og_type":"article","og_title":"James A. McCauley: Abogado de lesiones personales | Marks & Harrison","og_description":"El abogado de lesiones personales James A. McCauley se encarga de representar a los lesionados ante la corte de justicia de Virginia. Cont\u00e1ctenos hoy mismo.","og_url":"https:\/\/marksandharrison.cwdevelop.com\/es\/nuestros-profesionales\/james-a-mccauley\/","og_site_name":"marksandharrison.cwdevelop.com Managed WordPress Site","article_modified_time":"2026-03-20T10:20:39+00:00","og_image":[{"width":680,"height":730,"url":"http:\/\/marksandharrison.cwdevelop.com\/wp-content\/uploads\/2026\/03\/james-a-mccauley-bio-banner.jpg","type":"image\/jpeg"}],"twitter_card":"summary_large_image","twitter_misc":{"Tiempo de lectura":"1 minuto"},"schema":{"@context":"https:\/\/schema.org","@graph":[{"@type":"WebPage","@id":"https:\/\/marksandharrison.cwdevelop.com\/es\/nuestros-profesionales\/james-a-mccauley\/","url":"https:\/\/marksandharrison.cwdevelop.com\/es\/nuestros-profesionales\/james-a-mccauley\/","name":"James A. McCauley: Abogado de lesiones personales | Marks & Harrison","isPartOf":{"@id":"https:\/\/marksandharrison.cwdevelop.com\/es\/#website"},"primaryImageOfPage":{"@id":"https:\/\/marksandharrison.cwdevelop.com\/es\/nuestros-profesionales\/james-a-mccauley\/#primaryimage"},"image":{"@id":"https:\/\/marksandharrison.cwdevelop.com\/es\/nuestros-profesionales\/james-a-mccauley\/#primaryimage"},"thumbnailUrl":"https:\/\/marksandharrison.cwdevelop.com\/wp-content\/uploads\/2026\/03\/james-a-mccauley-bio-banner.jpg","datePublished":"2026-03-12T07:32:43+00:00","dateModified":"2026-03-20T10:20:39+00:00","description":"El abogado de lesiones personales James A. McCauley se encarga de representar a los lesionados ante la corte de justicia de Virginia. Cont\u00e1ctenos hoy mismo.","breadcrumb":{"@id":"https:\/\/marksandharrison.cwdevelop.com\/es\/nuestros-profesionales\/james-a-mccauley\/#breadcrumb"},"inLanguage":"es","potentialAction":[{"@type":"ReadAction","target":["https:\/\/marksandharrison.cwdevelop.com\/es\/nuestros-profesionales\/james-a-mccauley\/"]}]},{"@type":"ImageObject","inLanguage":"es","@id":"https:\/\/marksandharrison.cwdevelop.com\/es\/nuestros-profesionales\/james-a-mccauley\/#primaryimage","url":"https:\/\/marksandharrison.cwdevelop.com\/wp-content\/uploads\/2026\/03\/james-a-mccauley-bio-banner.jpg","contentUrl":"https:\/\/marksandharrison.cwdevelop.com\/wp-content\/uploads\/2026\/03\/james-a-mccauley-bio-banner.jpg","width":680,"height":730},{"@type":"BreadcrumbList","@id":"https:\/\/marksandharrison.cwdevelop.com\/es\/nuestros-profesionales\/james-a-mccauley\/#breadcrumb","itemListElement":[{"@type":"ListItem","position":1,"name":"Inicio","item":"https:\/\/marksandharrison.cwdevelop.com\/es\/"},{"@type":"ListItem","position":2,"name":"Nuestros Abogados","item":"https:\/\/marksandharrison.cwdevelop.com\/es\/nuestros-profesionales\/"},{"@type":"ListItem","position":3,"name":"James A. McCauley"}]},{"@type":"WebSite","@id":"https:\/\/marksandharrison.cwdevelop.com\/es\/#website","url":"https:\/\/marksandharrison.cwdevelop.com\/es\/","name":"marksandharrison.cwdevelop.com Managed WordPress Site","description":"","potentialAction":[{"@type":"SearchAction","target":{"@type":"EntryPoint","urlTemplate":"https:\/\/marksandharrison.cwdevelop.com\/es\/?s={search_term_string}"},"query-input":{"@type":"PropertyValueSpecification","valueRequired":true,"valueName":"search_term_string"}}],"inLanguage":"es"}]}},"_links":{"self":[{"href":"https:\/\/marksandharrison.cwdevelop.com\/es\/wp-json\/wp\/v2\/pages\/922151","targetHints":{"allow":["GET"]}}],"collection":[{"href":"https:\/\/marksandharrison.cwdevelop.com\/es\/wp-json\/wp\/v2\/pages"}],"about":[{"href":"https:\/\/marksandharrison.cwdevelop.com\/es\/wp-json\/wp\/v2\/types\/page"}],"author":[{"embeddable":true,"href":"https:\/\/marksandharrison.cwdevelop.com\/es\/wp-json\/wp\/v2\/users\/6"}],"replies":[{"embeddable":true,"href":"https:\/\/marksandharrison.cwdevelop.com\/es\/wp-json\/wp\/v2\/comments?post=922151"}],"version-history":[{"count":0,"href":"https:\/\/marksandharrison.cwdevelop.com\/es\/wp-json\/wp\/v2\/pages\/922151\/revisions"}],"up":[{"embeddable":true,"href":"https:\/\/marksandharrison.cwdevelop.com\/es\/wp-json\/wp\/v2\/pages\/893352"}],"wp:featuredmedia":[{"embeddable":true,"href":"https:\/\/marksandharrison.cwdevelop.com\/es\/wp-json\/wp\/v2\/media\/922159"}],"wp:attachment":[{"href":"https:\/\/marksandharrison.cwdevelop.com\/es\/wp-json\/wp\/v2\/media?parent=922151"}],"curies":[{"name":"wp","href":"https:\/\/api.w.org\/{rel}","templated":true}]}}