{"id":922102,"date":"2026-03-12T07:17:21","date_gmt":"2026-03-12T07:17:21","guid":{"rendered":"https:\/\/marksandharrison.cwdevelop.com\/?page_id=922102"},"modified":"2026-03-20T10:24:15","modified_gmt":"2026-03-20T10:24:15","slug":"heidi-m-wolff-stanton","status":"publish","type":"page","link":"https:\/\/marksandharrison.cwdevelop.com\/es\/nuestros-profesionales\/heidi-m-wolff-stanton\/","title":{"rendered":"Heidi M. Wolff-Stanton"},"content":{"rendered":"<p>Heidi M. Wolff-Stanton es una abogada de Marks &amp; Harrison, con licencia para ejercer tanto en Maryland como en el Distrito de Columbia. Obtuvo su Doctorado en Derecho en la Facultad de Derecho de la Universidad de Kansas, donde recibi\u00f3 un Certificado de Habilidades de Abogac\u00eda y Distinci\u00f3n Honor\u00edfica Pro Bono.<\/p>\n<p>A lo largo de su carrera, ha gestionado una amplia gama de casos de lesiones personales, representando a sus clientes con dedicaci\u00f3n desde la admisi\u00f3n hasta la resoluci\u00f3n, ya sea mediante acuerdo o juicio.. Su experiencia tanto en litigios como en defensa del cliente la convierten en un importante recurso para el equipo de Marks &amp; Harrison.<\/p>\n","protected":false},"excerpt":{"rendered":"<p>Heidi M. Wolff-Stanton es una abogada de Marks &amp; Harrison, con licencia para ejercer tanto en Maryland como en el Distrito de Columbia. Obtuvo su Doctorado en Derecho en la Facultad de Derecho de la Universidad de Kansas, donde recibi\u00f3 un Certificado de Habilidades de Abogac\u00eda y Distinci\u00f3n Honor\u00edfica Pro Bono. A lo largo de [&hellip;]<\/p>\n","protected":false},"author":6,"featured_media":922115,"parent":893352,"menu_order":15,"comment_status":"closed","ping_status":"closed","template":"attorney.php","meta":{"_acf_changed":false,"footnotes":""},"class_list":["post-922102","page","type-page","status-publish","has-post-thumbnail","hentry"],"acf":[],"yoast_head":"<!-- This site is optimized with the Yoast SEO plugin v27.1 - https:\/\/yoast.com\/product\/yoast-seo-wordpress\/ -->\n<title>Heidi M. Wolff-Stanton | Marks &amp; Harrison<\/title>\n<meta name=\"description\" content=\"Heidi M. Wolff-Stanton es una abogada con experiencia. Conozca su formaci\u00f3n acad\u00e9mica, habilidades y su compromiso al representarlo.\" \/>\n<meta name=\"robots\" content=\"noindex, follow, max-snippet:-1, max-image-preview:large, max-video-preview:-1\" \/>\n<meta property=\"og:locale\" content=\"es_ES\" \/>\n<meta property=\"og:type\" content=\"article\" \/>\n<meta property=\"og:title\" content=\"Heidi M. Wolff-Stanton | Marks &amp; Harrison\" \/>\n<meta property=\"og:description\" content=\"Heidi M. Wolff-Stanton es una abogada con experiencia. Conozca su formaci\u00f3n acad\u00e9mica, habilidades y su compromiso al representarlo.\" \/>\n<meta property=\"og:url\" content=\"https:\/\/marksandharrison.cwdevelop.com\/es\/nuestros-profesionales\/heidi-m-wolff-stanton\/\" \/>\n<meta property=\"og:site_name\" content=\"marksandharrison.cwdevelop.com Managed WordPress Site\" \/>\n<meta property=\"article:modified_time\" content=\"2026-03-20T10:24:15+00:00\" \/>\n<meta property=\"og:image\" content=\"http:\/\/marksandharrison.cwdevelop.com\/wp-content\/uploads\/2026\/03\/heidi-m-wolff-stanton-bio-banner.jpg\" \/>\n\t<meta property=\"og:image:width\" content=\"680\" \/>\n\t<meta property=\"og:image:height\" content=\"730\" \/>\n\t<meta property=\"og:image:type\" content=\"image\/jpeg\" \/>\n<meta name=\"twitter:card\" content=\"summary_large_image\" \/>\n<meta name=\"twitter:label1\" content=\"Tiempo de lectura\" \/>\n\t<meta name=\"twitter:data1\" content=\"1 minuto\" \/>\n<script type=\"application\/ld+json\" class=\"yoast-schema-graph\">{\"@context\":\"https:\/\/schema.org\",\"@graph\":[{\"@type\":\"WebPage\",\"@id\":\"https:\/\/marksandharrison.cwdevelop.com\/es\/nuestros-profesionales\/heidi-m-wolff-stanton\/\",\"url\":\"https:\/\/marksandharrison.cwdevelop.com\/es\/nuestros-profesionales\/heidi-m-wolff-stanton\/\",\"name\":\"Heidi M. Wolff-Stanton | Marks & Harrison\",\"isPartOf\":{\"@id\":\"https:\/\/marksandharrison.cwdevelop.com\/es\/#website\"},\"primaryImageOfPage\":{\"@id\":\"https:\/\/marksandharrison.cwdevelop.com\/es\/nuestros-profesionales\/heidi-m-wolff-stanton\/#primaryimage\"},\"image\":{\"@id\":\"https:\/\/marksandharrison.cwdevelop.com\/es\/nuestros-profesionales\/heidi-m-wolff-stanton\/#primaryimage\"},\"thumbnailUrl\":\"https:\/\/marksandharrison.cwdevelop.com\/wp-content\/uploads\/2026\/03\/heidi-m-wolff-stanton-bio-banner.jpg\",\"datePublished\":\"2026-03-12T07:17:21+00:00\",\"dateModified\":\"2026-03-20T10:24:15+00:00\",\"description\":\"Heidi M. Wolff-Stanton es una abogada con experiencia. Conozca su formaci\u00f3n acad\u00e9mica, habilidades y su compromiso al representarlo.\",\"breadcrumb\":{\"@id\":\"https:\/\/marksandharrison.cwdevelop.com\/es\/nuestros-profesionales\/heidi-m-wolff-stanton\/#breadcrumb\"},\"inLanguage\":\"es\",\"potentialAction\":[{\"@type\":\"ReadAction\",\"target\":[\"https:\/\/marksandharrison.cwdevelop.com\/es\/nuestros-profesionales\/heidi-m-wolff-stanton\/\"]}]},{\"@type\":\"ImageObject\",\"inLanguage\":\"es\",\"@id\":\"https:\/\/marksandharrison.cwdevelop.com\/es\/nuestros-profesionales\/heidi-m-wolff-stanton\/#primaryimage\",\"url\":\"https:\/\/marksandharrison.cwdevelop.com\/wp-content\/uploads\/2026\/03\/heidi-m-wolff-stanton-bio-banner.jpg\",\"contentUrl\":\"https:\/\/marksandharrison.cwdevelop.com\/wp-content\/uploads\/2026\/03\/heidi-m-wolff-stanton-bio-banner.jpg\",\"width\":680,\"height\":730},{\"@type\":\"BreadcrumbList\",\"@id\":\"https:\/\/marksandharrison.cwdevelop.com\/es\/nuestros-profesionales\/heidi-m-wolff-stanton\/#breadcrumb\",\"itemListElement\":[{\"@type\":\"ListItem\",\"position\":1,\"name\":\"Inicio\",\"item\":\"https:\/\/marksandharrison.cwdevelop.com\/es\/\"},{\"@type\":\"ListItem\",\"position\":2,\"name\":\"Nuestros Abogados\",\"item\":\"https:\/\/marksandharrison.cwdevelop.com\/es\/nuestros-profesionales\/\"},{\"@type\":\"ListItem\",\"position\":3,\"name\":\"Heidi M. Wolff-Stanton\"}]},{\"@type\":\"WebSite\",\"@id\":\"https:\/\/marksandharrison.cwdevelop.com\/es\/#website\",\"url\":\"https:\/\/marksandharrison.cwdevelop.com\/es\/\",\"name\":\"marksandharrison.cwdevelop.com Managed WordPress Site\",\"description\":\"\",\"potentialAction\":[{\"@type\":\"SearchAction\",\"target\":{\"@type\":\"EntryPoint\",\"urlTemplate\":\"https:\/\/marksandharrison.cwdevelop.com\/es\/?s={search_term_string}\"},\"query-input\":{\"@type\":\"PropertyValueSpecification\",\"valueRequired\":true,\"valueName\":\"search_term_string\"}}],\"inLanguage\":\"es\"}]}<\/script>\n<!-- \/ Yoast SEO plugin. -->","yoast_head_json":{"title":"Heidi M. Wolff-Stanton | Marks & Harrison","description":"Heidi M. Wolff-Stanton es una abogada con experiencia. Conozca su formaci\u00f3n acad\u00e9mica, habilidades y su compromiso al representarlo.","robots":{"index":"noindex","follow":"follow","max-snippet":"max-snippet:-1","max-image-preview":"max-image-preview:large","max-video-preview":"max-video-preview:-1"},"og_locale":"es_ES","og_type":"article","og_title":"Heidi M. Wolff-Stanton | Marks & Harrison","og_description":"Heidi M. Wolff-Stanton es una abogada con experiencia. Conozca su formaci\u00f3n acad\u00e9mica, habilidades y su compromiso al representarlo.","og_url":"https:\/\/marksandharrison.cwdevelop.com\/es\/nuestros-profesionales\/heidi-m-wolff-stanton\/","og_site_name":"marksandharrison.cwdevelop.com Managed WordPress Site","article_modified_time":"2026-03-20T10:24:15+00:00","og_image":[{"width":680,"height":730,"url":"http:\/\/marksandharrison.cwdevelop.com\/wp-content\/uploads\/2026\/03\/heidi-m-wolff-stanton-bio-banner.jpg","type":"image\/jpeg"}],"twitter_card":"summary_large_image","twitter_misc":{"Tiempo de lectura":"1 minuto"},"schema":{"@context":"https:\/\/schema.org","@graph":[{"@type":"WebPage","@id":"https:\/\/marksandharrison.cwdevelop.com\/es\/nuestros-profesionales\/heidi-m-wolff-stanton\/","url":"https:\/\/marksandharrison.cwdevelop.com\/es\/nuestros-profesionales\/heidi-m-wolff-stanton\/","name":"Heidi M. Wolff-Stanton | Marks & Harrison","isPartOf":{"@id":"https:\/\/marksandharrison.cwdevelop.com\/es\/#website"},"primaryImageOfPage":{"@id":"https:\/\/marksandharrison.cwdevelop.com\/es\/nuestros-profesionales\/heidi-m-wolff-stanton\/#primaryimage"},"image":{"@id":"https:\/\/marksandharrison.cwdevelop.com\/es\/nuestros-profesionales\/heidi-m-wolff-stanton\/#primaryimage"},"thumbnailUrl":"https:\/\/marksandharrison.cwdevelop.com\/wp-content\/uploads\/2026\/03\/heidi-m-wolff-stanton-bio-banner.jpg","datePublished":"2026-03-12T07:17:21+00:00","dateModified":"2026-03-20T10:24:15+00:00","description":"Heidi M. Wolff-Stanton es una abogada con experiencia. Conozca su formaci\u00f3n acad\u00e9mica, habilidades y su compromiso al representarlo.","breadcrumb":{"@id":"https:\/\/marksandharrison.cwdevelop.com\/es\/nuestros-profesionales\/heidi-m-wolff-stanton\/#breadcrumb"},"inLanguage":"es","potentialAction":[{"@type":"ReadAction","target":["https:\/\/marksandharrison.cwdevelop.com\/es\/nuestros-profesionales\/heidi-m-wolff-stanton\/"]}]},{"@type":"ImageObject","inLanguage":"es","@id":"https:\/\/marksandharrison.cwdevelop.com\/es\/nuestros-profesionales\/heidi-m-wolff-stanton\/#primaryimage","url":"https:\/\/marksandharrison.cwdevelop.com\/wp-content\/uploads\/2026\/03\/heidi-m-wolff-stanton-bio-banner.jpg","contentUrl":"https:\/\/marksandharrison.cwdevelop.com\/wp-content\/uploads\/2026\/03\/heidi-m-wolff-stanton-bio-banner.jpg","width":680,"height":730},{"@type":"BreadcrumbList","@id":"https:\/\/marksandharrison.cwdevelop.com\/es\/nuestros-profesionales\/heidi-m-wolff-stanton\/#breadcrumb","itemListElement":[{"@type":"ListItem","position":1,"name":"Inicio","item":"https:\/\/marksandharrison.cwdevelop.com\/es\/"},{"@type":"ListItem","position":2,"name":"Nuestros Abogados","item":"https:\/\/marksandharrison.cwdevelop.com\/es\/nuestros-profesionales\/"},{"@type":"ListItem","position":3,"name":"Heidi M. Wolff-Stanton"}]},{"@type":"WebSite","@id":"https:\/\/marksandharrison.cwdevelop.com\/es\/#website","url":"https:\/\/marksandharrison.cwdevelop.com\/es\/","name":"marksandharrison.cwdevelop.com Managed WordPress Site","description":"","potentialAction":[{"@type":"SearchAction","target":{"@type":"EntryPoint","urlTemplate":"https:\/\/marksandharrison.cwdevelop.com\/es\/?s={search_term_string}"},"query-input":{"@type":"PropertyValueSpecification","valueRequired":true,"valueName":"search_term_string"}}],"inLanguage":"es"}]}},"_links":{"self":[{"href":"https:\/\/marksandharrison.cwdevelop.com\/es\/wp-json\/wp\/v2\/pages\/922102","targetHints":{"allow":["GET"]}}],"collection":[{"href":"https:\/\/marksandharrison.cwdevelop.com\/es\/wp-json\/wp\/v2\/pages"}],"about":[{"href":"https:\/\/marksandharrison.cwdevelop.com\/es\/wp-json\/wp\/v2\/types\/page"}],"author":[{"embeddable":true,"href":"https:\/\/marksandharrison.cwdevelop.com\/es\/wp-json\/wp\/v2\/users\/6"}],"replies":[{"embeddable":true,"href":"https:\/\/marksandharrison.cwdevelop.com\/es\/wp-json\/wp\/v2\/comments?post=922102"}],"version-history":[{"count":0,"href":"https:\/\/marksandharrison.cwdevelop.com\/es\/wp-json\/wp\/v2\/pages\/922102\/revisions"}],"up":[{"embeddable":true,"href":"https:\/\/marksandharrison.cwdevelop.com\/es\/wp-json\/wp\/v2\/pages\/893352"}],"wp:featuredmedia":[{"embeddable":true,"href":"https:\/\/marksandharrison.cwdevelop.com\/es\/wp-json\/wp\/v2\/media\/922115"}],"wp:attachment":[{"href":"https:\/\/marksandharrison.cwdevelop.com\/es\/wp-json\/wp\/v2\/media?parent=922102"}],"curies":[{"name":"wp","href":"https:\/\/api.w.org\/{rel}","templated":true}]}}