{"id":922070,"date":"2026-03-12T07:07:56","date_gmt":"2026-03-12T07:07:56","guid":{"rendered":"https:\/\/marksandharrison.cwdevelop.com\/?page_id=922070"},"modified":"2026-04-07T08:59:17","modified_gmt":"2026-04-07T08:59:17","slug":"gregory-s-hooe","status":"publish","type":"page","link":"https:\/\/marksandharrison.cwdevelop.com\/es\/nuestros-profesionales\/gregory-s-hooe\/","title":{"rendered":"Gregory S. Hooe"},"content":{"rendered":"<p>Gregory S. Hooe se gradu\u00f3 de la Universidad de Virginia. Obtuvo su t\u00edtulo de abogado en la Universidad de Richmond y fue admitido en el Colegio de Abogados del Estado de Virginia. Antes de ingresar a un despacho privado, Greg trabaj\u00f3 como Asistente Jur\u00eddico del Abogado Jefe de la Corte Suprema de Virginia. En 1981, se desempe\u00f1\u00f3 como Asistente Jur\u00eddico personal del Honorable Albertis S. Harrison, Jr., juez de la Corte Suprema de Virginia.<\/p>\n<p>Desde que ingres\u00f3 a un despacho privado en 1982, Greg ha ejercido como abogado litigante en materia civil, enfoc\u00e1ndose en lesiones personales desde 1986. Ha representado tanto a demandantes como a demandados en numerosos juicios con jurado y obtuvo un fallo de $1,119,000 a favor del demandante en un caso de homicidio culposo en la Corte de Circuito del Condado de Southampton. Adem\u00e1s, ha presentado argumentos ante el Tribunal de Apelaciones del Cuarto Circuito de los Estados Unidos y la Corte Suprema de Virginia. Actualmente, se desempe\u00f1a como socio principal de la firma.<\/p>\n<p>Entre sus opiniones publicadas se incluyen Hot Shot Express, Inc. et al v. Hattie E. Brooks, 264 Va. 126 (2002), Betty J. Via v. City of Richmond, 235 Va 16 (1988) y Marine Development Corporation v. Rodak, 225 Va. 137 (1983).<\/p>\n","protected":false},"excerpt":{"rendered":"<p>Greg es un abogado litigante civil y socio principal de nuestra firma. Se ha dedicado principalmente a casos de lesiones personales durante casi 40 a\u00f1os, con numerosos juicios con jurado y comparecencias ante tribunales de apelaci\u00f3n estatales y federales.<\/p>\n","protected":false},"author":6,"featured_media":922083,"parent":893352,"menu_order":14,"comment_status":"closed","ping_status":"closed","template":"attorney.php","meta":{"_acf_changed":false,"footnotes":""},"class_list":["post-922070","page","type-page","status-publish","has-post-thumbnail","hentry"],"acf":[],"yoast_head":"<!-- This site is optimized with the Yoast SEO plugin v27.1 - https:\/\/yoast.com\/product\/yoast-seo-wordpress\/ -->\n<title>Gregory S. Hooe | Marks &amp; Harrison<\/title>\n<meta name=\"description\" content=\"Conozca a Gregory S. Hooe, abogado de lesiones personales en Marks &amp; Harrison con d\u00e9cadas de experiencia en litigios civiles y juicios con jurado.\" \/>\n<meta name=\"robots\" content=\"noindex, follow, max-snippet:-1, max-image-preview:large, max-video-preview:-1\" \/>\n<meta property=\"og:locale\" content=\"es_ES\" \/>\n<meta property=\"og:type\" content=\"article\" \/>\n<meta property=\"og:title\" content=\"Gregory S. Hooe | Marks &amp; Harrison\" \/>\n<meta property=\"og:description\" content=\"Conozca a Gregory S. Hooe, abogado de lesiones personales en Marks &amp; Harrison con d\u00e9cadas de experiencia en litigios civiles y juicios con jurado.\" \/>\n<meta property=\"og:url\" content=\"https:\/\/marksandharrison.cwdevelop.com\/es\/nuestros-profesionales\/gregory-s-hooe\/\" \/>\n<meta property=\"og:site_name\" content=\"marksandharrison.cwdevelop.com Managed WordPress Site\" \/>\n<meta property=\"article:modified_time\" content=\"2026-04-07T08:59:17+00:00\" \/>\n<meta property=\"og:image\" content=\"http:\/\/marksandharrison.cwdevelop.com\/wp-content\/uploads\/2026\/03\/gregory-s-hooe-bio-banner.jpg\" \/>\n\t<meta property=\"og:image:width\" content=\"680\" \/>\n\t<meta property=\"og:image:height\" content=\"730\" \/>\n\t<meta property=\"og:image:type\" content=\"image\/jpeg\" \/>\n<meta name=\"twitter:card\" content=\"summary_large_image\" \/>\n<meta name=\"twitter:label1\" content=\"Tiempo de lectura\" \/>\n\t<meta name=\"twitter:data1\" content=\"2 minutos\" \/>\n<script type=\"application\/ld+json\" class=\"yoast-schema-graph\">{\"@context\":\"https:\/\/schema.org\",\"@graph\":[{\"@type\":\"WebPage\",\"@id\":\"https:\/\/marksandharrison.cwdevelop.com\/es\/nuestros-profesionales\/gregory-s-hooe\/\",\"url\":\"https:\/\/marksandharrison.cwdevelop.com\/es\/nuestros-profesionales\/gregory-s-hooe\/\",\"name\":\"Gregory S. Hooe | Marks & Harrison\",\"isPartOf\":{\"@id\":\"https:\/\/marksandharrison.cwdevelop.com\/es\/#website\"},\"primaryImageOfPage\":{\"@id\":\"https:\/\/marksandharrison.cwdevelop.com\/es\/nuestros-profesionales\/gregory-s-hooe\/#primaryimage\"},\"image\":{\"@id\":\"https:\/\/marksandharrison.cwdevelop.com\/es\/nuestros-profesionales\/gregory-s-hooe\/#primaryimage\"},\"thumbnailUrl\":\"https:\/\/marksandharrison.cwdevelop.com\/wp-content\/uploads\/2026\/03\/gregory-s-hooe-bio-banner.jpg\",\"datePublished\":\"2026-03-12T07:07:56+00:00\",\"dateModified\":\"2026-04-07T08:59:17+00:00\",\"description\":\"Conozca a Gregory S. Hooe, abogado de lesiones personales en Marks & Harrison con d\u00e9cadas de experiencia en litigios civiles y juicios con jurado.\",\"breadcrumb\":{\"@id\":\"https:\/\/marksandharrison.cwdevelop.com\/es\/nuestros-profesionales\/gregory-s-hooe\/#breadcrumb\"},\"inLanguage\":\"es\",\"potentialAction\":[{\"@type\":\"ReadAction\",\"target\":[\"https:\/\/marksandharrison.cwdevelop.com\/es\/nuestros-profesionales\/gregory-s-hooe\/\"]}]},{\"@type\":\"ImageObject\",\"inLanguage\":\"es\",\"@id\":\"https:\/\/marksandharrison.cwdevelop.com\/es\/nuestros-profesionales\/gregory-s-hooe\/#primaryimage\",\"url\":\"https:\/\/marksandharrison.cwdevelop.com\/wp-content\/uploads\/2026\/03\/gregory-s-hooe-bio-banner.jpg\",\"contentUrl\":\"https:\/\/marksandharrison.cwdevelop.com\/wp-content\/uploads\/2026\/03\/gregory-s-hooe-bio-banner.jpg\",\"width\":680,\"height\":730},{\"@type\":\"BreadcrumbList\",\"@id\":\"https:\/\/marksandharrison.cwdevelop.com\/es\/nuestros-profesionales\/gregory-s-hooe\/#breadcrumb\",\"itemListElement\":[{\"@type\":\"ListItem\",\"position\":1,\"name\":\"Inicio\",\"item\":\"https:\/\/marksandharrison.cwdevelop.com\/es\/\"},{\"@type\":\"ListItem\",\"position\":2,\"name\":\"Nuestros Abogados\",\"item\":\"https:\/\/marksandharrison.cwdevelop.com\/es\/nuestros-profesionales\/\"},{\"@type\":\"ListItem\",\"position\":3,\"name\":\"Gregory S. Hooe\"}]},{\"@type\":\"WebSite\",\"@id\":\"https:\/\/marksandharrison.cwdevelop.com\/es\/#website\",\"url\":\"https:\/\/marksandharrison.cwdevelop.com\/es\/\",\"name\":\"marksandharrison.cwdevelop.com Managed WordPress Site\",\"description\":\"\",\"potentialAction\":[{\"@type\":\"SearchAction\",\"target\":{\"@type\":\"EntryPoint\",\"urlTemplate\":\"https:\/\/marksandharrison.cwdevelop.com\/es\/?s={search_term_string}\"},\"query-input\":{\"@type\":\"PropertyValueSpecification\",\"valueRequired\":true,\"valueName\":\"search_term_string\"}}],\"inLanguage\":\"es\"}]}<\/script>\n<!-- \/ Yoast SEO plugin. -->","yoast_head_json":{"title":"Gregory S. Hooe | Marks & Harrison","description":"Conozca a Gregory S. Hooe, abogado de lesiones personales en Marks & Harrison con d\u00e9cadas de experiencia en litigios civiles y juicios con jurado.","robots":{"index":"noindex","follow":"follow","max-snippet":"max-snippet:-1","max-image-preview":"max-image-preview:large","max-video-preview":"max-video-preview:-1"},"og_locale":"es_ES","og_type":"article","og_title":"Gregory S. Hooe | Marks & Harrison","og_description":"Conozca a Gregory S. Hooe, abogado de lesiones personales en Marks & Harrison con d\u00e9cadas de experiencia en litigios civiles y juicios con jurado.","og_url":"https:\/\/marksandharrison.cwdevelop.com\/es\/nuestros-profesionales\/gregory-s-hooe\/","og_site_name":"marksandharrison.cwdevelop.com Managed WordPress Site","article_modified_time":"2026-04-07T08:59:17+00:00","og_image":[{"width":680,"height":730,"url":"http:\/\/marksandharrison.cwdevelop.com\/wp-content\/uploads\/2026\/03\/gregory-s-hooe-bio-banner.jpg","type":"image\/jpeg"}],"twitter_card":"summary_large_image","twitter_misc":{"Tiempo de lectura":"2 minutos"},"schema":{"@context":"https:\/\/schema.org","@graph":[{"@type":"WebPage","@id":"https:\/\/marksandharrison.cwdevelop.com\/es\/nuestros-profesionales\/gregory-s-hooe\/","url":"https:\/\/marksandharrison.cwdevelop.com\/es\/nuestros-profesionales\/gregory-s-hooe\/","name":"Gregory S. Hooe | Marks & Harrison","isPartOf":{"@id":"https:\/\/marksandharrison.cwdevelop.com\/es\/#website"},"primaryImageOfPage":{"@id":"https:\/\/marksandharrison.cwdevelop.com\/es\/nuestros-profesionales\/gregory-s-hooe\/#primaryimage"},"image":{"@id":"https:\/\/marksandharrison.cwdevelop.com\/es\/nuestros-profesionales\/gregory-s-hooe\/#primaryimage"},"thumbnailUrl":"https:\/\/marksandharrison.cwdevelop.com\/wp-content\/uploads\/2026\/03\/gregory-s-hooe-bio-banner.jpg","datePublished":"2026-03-12T07:07:56+00:00","dateModified":"2026-04-07T08:59:17+00:00","description":"Conozca a Gregory S. Hooe, abogado de lesiones personales en Marks & Harrison con d\u00e9cadas de experiencia en litigios civiles y juicios con jurado.","breadcrumb":{"@id":"https:\/\/marksandharrison.cwdevelop.com\/es\/nuestros-profesionales\/gregory-s-hooe\/#breadcrumb"},"inLanguage":"es","potentialAction":[{"@type":"ReadAction","target":["https:\/\/marksandharrison.cwdevelop.com\/es\/nuestros-profesionales\/gregory-s-hooe\/"]}]},{"@type":"ImageObject","inLanguage":"es","@id":"https:\/\/marksandharrison.cwdevelop.com\/es\/nuestros-profesionales\/gregory-s-hooe\/#primaryimage","url":"https:\/\/marksandharrison.cwdevelop.com\/wp-content\/uploads\/2026\/03\/gregory-s-hooe-bio-banner.jpg","contentUrl":"https:\/\/marksandharrison.cwdevelop.com\/wp-content\/uploads\/2026\/03\/gregory-s-hooe-bio-banner.jpg","width":680,"height":730},{"@type":"BreadcrumbList","@id":"https:\/\/marksandharrison.cwdevelop.com\/es\/nuestros-profesionales\/gregory-s-hooe\/#breadcrumb","itemListElement":[{"@type":"ListItem","position":1,"name":"Inicio","item":"https:\/\/marksandharrison.cwdevelop.com\/es\/"},{"@type":"ListItem","position":2,"name":"Nuestros Abogados","item":"https:\/\/marksandharrison.cwdevelop.com\/es\/nuestros-profesionales\/"},{"@type":"ListItem","position":3,"name":"Gregory S. Hooe"}]},{"@type":"WebSite","@id":"https:\/\/marksandharrison.cwdevelop.com\/es\/#website","url":"https:\/\/marksandharrison.cwdevelop.com\/es\/","name":"marksandharrison.cwdevelop.com Managed WordPress Site","description":"","potentialAction":[{"@type":"SearchAction","target":{"@type":"EntryPoint","urlTemplate":"https:\/\/marksandharrison.cwdevelop.com\/es\/?s={search_term_string}"},"query-input":{"@type":"PropertyValueSpecification","valueRequired":true,"valueName":"search_term_string"}}],"inLanguage":"es"}]}},"_links":{"self":[{"href":"https:\/\/marksandharrison.cwdevelop.com\/es\/wp-json\/wp\/v2\/pages\/922070","targetHints":{"allow":["GET"]}}],"collection":[{"href":"https:\/\/marksandharrison.cwdevelop.com\/es\/wp-json\/wp\/v2\/pages"}],"about":[{"href":"https:\/\/marksandharrison.cwdevelop.com\/es\/wp-json\/wp\/v2\/types\/page"}],"author":[{"embeddable":true,"href":"https:\/\/marksandharrison.cwdevelop.com\/es\/wp-json\/wp\/v2\/users\/6"}],"replies":[{"embeddable":true,"href":"https:\/\/marksandharrison.cwdevelop.com\/es\/wp-json\/wp\/v2\/comments?post=922070"}],"version-history":[{"count":0,"href":"https:\/\/marksandharrison.cwdevelop.com\/es\/wp-json\/wp\/v2\/pages\/922070\/revisions"}],"up":[{"embeddable":true,"href":"https:\/\/marksandharrison.cwdevelop.com\/es\/wp-json\/wp\/v2\/pages\/893352"}],"wp:featuredmedia":[{"embeddable":true,"href":"https:\/\/marksandharrison.cwdevelop.com\/es\/wp-json\/wp\/v2\/media\/922083"}],"wp:attachment":[{"href":"https:\/\/marksandharrison.cwdevelop.com\/es\/wp-json\/wp\/v2\/media?parent=922070"}],"curies":[{"name":"wp","href":"https:\/\/api.w.org\/{rel}","templated":true}]}}