{"id":922021,"date":"2026-03-12T06:45:06","date_gmt":"2026-03-12T06:45:06","guid":{"rendered":"https:\/\/marksandharrison.cwdevelop.com\/?page_id=922021"},"modified":"2026-03-20T10:18:46","modified_gmt":"2026-03-20T10:18:46","slug":"david-s-galeski","status":"publish","type":"page","link":"https:\/\/marksandharrison.cwdevelop.com\/es\/nuestros-profesionales\/david-s-galeski\/","title":{"rendered":"David S. Galeski"},"content":{"rendered":"<p>David Galeski tiene un firme compromiso con su pr\u00e1ctica legal y con la asistencia a sus clientes en casos de lesiones personales, incluyendo accidentes automovil\u00edsticos y casos de responsabilidad en propiedades. Sus anteriores funciones como abogado litigante en una destacada aseguradora a nivel nacional y en un bufete de abogados local le han proporcionado un profundo conocimiento en la evaluaci\u00f3n y defensa de casos de lesiones personales. Orgulloso originario de Richmond, David es un distinguido egresado de la Facultad de Derecho de William &amp; Mary, donde no solo destac\u00f3 acad\u00e9micamente, sino que tambi\u00e9n form\u00f3 parte de la Law Review. Adem\u00e1s de sus logros acad\u00e9micos, es miembro activo del Colegio de Abogados del Estado de Virginia y de la Asociaci\u00f3n de Abogados de Richmond.<\/p>\n\n\t\t\t\t\n\t\t\t\t\t<div itemtype=\"https:\/\/schema.org\/VideoObject\" itemscope=\"\" id=\"video_play-883659\" class=\" vid-aligncenter\" style=\"display:block\">\n\t\t\t\t\t\t<meta itemprop=\"name\" content=\"Meet Our Attorney: David Galeski &#8211; Marks &#038; Harrison\" \/>\n\t\t\t\t\t\t<meta itemprop=\"thumbnailURL\" content=\"https:\/\/i.ytimg.com\/vi\/71p1F6kS8NE\/hqdefault.jpg\" \/>\n\t\t\t\t\t\t<meta itemprop=\"uploadDate\" content=\"12 de marzo de 2026\">\n\t\t\t\t\t\t\t\t\t\t\t\t\t<meta itemprop=\"embedURL\" content=\"https:\/\/www.youtube.com\/watch?v=71p1F6kS8NE\" \/>\n\t\t\t\t\t\t\t<iframe loading=\"lazy\" class=\"cw_video_single\" src=\"https:\/\/www.youtube.com\/embed\/71p1F6kS8NE?rel=0&amp;showinfo=1&amp;autoplay=0\" allowfullscreen=\"allowfullscreen\" width=\"100%\" height=\"480px\" ><\/iframe>\n\t\t\t\t\t\t\n\t\t\t\t\t\t\n\t\t\t\t\t\t\t\t\t\t\t\t\t\t\t<meta itemprop=\"description\" content=\"http:\/\/marksandharrison.cwdevelop.com\/\r\n\r\nFollow us on Facebook: \r\nhttps:\/\/www.facebook.com\/marksandharrison\r\nFollow us on Twitter: \r\nhttps:\/\/twitter.com\/mandhlaw\r\n\r\nContact us at http:\/\/marksandharrison.cwdevelop.com\/contact-us\/\" \/>\n\t\t\t\t\t\t\t\n\t\t\t\t\t\t\n\t\t\t\t\t<\/div>\n\n\t\t\t\t\n\n\n\n\t\t\t\n\t\t\t\t\n","protected":false},"excerpt":{"rendered":"<p>David Galeski tiene un firme compromiso con su pr\u00e1ctica legal y con la asistencia a sus clientes en casos de lesiones personales, incluyendo accidentes automovil\u00edsticos y casos de responsabilidad en propiedades. Sus anteriores funciones como abogado litigante en una destacada aseguradora a nivel nacional y en un bufete de abogados local le han proporcionado un [&hellip;]<\/p>\n","protected":false},"author":6,"featured_media":922035,"parent":893352,"menu_order":11,"comment_status":"closed","ping_status":"closed","template":"attorney.php","meta":{"_acf_changed":false,"footnotes":""},"class_list":["post-922021","page","type-page","status-publish","has-post-thumbnail","hentry"],"acf":[],"yoast_head":"<!-- This site is optimized with the Yoast SEO plugin v27.1 - https:\/\/yoast.com\/product\/yoast-seo-wordpress\/ -->\n<title>David S. Galeski: Abogado de esiones personales | Marks &amp; Harrison<\/title>\n<meta name=\"description\" content=\"David S. Galeski es un abogado especializado en lesiones personales, originario de Richmond, que puede tomar su caso y lograr un s\u00f3lido acuerdo a su favor.\" \/>\n<meta name=\"robots\" content=\"noindex, follow, max-snippet:-1, max-image-preview:large, max-video-preview:-1\" \/>\n<meta property=\"og:locale\" content=\"es_ES\" \/>\n<meta property=\"og:type\" content=\"article\" \/>\n<meta property=\"og:title\" content=\"David S. Galeski: Abogado de esiones personales | Marks &amp; Harrison\" \/>\n<meta property=\"og:description\" content=\"David S. Galeski es un abogado especializado en lesiones personales, originario de Richmond, que puede tomar su caso y lograr un s\u00f3lido acuerdo a su favor.\" \/>\n<meta property=\"og:url\" content=\"https:\/\/marksandharrison.cwdevelop.com\/es\/nuestros-profesionales\/david-s-galeski\/\" \/>\n<meta property=\"og:site_name\" content=\"marksandharrison.cwdevelop.com Managed WordPress Site\" \/>\n<meta property=\"article:modified_time\" content=\"2026-03-20T10:18:46+00:00\" \/>\n<meta property=\"og:image\" content=\"http:\/\/marksandharrison.cwdevelop.com\/wp-content\/uploads\/2026\/03\/david-galeski-bio-banner.jpg\" \/>\n\t<meta property=\"og:image:width\" content=\"680\" \/>\n\t<meta property=\"og:image:height\" content=\"730\" \/>\n\t<meta property=\"og:image:type\" content=\"image\/jpeg\" \/>\n<meta name=\"twitter:card\" content=\"summary_large_image\" \/>\n<meta name=\"twitter:label1\" content=\"Tiempo de lectura\" \/>\n\t<meta name=\"twitter:data1\" content=\"1 minuto\" \/>\n<script type=\"application\/ld+json\" class=\"yoast-schema-graph\">{\"@context\":\"https:\/\/schema.org\",\"@graph\":[{\"@type\":\"WebPage\",\"@id\":\"https:\/\/marksandharrison.cwdevelop.com\/es\/nuestros-profesionales\/david-s-galeski\/\",\"url\":\"https:\/\/marksandharrison.cwdevelop.com\/es\/nuestros-profesionales\/david-s-galeski\/\",\"name\":\"David S. Galeski: Abogado de esiones personales | Marks & Harrison\",\"isPartOf\":{\"@id\":\"https:\/\/marksandharrison.cwdevelop.com\/es\/#website\"},\"primaryImageOfPage\":{\"@id\":\"https:\/\/marksandharrison.cwdevelop.com\/es\/nuestros-profesionales\/david-s-galeski\/#primaryimage\"},\"image\":{\"@id\":\"https:\/\/marksandharrison.cwdevelop.com\/es\/nuestros-profesionales\/david-s-galeski\/#primaryimage\"},\"thumbnailUrl\":\"https:\/\/marksandharrison.cwdevelop.com\/wp-content\/uploads\/2026\/03\/david-galeski-bio-banner.jpg\",\"datePublished\":\"2026-03-12T06:45:06+00:00\",\"dateModified\":\"2026-03-20T10:18:46+00:00\",\"description\":\"David S. Galeski es un abogado especializado en lesiones personales, originario de Richmond, que puede tomar su caso y lograr un s\u00f3lido acuerdo a su favor.\",\"breadcrumb\":{\"@id\":\"https:\/\/marksandharrison.cwdevelop.com\/es\/nuestros-profesionales\/david-s-galeski\/#breadcrumb\"},\"inLanguage\":\"es\",\"potentialAction\":[{\"@type\":\"ReadAction\",\"target\":[\"https:\/\/marksandharrison.cwdevelop.com\/es\/nuestros-profesionales\/david-s-galeski\/\"]}]},{\"@type\":\"ImageObject\",\"inLanguage\":\"es\",\"@id\":\"https:\/\/marksandharrison.cwdevelop.com\/es\/nuestros-profesionales\/david-s-galeski\/#primaryimage\",\"url\":\"https:\/\/marksandharrison.cwdevelop.com\/wp-content\/uploads\/2026\/03\/david-galeski-bio-banner.jpg\",\"contentUrl\":\"https:\/\/marksandharrison.cwdevelop.com\/wp-content\/uploads\/2026\/03\/david-galeski-bio-banner.jpg\",\"width\":680,\"height\":730},{\"@type\":\"BreadcrumbList\",\"@id\":\"https:\/\/marksandharrison.cwdevelop.com\/es\/nuestros-profesionales\/david-s-galeski\/#breadcrumb\",\"itemListElement\":[{\"@type\":\"ListItem\",\"position\":1,\"name\":\"Inicio\",\"item\":\"https:\/\/marksandharrison.cwdevelop.com\/es\/\"},{\"@type\":\"ListItem\",\"position\":2,\"name\":\"Nuestros Abogados\",\"item\":\"https:\/\/marksandharrison.cwdevelop.com\/es\/nuestros-profesionales\/\"},{\"@type\":\"ListItem\",\"position\":3,\"name\":\"David S. Galeski\"}]},{\"@type\":\"WebSite\",\"@id\":\"https:\/\/marksandharrison.cwdevelop.com\/es\/#website\",\"url\":\"https:\/\/marksandharrison.cwdevelop.com\/es\/\",\"name\":\"marksandharrison.cwdevelop.com Managed WordPress Site\",\"description\":\"\",\"potentialAction\":[{\"@type\":\"SearchAction\",\"target\":{\"@type\":\"EntryPoint\",\"urlTemplate\":\"https:\/\/marksandharrison.cwdevelop.com\/es\/?s={search_term_string}\"},\"query-input\":{\"@type\":\"PropertyValueSpecification\",\"valueRequired\":true,\"valueName\":\"search_term_string\"}}],\"inLanguage\":\"es\"}]}<\/script>\n<!-- \/ Yoast SEO plugin. -->","yoast_head_json":{"title":"David S. Galeski: Abogado de esiones personales | Marks & Harrison","description":"David S. Galeski es un abogado especializado en lesiones personales, originario de Richmond, que puede tomar su caso y lograr un s\u00f3lido acuerdo a su favor.","robots":{"index":"noindex","follow":"follow","max-snippet":"max-snippet:-1","max-image-preview":"max-image-preview:large","max-video-preview":"max-video-preview:-1"},"og_locale":"es_ES","og_type":"article","og_title":"David S. Galeski: Abogado de esiones personales | Marks & Harrison","og_description":"David S. Galeski es un abogado especializado en lesiones personales, originario de Richmond, que puede tomar su caso y lograr un s\u00f3lido acuerdo a su favor.","og_url":"https:\/\/marksandharrison.cwdevelop.com\/es\/nuestros-profesionales\/david-s-galeski\/","og_site_name":"marksandharrison.cwdevelop.com Managed WordPress Site","article_modified_time":"2026-03-20T10:18:46+00:00","og_image":[{"width":680,"height":730,"url":"http:\/\/marksandharrison.cwdevelop.com\/wp-content\/uploads\/2026\/03\/david-galeski-bio-banner.jpg","type":"image\/jpeg"}],"twitter_card":"summary_large_image","twitter_misc":{"Tiempo de lectura":"1 minuto"},"schema":{"@context":"https:\/\/schema.org","@graph":[{"@type":"WebPage","@id":"https:\/\/marksandharrison.cwdevelop.com\/es\/nuestros-profesionales\/david-s-galeski\/","url":"https:\/\/marksandharrison.cwdevelop.com\/es\/nuestros-profesionales\/david-s-galeski\/","name":"David S. Galeski: Abogado de esiones personales | Marks & Harrison","isPartOf":{"@id":"https:\/\/marksandharrison.cwdevelop.com\/es\/#website"},"primaryImageOfPage":{"@id":"https:\/\/marksandharrison.cwdevelop.com\/es\/nuestros-profesionales\/david-s-galeski\/#primaryimage"},"image":{"@id":"https:\/\/marksandharrison.cwdevelop.com\/es\/nuestros-profesionales\/david-s-galeski\/#primaryimage"},"thumbnailUrl":"https:\/\/marksandharrison.cwdevelop.com\/wp-content\/uploads\/2026\/03\/david-galeski-bio-banner.jpg","datePublished":"2026-03-12T06:45:06+00:00","dateModified":"2026-03-20T10:18:46+00:00","description":"David S. Galeski es un abogado especializado en lesiones personales, originario de Richmond, que puede tomar su caso y lograr un s\u00f3lido acuerdo a su favor.","breadcrumb":{"@id":"https:\/\/marksandharrison.cwdevelop.com\/es\/nuestros-profesionales\/david-s-galeski\/#breadcrumb"},"inLanguage":"es","potentialAction":[{"@type":"ReadAction","target":["https:\/\/marksandharrison.cwdevelop.com\/es\/nuestros-profesionales\/david-s-galeski\/"]}]},{"@type":"ImageObject","inLanguage":"es","@id":"https:\/\/marksandharrison.cwdevelop.com\/es\/nuestros-profesionales\/david-s-galeski\/#primaryimage","url":"https:\/\/marksandharrison.cwdevelop.com\/wp-content\/uploads\/2026\/03\/david-galeski-bio-banner.jpg","contentUrl":"https:\/\/marksandharrison.cwdevelop.com\/wp-content\/uploads\/2026\/03\/david-galeski-bio-banner.jpg","width":680,"height":730},{"@type":"BreadcrumbList","@id":"https:\/\/marksandharrison.cwdevelop.com\/es\/nuestros-profesionales\/david-s-galeski\/#breadcrumb","itemListElement":[{"@type":"ListItem","position":1,"name":"Inicio","item":"https:\/\/marksandharrison.cwdevelop.com\/es\/"},{"@type":"ListItem","position":2,"name":"Nuestros Abogados","item":"https:\/\/marksandharrison.cwdevelop.com\/es\/nuestros-profesionales\/"},{"@type":"ListItem","position":3,"name":"David S. Galeski"}]},{"@type":"WebSite","@id":"https:\/\/marksandharrison.cwdevelop.com\/es\/#website","url":"https:\/\/marksandharrison.cwdevelop.com\/es\/","name":"marksandharrison.cwdevelop.com Managed WordPress Site","description":"","potentialAction":[{"@type":"SearchAction","target":{"@type":"EntryPoint","urlTemplate":"https:\/\/marksandharrison.cwdevelop.com\/es\/?s={search_term_string}"},"query-input":{"@type":"PropertyValueSpecification","valueRequired":true,"valueName":"search_term_string"}}],"inLanguage":"es"}]}},"_links":{"self":[{"href":"https:\/\/marksandharrison.cwdevelop.com\/es\/wp-json\/wp\/v2\/pages\/922021","targetHints":{"allow":["GET"]}}],"collection":[{"href":"https:\/\/marksandharrison.cwdevelop.com\/es\/wp-json\/wp\/v2\/pages"}],"about":[{"href":"https:\/\/marksandharrison.cwdevelop.com\/es\/wp-json\/wp\/v2\/types\/page"}],"author":[{"embeddable":true,"href":"https:\/\/marksandharrison.cwdevelop.com\/es\/wp-json\/wp\/v2\/users\/6"}],"replies":[{"embeddable":true,"href":"https:\/\/marksandharrison.cwdevelop.com\/es\/wp-json\/wp\/v2\/comments?post=922021"}],"version-history":[{"count":0,"href":"https:\/\/marksandharrison.cwdevelop.com\/es\/wp-json\/wp\/v2\/pages\/922021\/revisions"}],"up":[{"embeddable":true,"href":"https:\/\/marksandharrison.cwdevelop.com\/es\/wp-json\/wp\/v2\/pages\/893352"}],"wp:featuredmedia":[{"embeddable":true,"href":"https:\/\/marksandharrison.cwdevelop.com\/es\/wp-json\/wp\/v2\/media\/922035"}],"wp:attachment":[{"href":"https:\/\/marksandharrison.cwdevelop.com\/es\/wp-json\/wp\/v2\/media?parent=922021"}],"curies":[{"name":"wp","href":"https:\/\/api.w.org\/{rel}","templated":true}]}}