{"id":921896,"date":"2026-03-12T06:17:02","date_gmt":"2026-03-12T06:17:02","guid":{"rendered":"https:\/\/marksandharrison.cwdevelop.com\/?page_id=921896"},"modified":"2026-03-20T09:23:19","modified_gmt":"2026-03-20T09:23:19","slug":"charles-c-w-davis-jr","status":"publish","type":"page","link":"https:\/\/marksandharrison.cwdevelop.com\/es\/nuestros-profesionales\/charles-c-w-davis-jr\/","title":{"rendered":"Charles W. Davis, Jr."},"content":{"rendered":"<p>Charles W. Davis, Jr. creci\u00f3 en Tappahannock y se gradu\u00f3 de Essex High School. Obtuvo su t\u00edtulo en la Universidad de Virginia, donde realiz\u00f3 una doble licenciatura en pol\u00edtica y sociolog\u00eda. Recibi\u00f3 su t\u00edtulo en derecho en la Facultad de Derecho de la Universidad de Richmond. C.W. y trabaj\u00f3 para Marks &amp; Harrison durante m\u00e1s de dos a\u00f1os antes de unirse formalmente a la firma. Ha sido reconocido dos a\u00f1os consecutivos como parte de The National Trial Lawyers Top 40 Under 40.<\/p>\n\n\t\t\t\t\n\t\t\t\t\t<div itemtype=\"https:\/\/schema.org\/VideoObject\" itemscope=\"\" id=\"video_play-888804\" class=\" vid-aligncenter\" style=\"display:block\">\n\t\t\t\t\t\t<meta itemprop=\"name\" content=\"Meet Our Attorney: Charles Davis, Jr. &#8211; Marks &#038; Harrison\" \/>\n\t\t\t\t\t\t<meta itemprop=\"thumbnailURL\" content=\"https:\/\/i.ytimg.com\/vi\/B7hw0X9X1oI\/hqdefault.jpg\" \/>\n\t\t\t\t\t\t<meta itemprop=\"uploadDate\" content=\"12 de marzo de 2026\">\n\t\t\t\t\t\t\t\t\t\t\t\t\t<meta itemprop=\"embedURL\" content=\"https:\/\/www.youtube.com\/watch?v=B7hw0X9X1oI\" \/>\n\t\t\t\t\t\t\t<iframe loading=\"lazy\" class=\"cw_video_single\" src=\"https:\/\/www.youtube.com\/embed\/B7hw0X9X1oI?rel=0&amp;showinfo=1&amp;autoplay=0\" allowfullscreen=\"allowfullscreen\" width=\"100%\" height=\"480px\" ><\/iframe>\n\t\t\t\t\t\t\n\t\t\t\t\t\t\n\t\t\t\t\t\t\t\t\t\t\t\t\t\t\t<meta itemprop=\"description\" content=\"http:\/\/marksandharrison.cwdevelop.com\/\r\n\r\nFollow us on Facebook: \r\nhttps:\/\/www.facebook.com\/marksandharrison\r\nFollow us on Twitter: \r\nhttps:\/\/twitter.com\/mandhlaw\r\n\r\nContact us at http:\/\/marksandharrison.cwdevelop.com\/contact-us\/\" \/>\n\t\t\t\t\t\t\t\n\t\t\t\t\t\t\n\t\t\t\t\t<\/div>\n\n\t\t\t\t\n\n\n\n\t\t\t\n\t\t\t\t\n","protected":false},"excerpt":{"rendered":"<p>Charles enfoca su pr\u00e1ctica en lesiones personales, accidentes de auto y casos de colisiones de camiones. Ha sido incluido en la lista \u201cTop 40 Under 40\u201d de National Trial Lawyers durante dos a\u00f1os consecutivos.<\/p>\n","protected":false},"author":6,"featured_media":921910,"parent":893352,"menu_order":7,"comment_status":"closed","ping_status":"closed","template":"attorney.php","meta":{"_acf_changed":false,"footnotes":""},"class_list":["post-921896","page","type-page","status-publish","has-post-thumbnail","hentry"],"acf":[],"yoast_head":"<!-- This site is optimized with the Yoast SEO plugin v27.1 - https:\/\/yoast.com\/product\/yoast-seo-wordpress\/ -->\n<title>Charles Davis Jr.: Abogado de lesiones personales | Marks &amp; Harrison<\/title>\n<meta name=\"description\" content=\"Nuestro abogado de accidentes y lesiones personales Charles Davis Jr. est\u00e1 disponible para consultas relacionadas con sus reclamos y casos. Llame hoy mismo.\" \/>\n<meta name=\"robots\" content=\"noindex, follow, max-snippet:-1, max-image-preview:large, max-video-preview:-1\" \/>\n<meta property=\"og:locale\" content=\"es_ES\" \/>\n<meta property=\"og:type\" content=\"article\" \/>\n<meta property=\"og:title\" content=\"Charles Davis Jr.: Abogado de lesiones personales | Marks &amp; Harrison\" \/>\n<meta property=\"og:description\" content=\"Nuestro abogado de accidentes y lesiones personales Charles Davis Jr. est\u00e1 disponible para consultas relacionadas con sus reclamos y casos. Llame hoy mismo.\" \/>\n<meta property=\"og:url\" content=\"https:\/\/marksandharrison.cwdevelop.com\/es\/nuestros-profesionales\/charles-c-w-davis-jr\/\" \/>\n<meta property=\"og:site_name\" content=\"marksandharrison.cwdevelop.com Managed WordPress Site\" \/>\n<meta property=\"article:modified_time\" content=\"2026-03-20T09:23:19+00:00\" \/>\n<meta property=\"og:image\" content=\"http:\/\/marksandharrison.cwdevelop.com\/wp-content\/uploads\/2026\/03\/charles-davis-jr-bio-banner.jpg\" \/>\n\t<meta property=\"og:image:width\" content=\"680\" \/>\n\t<meta property=\"og:image:height\" content=\"730\" \/>\n\t<meta property=\"og:image:type\" content=\"image\/jpeg\" \/>\n<meta name=\"twitter:card\" content=\"summary_large_image\" \/>\n<meta name=\"twitter:label1\" content=\"Tiempo de lectura\" \/>\n\t<meta name=\"twitter:data1\" content=\"1 minuto\" \/>\n<script type=\"application\/ld+json\" class=\"yoast-schema-graph\">{\"@context\":\"https:\/\/schema.org\",\"@graph\":[{\"@type\":\"WebPage\",\"@id\":\"https:\/\/marksandharrison.cwdevelop.com\/es\/nuestros-profesionales\/charles-c-w-davis-jr\/\",\"url\":\"https:\/\/marksandharrison.cwdevelop.com\/es\/nuestros-profesionales\/charles-c-w-davis-jr\/\",\"name\":\"Charles Davis Jr.: Abogado de lesiones personales | Marks & Harrison\",\"isPartOf\":{\"@id\":\"https:\/\/marksandharrison.cwdevelop.com\/es\/#website\"},\"primaryImageOfPage\":{\"@id\":\"https:\/\/marksandharrison.cwdevelop.com\/es\/nuestros-profesionales\/charles-c-w-davis-jr\/#primaryimage\"},\"image\":{\"@id\":\"https:\/\/marksandharrison.cwdevelop.com\/es\/nuestros-profesionales\/charles-c-w-davis-jr\/#primaryimage\"},\"thumbnailUrl\":\"https:\/\/marksandharrison.cwdevelop.com\/wp-content\/uploads\/2026\/03\/charles-davis-jr-bio-banner.jpg\",\"datePublished\":\"2026-03-12T06:17:02+00:00\",\"dateModified\":\"2026-03-20T09:23:19+00:00\",\"description\":\"Nuestro abogado de accidentes y lesiones personales Charles Davis Jr. est\u00e1 disponible para consultas relacionadas con sus reclamos y casos. Llame hoy mismo.\",\"breadcrumb\":{\"@id\":\"https:\/\/marksandharrison.cwdevelop.com\/es\/nuestros-profesionales\/charles-c-w-davis-jr\/#breadcrumb\"},\"inLanguage\":\"es\",\"potentialAction\":[{\"@type\":\"ReadAction\",\"target\":[\"https:\/\/marksandharrison.cwdevelop.com\/es\/nuestros-profesionales\/charles-c-w-davis-jr\/\"]}]},{\"@type\":\"ImageObject\",\"inLanguage\":\"es\",\"@id\":\"https:\/\/marksandharrison.cwdevelop.com\/es\/nuestros-profesionales\/charles-c-w-davis-jr\/#primaryimage\",\"url\":\"https:\/\/marksandharrison.cwdevelop.com\/wp-content\/uploads\/2026\/03\/charles-davis-jr-bio-banner.jpg\",\"contentUrl\":\"https:\/\/marksandharrison.cwdevelop.com\/wp-content\/uploads\/2026\/03\/charles-davis-jr-bio-banner.jpg\",\"width\":680,\"height\":730},{\"@type\":\"BreadcrumbList\",\"@id\":\"https:\/\/marksandharrison.cwdevelop.com\/es\/nuestros-profesionales\/charles-c-w-davis-jr\/#breadcrumb\",\"itemListElement\":[{\"@type\":\"ListItem\",\"position\":1,\"name\":\"Inicio\",\"item\":\"https:\/\/marksandharrison.cwdevelop.com\/es\/\"},{\"@type\":\"ListItem\",\"position\":2,\"name\":\"Nuestros Abogados\",\"item\":\"https:\/\/marksandharrison.cwdevelop.com\/es\/nuestros-profesionales\/\"},{\"@type\":\"ListItem\",\"position\":3,\"name\":\"Charles W. Davis, Jr.\"}]},{\"@type\":\"WebSite\",\"@id\":\"https:\/\/marksandharrison.cwdevelop.com\/es\/#website\",\"url\":\"https:\/\/marksandharrison.cwdevelop.com\/es\/\",\"name\":\"marksandharrison.cwdevelop.com Managed WordPress Site\",\"description\":\"\",\"potentialAction\":[{\"@type\":\"SearchAction\",\"target\":{\"@type\":\"EntryPoint\",\"urlTemplate\":\"https:\/\/marksandharrison.cwdevelop.com\/es\/?s={search_term_string}\"},\"query-input\":{\"@type\":\"PropertyValueSpecification\",\"valueRequired\":true,\"valueName\":\"search_term_string\"}}],\"inLanguage\":\"es\"}]}<\/script>\n<!-- \/ Yoast SEO plugin. -->","yoast_head_json":{"title":"Charles Davis Jr.: Abogado de lesiones personales | Marks & Harrison","description":"Nuestro abogado de accidentes y lesiones personales Charles Davis Jr. est\u00e1 disponible para consultas relacionadas con sus reclamos y casos. Llame hoy mismo.","robots":{"index":"noindex","follow":"follow","max-snippet":"max-snippet:-1","max-image-preview":"max-image-preview:large","max-video-preview":"max-video-preview:-1"},"og_locale":"es_ES","og_type":"article","og_title":"Charles Davis Jr.: Abogado de lesiones personales | Marks & Harrison","og_description":"Nuestro abogado de accidentes y lesiones personales Charles Davis Jr. est\u00e1 disponible para consultas relacionadas con sus reclamos y casos. Llame hoy mismo.","og_url":"https:\/\/marksandharrison.cwdevelop.com\/es\/nuestros-profesionales\/charles-c-w-davis-jr\/","og_site_name":"marksandharrison.cwdevelop.com Managed WordPress Site","article_modified_time":"2026-03-20T09:23:19+00:00","og_image":[{"width":680,"height":730,"url":"http:\/\/marksandharrison.cwdevelop.com\/wp-content\/uploads\/2026\/03\/charles-davis-jr-bio-banner.jpg","type":"image\/jpeg"}],"twitter_card":"summary_large_image","twitter_misc":{"Tiempo de lectura":"1 minuto"},"schema":{"@context":"https:\/\/schema.org","@graph":[{"@type":"WebPage","@id":"https:\/\/marksandharrison.cwdevelop.com\/es\/nuestros-profesionales\/charles-c-w-davis-jr\/","url":"https:\/\/marksandharrison.cwdevelop.com\/es\/nuestros-profesionales\/charles-c-w-davis-jr\/","name":"Charles Davis Jr.: Abogado de lesiones personales | Marks & Harrison","isPartOf":{"@id":"https:\/\/marksandharrison.cwdevelop.com\/es\/#website"},"primaryImageOfPage":{"@id":"https:\/\/marksandharrison.cwdevelop.com\/es\/nuestros-profesionales\/charles-c-w-davis-jr\/#primaryimage"},"image":{"@id":"https:\/\/marksandharrison.cwdevelop.com\/es\/nuestros-profesionales\/charles-c-w-davis-jr\/#primaryimage"},"thumbnailUrl":"https:\/\/marksandharrison.cwdevelop.com\/wp-content\/uploads\/2026\/03\/charles-davis-jr-bio-banner.jpg","datePublished":"2026-03-12T06:17:02+00:00","dateModified":"2026-03-20T09:23:19+00:00","description":"Nuestro abogado de accidentes y lesiones personales Charles Davis Jr. est\u00e1 disponible para consultas relacionadas con sus reclamos y casos. Llame hoy mismo.","breadcrumb":{"@id":"https:\/\/marksandharrison.cwdevelop.com\/es\/nuestros-profesionales\/charles-c-w-davis-jr\/#breadcrumb"},"inLanguage":"es","potentialAction":[{"@type":"ReadAction","target":["https:\/\/marksandharrison.cwdevelop.com\/es\/nuestros-profesionales\/charles-c-w-davis-jr\/"]}]},{"@type":"ImageObject","inLanguage":"es","@id":"https:\/\/marksandharrison.cwdevelop.com\/es\/nuestros-profesionales\/charles-c-w-davis-jr\/#primaryimage","url":"https:\/\/marksandharrison.cwdevelop.com\/wp-content\/uploads\/2026\/03\/charles-davis-jr-bio-banner.jpg","contentUrl":"https:\/\/marksandharrison.cwdevelop.com\/wp-content\/uploads\/2026\/03\/charles-davis-jr-bio-banner.jpg","width":680,"height":730},{"@type":"BreadcrumbList","@id":"https:\/\/marksandharrison.cwdevelop.com\/es\/nuestros-profesionales\/charles-c-w-davis-jr\/#breadcrumb","itemListElement":[{"@type":"ListItem","position":1,"name":"Inicio","item":"https:\/\/marksandharrison.cwdevelop.com\/es\/"},{"@type":"ListItem","position":2,"name":"Nuestros Abogados","item":"https:\/\/marksandharrison.cwdevelop.com\/es\/nuestros-profesionales\/"},{"@type":"ListItem","position":3,"name":"Charles W. Davis, Jr."}]},{"@type":"WebSite","@id":"https:\/\/marksandharrison.cwdevelop.com\/es\/#website","url":"https:\/\/marksandharrison.cwdevelop.com\/es\/","name":"marksandharrison.cwdevelop.com Managed WordPress Site","description":"","potentialAction":[{"@type":"SearchAction","target":{"@type":"EntryPoint","urlTemplate":"https:\/\/marksandharrison.cwdevelop.com\/es\/?s={search_term_string}"},"query-input":{"@type":"PropertyValueSpecification","valueRequired":true,"valueName":"search_term_string"}}],"inLanguage":"es"}]}},"_links":{"self":[{"href":"https:\/\/marksandharrison.cwdevelop.com\/es\/wp-json\/wp\/v2\/pages\/921896","targetHints":{"allow":["GET"]}}],"collection":[{"href":"https:\/\/marksandharrison.cwdevelop.com\/es\/wp-json\/wp\/v2\/pages"}],"about":[{"href":"https:\/\/marksandharrison.cwdevelop.com\/es\/wp-json\/wp\/v2\/types\/page"}],"author":[{"embeddable":true,"href":"https:\/\/marksandharrison.cwdevelop.com\/es\/wp-json\/wp\/v2\/users\/6"}],"replies":[{"embeddable":true,"href":"https:\/\/marksandharrison.cwdevelop.com\/es\/wp-json\/wp\/v2\/comments?post=921896"}],"version-history":[{"count":0,"href":"https:\/\/marksandharrison.cwdevelop.com\/es\/wp-json\/wp\/v2\/pages\/921896\/revisions"}],"up":[{"embeddable":true,"href":"https:\/\/marksandharrison.cwdevelop.com\/es\/wp-json\/wp\/v2\/pages\/893352"}],"wp:featuredmedia":[{"embeddable":true,"href":"https:\/\/marksandharrison.cwdevelop.com\/es\/wp-json\/wp\/v2\/media\/921910"}],"wp:attachment":[{"href":"https:\/\/marksandharrison.cwdevelop.com\/es\/wp-json\/wp\/v2\/media?parent=921896"}],"curies":[{"name":"wp","href":"https:\/\/api.w.org\/{rel}","templated":true}]}}