{"id":921875,"date":"2026-03-12T05:39:47","date_gmt":"2026-03-12T05:39:47","guid":{"rendered":"https:\/\/marksandharrison.cwdevelop.com\/?page_id=921875"},"modified":"2026-04-07T09:45:13","modified_gmt":"2026-04-07T09:45:13","slug":"bryan-l-meadows","status":"publish","type":"page","link":"https:\/\/marksandharrison.cwdevelop.com\/es\/nuestros-profesionales\/bryan-l-meadows\/","title":{"rendered":"Bryan L. Meadows"},"content":{"rendered":"<p>Bryan es egresado de la\u00a0<a href=\"https:\/\/cnu.edu\/\" target=\"_blank\" rel=\"noopener\">Universidad Christopher Newport<\/a>, donde se especializ\u00f3 en Administraci\u00f3n Gubernamental. Posteriormente, obtuvo su t\u00edtulo de abogado en la\u00a0<a href=\"https:\/\/dickinsonlaw.psu.edu\/\" target=\"_blank\" rel=\"noopener\">Escuela de Leyes Dickinson de la Universidad Estatal de Pensilvania<\/a>. Antes de ingresar al equipo de Marks &amp; Harrison, Bryan fue el Abogado Gerente del Staff Counsel de GEICO en Roanoke, Virginia. Actualmente, es el Abogado Gerente de la oficina de\u00a0<a href=\"https:\/\/marksandharrison.cwdevelop.com\/our-locations\/fredericksburg-office\/\">Marks &amp; Harrison en Fredericksburg<\/a>.<\/p>\n\n\t\t\t\t\n\t\t\t\t\t<div itemtype=\"https:\/\/schema.org\/VideoObject\" itemscope=\"\" id=\"video_play-885291\" class=\" vid-aligncenter\" style=\"display:block\">\n\t\t\t\t\t\t<meta itemprop=\"name\" content=\"Meet Our Attorney: Bryan Meadows &#8211; Marks &#038; Harrison\" \/>\n\t\t\t\t\t\t<meta itemprop=\"thumbnailURL\" content=\"https:\/\/i.ytimg.com\/vi\/TL97HTfZDhU\/hqdefault.jpg\" \/>\n\t\t\t\t\t\t<meta itemprop=\"uploadDate\" content=\"12 de marzo de 2026\">\n\t\t\t\t\t\t\t\t\t\t\t\t\t<meta itemprop=\"embedURL\" content=\"https:\/\/www.youtube.com\/watch?v=TL97HTfZDhU\" \/>\n\t\t\t\t\t\t\t<iframe loading=\"lazy\" class=\"cw_video_single\" src=\"https:\/\/www.youtube.com\/embed\/TL97HTfZDhU?rel=0&amp;showinfo=1&amp;autoplay=0\" allowfullscreen=\"allowfullscreen\" width=\"100%\" height=\"480px\" ><\/iframe>\n\t\t\t\t\t\t\n\t\t\t\t\t\t\n\t\t\t\t\t\t\t\t\t\t\t\t\t\t\t<meta itemprop=\"description\" content=\"http:\/\/marksandharrison.cwdevelop.com\/\r\n\r\nFollow us on Facebook: \r\nhttps:\/\/www.facebook.com\/marksandharrison\r\nFollow us on Twitter: \r\nhttps:\/\/twitter.com\/mandhlaw\r\n\r\nContact us at http:\/\/marksandharrison.cwdevelop.com\/contact-us\/\" \/>\n\t\t\t\t\t\t\t\n\t\t\t\t\t\t\n\t\t\t\t\t<\/div>\n\n\t\t\t\t\n\n\n\n\t\t\t\n\t\t\t\t\n<h2>Casos interesantes \/ acuerdos \/ veredictos<\/h2>\n<ul>\n<li>Accidente con cami\u00f3n volcado: una mujer de 64 a\u00f1os falleci\u00f3 en el condado de Caroline, Virginia. Resoluci\u00f3n: $1,103,679.93.<\/li>\n<li>Fractura conminuta en el brazo superior: requiri\u00f3 reemplazo de hombro tras un choque lateral en el condado de Culpeper, Virginia. Resoluci\u00f3n: $395,000.00.<\/li>\n<li>Cirug\u00eda de laminectom\u00eda lumbar y liberaci\u00f3n del nervio cubital: tras una colisi\u00f3n con cami\u00f3n comercial en el condado de Westmoreland, Virginia. Resoluci\u00f3n: $725,000.<\/li>\n<li><a href=\"https:\/\/marksandharrison.cwdevelop.com\/traumatic-brain-injury\/\">Lesi\u00f3n cerebral traum\u00e1tica<\/a>\u00a0leve, TEPT y fractura de mu\u00f1eca izquierda: causados por un accidente con un tr\u00e1iler en la salida de la Interestatal 95 en Fairfax, Virginia. Resoluci\u00f3n: $600,000.00.<\/li>\n<li>Mordida de perro: mujer joven atacada por un pastor belga malinois. Resoluci\u00f3n: $225,000.00.<\/li>\n<li>Lesi\u00f3n de hombro con cirug\u00eda requerida: ocasionada por un choque entre tr\u00e1ileres en la Interestatal 295 en el condado de Prince George. Resoluci\u00f3n: $660,000.00.<\/li>\n<\/ul>\n","protected":false},"excerpt":{"rendered":"<p>Bryan es egresado de la\u00a0Universidad Christopher Newport, donde se especializ\u00f3 en Administraci\u00f3n Gubernamental. Posteriormente, obtuvo su t\u00edtulo de abogado en la\u00a0Escuela de Leyes Dickinson de la Universidad Estatal de Pensilvania. Antes de ingresar al equipo de Marks &amp; Harrison, Bryan fue el Abogado Gerente del Staff Counsel de GEICO en Roanoke, Virginia. Actualmente, es el [&hellip;]<\/p>\n","protected":false},"author":6,"featured_media":921883,"parent":893352,"menu_order":6,"comment_status":"closed","ping_status":"closed","template":"attorney.php","meta":{"_acf_changed":false,"footnotes":""},"class_list":["post-921875","page","type-page","status-publish","has-post-thumbnail","hentry"],"acf":[],"yoast_head":"<!-- This site is optimized with the Yoast SEO plugin v27.1 - https:\/\/yoast.com\/product\/yoast-seo-wordpress\/ -->\n<title>Bryan L. Meadows | Marks &amp; Harrison<\/title>\n<meta name=\"description\" content=\"Bryan L. Meadows es un abogado especializado en lesiones personales que cuenta con amplia experiencia en casos de accidentes de camiones, lesiones graves y muerte por negligencia.\" \/>\n<meta name=\"robots\" content=\"noindex, follow, max-snippet:-1, max-image-preview:large, max-video-preview:-1\" \/>\n<meta property=\"og:locale\" content=\"es_ES\" \/>\n<meta property=\"og:type\" content=\"article\" \/>\n<meta property=\"og:title\" content=\"Bryan L. Meadows | Marks &amp; Harrison\" \/>\n<meta property=\"og:description\" content=\"Bryan L. Meadows es un abogado especializado en lesiones personales que cuenta con amplia experiencia en casos de accidentes de camiones, lesiones graves y muerte por negligencia.\" \/>\n<meta property=\"og:url\" content=\"https:\/\/marksandharrison.cwdevelop.com\/es\/nuestros-profesionales\/bryan-l-meadows\/\" \/>\n<meta property=\"og:site_name\" content=\"marksandharrison.cwdevelop.com Managed WordPress Site\" \/>\n<meta property=\"article:modified_time\" content=\"2026-04-07T09:45:13+00:00\" \/>\n<meta property=\"og:image\" content=\"http:\/\/marksandharrison.cwdevelop.com\/wp-content\/uploads\/2026\/03\/bryan-l-meadows-bio-banner.jpg\" \/>\n\t<meta property=\"og:image:width\" content=\"680\" \/>\n\t<meta property=\"og:image:height\" content=\"730\" \/>\n\t<meta property=\"og:image:type\" content=\"image\/jpeg\" \/>\n<meta name=\"twitter:card\" content=\"summary_large_image\" \/>\n<meta name=\"twitter:label1\" content=\"Tiempo de lectura\" \/>\n\t<meta name=\"twitter:data1\" content=\"2 minutos\" \/>\n<script type=\"application\/ld+json\" class=\"yoast-schema-graph\">{\"@context\":\"https:\/\/schema.org\",\"@graph\":[{\"@type\":\"WebPage\",\"@id\":\"https:\/\/marksandharrison.cwdevelop.com\/es\/nuestros-profesionales\/bryan-l-meadows\/\",\"url\":\"https:\/\/marksandharrison.cwdevelop.com\/es\/nuestros-profesionales\/bryan-l-meadows\/\",\"name\":\"Bryan L. Meadows | Marks & Harrison\",\"isPartOf\":{\"@id\":\"https:\/\/marksandharrison.cwdevelop.com\/es\/#website\"},\"primaryImageOfPage\":{\"@id\":\"https:\/\/marksandharrison.cwdevelop.com\/es\/nuestros-profesionales\/bryan-l-meadows\/#primaryimage\"},\"image\":{\"@id\":\"https:\/\/marksandharrison.cwdevelop.com\/es\/nuestros-profesionales\/bryan-l-meadows\/#primaryimage\"},\"thumbnailUrl\":\"https:\/\/marksandharrison.cwdevelop.com\/wp-content\/uploads\/2026\/03\/bryan-l-meadows-bio-banner.jpg\",\"datePublished\":\"2026-03-12T05:39:47+00:00\",\"dateModified\":\"2026-04-07T09:45:13+00:00\",\"description\":\"Bryan L. Meadows es un abogado especializado en lesiones personales que cuenta con amplia experiencia en casos de accidentes de camiones, lesiones graves y muerte por negligencia.\",\"breadcrumb\":{\"@id\":\"https:\/\/marksandharrison.cwdevelop.com\/es\/nuestros-profesionales\/bryan-l-meadows\/#breadcrumb\"},\"inLanguage\":\"es\",\"potentialAction\":[{\"@type\":\"ReadAction\",\"target\":[\"https:\/\/marksandharrison.cwdevelop.com\/es\/nuestros-profesionales\/bryan-l-meadows\/\"]}]},{\"@type\":\"ImageObject\",\"inLanguage\":\"es\",\"@id\":\"https:\/\/marksandharrison.cwdevelop.com\/es\/nuestros-profesionales\/bryan-l-meadows\/#primaryimage\",\"url\":\"https:\/\/marksandharrison.cwdevelop.com\/wp-content\/uploads\/2026\/03\/bryan-l-meadows-bio-banner.jpg\",\"contentUrl\":\"https:\/\/marksandharrison.cwdevelop.com\/wp-content\/uploads\/2026\/03\/bryan-l-meadows-bio-banner.jpg\",\"width\":680,\"height\":730},{\"@type\":\"BreadcrumbList\",\"@id\":\"https:\/\/marksandharrison.cwdevelop.com\/es\/nuestros-profesionales\/bryan-l-meadows\/#breadcrumb\",\"itemListElement\":[{\"@type\":\"ListItem\",\"position\":1,\"name\":\"Inicio\",\"item\":\"https:\/\/marksandharrison.cwdevelop.com\/es\/\"},{\"@type\":\"ListItem\",\"position\":2,\"name\":\"Nuestros Abogados\",\"item\":\"https:\/\/marksandharrison.cwdevelop.com\/es\/nuestros-profesionales\/\"},{\"@type\":\"ListItem\",\"position\":3,\"name\":\"Bryan L. Meadows\"}]},{\"@type\":\"WebSite\",\"@id\":\"https:\/\/marksandharrison.cwdevelop.com\/es\/#website\",\"url\":\"https:\/\/marksandharrison.cwdevelop.com\/es\/\",\"name\":\"marksandharrison.cwdevelop.com Managed WordPress Site\",\"description\":\"\",\"potentialAction\":[{\"@type\":\"SearchAction\",\"target\":{\"@type\":\"EntryPoint\",\"urlTemplate\":\"https:\/\/marksandharrison.cwdevelop.com\/es\/?s={search_term_string}\"},\"query-input\":{\"@type\":\"PropertyValueSpecification\",\"valueRequired\":true,\"valueName\":\"search_term_string\"}}],\"inLanguage\":\"es\"}]}<\/script>\n<!-- \/ Yoast SEO plugin. -->","yoast_head_json":{"title":"Bryan L. Meadows | Marks & Harrison","description":"Bryan L. Meadows es un abogado especializado en lesiones personales que cuenta con amplia experiencia en casos de accidentes de camiones, lesiones graves y muerte por negligencia.","robots":{"index":"noindex","follow":"follow","max-snippet":"max-snippet:-1","max-image-preview":"max-image-preview:large","max-video-preview":"max-video-preview:-1"},"og_locale":"es_ES","og_type":"article","og_title":"Bryan L. Meadows | Marks & Harrison","og_description":"Bryan L. Meadows es un abogado especializado en lesiones personales que cuenta con amplia experiencia en casos de accidentes de camiones, lesiones graves y muerte por negligencia.","og_url":"https:\/\/marksandharrison.cwdevelop.com\/es\/nuestros-profesionales\/bryan-l-meadows\/","og_site_name":"marksandharrison.cwdevelop.com Managed WordPress Site","article_modified_time":"2026-04-07T09:45:13+00:00","og_image":[{"width":680,"height":730,"url":"http:\/\/marksandharrison.cwdevelop.com\/wp-content\/uploads\/2026\/03\/bryan-l-meadows-bio-banner.jpg","type":"image\/jpeg"}],"twitter_card":"summary_large_image","twitter_misc":{"Tiempo de lectura":"2 minutos"},"schema":{"@context":"https:\/\/schema.org","@graph":[{"@type":"WebPage","@id":"https:\/\/marksandharrison.cwdevelop.com\/es\/nuestros-profesionales\/bryan-l-meadows\/","url":"https:\/\/marksandharrison.cwdevelop.com\/es\/nuestros-profesionales\/bryan-l-meadows\/","name":"Bryan L. Meadows | Marks & Harrison","isPartOf":{"@id":"https:\/\/marksandharrison.cwdevelop.com\/es\/#website"},"primaryImageOfPage":{"@id":"https:\/\/marksandharrison.cwdevelop.com\/es\/nuestros-profesionales\/bryan-l-meadows\/#primaryimage"},"image":{"@id":"https:\/\/marksandharrison.cwdevelop.com\/es\/nuestros-profesionales\/bryan-l-meadows\/#primaryimage"},"thumbnailUrl":"https:\/\/marksandharrison.cwdevelop.com\/wp-content\/uploads\/2026\/03\/bryan-l-meadows-bio-banner.jpg","datePublished":"2026-03-12T05:39:47+00:00","dateModified":"2026-04-07T09:45:13+00:00","description":"Bryan L. Meadows es un abogado especializado en lesiones personales que cuenta con amplia experiencia en casos de accidentes de camiones, lesiones graves y muerte por negligencia.","breadcrumb":{"@id":"https:\/\/marksandharrison.cwdevelop.com\/es\/nuestros-profesionales\/bryan-l-meadows\/#breadcrumb"},"inLanguage":"es","potentialAction":[{"@type":"ReadAction","target":["https:\/\/marksandharrison.cwdevelop.com\/es\/nuestros-profesionales\/bryan-l-meadows\/"]}]},{"@type":"ImageObject","inLanguage":"es","@id":"https:\/\/marksandharrison.cwdevelop.com\/es\/nuestros-profesionales\/bryan-l-meadows\/#primaryimage","url":"https:\/\/marksandharrison.cwdevelop.com\/wp-content\/uploads\/2026\/03\/bryan-l-meadows-bio-banner.jpg","contentUrl":"https:\/\/marksandharrison.cwdevelop.com\/wp-content\/uploads\/2026\/03\/bryan-l-meadows-bio-banner.jpg","width":680,"height":730},{"@type":"BreadcrumbList","@id":"https:\/\/marksandharrison.cwdevelop.com\/es\/nuestros-profesionales\/bryan-l-meadows\/#breadcrumb","itemListElement":[{"@type":"ListItem","position":1,"name":"Inicio","item":"https:\/\/marksandharrison.cwdevelop.com\/es\/"},{"@type":"ListItem","position":2,"name":"Nuestros Abogados","item":"https:\/\/marksandharrison.cwdevelop.com\/es\/nuestros-profesionales\/"},{"@type":"ListItem","position":3,"name":"Bryan L. Meadows"}]},{"@type":"WebSite","@id":"https:\/\/marksandharrison.cwdevelop.com\/es\/#website","url":"https:\/\/marksandharrison.cwdevelop.com\/es\/","name":"marksandharrison.cwdevelop.com Managed WordPress Site","description":"","potentialAction":[{"@type":"SearchAction","target":{"@type":"EntryPoint","urlTemplate":"https:\/\/marksandharrison.cwdevelop.com\/es\/?s={search_term_string}"},"query-input":{"@type":"PropertyValueSpecification","valueRequired":true,"valueName":"search_term_string"}}],"inLanguage":"es"}]}},"_links":{"self":[{"href":"https:\/\/marksandharrison.cwdevelop.com\/es\/wp-json\/wp\/v2\/pages\/921875","targetHints":{"allow":["GET"]}}],"collection":[{"href":"https:\/\/marksandharrison.cwdevelop.com\/es\/wp-json\/wp\/v2\/pages"}],"about":[{"href":"https:\/\/marksandharrison.cwdevelop.com\/es\/wp-json\/wp\/v2\/types\/page"}],"author":[{"embeddable":true,"href":"https:\/\/marksandharrison.cwdevelop.com\/es\/wp-json\/wp\/v2\/users\/6"}],"replies":[{"embeddable":true,"href":"https:\/\/marksandharrison.cwdevelop.com\/es\/wp-json\/wp\/v2\/comments?post=921875"}],"version-history":[{"count":0,"href":"https:\/\/marksandharrison.cwdevelop.com\/es\/wp-json\/wp\/v2\/pages\/921875\/revisions"}],"up":[{"embeddable":true,"href":"https:\/\/marksandharrison.cwdevelop.com\/es\/wp-json\/wp\/v2\/pages\/893352"}],"wp:featuredmedia":[{"embeddable":true,"href":"https:\/\/marksandharrison.cwdevelop.com\/es\/wp-json\/wp\/v2\/media\/921883"}],"wp:attachment":[{"href":"https:\/\/marksandharrison.cwdevelop.com\/es\/wp-json\/wp\/v2\/media?parent=921875"}],"curies":[{"name":"wp","href":"https:\/\/api.w.org\/{rel}","templated":true}]}}