{"id":921832,"date":"2026-03-12T05:22:56","date_gmt":"2026-03-12T05:22:56","guid":{"rendered":"https:\/\/marksandharrison.cwdevelop.com\/?page_id=921832"},"modified":"2026-03-20T09:22:29","modified_gmt":"2026-03-20T09:22:29","slug":"andrea-r-carver","status":"publish","type":"page","link":"https:\/\/marksandharrison.cwdevelop.com\/es\/nuestros-profesionales\/andrea-r-carver\/","title":{"rendered":"Andrea R. Carver"},"content":{"rendered":"<p>Andrea creci\u00f3 en una peque\u00f1a granja familiar en Romulus, Alabama, donde aprendi\u00f3 el valor del trabajo arduo y la comunidad. Lleg\u00f3 a la pr\u00e1ctica del derecho despu\u00e9s de una carrera en la ense\u00f1anza y con una formaci\u00f3n \u00fanica en ciencias m\u00e9dicas. Como resultado, Andrea tiene la capacidad de comprender y explicar lesiones y tratamientos complejos durante los juicios. Su parte favorita de la preparaci\u00f3n para el juicio es revisar minuciosamente los registros m\u00e9dicos para identificar y anticipar los detalles que la otra parte utilizar\u00e1 para intentar socavar la reclamaci\u00f3n.<\/p>\n<p>Andrea complet\u00f3 sus estudios de pregrado en la Universidad de Baylor, donde obtuvo una doble licenciatura en Biolog\u00eda y Psicolog\u00eda. Tambi\u00e9n estudi\u00f3 ciencias m\u00e9dicas en el Kirksville College of Osteopathic Medicine y administraci\u00f3n de empresas en la Universidad de Alabama.<\/p>\n<p>Andrea obtuvo su t\u00edtulo de abogada en la Escuela de Derecho de la Universidad de Richmond, donde fue miembro del Moot Court Board y del Client Counseling and Negotiation Board, representando a la universidad en diversas competencias.<\/p>\n<p>Antes de ingresar\u00a0 al equipo de Marks &amp; Harrison, Andrea trabaj\u00f3 recientemente como Consejera Jur\u00eddica para GEICO, defendiendo casos de accidentes y lesiones personales.<\/p>\n<p>Fuera del \u00e1mbito profesional, disfruta pasar tiempo con su esposo y sus tres hijos, escribir, correr, jugar y ver deportes, as\u00ed como explorar Virginia.<\/p>\n","protected":false},"excerpt":{"rendered":"<p>Andrea creci\u00f3 en una peque\u00f1a granja familiar en Romulus, Alabama, donde aprendi\u00f3 el valor del trabajo arduo y la comunidad. Lleg\u00f3 a la pr\u00e1ctica del derecho despu\u00e9s de una carrera en la ense\u00f1anza y con una formaci\u00f3n \u00fanica en ciencias m\u00e9dicas. Como resultado, Andrea tiene la capacidad de comprender y explicar lesiones y tratamientos complejos [&hellip;]<\/p>\n","protected":false},"author":6,"featured_media":921840,"parent":893352,"menu_order":4,"comment_status":"closed","ping_status":"closed","template":"attorney.php","meta":{"_acf_changed":false,"footnotes":""},"class_list":["post-921832","page","type-page","status-publish","has-post-thumbnail","hentry"],"acf":[],"yoast_head":"<!-- This site is optimized with the Yoast SEO plugin v27.1 - https:\/\/yoast.com\/product\/yoast-seo-wordpress\/ -->\n<title>Andrea R. Carver | Marks &amp; Harrison<\/title>\n<meta name=\"description\" content=\"Conozca a Andrea R. Carver, abogada de lesiones personales con experiencia en derecho, ciencia m\u00e9dica y defensa de sus derechos.\" \/>\n<meta name=\"robots\" content=\"noindex, follow, max-snippet:-1, max-image-preview:large, max-video-preview:-1\" \/>\n<meta property=\"og:locale\" content=\"es_ES\" \/>\n<meta property=\"og:type\" content=\"article\" \/>\n<meta property=\"og:title\" content=\"Andrea R. Carver | Marks &amp; Harrison\" \/>\n<meta property=\"og:description\" content=\"Conozca a Andrea R. Carver, abogada de lesiones personales con experiencia en derecho, ciencia m\u00e9dica y defensa de sus derechos.\" \/>\n<meta property=\"og:url\" content=\"https:\/\/marksandharrison.cwdevelop.com\/es\/nuestros-profesionales\/andrea-r-carver\/\" \/>\n<meta property=\"og:site_name\" content=\"marksandharrison.cwdevelop.com Managed WordPress Site\" \/>\n<meta property=\"article:modified_time\" content=\"2026-03-20T09:22:29+00:00\" \/>\n<meta property=\"og:image\" content=\"http:\/\/marksandharrison.cwdevelop.com\/wp-content\/uploads\/2026\/03\/andrea-r-carver-bio-banner.jpg\" \/>\n\t<meta property=\"og:image:width\" content=\"680\" \/>\n\t<meta property=\"og:image:height\" content=\"730\" \/>\n\t<meta property=\"og:image:type\" content=\"image\/jpeg\" \/>\n<meta name=\"twitter:card\" content=\"summary_large_image\" \/>\n<meta name=\"twitter:label1\" content=\"Tiempo de lectura\" \/>\n\t<meta name=\"twitter:data1\" content=\"2 minutos\" \/>\n<script type=\"application\/ld+json\" class=\"yoast-schema-graph\">{\"@context\":\"https:\/\/schema.org\",\"@graph\":[{\"@type\":\"WebPage\",\"@id\":\"https:\/\/marksandharrison.cwdevelop.com\/es\/nuestros-profesionales\/andrea-r-carver\/\",\"url\":\"https:\/\/marksandharrison.cwdevelop.com\/es\/nuestros-profesionales\/andrea-r-carver\/\",\"name\":\"Andrea R. Carver | Marks & Harrison\",\"isPartOf\":{\"@id\":\"https:\/\/marksandharrison.cwdevelop.com\/es\/#website\"},\"primaryImageOfPage\":{\"@id\":\"https:\/\/marksandharrison.cwdevelop.com\/es\/nuestros-profesionales\/andrea-r-carver\/#primaryimage\"},\"image\":{\"@id\":\"https:\/\/marksandharrison.cwdevelop.com\/es\/nuestros-profesionales\/andrea-r-carver\/#primaryimage\"},\"thumbnailUrl\":\"https:\/\/marksandharrison.cwdevelop.com\/wp-content\/uploads\/2026\/03\/andrea-r-carver-bio-banner.jpg\",\"datePublished\":\"2026-03-12T05:22:56+00:00\",\"dateModified\":\"2026-03-20T09:22:29+00:00\",\"description\":\"Conozca a Andrea R. Carver, abogada de lesiones personales con experiencia en derecho, ciencia m\u00e9dica y defensa de sus derechos.\",\"breadcrumb\":{\"@id\":\"https:\/\/marksandharrison.cwdevelop.com\/es\/nuestros-profesionales\/andrea-r-carver\/#breadcrumb\"},\"inLanguage\":\"es\",\"potentialAction\":[{\"@type\":\"ReadAction\",\"target\":[\"https:\/\/marksandharrison.cwdevelop.com\/es\/nuestros-profesionales\/andrea-r-carver\/\"]}]},{\"@type\":\"ImageObject\",\"inLanguage\":\"es\",\"@id\":\"https:\/\/marksandharrison.cwdevelop.com\/es\/nuestros-profesionales\/andrea-r-carver\/#primaryimage\",\"url\":\"https:\/\/marksandharrison.cwdevelop.com\/wp-content\/uploads\/2026\/03\/andrea-r-carver-bio-banner.jpg\",\"contentUrl\":\"https:\/\/marksandharrison.cwdevelop.com\/wp-content\/uploads\/2026\/03\/andrea-r-carver-bio-banner.jpg\",\"width\":680,\"height\":730},{\"@type\":\"BreadcrumbList\",\"@id\":\"https:\/\/marksandharrison.cwdevelop.com\/es\/nuestros-profesionales\/andrea-r-carver\/#breadcrumb\",\"itemListElement\":[{\"@type\":\"ListItem\",\"position\":1,\"name\":\"Inicio\",\"item\":\"https:\/\/marksandharrison.cwdevelop.com\/es\/\"},{\"@type\":\"ListItem\",\"position\":2,\"name\":\"Nuestros Abogados\",\"item\":\"https:\/\/marksandharrison.cwdevelop.com\/es\/nuestros-profesionales\/\"},{\"@type\":\"ListItem\",\"position\":3,\"name\":\"Andrea R. Carver\"}]},{\"@type\":\"WebSite\",\"@id\":\"https:\/\/marksandharrison.cwdevelop.com\/es\/#website\",\"url\":\"https:\/\/marksandharrison.cwdevelop.com\/es\/\",\"name\":\"marksandharrison.cwdevelop.com Managed WordPress Site\",\"description\":\"\",\"potentialAction\":[{\"@type\":\"SearchAction\",\"target\":{\"@type\":\"EntryPoint\",\"urlTemplate\":\"https:\/\/marksandharrison.cwdevelop.com\/es\/?s={search_term_string}\"},\"query-input\":{\"@type\":\"PropertyValueSpecification\",\"valueRequired\":true,\"valueName\":\"search_term_string\"}}],\"inLanguage\":\"es\"}]}<\/script>\n<!-- \/ Yoast SEO plugin. -->","yoast_head_json":{"title":"Andrea R. Carver | Marks & Harrison","description":"Conozca a Andrea R. Carver, abogada de lesiones personales con experiencia en derecho, ciencia m\u00e9dica y defensa de sus derechos.","robots":{"index":"noindex","follow":"follow","max-snippet":"max-snippet:-1","max-image-preview":"max-image-preview:large","max-video-preview":"max-video-preview:-1"},"og_locale":"es_ES","og_type":"article","og_title":"Andrea R. Carver | Marks & Harrison","og_description":"Conozca a Andrea R. Carver, abogada de lesiones personales con experiencia en derecho, ciencia m\u00e9dica y defensa de sus derechos.","og_url":"https:\/\/marksandharrison.cwdevelop.com\/es\/nuestros-profesionales\/andrea-r-carver\/","og_site_name":"marksandharrison.cwdevelop.com Managed WordPress Site","article_modified_time":"2026-03-20T09:22:29+00:00","og_image":[{"width":680,"height":730,"url":"http:\/\/marksandharrison.cwdevelop.com\/wp-content\/uploads\/2026\/03\/andrea-r-carver-bio-banner.jpg","type":"image\/jpeg"}],"twitter_card":"summary_large_image","twitter_misc":{"Tiempo de lectura":"2 minutos"},"schema":{"@context":"https:\/\/schema.org","@graph":[{"@type":"WebPage","@id":"https:\/\/marksandharrison.cwdevelop.com\/es\/nuestros-profesionales\/andrea-r-carver\/","url":"https:\/\/marksandharrison.cwdevelop.com\/es\/nuestros-profesionales\/andrea-r-carver\/","name":"Andrea R. Carver | Marks & Harrison","isPartOf":{"@id":"https:\/\/marksandharrison.cwdevelop.com\/es\/#website"},"primaryImageOfPage":{"@id":"https:\/\/marksandharrison.cwdevelop.com\/es\/nuestros-profesionales\/andrea-r-carver\/#primaryimage"},"image":{"@id":"https:\/\/marksandharrison.cwdevelop.com\/es\/nuestros-profesionales\/andrea-r-carver\/#primaryimage"},"thumbnailUrl":"https:\/\/marksandharrison.cwdevelop.com\/wp-content\/uploads\/2026\/03\/andrea-r-carver-bio-banner.jpg","datePublished":"2026-03-12T05:22:56+00:00","dateModified":"2026-03-20T09:22:29+00:00","description":"Conozca a Andrea R. Carver, abogada de lesiones personales con experiencia en derecho, ciencia m\u00e9dica y defensa de sus derechos.","breadcrumb":{"@id":"https:\/\/marksandharrison.cwdevelop.com\/es\/nuestros-profesionales\/andrea-r-carver\/#breadcrumb"},"inLanguage":"es","potentialAction":[{"@type":"ReadAction","target":["https:\/\/marksandharrison.cwdevelop.com\/es\/nuestros-profesionales\/andrea-r-carver\/"]}]},{"@type":"ImageObject","inLanguage":"es","@id":"https:\/\/marksandharrison.cwdevelop.com\/es\/nuestros-profesionales\/andrea-r-carver\/#primaryimage","url":"https:\/\/marksandharrison.cwdevelop.com\/wp-content\/uploads\/2026\/03\/andrea-r-carver-bio-banner.jpg","contentUrl":"https:\/\/marksandharrison.cwdevelop.com\/wp-content\/uploads\/2026\/03\/andrea-r-carver-bio-banner.jpg","width":680,"height":730},{"@type":"BreadcrumbList","@id":"https:\/\/marksandharrison.cwdevelop.com\/es\/nuestros-profesionales\/andrea-r-carver\/#breadcrumb","itemListElement":[{"@type":"ListItem","position":1,"name":"Inicio","item":"https:\/\/marksandharrison.cwdevelop.com\/es\/"},{"@type":"ListItem","position":2,"name":"Nuestros Abogados","item":"https:\/\/marksandharrison.cwdevelop.com\/es\/nuestros-profesionales\/"},{"@type":"ListItem","position":3,"name":"Andrea R. Carver"}]},{"@type":"WebSite","@id":"https:\/\/marksandharrison.cwdevelop.com\/es\/#website","url":"https:\/\/marksandharrison.cwdevelop.com\/es\/","name":"marksandharrison.cwdevelop.com Managed WordPress Site","description":"","potentialAction":[{"@type":"SearchAction","target":{"@type":"EntryPoint","urlTemplate":"https:\/\/marksandharrison.cwdevelop.com\/es\/?s={search_term_string}"},"query-input":{"@type":"PropertyValueSpecification","valueRequired":true,"valueName":"search_term_string"}}],"inLanguage":"es"}]}},"_links":{"self":[{"href":"https:\/\/marksandharrison.cwdevelop.com\/es\/wp-json\/wp\/v2\/pages\/921832","targetHints":{"allow":["GET"]}}],"collection":[{"href":"https:\/\/marksandharrison.cwdevelop.com\/es\/wp-json\/wp\/v2\/pages"}],"about":[{"href":"https:\/\/marksandharrison.cwdevelop.com\/es\/wp-json\/wp\/v2\/types\/page"}],"author":[{"embeddable":true,"href":"https:\/\/marksandharrison.cwdevelop.com\/es\/wp-json\/wp\/v2\/users\/6"}],"replies":[{"embeddable":true,"href":"https:\/\/marksandharrison.cwdevelop.com\/es\/wp-json\/wp\/v2\/comments?post=921832"}],"version-history":[{"count":0,"href":"https:\/\/marksandharrison.cwdevelop.com\/es\/wp-json\/wp\/v2\/pages\/921832\/revisions"}],"up":[{"embeddable":true,"href":"https:\/\/marksandharrison.cwdevelop.com\/es\/wp-json\/wp\/v2\/pages\/893352"}],"wp:featuredmedia":[{"embeddable":true,"href":"https:\/\/marksandharrison.cwdevelop.com\/es\/wp-json\/wp\/v2\/media\/921840"}],"wp:attachment":[{"href":"https:\/\/marksandharrison.cwdevelop.com\/es\/wp-json\/wp\/v2\/media?parent=921832"}],"curies":[{"name":"wp","href":"https:\/\/api.w.org\/{rel}","templated":true}]}}