{"id":921804,"date":"2026-03-12T05:16:19","date_gmt":"2026-03-12T05:16:19","guid":{"rendered":"https:\/\/marksandharrison.cwdevelop.com\/?page_id=921804"},"modified":"2026-03-20T10:17:37","modified_gmt":"2026-03-20T10:17:37","slug":"alyssa-b-fetterolf","status":"publish","type":"page","link":"https:\/\/marksandharrison.cwdevelop.com\/es\/nuestros-profesionales\/alyssa-b-fetterolf\/","title":{"rendered":"Alyssa B. Fetterolf"},"content":{"rendered":"<p>Alyssa B. Fetterolf es una abogada de Marks &amp; Harrison que aporta una amplia experiencia y una profunda dedicaci\u00f3n al servicio de las personas lesionadas en Virginia. Graduada de la Facultad de Derecho de la Universidad de Richmond, Alyssa ha perfeccionado su experiencia legal en un bufete de abogados de accidentes y lesiones personales y en una firma de defensa de seguros.<\/p>\n<p>Ha desempe\u00f1ado funciones como pasante legal en la Comisi\u00f3n de Defensa de Indigentes de Virginia, en la ACLU de Virginia y en el Tribunal de Distrito de los Estados Unidos para el Distrito Este de Virginia, bajo la direcci\u00f3n del Honorable Juez Trenga. Tambi\u00e9n contribuy\u00f3 como estudiante asociada en la Cl\u00ednica de Defensa Infantil de la Facultad de Derecho de la Universidad de Richmond.<\/p>\n<p>Alyssa siente una profunda pasi\u00f3n por la defensa de los derechos de las personas lesionadas y busca generar un impacto significativo en sus vidas.<\/p>\n","protected":false},"excerpt":{"rendered":"<p>Alyssa B. Fetterolf es una abogada de Marks &amp; Harrison que aporta una amplia experiencia y una profunda dedicaci\u00f3n al servicio de las personas lesionadas en Virginia. Graduada de la Facultad de Derecho de la Universidad de Richmond, Alyssa ha perfeccionado su experiencia legal en un bufete de abogados de accidentes y lesiones personales y [&hellip;]<\/p>\n","protected":false},"author":6,"featured_media":921818,"parent":893352,"menu_order":3,"comment_status":"closed","ping_status":"closed","template":"attorney.php","meta":{"_acf_changed":false,"footnotes":""},"class_list":["post-921804","page","type-page","status-publish","has-post-thumbnail","hentry"],"acf":[],"yoast_head":"<!-- This site is optimized with the Yoast SEO plugin v27.1 - https:\/\/yoast.com\/product\/yoast-seo-wordpress\/ -->\n<title>Alyssa B. Fetterolf | Marks &amp; Harrison<\/title>\n<meta name=\"description\" content=\"Conozca a Alyssa B. Fetterolf, una abogada comprometida con el \u00e9xito de sus clientes en Marks &amp; Harrison.\" \/>\n<meta name=\"robots\" content=\"noindex, follow, max-snippet:-1, max-image-preview:large, max-video-preview:-1\" \/>\n<meta property=\"og:locale\" content=\"es_ES\" \/>\n<meta property=\"og:type\" content=\"article\" \/>\n<meta property=\"og:title\" content=\"Alyssa B. Fetterolf | Marks &amp; Harrison\" \/>\n<meta property=\"og:description\" content=\"Conozca a Alyssa B. Fetterolf, una abogada comprometida con el \u00e9xito de sus clientes en Marks &amp; Harrison.\" \/>\n<meta property=\"og:url\" content=\"https:\/\/marksandharrison.cwdevelop.com\/es\/nuestros-profesionales\/alyssa-b-fetterolf\/\" \/>\n<meta property=\"og:site_name\" content=\"marksandharrison.cwdevelop.com Managed WordPress Site\" \/>\n<meta property=\"article:modified_time\" content=\"2026-03-20T10:17:37+00:00\" \/>\n<meta property=\"og:image\" content=\"http:\/\/marksandharrison.cwdevelop.com\/wp-content\/uploads\/2026\/03\/alyssa-b-fetterolf-bio-banner.jpg\" \/>\n\t<meta property=\"og:image:width\" content=\"680\" \/>\n\t<meta property=\"og:image:height\" content=\"730\" \/>\n\t<meta property=\"og:image:type\" content=\"image\/jpeg\" \/>\n<meta name=\"twitter:card\" content=\"summary_large_image\" \/>\n<meta name=\"twitter:label1\" content=\"Tiempo de lectura\" \/>\n\t<meta name=\"twitter:data1\" content=\"1 minuto\" \/>\n<script type=\"application\/ld+json\" class=\"yoast-schema-graph\">{\"@context\":\"https:\/\/schema.org\",\"@graph\":[{\"@type\":\"WebPage\",\"@id\":\"https:\/\/marksandharrison.cwdevelop.com\/es\/nuestros-profesionales\/alyssa-b-fetterolf\/\",\"url\":\"https:\/\/marksandharrison.cwdevelop.com\/es\/nuestros-profesionales\/alyssa-b-fetterolf\/\",\"name\":\"Alyssa B. Fetterolf | Marks & Harrison\",\"isPartOf\":{\"@id\":\"https:\/\/marksandharrison.cwdevelop.com\/es\/#website\"},\"primaryImageOfPage\":{\"@id\":\"https:\/\/marksandharrison.cwdevelop.com\/es\/nuestros-profesionales\/alyssa-b-fetterolf\/#primaryimage\"},\"image\":{\"@id\":\"https:\/\/marksandharrison.cwdevelop.com\/es\/nuestros-profesionales\/alyssa-b-fetterolf\/#primaryimage\"},\"thumbnailUrl\":\"https:\/\/marksandharrison.cwdevelop.com\/wp-content\/uploads\/2026\/03\/alyssa-b-fetterolf-bio-banner.jpg\",\"datePublished\":\"2026-03-12T05:16:19+00:00\",\"dateModified\":\"2026-03-20T10:17:37+00:00\",\"description\":\"Conozca a Alyssa B. Fetterolf, una abogada comprometida con el \u00e9xito de sus clientes en Marks & Harrison.\",\"breadcrumb\":{\"@id\":\"https:\/\/marksandharrison.cwdevelop.com\/es\/nuestros-profesionales\/alyssa-b-fetterolf\/#breadcrumb\"},\"inLanguage\":\"es\",\"potentialAction\":[{\"@type\":\"ReadAction\",\"target\":[\"https:\/\/marksandharrison.cwdevelop.com\/es\/nuestros-profesionales\/alyssa-b-fetterolf\/\"]}]},{\"@type\":\"ImageObject\",\"inLanguage\":\"es\",\"@id\":\"https:\/\/marksandharrison.cwdevelop.com\/es\/nuestros-profesionales\/alyssa-b-fetterolf\/#primaryimage\",\"url\":\"https:\/\/marksandharrison.cwdevelop.com\/wp-content\/uploads\/2026\/03\/alyssa-b-fetterolf-bio-banner.jpg\",\"contentUrl\":\"https:\/\/marksandharrison.cwdevelop.com\/wp-content\/uploads\/2026\/03\/alyssa-b-fetterolf-bio-banner.jpg\",\"width\":680,\"height\":730},{\"@type\":\"BreadcrumbList\",\"@id\":\"https:\/\/marksandharrison.cwdevelop.com\/es\/nuestros-profesionales\/alyssa-b-fetterolf\/#breadcrumb\",\"itemListElement\":[{\"@type\":\"ListItem\",\"position\":1,\"name\":\"Inicio\",\"item\":\"https:\/\/marksandharrison.cwdevelop.com\/es\/\"},{\"@type\":\"ListItem\",\"position\":2,\"name\":\"Nuestros Abogados\",\"item\":\"https:\/\/marksandharrison.cwdevelop.com\/es\/nuestros-profesionales\/\"},{\"@type\":\"ListItem\",\"position\":3,\"name\":\"Alyssa B. Fetterolf\"}]},{\"@type\":\"WebSite\",\"@id\":\"https:\/\/marksandharrison.cwdevelop.com\/es\/#website\",\"url\":\"https:\/\/marksandharrison.cwdevelop.com\/es\/\",\"name\":\"marksandharrison.cwdevelop.com Managed WordPress Site\",\"description\":\"\",\"potentialAction\":[{\"@type\":\"SearchAction\",\"target\":{\"@type\":\"EntryPoint\",\"urlTemplate\":\"https:\/\/marksandharrison.cwdevelop.com\/es\/?s={search_term_string}\"},\"query-input\":{\"@type\":\"PropertyValueSpecification\",\"valueRequired\":true,\"valueName\":\"search_term_string\"}}],\"inLanguage\":\"es\"}]}<\/script>\n<!-- \/ Yoast SEO plugin. -->","yoast_head_json":{"title":"Alyssa B. Fetterolf | Marks & Harrison","description":"Conozca a Alyssa B. Fetterolf, una abogada comprometida con el \u00e9xito de sus clientes en Marks & Harrison.","robots":{"index":"noindex","follow":"follow","max-snippet":"max-snippet:-1","max-image-preview":"max-image-preview:large","max-video-preview":"max-video-preview:-1"},"og_locale":"es_ES","og_type":"article","og_title":"Alyssa B. Fetterolf | Marks & Harrison","og_description":"Conozca a Alyssa B. Fetterolf, una abogada comprometida con el \u00e9xito de sus clientes en Marks & Harrison.","og_url":"https:\/\/marksandharrison.cwdevelop.com\/es\/nuestros-profesionales\/alyssa-b-fetterolf\/","og_site_name":"marksandharrison.cwdevelop.com Managed WordPress Site","article_modified_time":"2026-03-20T10:17:37+00:00","og_image":[{"width":680,"height":730,"url":"http:\/\/marksandharrison.cwdevelop.com\/wp-content\/uploads\/2026\/03\/alyssa-b-fetterolf-bio-banner.jpg","type":"image\/jpeg"}],"twitter_card":"summary_large_image","twitter_misc":{"Tiempo de lectura":"1 minuto"},"schema":{"@context":"https:\/\/schema.org","@graph":[{"@type":"WebPage","@id":"https:\/\/marksandharrison.cwdevelop.com\/es\/nuestros-profesionales\/alyssa-b-fetterolf\/","url":"https:\/\/marksandharrison.cwdevelop.com\/es\/nuestros-profesionales\/alyssa-b-fetterolf\/","name":"Alyssa B. Fetterolf | Marks & Harrison","isPartOf":{"@id":"https:\/\/marksandharrison.cwdevelop.com\/es\/#website"},"primaryImageOfPage":{"@id":"https:\/\/marksandharrison.cwdevelop.com\/es\/nuestros-profesionales\/alyssa-b-fetterolf\/#primaryimage"},"image":{"@id":"https:\/\/marksandharrison.cwdevelop.com\/es\/nuestros-profesionales\/alyssa-b-fetterolf\/#primaryimage"},"thumbnailUrl":"https:\/\/marksandharrison.cwdevelop.com\/wp-content\/uploads\/2026\/03\/alyssa-b-fetterolf-bio-banner.jpg","datePublished":"2026-03-12T05:16:19+00:00","dateModified":"2026-03-20T10:17:37+00:00","description":"Conozca a Alyssa B. Fetterolf, una abogada comprometida con el \u00e9xito de sus clientes en Marks & Harrison.","breadcrumb":{"@id":"https:\/\/marksandharrison.cwdevelop.com\/es\/nuestros-profesionales\/alyssa-b-fetterolf\/#breadcrumb"},"inLanguage":"es","potentialAction":[{"@type":"ReadAction","target":["https:\/\/marksandharrison.cwdevelop.com\/es\/nuestros-profesionales\/alyssa-b-fetterolf\/"]}]},{"@type":"ImageObject","inLanguage":"es","@id":"https:\/\/marksandharrison.cwdevelop.com\/es\/nuestros-profesionales\/alyssa-b-fetterolf\/#primaryimage","url":"https:\/\/marksandharrison.cwdevelop.com\/wp-content\/uploads\/2026\/03\/alyssa-b-fetterolf-bio-banner.jpg","contentUrl":"https:\/\/marksandharrison.cwdevelop.com\/wp-content\/uploads\/2026\/03\/alyssa-b-fetterolf-bio-banner.jpg","width":680,"height":730},{"@type":"BreadcrumbList","@id":"https:\/\/marksandharrison.cwdevelop.com\/es\/nuestros-profesionales\/alyssa-b-fetterolf\/#breadcrumb","itemListElement":[{"@type":"ListItem","position":1,"name":"Inicio","item":"https:\/\/marksandharrison.cwdevelop.com\/es\/"},{"@type":"ListItem","position":2,"name":"Nuestros Abogados","item":"https:\/\/marksandharrison.cwdevelop.com\/es\/nuestros-profesionales\/"},{"@type":"ListItem","position":3,"name":"Alyssa B. Fetterolf"}]},{"@type":"WebSite","@id":"https:\/\/marksandharrison.cwdevelop.com\/es\/#website","url":"https:\/\/marksandharrison.cwdevelop.com\/es\/","name":"marksandharrison.cwdevelop.com Managed WordPress Site","description":"","potentialAction":[{"@type":"SearchAction","target":{"@type":"EntryPoint","urlTemplate":"https:\/\/marksandharrison.cwdevelop.com\/es\/?s={search_term_string}"},"query-input":{"@type":"PropertyValueSpecification","valueRequired":true,"valueName":"search_term_string"}}],"inLanguage":"es"}]}},"_links":{"self":[{"href":"https:\/\/marksandharrison.cwdevelop.com\/es\/wp-json\/wp\/v2\/pages\/921804","targetHints":{"allow":["GET"]}}],"collection":[{"href":"https:\/\/marksandharrison.cwdevelop.com\/es\/wp-json\/wp\/v2\/pages"}],"about":[{"href":"https:\/\/marksandharrison.cwdevelop.com\/es\/wp-json\/wp\/v2\/types\/page"}],"author":[{"embeddable":true,"href":"https:\/\/marksandharrison.cwdevelop.com\/es\/wp-json\/wp\/v2\/users\/6"}],"replies":[{"embeddable":true,"href":"https:\/\/marksandharrison.cwdevelop.com\/es\/wp-json\/wp\/v2\/comments?post=921804"}],"version-history":[{"count":0,"href":"https:\/\/marksandharrison.cwdevelop.com\/es\/wp-json\/wp\/v2\/pages\/921804\/revisions"}],"up":[{"embeddable":true,"href":"https:\/\/marksandharrison.cwdevelop.com\/es\/wp-json\/wp\/v2\/pages\/893352"}],"wp:featuredmedia":[{"embeddable":true,"href":"https:\/\/marksandharrison.cwdevelop.com\/es\/wp-json\/wp\/v2\/media\/921818"}],"wp:attachment":[{"href":"https:\/\/marksandharrison.cwdevelop.com\/es\/wp-json\/wp\/v2\/media?parent=921804"}],"curies":[{"name":"wp","href":"https:\/\/api.w.org\/{rel}","templated":true}]}}