{"id":911380,"date":"2026-02-21T13:09:35","date_gmt":"2026-02-21T13:09:35","guid":{"rendered":"https:\/\/marksandharrison.cwdevelop.com\/?page_id=911380"},"modified":"2026-03-31T06:12:09","modified_gmt":"2026-03-31T06:12:09","slug":"oficina-de-hopewell","status":"publish","type":"page","link":"https:\/\/marksandharrison.cwdevelop.com\/es\/oficina-de-hopewell\/","title":{"rendered":"Abogado de lesiones personales en Hopewell"},"content":{"rendered":"<p>Con profundas ra\u00edces en Hopewell, el despacho de abogados de lesiones personales Marks &amp; Harrison se enorgullece de servir a los residentes de la ciudad y a las comunidades circundantes.<\/p>\n<p>De hecho, uno de los socios fundadores del despacho, David A. Harrison, Jr., obtuvo la carta constitutiva de la Ciudad de Hopewell, lo que le vali\u00f3 el apodo de \u201cPadre de Hopewell\u201d. Fue el primer fiscal del Commonwealth de Hopewell, as\u00ed como el alcalde de la ciudad.<\/p>\n<p><img loading=\"lazy\" decoding=\"async\" class=\"alignright wp-image-813230 size-medium\" src=\"http:\/\/marksandharrison.cwdevelop.com\/wp-content\/uploads\/2020\/06\/Hopewell-300x183.jpg\" alt=\"\" width=\"300\" height=\"183\" srcset=\"https:\/\/marksandharrison.cwdevelop.com\/wp-content\/uploads\/2020\/06\/Hopewell-300x183.jpg 300w, https:\/\/marksandharrison.cwdevelop.com\/wp-content\/uploads\/2020\/06\/Hopewell.jpg 422w\" sizes=\"auto, (max-width: 300px) 100vw, 300px\" \/>Una fotograf\u00eda de otro de nuestros socios fundadores, C. Hardaway Marks, puede encontrarse colgada en el vest\u00edbulo del Tribunal de Circuito de Hopewell. Los puentes sobre el r\u00edo Appomattox fueron nombrados en su honor en 1998.<\/p>\n<p>En 2011, The Hopewell News &amp; Patriot public\u00f3 un excelente art\u00edculo sobre los 100 a\u00f1os de servicio de nuestro despacho en el \u00e1rea de Tri-Cities.<\/p>\n<p>Continuando con la tradici\u00f3n de nuestros socios fundadores de brindar representaci\u00f3n legal altamente profesional, capacitada y combativa a las v\u00edctimas de accidentes y lesiones, nuestro abogado principal en la oficina de Hopewell es Lee J. Bujakowski.<\/p>\n<p>Lee es ampliamente conocido en la comunidad por haber sido el mariscal de campo del equipo de f\u00fatbol americano de Hopewell High School que gan\u00f3 el campeonato estatal en 2003, y posteriormente capit\u00e1n del equipo de b\u00e9isbol de James Madison University. Regres\u00f3 a su ciudad natal para ejercer la abogac\u00eda despu\u00e9s de graduarse de la Facultad de Derecho de la Tulane University.<\/p>\n<h2>Nuestra participaci\u00f3n con la comunidad de Hopewell<\/h2>\n<p>Nuestro despacho de lesiones personales en Hopewell contin\u00faa estando altamente involucrado con la comunidad dentro y alrededor de Hopewell a trav\u00e9s de diversos proyectos y actividades, incluyendo el trabajo con los Hopewell Jaycees para hacer posible el desfile anual de Navidad. Tambi\u00e9n patrocinamos el torneo anual de golf de los Hopewell Jaycees para apoyar a James House y al Wounded Warrior Project.<\/p>\n<p>Marks &amp; Harrison tambi\u00e9n ha patrocinado y participado en el City Point 5K, el cual recauda fondos para la Hopewell Recreation and Parks Foundation y la Hopewell Public School Foundation.<\/p>\n<p>Cada a\u00f1o, puede estar seguro de encontrarnos con nuestro stand en la competencia anual de BBQ de cerdo Get Your Butts to Broadway, patrocinada por la Hopewell Downtown Partnership.<\/p>\n<p>Tambi\u00e9n somos orgullosos patrocinadores del deporte en Hopewell High School y financiamos un nuevo marcador en el campo de la escuela.<\/p>\n","protected":false},"excerpt":{"rendered":"<p>Con profundas ra\u00edces en Hopewell, el despacho de abogados de lesiones personales Marks &amp; Harrison se enorgullece de servir a los residentes de la ciudad y a las comunidades circundantes. De hecho, uno de los socios fundadores del despacho, David A. Harrison, Jr., obtuvo la carta constitutiva de la Ciudad de Hopewell, lo que le [&hellip;]<\/p>\n","protected":false},"author":6,"featured_media":918598,"parent":0,"menu_order":180,"comment_status":"closed","ping_status":"closed","template":"location.php","meta":{"_acf_changed":false,"footnotes":""},"class_list":["post-911380","page","type-page","status-publish","has-post-thumbnail","hentry"],"acf":[],"yoast_head":"<!-- This site is optimized with the Yoast SEO plugin v27.1 - https:\/\/yoast.com\/product\/yoast-seo-wordpress\/ -->\n<title>Abogado de lesiones personales en Hopewell, VA | Marks &amp; Harrison<\/title>\n<meta name=\"description\" content=\"Si usted result\u00f3 lesionado en un accidente, nuestro equipo puede ayudarle. Llame hoy para una consulta gratuita.\" \/>\n<meta name=\"robots\" content=\"noindex, follow, max-snippet:-1, max-image-preview:large, max-video-preview:-1\" \/>\n<meta property=\"og:locale\" content=\"es_ES\" \/>\n<meta property=\"og:type\" content=\"article\" \/>\n<meta property=\"og:title\" content=\"Abogado de lesiones personales en Hopewell, VA | Marks &amp; Harrison\" \/>\n<meta property=\"og:description\" content=\"Si usted result\u00f3 lesionado en un accidente, nuestro equipo puede ayudarle. Llame hoy para una consulta gratuita.\" \/>\n<meta property=\"og:url\" content=\"https:\/\/marksandharrison.cwdevelop.com\/es\/oficina-de-hopewell\/\" \/>\n<meta property=\"og:site_name\" content=\"marksandharrison.cwdevelop.com Managed WordPress Site\" \/>\n<meta property=\"article:modified_time\" content=\"2026-03-31T06:12:09+00:00\" \/>\n<meta property=\"og:image\" content=\"http:\/\/marksandharrison.cwdevelop.com\/wp-content\/uploads\/2026\/03\/oficina-de-hopewell.png\" \/>\n\t<meta property=\"og:image:width\" content=\"1150\" \/>\n\t<meta property=\"og:image:height\" content=\"350\" \/>\n\t<meta property=\"og:image:type\" content=\"image\/png\" \/>\n<meta name=\"twitter:card\" content=\"summary_large_image\" \/>\n<meta name=\"twitter:label1\" content=\"Tiempo de lectura\" \/>\n\t<meta name=\"twitter:data1\" content=\"3 minutos\" \/>\n<script type=\"application\/ld+json\" class=\"yoast-schema-graph\">{\"@context\":\"https:\/\/schema.org\",\"@graph\":[{\"@type\":\"WebPage\",\"@id\":\"https:\/\/marksandharrison.cwdevelop.com\/es\/oficina-de-hopewell\/\",\"url\":\"https:\/\/marksandharrison.cwdevelop.com\/es\/oficina-de-hopewell\/\",\"name\":\"Abogado de lesiones personales en Hopewell, VA | Marks & Harrison\",\"isPartOf\":{\"@id\":\"https:\/\/marksandharrison.cwdevelop.com\/es\/#website\"},\"primaryImageOfPage\":{\"@id\":\"https:\/\/marksandharrison.cwdevelop.com\/es\/oficina-de-hopewell\/#primaryimage\"},\"image\":{\"@id\":\"https:\/\/marksandharrison.cwdevelop.com\/es\/oficina-de-hopewell\/#primaryimage\"},\"thumbnailUrl\":\"https:\/\/marksandharrison.cwdevelop.com\/wp-content\/uploads\/2026\/03\/oficina-de-hopewell.png\",\"datePublished\":\"2026-02-21T13:09:35+00:00\",\"dateModified\":\"2026-03-31T06:12:09+00:00\",\"description\":\"Si usted result\u00f3 lesionado en un accidente, nuestro equipo puede ayudarle. Llame hoy para una consulta gratuita.\",\"breadcrumb\":{\"@id\":\"https:\/\/marksandharrison.cwdevelop.com\/es\/oficina-de-hopewell\/#breadcrumb\"},\"inLanguage\":\"es\",\"potentialAction\":[{\"@type\":\"ReadAction\",\"target\":[\"https:\/\/marksandharrison.cwdevelop.com\/es\/oficina-de-hopewell\/\"]}]},{\"@type\":\"ImageObject\",\"inLanguage\":\"es\",\"@id\":\"https:\/\/marksandharrison.cwdevelop.com\/es\/oficina-de-hopewell\/#primaryimage\",\"url\":\"https:\/\/marksandharrison.cwdevelop.com\/wp-content\/uploads\/2026\/03\/oficina-de-hopewell.png\",\"contentUrl\":\"https:\/\/marksandharrison.cwdevelop.com\/wp-content\/uploads\/2026\/03\/oficina-de-hopewell.png\",\"width\":1150,\"height\":350},{\"@type\":\"BreadcrumbList\",\"@id\":\"https:\/\/marksandharrison.cwdevelop.com\/es\/oficina-de-hopewell\/#breadcrumb\",\"itemListElement\":[{\"@type\":\"ListItem\",\"position\":1,\"name\":\"Inicio\",\"item\":\"https:\/\/marksandharrison.cwdevelop.com\/es\/\"},{\"@type\":\"ListItem\",\"position\":2,\"name\":\"Abogado de lesiones personales en Hopewell\"}]},{\"@type\":\"WebSite\",\"@id\":\"https:\/\/marksandharrison.cwdevelop.com\/es\/#website\",\"url\":\"https:\/\/marksandharrison.cwdevelop.com\/es\/\",\"name\":\"marksandharrison.cwdevelop.com Managed WordPress Site\",\"description\":\"\",\"potentialAction\":[{\"@type\":\"SearchAction\",\"target\":{\"@type\":\"EntryPoint\",\"urlTemplate\":\"https:\/\/marksandharrison.cwdevelop.com\/es\/?s={search_term_string}\"},\"query-input\":{\"@type\":\"PropertyValueSpecification\",\"valueRequired\":true,\"valueName\":\"search_term_string\"}}],\"inLanguage\":\"es\"}]}<\/script>\n<!-- \/ Yoast SEO plugin. -->","yoast_head_json":{"title":"Abogado de lesiones personales en Hopewell, VA | Marks & Harrison","description":"Si usted result\u00f3 lesionado en un accidente, nuestro equipo puede ayudarle. Llame hoy para una consulta gratuita.","robots":{"index":"noindex","follow":"follow","max-snippet":"max-snippet:-1","max-image-preview":"max-image-preview:large","max-video-preview":"max-video-preview:-1"},"og_locale":"es_ES","og_type":"article","og_title":"Abogado de lesiones personales en Hopewell, VA | Marks & Harrison","og_description":"Si usted result\u00f3 lesionado en un accidente, nuestro equipo puede ayudarle. Llame hoy para una consulta gratuita.","og_url":"https:\/\/marksandharrison.cwdevelop.com\/es\/oficina-de-hopewell\/","og_site_name":"marksandharrison.cwdevelop.com Managed WordPress Site","article_modified_time":"2026-03-31T06:12:09+00:00","og_image":[{"width":1150,"height":350,"url":"http:\/\/marksandharrison.cwdevelop.com\/wp-content\/uploads\/2026\/03\/oficina-de-hopewell.png","type":"image\/png"}],"twitter_card":"summary_large_image","twitter_misc":{"Tiempo de lectura":"3 minutos"},"schema":{"@context":"https:\/\/schema.org","@graph":[{"@type":"WebPage","@id":"https:\/\/marksandharrison.cwdevelop.com\/es\/oficina-de-hopewell\/","url":"https:\/\/marksandharrison.cwdevelop.com\/es\/oficina-de-hopewell\/","name":"Abogado de lesiones personales en Hopewell, VA | Marks & Harrison","isPartOf":{"@id":"https:\/\/marksandharrison.cwdevelop.com\/es\/#website"},"primaryImageOfPage":{"@id":"https:\/\/marksandharrison.cwdevelop.com\/es\/oficina-de-hopewell\/#primaryimage"},"image":{"@id":"https:\/\/marksandharrison.cwdevelop.com\/es\/oficina-de-hopewell\/#primaryimage"},"thumbnailUrl":"https:\/\/marksandharrison.cwdevelop.com\/wp-content\/uploads\/2026\/03\/oficina-de-hopewell.png","datePublished":"2026-02-21T13:09:35+00:00","dateModified":"2026-03-31T06:12:09+00:00","description":"Si usted result\u00f3 lesionado en un accidente, nuestro equipo puede ayudarle. Llame hoy para una consulta gratuita.","breadcrumb":{"@id":"https:\/\/marksandharrison.cwdevelop.com\/es\/oficina-de-hopewell\/#breadcrumb"},"inLanguage":"es","potentialAction":[{"@type":"ReadAction","target":["https:\/\/marksandharrison.cwdevelop.com\/es\/oficina-de-hopewell\/"]}]},{"@type":"ImageObject","inLanguage":"es","@id":"https:\/\/marksandharrison.cwdevelop.com\/es\/oficina-de-hopewell\/#primaryimage","url":"https:\/\/marksandharrison.cwdevelop.com\/wp-content\/uploads\/2026\/03\/oficina-de-hopewell.png","contentUrl":"https:\/\/marksandharrison.cwdevelop.com\/wp-content\/uploads\/2026\/03\/oficina-de-hopewell.png","width":1150,"height":350},{"@type":"BreadcrumbList","@id":"https:\/\/marksandharrison.cwdevelop.com\/es\/oficina-de-hopewell\/#breadcrumb","itemListElement":[{"@type":"ListItem","position":1,"name":"Inicio","item":"https:\/\/marksandharrison.cwdevelop.com\/es\/"},{"@type":"ListItem","position":2,"name":"Abogado de lesiones personales en Hopewell"}]},{"@type":"WebSite","@id":"https:\/\/marksandharrison.cwdevelop.com\/es\/#website","url":"https:\/\/marksandharrison.cwdevelop.com\/es\/","name":"marksandharrison.cwdevelop.com Managed WordPress Site","description":"","potentialAction":[{"@type":"SearchAction","target":{"@type":"EntryPoint","urlTemplate":"https:\/\/marksandharrison.cwdevelop.com\/es\/?s={search_term_string}"},"query-input":{"@type":"PropertyValueSpecification","valueRequired":true,"valueName":"search_term_string"}}],"inLanguage":"es"}]}},"_links":{"self":[{"href":"https:\/\/marksandharrison.cwdevelop.com\/es\/wp-json\/wp\/v2\/pages\/911380","targetHints":{"allow":["GET"]}}],"collection":[{"href":"https:\/\/marksandharrison.cwdevelop.com\/es\/wp-json\/wp\/v2\/pages"}],"about":[{"href":"https:\/\/marksandharrison.cwdevelop.com\/es\/wp-json\/wp\/v2\/types\/page"}],"author":[{"embeddable":true,"href":"https:\/\/marksandharrison.cwdevelop.com\/es\/wp-json\/wp\/v2\/users\/6"}],"replies":[{"embeddable":true,"href":"https:\/\/marksandharrison.cwdevelop.com\/es\/wp-json\/wp\/v2\/comments?post=911380"}],"version-history":[{"count":0,"href":"https:\/\/marksandharrison.cwdevelop.com\/es\/wp-json\/wp\/v2\/pages\/911380\/revisions"}],"wp:featuredmedia":[{"embeddable":true,"href":"https:\/\/marksandharrison.cwdevelop.com\/es\/wp-json\/wp\/v2\/media\/918598"}],"wp:attachment":[{"href":"https:\/\/marksandharrison.cwdevelop.com\/es\/wp-json\/wp\/v2\/media?parent=911380"}],"curies":[{"name":"wp","href":"https:\/\/api.w.org\/{rel}","templated":true}]}}