{"id":911337,"date":"2026-02-21T10:20:23","date_gmt":"2026-02-21T10:20:23","guid":{"rendered":"https:\/\/marksandharrison.cwdevelop.com\/?page_id=911337"},"modified":"2026-03-15T11:23:25","modified_gmt":"2026-03-15T11:23:25","slug":"fredericksburg-office","status":"publish","type":"page","link":"https:\/\/marksandharrison.cwdevelop.com\/es\/fredericksburg-office\/","title":{"rendered":"Oficina en Fredericksburg"},"content":{"rendered":"<p>Marks &amp; Harrison ofrece a los clientes de Fredericksburg y sus alrededores todas las fortalezas y recursos que usted deber\u00eda esperar de uno de los bufetes de abogados de lesiones personales m\u00e1s grandes del estado.<\/p>\n<p><strong>Bryan L. Meadows<\/strong>\u00a0se desempe\u00f1a como nuestro abogado principal de lesiones personales en Fredericksburg. Aborda de manera en\u00e9rgica la b\u00fasqueda de soluciones legales para nuestros clientes, incluso poniendo a trabajar a nuestro equipo de investigadores veteranos tan pronto como aceptamos un caso.<\/p>\n<p><em><img loading=\"lazy\" decoding=\"async\" class=\"size-medium wp-image-813226 alignright\" src=\"http:\/\/marksandharrison.cwdevelop.com\/wp-content\/uploads\/2020\/06\/Fredericksburg-300x183.jpg\" alt=\"\" width=\"300\" height=\"183\" srcset=\"https:\/\/marksandharrison.cwdevelop.com\/wp-content\/uploads\/2020\/06\/Fredericksburg-300x183.jpg 300w, https:\/\/marksandharrison.cwdevelop.com\/wp-content\/uploads\/2020\/06\/Fredericksburg.jpg 422w\" sizes=\"auto, (max-width: 300px) 100vw, 300px\" \/>Si usted ha sufrido una lesi\u00f3n sin tener culpa alguna o ha resultado herido en el trabajo, puede programar una reuni\u00f3n inmediata con Marks &amp; Harrison en Fredericksburg.<\/em><\/p>\n<p>Nos encontramos en una ubicaci\u00f3n c\u00e9ntrica sobre la Ruta 1, frente al DMV en Fredericksburg, que tambi\u00e9n alberga a la\u00a0<a href=\"https:\/\/www.umw.edu\/\" target=\"_blank\" rel=\"noopener\">Universidad de Mary Washington<\/a>\u00a0y a muchas zonas que han prosperado en los \u00faltimos a\u00f1os gracias al programa de desarrollo econ\u00f3mico HUBZone.<\/p>\n\n\t\t\t\t\n\t\t\t\t\t<div itemtype=\"https:\/\/schema.org\/VideoObject\" itemscope=\"\" id=\"video_play-911352\" class=\" vid-aligncenter\" style=\"display:block\">\n\t\t\t\t\t\t<meta itemprop=\"name\" content=\"Marks and Harrison: Proud Sponsor of the Fredericksburg Nationals Baseball Team\" \/>\n\t\t\t\t\t\t<meta itemprop=\"thumbnailURL\" content=\"https:\/\/i.ytimg.com\/vi\/wa8YPdj6tQQ\/hqdefault.jpg\" \/>\n\t\t\t\t\t\t<meta itemprop=\"uploadDate\" content=\"21 de febrero de 2026\">\n\t\t\t\t\t\t\t\t\t\t\t\t\t<meta itemprop=\"embedURL\" content=\"https:\/\/www.youtube.com\/watch?v=wa8YPdj6tQQ\" \/>\n\t\t\t\t\t\t\t<iframe loading=\"lazy\" class=\"cw_video_single\" src=\"https:\/\/www.youtube.com\/embed\/wa8YPdj6tQQ?rel=0&amp;showinfo=1&amp;autoplay=0\" allowfullscreen=\"allowfullscreen\" width=\"100%\" height=\"480px\" ><\/iframe>\n\t\t\t\t\t\t\n\t\t\t\t\t\t\n\t\t\t\t\t\t\t\t\t\t\t\t\t\t\t<meta itemprop=\"description\" content=\"https:\/\/www.marksandharrison.com\/our-locations\/fredericksburg-office\/\r\n\r\nFollow us on Facebook: \r\nhttps:\/\/www.facebook.com\/marksandharrison\r\nFollow us on Twitter: \r\nhttps:\/\/twitter.com\/mandhlaw\r\n\r\nContact us at http:\/\/www.marksandharrison.com\/contact-us\/\" \/>\n\t\t\t\t\t\t\t\n\t\t\t\t\t\t\n\t\t\t\t\t<\/div>\n\n\t\t\t\t\n\n\n\n\t\t\t\n\t\t\t\t\n<h2>Un siglo de experiencia ayudando a las v\u00edctimas de lesiones personales en Fredericksburg<\/h2>\n<p>Marks &amp; Harrison ha atendido durante m\u00e1s de 100 a\u00f1os a v\u00edctimas de accidentes y lesiones, as\u00ed como a sus familias, en Fredericksburg y en todo Virginia, lo que nos convierte en uno de los bufetes de abogados m\u00e1s antiguos de la Commonwealth. Tambi\u00e9n somos uno de los despachos de lesiones personales m\u00e1s grandes de Virginia, con oficinas en Fredericksburg y en otras doce ciudades, incluida nuestra sede en Richmond. Nuestro equipo legal est\u00e1 integrado por m\u00e1s de 100 abogados, asistentes legales e investigadores.<\/p>\n<p><img loading=\"lazy\" decoding=\"async\" class=\"alignleft wp-image-790147 size-thumbnail\" src=\"http:\/\/marksandharrison.cwdevelop.com\/wp-content\/uploads\/2020\/03\/best-lawyers-logo-150x150.png\" alt=\"\" width=\"150\" height=\"150\" \/> <img loading=\"lazy\" decoding=\"async\" class=\"size-full wp-image-881653 alignleft\" src=\"http:\/\/marksandharrison.cwdevelop.com\/wp-content\/uploads\/2021\/09\/Best-of-the-Burg0Finalsit-2024.png\" alt=\"\" width=\"190\" height=\"139\" \/>Nuestro bufete ha sido reconocido como un \u201cMejor Bufete de Abogados\u201d por U.S. News \u2013 Best Lawyers\u00ae, una distinci\u00f3n basada en las evaluaciones de nuestros colegas en la profesi\u00f3n legal.<\/p>\n<p>Asimismo, Marks &amp; Harrison ha sido elegido como el Mejor Bufete de Abogados en Fredericksburg por el concurso anual \u201cBest of the Burg\u201d.<\/p>\n<p>Perm\u00edtanos poner nuestras habilidades, experiencia y recursos a trabajar para usted hoy mismo.<\/p>\n","protected":false},"excerpt":{"rendered":"<p>Marks &amp; Harrison ofrece a los clientes de Fredericksburg y sus alrededores todas las fortalezas y recursos que usted deber\u00eda esperar de uno de los bufetes de abogados de lesiones personales m\u00e1s grandes del estado. Bryan L. Meadows\u00a0se desempe\u00f1a como nuestro abogado principal de lesiones personales en Fredericksburg. Aborda de manera en\u00e9rgica la b\u00fasqueda de [&hellip;]<\/p>\n","protected":false},"author":6,"featured_media":912923,"parent":0,"menu_order":179,"comment_status":"closed","ping_status":"closed","template":"location.php","meta":{"_acf_changed":false,"footnotes":""},"class_list":["post-911337","page","type-page","status-publish","has-post-thumbnail","hentry"],"acf":[],"yoast_head":"<!-- This site is optimized with the Yoast SEO plugin v27.1 - https:\/\/yoast.com\/product\/yoast-seo-wordpress\/ -->\n<title>Abogado de lesiones personales en Fredericksburg, VA | Marks &amp; Harrison<\/title>\n<meta name=\"description\" content=\"Reciba apoyo legal en Fredericksburg tras un accidente o negligencia. Nuestro equipo le ayuda a buscar la compensaci\u00f3n que merece por sus lesiones personales.\" \/>\n<meta name=\"robots\" content=\"noindex, follow, max-snippet:-1, max-image-preview:large, max-video-preview:-1\" \/>\n<meta property=\"og:locale\" content=\"es_ES\" \/>\n<meta property=\"og:type\" content=\"article\" \/>\n<meta property=\"og:title\" content=\"Abogado de lesiones personales en Fredericksburg, VA | Marks &amp; Harrison\" \/>\n<meta property=\"og:description\" content=\"Reciba apoyo legal en Fredericksburg tras un accidente o negligencia. Nuestro equipo le ayuda a buscar la compensaci\u00f3n que merece por sus lesiones personales.\" \/>\n<meta property=\"og:url\" content=\"https:\/\/marksandharrison.cwdevelop.com\/es\/fredericksburg-office\/\" \/>\n<meta property=\"og:site_name\" content=\"marksandharrison.cwdevelop.com Managed WordPress Site\" \/>\n<meta property=\"article:modified_time\" content=\"2026-03-15T11:23:25+00:00\" \/>\n<meta property=\"og:image\" content=\"http:\/\/marksandharrison.cwdevelop.com\/wp-content\/uploads\/2026\/02\/fredericksburg-office.png\" \/>\n\t<meta property=\"og:image:width\" content=\"1150\" \/>\n\t<meta property=\"og:image:height\" content=\"350\" \/>\n\t<meta property=\"og:image:type\" content=\"image\/png\" \/>\n<meta name=\"twitter:card\" content=\"summary_large_image\" \/>\n<meta name=\"twitter:label1\" content=\"Tiempo de lectura\" \/>\n\t<meta name=\"twitter:data1\" content=\"3 minutos\" \/>\n<script type=\"application\/ld+json\" class=\"yoast-schema-graph\">{\"@context\":\"https:\/\/schema.org\",\"@graph\":[{\"@type\":\"WebPage\",\"@id\":\"https:\/\/marksandharrison.cwdevelop.com\/es\/fredericksburg-office\/\",\"url\":\"https:\/\/marksandharrison.cwdevelop.com\/es\/fredericksburg-office\/\",\"name\":\"Abogado de lesiones personales en Fredericksburg, VA | Marks & Harrison\",\"isPartOf\":{\"@id\":\"https:\/\/marksandharrison.cwdevelop.com\/es\/#website\"},\"primaryImageOfPage\":{\"@id\":\"https:\/\/marksandharrison.cwdevelop.com\/es\/fredericksburg-office\/#primaryimage\"},\"image\":{\"@id\":\"https:\/\/marksandharrison.cwdevelop.com\/es\/fredericksburg-office\/#primaryimage\"},\"thumbnailUrl\":\"https:\/\/marksandharrison.cwdevelop.com\/wp-content\/uploads\/2026\/02\/fredericksburg-office.png\",\"datePublished\":\"2026-02-21T10:20:23+00:00\",\"dateModified\":\"2026-03-15T11:23:25+00:00\",\"description\":\"Reciba apoyo legal en Fredericksburg tras un accidente o negligencia. Nuestro equipo le ayuda a buscar la compensaci\u00f3n que merece por sus lesiones personales.\",\"breadcrumb\":{\"@id\":\"https:\/\/marksandharrison.cwdevelop.com\/es\/fredericksburg-office\/#breadcrumb\"},\"inLanguage\":\"es\",\"potentialAction\":[{\"@type\":\"ReadAction\",\"target\":[\"https:\/\/marksandharrison.cwdevelop.com\/es\/fredericksburg-office\/\"]}]},{\"@type\":\"ImageObject\",\"inLanguage\":\"es\",\"@id\":\"https:\/\/marksandharrison.cwdevelop.com\/es\/fredericksburg-office\/#primaryimage\",\"url\":\"https:\/\/marksandharrison.cwdevelop.com\/wp-content\/uploads\/2026\/02\/fredericksburg-office.png\",\"contentUrl\":\"https:\/\/marksandharrison.cwdevelop.com\/wp-content\/uploads\/2026\/02\/fredericksburg-office.png\",\"width\":1150,\"height\":350},{\"@type\":\"BreadcrumbList\",\"@id\":\"https:\/\/marksandharrison.cwdevelop.com\/es\/fredericksburg-office\/#breadcrumb\",\"itemListElement\":[{\"@type\":\"ListItem\",\"position\":1,\"name\":\"Inicio\",\"item\":\"https:\/\/marksandharrison.cwdevelop.com\/es\/\"},{\"@type\":\"ListItem\",\"position\":2,\"name\":\"Oficina en Fredericksburg\"}]},{\"@type\":\"WebSite\",\"@id\":\"https:\/\/marksandharrison.cwdevelop.com\/es\/#website\",\"url\":\"https:\/\/marksandharrison.cwdevelop.com\/es\/\",\"name\":\"marksandharrison.cwdevelop.com Managed WordPress Site\",\"description\":\"\",\"potentialAction\":[{\"@type\":\"SearchAction\",\"target\":{\"@type\":\"EntryPoint\",\"urlTemplate\":\"https:\/\/marksandharrison.cwdevelop.com\/es\/?s={search_term_string}\"},\"query-input\":{\"@type\":\"PropertyValueSpecification\",\"valueRequired\":true,\"valueName\":\"search_term_string\"}}],\"inLanguage\":\"es\"}]}<\/script>\n<!-- \/ Yoast SEO plugin. -->","yoast_head_json":{"title":"Abogado de lesiones personales en Fredericksburg, VA | Marks & Harrison","description":"Reciba apoyo legal en Fredericksburg tras un accidente o negligencia. Nuestro equipo le ayuda a buscar la compensaci\u00f3n que merece por sus lesiones personales.","robots":{"index":"noindex","follow":"follow","max-snippet":"max-snippet:-1","max-image-preview":"max-image-preview:large","max-video-preview":"max-video-preview:-1"},"og_locale":"es_ES","og_type":"article","og_title":"Abogado de lesiones personales en Fredericksburg, VA | Marks & Harrison","og_description":"Reciba apoyo legal en Fredericksburg tras un accidente o negligencia. Nuestro equipo le ayuda a buscar la compensaci\u00f3n que merece por sus lesiones personales.","og_url":"https:\/\/marksandharrison.cwdevelop.com\/es\/fredericksburg-office\/","og_site_name":"marksandharrison.cwdevelop.com Managed WordPress Site","article_modified_time":"2026-03-15T11:23:25+00:00","og_image":[{"width":1150,"height":350,"url":"http:\/\/marksandharrison.cwdevelop.com\/wp-content\/uploads\/2026\/02\/fredericksburg-office.png","type":"image\/png"}],"twitter_card":"summary_large_image","twitter_misc":{"Tiempo de lectura":"3 minutos"},"schema":{"@context":"https:\/\/schema.org","@graph":[{"@type":"WebPage","@id":"https:\/\/marksandharrison.cwdevelop.com\/es\/fredericksburg-office\/","url":"https:\/\/marksandharrison.cwdevelop.com\/es\/fredericksburg-office\/","name":"Abogado de lesiones personales en Fredericksburg, VA | Marks & Harrison","isPartOf":{"@id":"https:\/\/marksandharrison.cwdevelop.com\/es\/#website"},"primaryImageOfPage":{"@id":"https:\/\/marksandharrison.cwdevelop.com\/es\/fredericksburg-office\/#primaryimage"},"image":{"@id":"https:\/\/marksandharrison.cwdevelop.com\/es\/fredericksburg-office\/#primaryimage"},"thumbnailUrl":"https:\/\/marksandharrison.cwdevelop.com\/wp-content\/uploads\/2026\/02\/fredericksburg-office.png","datePublished":"2026-02-21T10:20:23+00:00","dateModified":"2026-03-15T11:23:25+00:00","description":"Reciba apoyo legal en Fredericksburg tras un accidente o negligencia. Nuestro equipo le ayuda a buscar la compensaci\u00f3n que merece por sus lesiones personales.","breadcrumb":{"@id":"https:\/\/marksandharrison.cwdevelop.com\/es\/fredericksburg-office\/#breadcrumb"},"inLanguage":"es","potentialAction":[{"@type":"ReadAction","target":["https:\/\/marksandharrison.cwdevelop.com\/es\/fredericksburg-office\/"]}]},{"@type":"ImageObject","inLanguage":"es","@id":"https:\/\/marksandharrison.cwdevelop.com\/es\/fredericksburg-office\/#primaryimage","url":"https:\/\/marksandharrison.cwdevelop.com\/wp-content\/uploads\/2026\/02\/fredericksburg-office.png","contentUrl":"https:\/\/marksandharrison.cwdevelop.com\/wp-content\/uploads\/2026\/02\/fredericksburg-office.png","width":1150,"height":350},{"@type":"BreadcrumbList","@id":"https:\/\/marksandharrison.cwdevelop.com\/es\/fredericksburg-office\/#breadcrumb","itemListElement":[{"@type":"ListItem","position":1,"name":"Inicio","item":"https:\/\/marksandharrison.cwdevelop.com\/es\/"},{"@type":"ListItem","position":2,"name":"Oficina en Fredericksburg"}]},{"@type":"WebSite","@id":"https:\/\/marksandharrison.cwdevelop.com\/es\/#website","url":"https:\/\/marksandharrison.cwdevelop.com\/es\/","name":"marksandharrison.cwdevelop.com Managed WordPress Site","description":"","potentialAction":[{"@type":"SearchAction","target":{"@type":"EntryPoint","urlTemplate":"https:\/\/marksandharrison.cwdevelop.com\/es\/?s={search_term_string}"},"query-input":{"@type":"PropertyValueSpecification","valueRequired":true,"valueName":"search_term_string"}}],"inLanguage":"es"}]}},"_links":{"self":[{"href":"https:\/\/marksandharrison.cwdevelop.com\/es\/wp-json\/wp\/v2\/pages\/911337","targetHints":{"allow":["GET"]}}],"collection":[{"href":"https:\/\/marksandharrison.cwdevelop.com\/es\/wp-json\/wp\/v2\/pages"}],"about":[{"href":"https:\/\/marksandharrison.cwdevelop.com\/es\/wp-json\/wp\/v2\/types\/page"}],"author":[{"embeddable":true,"href":"https:\/\/marksandharrison.cwdevelop.com\/es\/wp-json\/wp\/v2\/users\/6"}],"replies":[{"embeddable":true,"href":"https:\/\/marksandharrison.cwdevelop.com\/es\/wp-json\/wp\/v2\/comments?post=911337"}],"version-history":[{"count":0,"href":"https:\/\/marksandharrison.cwdevelop.com\/es\/wp-json\/wp\/v2\/pages\/911337\/revisions"}],"wp:featuredmedia":[{"embeddable":true,"href":"https:\/\/marksandharrison.cwdevelop.com\/es\/wp-json\/wp\/v2\/media\/912923"}],"wp:attachment":[{"href":"https:\/\/marksandharrison.cwdevelop.com\/es\/wp-json\/wp\/v2\/media?parent=911337"}],"curies":[{"name":"wp","href":"https:\/\/api.w.org\/{rel}","templated":true}]}}