{"id":911285,"date":"2026-02-21T09:49:49","date_gmt":"2026-02-21T09:49:49","guid":{"rendered":"https:\/\/marksandharrison.cwdevelop.com\/?page_id=911285"},"modified":"2026-04-09T14:27:58","modified_gmt":"2026-04-09T14:27:58","slug":"oficina-de-charlottesville","status":"publish","type":"page","link":"https:\/\/marksandharrison.cwdevelop.com\/es\/oficina-de-charlottesville\/","title":{"rendered":"Abogado de lesiones personales en Charlottesville"},"content":{"rendered":"<h2>Nuestra firma de abogados de lesiones personales en Charlottesville<\/h2>\n<p><img loading=\"lazy\" decoding=\"async\" class=\"size-medium wp-image-813221 alignleft\" src=\"http:\/\/marksandharrison.cwdevelop.com\/wp-content\/uploads\/2020\/06\/Charlottesville-300x183.jpg\" alt=\"\" width=\"300\" height=\"183\" srcset=\"https:\/\/marksandharrison.cwdevelop.com\/wp-content\/uploads\/2020\/06\/Charlottesville-300x183.jpg 300w, https:\/\/marksandharrison.cwdevelop.com\/wp-content\/uploads\/2020\/06\/Charlottesville.jpg 422w\" sizes=\"auto, (max-width: 300px) 100vw, 300px\" \/>Los abogados de lesiones personales de Marks &amp; Harrison en Charlottesville se sienten orgullosos de sus s\u00f3lidos v\u00ednculos con la comunidad de Charlottesville y de la representaci\u00f3n firme y apasionada que brindan a las personas lesionadas y discapacitadas en todo el condado de Albemarle y las \u00e1reas circundantes.<\/p>\n<p>El abogado principal de nuestra oficina en Charlottesville, William R. \u201cRob\u201d Sievers, obtuvo su licenciatura en Elon University antes de graduarse de The Appalachian School of Law. Contamos con algunos de los mejores abogados de lesiones personales en Charlottesville.<\/p>\n<p>En abril de 2015, Marks &amp; Harrison se traslad\u00f3 con orgullo a su nueva sede en Charlottesville: un edificio de 7,680 pies cuadrados ubicado en 440 Premier Circle, justo al norte de Hydraulic Road sobre la Ruta 29.<\/p>\n<p>El traslado desde nuestra ubicaci\u00f3n original en Peter Jefferson Place a este nuevo edificio nos permiti\u00f3 ampliar los servicios que ofrecemos a clientes en Charlottesville, Albemarle y comunidades cercanas.<\/p>\n\n\t\t\t\t\n\t\t\t\t\t<div itemtype=\"https:\/\/schema.org\/VideoObject\" itemscope=\"\" id=\"video_play-792879\" class=\" vid-aligncenter\" style=\"display:block\">\n\t\t\t\t\t\t<meta itemprop=\"name\" content=\"Virginia Personal Injury Attorneys\" \/>\n\t\t\t\t\t\t<meta itemprop=\"thumbnailURL\" content=\"https:\/\/i.ytimg.com\/vi\/XSbhDKhqa4o\/hqdefault.jpg\" \/>\n\t\t\t\t\t\t<meta itemprop=\"uploadDate\" content=\"21 de febrero de 2026\">\n\t\t\t\t\t\t\t\t\t\t\t\t\t<meta itemprop=\"embedURL\" content=\"https:\/\/www.youtube.com\/watch?v=XSbhDKhqa4o\" \/>\n\t\t\t\t\t\t\t<iframe loading=\"lazy\" class=\"cw_video_single\" src=\"https:\/\/www.youtube.com\/embed\/XSbhDKhqa4o?rel=0&amp;showinfo=1&amp;autoplay=0\" allowfullscreen=\"allowfullscreen\" width=\"100%\" height=\"480px\" ><\/iframe>\n\t\t\t\t\t\t\n\t\t\t\t\t\t\n\t\t\t\t\t\t\t\t\t\t\t\t\t\t\t<meta itemprop=\"description\" content=\"Marks &amp; Harrison was founded in 1911 by David A. Harrison, Jr. It has continued its practice uninterrupted since that time. For over three generations our attorneys have represented the families of Virginia.\n\nMarks &amp; Harrison limits its practice to personal injury, workers\u2019 compensation, and social security disability matters. The firm has represented thousands of injured victims in all types of claims.\n\n\nhttps:\/\/marksandharrison.cwdevelop.com\/\n\nFollow us on Facebook: \nhttps:\/\/www.facebook.com\/marksandharrison\nFollow us on Twitter: \nhttps:\/\/twitter.com\/mandhlaw\n\nContact us at https:\/\/marksandharrison.cwdevelop.com\/contact-us\/\" \/>\n\t\t\t\t\t\t\t\n\t\t\t\t\t\t\n\t\t\t\t\t<\/div>\n\n\t\t\t\t\n\n\n\n\t\t\t\n\t\t\t\t\n","protected":false},"excerpt":{"rendered":"<p>Nuestra firma de abogados de lesiones personales en Charlottesville Los abogados de lesiones personales de Marks &amp; Harrison en Charlottesville se sienten orgullosos de sus s\u00f3lidos v\u00ednculos con la comunidad de Charlottesville y de la representaci\u00f3n firme y apasionada que brindan a las personas lesionadas y discapacitadas en todo el condado de Albemarle y las [&hellip;]<\/p>\n","protected":false},"author":6,"featured_media":918586,"parent":0,"menu_order":177,"comment_status":"closed","ping_status":"closed","template":"location.php","meta":{"_acf_changed":false,"footnotes":""},"class_list":["post-911285","page","type-page","status-publish","has-post-thumbnail","hentry"],"acf":[],"yoast_head":"<!-- This site is optimized with the Yoast SEO plugin v27.1 - https:\/\/yoast.com\/product\/yoast-seo-wordpress\/ -->\n<title>Abogado de lesiones personales en Charlottesville | Marks &amp; Harrison<\/title>\n<meta name=\"description\" content=\"\u00bfSufri\u00f3 una lesi\u00f3n y necesita un bufete de abogados de lesiones personales en Charlottesville? Haga clic aqu\u00ed para hablar gratis con un abogado de lesiones personales.\" \/>\n<meta name=\"robots\" content=\"noindex, follow, max-snippet:-1, max-image-preview:large, max-video-preview:-1\" \/>\n<meta property=\"og:locale\" content=\"es_ES\" \/>\n<meta property=\"og:type\" content=\"article\" \/>\n<meta property=\"og:title\" content=\"Abogado de lesiones personales en Charlottesville | Marks &amp; Harrison\" \/>\n<meta property=\"og:description\" content=\"\u00bfSufri\u00f3 una lesi\u00f3n y necesita un bufete de abogados de lesiones personales en Charlottesville? Haga clic aqu\u00ed para hablar gratis con un abogado de lesiones personales.\" \/>\n<meta property=\"og:url\" content=\"https:\/\/marksandharrison.cwdevelop.com\/es\/oficina-de-charlottesville\/\" \/>\n<meta property=\"og:site_name\" content=\"marksandharrison.cwdevelop.com Managed WordPress Site\" \/>\n<meta property=\"article:modified_time\" content=\"2026-04-09T14:27:58+00:00\" \/>\n<meta property=\"og:image\" content=\"http:\/\/marksandharrison.cwdevelop.com\/wp-content\/uploads\/2026\/03\/oficina-de-charlottesville.png\" \/>\n\t<meta property=\"og:image:width\" content=\"1150\" \/>\n\t<meta property=\"og:image:height\" content=\"350\" \/>\n\t<meta property=\"og:image:type\" content=\"image\/png\" \/>\n<meta name=\"twitter:card\" content=\"summary_large_image\" \/>\n<meta name=\"twitter:label1\" content=\"Tiempo de lectura\" \/>\n\t<meta name=\"twitter:data1\" content=\"2 minutos\" \/>\n<script type=\"application\/ld+json\" class=\"yoast-schema-graph\">{\"@context\":\"https:\/\/schema.org\",\"@graph\":[{\"@type\":\"WebPage\",\"@id\":\"https:\/\/marksandharrison.cwdevelop.com\/es\/oficina-de-charlottesville\/\",\"url\":\"https:\/\/marksandharrison.cwdevelop.com\/es\/oficina-de-charlottesville\/\",\"name\":\"Abogado de lesiones personales en Charlottesville | Marks & Harrison\",\"isPartOf\":{\"@id\":\"https:\/\/marksandharrison.cwdevelop.com\/es\/#website\"},\"primaryImageOfPage\":{\"@id\":\"https:\/\/marksandharrison.cwdevelop.com\/es\/oficina-de-charlottesville\/#primaryimage\"},\"image\":{\"@id\":\"https:\/\/marksandharrison.cwdevelop.com\/es\/oficina-de-charlottesville\/#primaryimage\"},\"thumbnailUrl\":\"https:\/\/marksandharrison.cwdevelop.com\/wp-content\/uploads\/2026\/03\/oficina-de-charlottesville.png\",\"datePublished\":\"2026-02-21T09:49:49+00:00\",\"dateModified\":\"2026-04-09T14:27:58+00:00\",\"description\":\"\u00bfSufri\u00f3 una lesi\u00f3n y necesita un bufete de abogados de lesiones personales en Charlottesville? Haga clic aqu\u00ed para hablar gratis con un abogado de lesiones personales.\",\"breadcrumb\":{\"@id\":\"https:\/\/marksandharrison.cwdevelop.com\/es\/oficina-de-charlottesville\/#breadcrumb\"},\"inLanguage\":\"es\",\"potentialAction\":[{\"@type\":\"ReadAction\",\"target\":[\"https:\/\/marksandharrison.cwdevelop.com\/es\/oficina-de-charlottesville\/\"]}]},{\"@type\":\"ImageObject\",\"inLanguage\":\"es\",\"@id\":\"https:\/\/marksandharrison.cwdevelop.com\/es\/oficina-de-charlottesville\/#primaryimage\",\"url\":\"https:\/\/marksandharrison.cwdevelop.com\/wp-content\/uploads\/2026\/03\/oficina-de-charlottesville.png\",\"contentUrl\":\"https:\/\/marksandharrison.cwdevelop.com\/wp-content\/uploads\/2026\/03\/oficina-de-charlottesville.png\",\"width\":1150,\"height\":350},{\"@type\":\"BreadcrumbList\",\"@id\":\"https:\/\/marksandharrison.cwdevelop.com\/es\/oficina-de-charlottesville\/#breadcrumb\",\"itemListElement\":[{\"@type\":\"ListItem\",\"position\":1,\"name\":\"Inicio\",\"item\":\"https:\/\/marksandharrison.cwdevelop.com\/es\/\"},{\"@type\":\"ListItem\",\"position\":2,\"name\":\"Abogado de lesiones personales en Charlottesville\"}]},{\"@type\":\"WebSite\",\"@id\":\"https:\/\/marksandharrison.cwdevelop.com\/es\/#website\",\"url\":\"https:\/\/marksandharrison.cwdevelop.com\/es\/\",\"name\":\"marksandharrison.cwdevelop.com Managed WordPress Site\",\"description\":\"\",\"potentialAction\":[{\"@type\":\"SearchAction\",\"target\":{\"@type\":\"EntryPoint\",\"urlTemplate\":\"https:\/\/marksandharrison.cwdevelop.com\/es\/?s={search_term_string}\"},\"query-input\":{\"@type\":\"PropertyValueSpecification\",\"valueRequired\":true,\"valueName\":\"search_term_string\"}}],\"inLanguage\":\"es\"}]}<\/script>\n<!-- \/ Yoast SEO plugin. -->","yoast_head_json":{"title":"Abogado de lesiones personales en Charlottesville | Marks & Harrison","description":"\u00bfSufri\u00f3 una lesi\u00f3n y necesita un bufete de abogados de lesiones personales en Charlottesville? Haga clic aqu\u00ed para hablar gratis con un abogado de lesiones personales.","robots":{"index":"noindex","follow":"follow","max-snippet":"max-snippet:-1","max-image-preview":"max-image-preview:large","max-video-preview":"max-video-preview:-1"},"og_locale":"es_ES","og_type":"article","og_title":"Abogado de lesiones personales en Charlottesville | Marks & Harrison","og_description":"\u00bfSufri\u00f3 una lesi\u00f3n y necesita un bufete de abogados de lesiones personales en Charlottesville? Haga clic aqu\u00ed para hablar gratis con un abogado de lesiones personales.","og_url":"https:\/\/marksandharrison.cwdevelop.com\/es\/oficina-de-charlottesville\/","og_site_name":"marksandharrison.cwdevelop.com Managed WordPress Site","article_modified_time":"2026-04-09T14:27:58+00:00","og_image":[{"width":1150,"height":350,"url":"http:\/\/marksandharrison.cwdevelop.com\/wp-content\/uploads\/2026\/03\/oficina-de-charlottesville.png","type":"image\/png"}],"twitter_card":"summary_large_image","twitter_misc":{"Tiempo de lectura":"2 minutos"},"schema":{"@context":"https:\/\/schema.org","@graph":[{"@type":"WebPage","@id":"https:\/\/marksandharrison.cwdevelop.com\/es\/oficina-de-charlottesville\/","url":"https:\/\/marksandharrison.cwdevelop.com\/es\/oficina-de-charlottesville\/","name":"Abogado de lesiones personales en Charlottesville | Marks & Harrison","isPartOf":{"@id":"https:\/\/marksandharrison.cwdevelop.com\/es\/#website"},"primaryImageOfPage":{"@id":"https:\/\/marksandharrison.cwdevelop.com\/es\/oficina-de-charlottesville\/#primaryimage"},"image":{"@id":"https:\/\/marksandharrison.cwdevelop.com\/es\/oficina-de-charlottesville\/#primaryimage"},"thumbnailUrl":"https:\/\/marksandharrison.cwdevelop.com\/wp-content\/uploads\/2026\/03\/oficina-de-charlottesville.png","datePublished":"2026-02-21T09:49:49+00:00","dateModified":"2026-04-09T14:27:58+00:00","description":"\u00bfSufri\u00f3 una lesi\u00f3n y necesita un bufete de abogados de lesiones personales en Charlottesville? Haga clic aqu\u00ed para hablar gratis con un abogado de lesiones personales.","breadcrumb":{"@id":"https:\/\/marksandharrison.cwdevelop.com\/es\/oficina-de-charlottesville\/#breadcrumb"},"inLanguage":"es","potentialAction":[{"@type":"ReadAction","target":["https:\/\/marksandharrison.cwdevelop.com\/es\/oficina-de-charlottesville\/"]}]},{"@type":"ImageObject","inLanguage":"es","@id":"https:\/\/marksandharrison.cwdevelop.com\/es\/oficina-de-charlottesville\/#primaryimage","url":"https:\/\/marksandharrison.cwdevelop.com\/wp-content\/uploads\/2026\/03\/oficina-de-charlottesville.png","contentUrl":"https:\/\/marksandharrison.cwdevelop.com\/wp-content\/uploads\/2026\/03\/oficina-de-charlottesville.png","width":1150,"height":350},{"@type":"BreadcrumbList","@id":"https:\/\/marksandharrison.cwdevelop.com\/es\/oficina-de-charlottesville\/#breadcrumb","itemListElement":[{"@type":"ListItem","position":1,"name":"Inicio","item":"https:\/\/marksandharrison.cwdevelop.com\/es\/"},{"@type":"ListItem","position":2,"name":"Abogado de lesiones personales en Charlottesville"}]},{"@type":"WebSite","@id":"https:\/\/marksandharrison.cwdevelop.com\/es\/#website","url":"https:\/\/marksandharrison.cwdevelop.com\/es\/","name":"marksandharrison.cwdevelop.com Managed WordPress Site","description":"","potentialAction":[{"@type":"SearchAction","target":{"@type":"EntryPoint","urlTemplate":"https:\/\/marksandharrison.cwdevelop.com\/es\/?s={search_term_string}"},"query-input":{"@type":"PropertyValueSpecification","valueRequired":true,"valueName":"search_term_string"}}],"inLanguage":"es"}]}},"_links":{"self":[{"href":"https:\/\/marksandharrison.cwdevelop.com\/es\/wp-json\/wp\/v2\/pages\/911285","targetHints":{"allow":["GET"]}}],"collection":[{"href":"https:\/\/marksandharrison.cwdevelop.com\/es\/wp-json\/wp\/v2\/pages"}],"about":[{"href":"https:\/\/marksandharrison.cwdevelop.com\/es\/wp-json\/wp\/v2\/types\/page"}],"author":[{"embeddable":true,"href":"https:\/\/marksandharrison.cwdevelop.com\/es\/wp-json\/wp\/v2\/users\/6"}],"replies":[{"embeddable":true,"href":"https:\/\/marksandharrison.cwdevelop.com\/es\/wp-json\/wp\/v2\/comments?post=911285"}],"version-history":[{"count":0,"href":"https:\/\/marksandharrison.cwdevelop.com\/es\/wp-json\/wp\/v2\/pages\/911285\/revisions"}],"wp:featuredmedia":[{"embeddable":true,"href":"https:\/\/marksandharrison.cwdevelop.com\/es\/wp-json\/wp\/v2\/media\/918586"}],"wp:attachment":[{"href":"https:\/\/marksandharrison.cwdevelop.com\/es\/wp-json\/wp\/v2\/media?parent=911285"}],"curies":[{"name":"wp","href":"https:\/\/api.w.org\/{rel}","templated":true}]}}