{"id":911258,"date":"2026-02-21T09:40:54","date_gmt":"2026-02-21T09:40:54","guid":{"rendered":"https:\/\/marksandharrison.cwdevelop.com\/?page_id=911258"},"modified":"2026-03-26T10:04:04","modified_gmt":"2026-03-26T10:04:04","slug":"roanoke","status":"publish","type":"page","link":"https:\/\/marksandharrison.cwdevelop.com\/es\/roanoke\/","title":{"rendered":"Oficina en Roanoke"},"content":{"rendered":"<p>Un accidente puede cambiar su vida de manera significativa. Adem\u00e1s de lidiar con las lesiones f\u00edsicas, los accidentes causados por las acciones negligentes de otra persona pueden generar importantes problemas emocionales y financieros, complicando la vida de una v\u00edctima a largo plazo. Recuperarse de un accidente requiere tiempo, paciencia y dinero.<\/p>\n<p><img loading=\"lazy\" decoding=\"async\" class=\"size-medium wp-image-893668 alignright\" src=\"http:\/\/marksandharrison.cwdevelop.com\/wp-content\/uploads\/2025\/02\/roanoke-location-300x200.jpg\" alt=\"\" width=\"300\" height=\"200\" srcset=\"https:\/\/marksandharrison.cwdevelop.com\/wp-content\/uploads\/2025\/02\/roanoke-location-300x200.jpg 300w, https:\/\/marksandharrison.cwdevelop.com\/wp-content\/uploads\/2025\/02\/roanoke-location-768x512.jpg 768w, https:\/\/marksandharrison.cwdevelop.com\/wp-content\/uploads\/2025\/02\/roanoke-location.jpg 1000w\" sizes=\"auto, (max-width: 300px) 100vw, 300px\" \/>En Marks &amp; Harrison, nuestros abogados de lesiones personales en Roanoke trabajan arduamente para recuperar el dinero que usted merece despu\u00e9s de un accidente. Nuestro trabajo le brinda el tiempo y la energ\u00eda necesarios para enfocarse en sanar, sin la presi\u00f3n de manejar un reclamo de compensaci\u00f3n complicado. Desde 1911, hemos recuperado millones en veredictos y acuerdos para nuestros clientes. Nuestro bufete desea continuar con este historial de \u00e9xito ayudando a las v\u00edctimas de accidentes en Roanoke a buscar la compensaci\u00f3n y la justicia que merecen.<\/p>\n<p>Nos esforzamos por ayudar a que las v\u00edctimas de accidentes en Roanoke, Virginia, puedan levantarse nuevamente. Si las acciones negligentes de otra persona lo hirieron a usted o a alguien que usted ama, comun\u00edquese con nuestra oficina hoy mismo. Permita que nuestros abogados experimentados en lesiones personales revisen su caso y le expliquen sus opciones legales en una consulta gratuita y sin obligaci\u00f3n.<\/p>\n\n\t\t\t\t\n\t\t\t\t\t<div itemtype=\"https:\/\/schema.org\/VideoObject\" itemscope=\"\" id=\"video_play-910933\" class=\" vid-aligncenter\" style=\"display:block\">\n\t\t\t\t\t\t<meta itemprop=\"name\" content=\"Marks &#038; Harrison Expands to Northern Virginia and Washington, D.C.\" \/>\n\t\t\t\t\t\t<meta itemprop=\"thumbnailURL\" content=\"https:\/\/i.ytimg.com\/vi\/56qtzUk7NIA\/hqdefault.jpg\" \/>\n\t\t\t\t\t\t<meta itemprop=\"uploadDate\" content=\"21 de febrero de 2026\">\n\t\t\t\t\t\t\t\t\t\t\t\t\t<meta itemprop=\"embedURL\" content=\"https:\/\/www.youtube.com\/watch?v=56qtzUk7NIA\" \/>\n\t\t\t\t\t\t\t<iframe loading=\"lazy\" class=\"cw_video_single\" src=\"https:\/\/www.youtube.com\/embed\/56qtzUk7NIA?rel=0&amp;showinfo=1&amp;autoplay=0\" allowfullscreen=\"allowfullscreen\" width=\"100%\" height=\"480px\" ><\/iframe>\n\t\t\t\t\t\t\n\t\t\t\t\t\t\n\t\t\t\t\t\t\t\t\t\t\t\t\t\t\t<meta itemprop=\"description\" content=\"For more information, please visit: \r\n\r\nhttps:\/\/www.marksandharrison.com\/our-locations\/alexandria\/ or https:\/\/www.marksandharrison.com\/our-locations\/washington-dc\/\r\n\r\nFollow us on Facebook: \r\nhttps:\/\/www.facebook.com\/marksandharrison\r\nFollow us on Twitter: \r\nhttps:\/\/twitter.com\/mandhlaw\r\n\r\nContact us at http:\/\/www.marksandharrison.com\/contact-us\/\" \/>\n\t\t\t\t\t\t\t\n\t\t\t\t\t\t\n\t\t\t\t\t<\/div>\n\n\t\t\t\t\n\n\n\n\t\t\t\n\t\t\t\t\n<h2>\u00bfQu\u00e9 es una lesi\u00f3n personal?<\/h2>\n<p>La ley de lesiones personales es un \u00e1rea legal en la que las personas que resultaron heridas en accidentes causados por la negligencia o mala conducta de otros pueden buscar compensaci\u00f3n de la parte responsable en un tribunal civil. Es un recurso legal que la v\u00edctima del accidente puede utilizar para responsabilizar a la parte que le caus\u00f3 da\u00f1o por sus acciones, mientras recupera una compensaci\u00f3n por sus lesiones y p\u00e9rdidas.<\/p>\n<h2>\u00bfQu\u00e9 tipos de accidentes en Roanoke se consideran lesiones personales?<\/h2>\n<p>Muchas lesiones por accidentes pueden entrar en la categor\u00eda de lesiones personales. En Marks &amp; Harrison, nuestros abogados de lesiones personales tienen un amplio conocimiento del sistema legal de Roanoke.<\/p>\n<h3>Tambi\u00e9n contamos con las herramientas y los recursos para ayudar a las v\u00edctimas de accidentes en Roanoke a buscar compensaci\u00f3n en casos que involucran lo siguiente:<\/h3>\n<div class=\"row\">\n<ul class=\"col-xl-6\">\n<li>Accidentes automovil\u00edsticos<\/li>\n<li>Accidentes de camiones comerciales<\/li>\n<li>Accidentes de Uber, Lyft y servicios de transporte<\/li>\n<li>Accidentes de motocicleta<\/li>\n<li>Accidentes de bicicleta<\/li>\n<li>Accidentes peatonales<\/li>\n<li>Accidentes de embarcaciones<\/li>\n<li>Mordeduras de perro o ataques de animales<\/li>\n<\/ul>\n<ul class=\"col-xl-6\">\n<li>Accidentes por resbalones y ca\u00eddas<\/li>\n<li>Responsabilidad de locales<\/li>\n<li>Productos defectuosos<\/li>\n<li>Medicamentos o cosm\u00e9ticos peligrosos<\/li>\n<li>Negligencia m\u00e9dica<\/li>\n<li>Lesiones laborales<\/li>\n<li>Accidentes en hogares de ancianos<\/li>\n<li>Muerte por negligencia<\/li>\n<\/ul>\n<\/div>\n<p>Cuando las acciones negligentes o indebidas de otra persona son responsables de un accidente y de sus lesiones, es momento de contactar a un abogado especializado en lesiones personales en Roanoke que pueda ayudarle a entender sus derechos y opciones legales.<\/p>\n","protected":false},"excerpt":{"rendered":"<p>Un accidente puede cambiar su vida de manera significativa. Adem\u00e1s de lidiar con las lesiones f\u00edsicas, los accidentes causados por las acciones negligentes de otra persona pueden generar importantes problemas emocionales y financieros, complicando la vida de una v\u00edctima a largo plazo. Recuperarse de un accidente requiere tiempo, paciencia y dinero. En Marks &amp; Harrison, [&hellip;]<\/p>\n","protected":false},"author":6,"featured_media":912895,"parent":0,"menu_order":176,"comment_status":"closed","ping_status":"closed","template":"location.php","meta":{"_acf_changed":false,"footnotes":""},"class_list":["post-911258","page","type-page","status-publish","has-post-thumbnail","hentry"],"acf":[],"yoast_head":"<!-- This site is optimized with the Yoast SEO plugin v27.1 - https:\/\/yoast.com\/product\/yoast-seo-wordpress\/ -->\n<title>Abogado de lesiones personales en Roanoke | Marks &amp; Harrison<\/title>\n<meta name=\"description\" content=\"Visite nuestra oficina en Roanoke para obtener servicios legales excepcionales. Atendemos casos de lesiones personales con experiencia y dedicaci\u00f3n. \u00a1Cont\u00e1ctenos hoy mismo!\" \/>\n<meta name=\"robots\" content=\"noindex, follow, max-snippet:-1, max-image-preview:large, max-video-preview:-1\" \/>\n<meta property=\"og:locale\" content=\"es_ES\" \/>\n<meta property=\"og:type\" content=\"article\" \/>\n<meta property=\"og:title\" content=\"Abogado de lesiones personales en Roanoke | Marks &amp; Harrison\" \/>\n<meta property=\"og:description\" content=\"Visite nuestra oficina en Roanoke para obtener servicios legales excepcionales. Atendemos casos de lesiones personales con experiencia y dedicaci\u00f3n. \u00a1Cont\u00e1ctenos hoy mismo!\" \/>\n<meta property=\"og:url\" content=\"https:\/\/marksandharrison.cwdevelop.com\/es\/roanoke\/\" \/>\n<meta property=\"og:site_name\" content=\"marksandharrison.cwdevelop.com Managed WordPress Site\" \/>\n<meta property=\"article:modified_time\" content=\"2026-03-26T10:04:04+00:00\" \/>\n<meta property=\"og:image\" content=\"http:\/\/marksandharrison.cwdevelop.com\/wp-content\/uploads\/2026\/02\/roanoke.png\" \/>\n\t<meta property=\"og:image:width\" content=\"1150\" \/>\n\t<meta property=\"og:image:height\" content=\"350\" \/>\n\t<meta property=\"og:image:type\" content=\"image\/png\" \/>\n<meta name=\"twitter:card\" content=\"summary_large_image\" \/>\n<meta name=\"twitter:label1\" content=\"Tiempo de lectura\" \/>\n\t<meta name=\"twitter:data1\" content=\"3 minutos\" \/>\n<script type=\"application\/ld+json\" class=\"yoast-schema-graph\">{\"@context\":\"https:\/\/schema.org\",\"@graph\":[{\"@type\":\"WebPage\",\"@id\":\"https:\/\/marksandharrison.cwdevelop.com\/es\/roanoke\/\",\"url\":\"https:\/\/marksandharrison.cwdevelop.com\/es\/roanoke\/\",\"name\":\"Abogado de lesiones personales en Roanoke | Marks & Harrison\",\"isPartOf\":{\"@id\":\"https:\/\/marksandharrison.cwdevelop.com\/es\/#website\"},\"primaryImageOfPage\":{\"@id\":\"https:\/\/marksandharrison.cwdevelop.com\/es\/roanoke\/#primaryimage\"},\"image\":{\"@id\":\"https:\/\/marksandharrison.cwdevelop.com\/es\/roanoke\/#primaryimage\"},\"thumbnailUrl\":\"https:\/\/marksandharrison.cwdevelop.com\/wp-content\/uploads\/2026\/02\/roanoke.png\",\"datePublished\":\"2026-02-21T09:40:54+00:00\",\"dateModified\":\"2026-03-26T10:04:04+00:00\",\"description\":\"Visite nuestra oficina en Roanoke para obtener servicios legales excepcionales. Atendemos casos de lesiones personales con experiencia y dedicaci\u00f3n. \u00a1Cont\u00e1ctenos hoy mismo!\",\"breadcrumb\":{\"@id\":\"https:\/\/marksandharrison.cwdevelop.com\/es\/roanoke\/#breadcrumb\"},\"inLanguage\":\"es\",\"potentialAction\":[{\"@type\":\"ReadAction\",\"target\":[\"https:\/\/marksandharrison.cwdevelop.com\/es\/roanoke\/\"]}]},{\"@type\":\"ImageObject\",\"inLanguage\":\"es\",\"@id\":\"https:\/\/marksandharrison.cwdevelop.com\/es\/roanoke\/#primaryimage\",\"url\":\"https:\/\/marksandharrison.cwdevelop.com\/wp-content\/uploads\/2026\/02\/roanoke.png\",\"contentUrl\":\"https:\/\/marksandharrison.cwdevelop.com\/wp-content\/uploads\/2026\/02\/roanoke.png\",\"width\":1150,\"height\":350},{\"@type\":\"BreadcrumbList\",\"@id\":\"https:\/\/marksandharrison.cwdevelop.com\/es\/roanoke\/#breadcrumb\",\"itemListElement\":[{\"@type\":\"ListItem\",\"position\":1,\"name\":\"Inicio\",\"item\":\"https:\/\/marksandharrison.cwdevelop.com\/es\/\"},{\"@type\":\"ListItem\",\"position\":2,\"name\":\"Oficina en Roanoke\"}]},{\"@type\":\"WebSite\",\"@id\":\"https:\/\/marksandharrison.cwdevelop.com\/es\/#website\",\"url\":\"https:\/\/marksandharrison.cwdevelop.com\/es\/\",\"name\":\"marksandharrison.cwdevelop.com Managed WordPress Site\",\"description\":\"\",\"potentialAction\":[{\"@type\":\"SearchAction\",\"target\":{\"@type\":\"EntryPoint\",\"urlTemplate\":\"https:\/\/marksandharrison.cwdevelop.com\/es\/?s={search_term_string}\"},\"query-input\":{\"@type\":\"PropertyValueSpecification\",\"valueRequired\":true,\"valueName\":\"search_term_string\"}}],\"inLanguage\":\"es\"}]}<\/script>\n<!-- \/ Yoast SEO plugin. -->","yoast_head_json":{"title":"Abogado de lesiones personales en Roanoke | Marks & Harrison","description":"Visite nuestra oficina en Roanoke para obtener servicios legales excepcionales. Atendemos casos de lesiones personales con experiencia y dedicaci\u00f3n. \u00a1Cont\u00e1ctenos hoy mismo!","robots":{"index":"noindex","follow":"follow","max-snippet":"max-snippet:-1","max-image-preview":"max-image-preview:large","max-video-preview":"max-video-preview:-1"},"og_locale":"es_ES","og_type":"article","og_title":"Abogado de lesiones personales en Roanoke | Marks & Harrison","og_description":"Visite nuestra oficina en Roanoke para obtener servicios legales excepcionales. Atendemos casos de lesiones personales con experiencia y dedicaci\u00f3n. \u00a1Cont\u00e1ctenos hoy mismo!","og_url":"https:\/\/marksandharrison.cwdevelop.com\/es\/roanoke\/","og_site_name":"marksandharrison.cwdevelop.com Managed WordPress Site","article_modified_time":"2026-03-26T10:04:04+00:00","og_image":[{"width":1150,"height":350,"url":"http:\/\/marksandharrison.cwdevelop.com\/wp-content\/uploads\/2026\/02\/roanoke.png","type":"image\/png"}],"twitter_card":"summary_large_image","twitter_misc":{"Tiempo de lectura":"3 minutos"},"schema":{"@context":"https:\/\/schema.org","@graph":[{"@type":"WebPage","@id":"https:\/\/marksandharrison.cwdevelop.com\/es\/roanoke\/","url":"https:\/\/marksandharrison.cwdevelop.com\/es\/roanoke\/","name":"Abogado de lesiones personales en Roanoke | Marks & Harrison","isPartOf":{"@id":"https:\/\/marksandharrison.cwdevelop.com\/es\/#website"},"primaryImageOfPage":{"@id":"https:\/\/marksandharrison.cwdevelop.com\/es\/roanoke\/#primaryimage"},"image":{"@id":"https:\/\/marksandharrison.cwdevelop.com\/es\/roanoke\/#primaryimage"},"thumbnailUrl":"https:\/\/marksandharrison.cwdevelop.com\/wp-content\/uploads\/2026\/02\/roanoke.png","datePublished":"2026-02-21T09:40:54+00:00","dateModified":"2026-03-26T10:04:04+00:00","description":"Visite nuestra oficina en Roanoke para obtener servicios legales excepcionales. Atendemos casos de lesiones personales con experiencia y dedicaci\u00f3n. \u00a1Cont\u00e1ctenos hoy mismo!","breadcrumb":{"@id":"https:\/\/marksandharrison.cwdevelop.com\/es\/roanoke\/#breadcrumb"},"inLanguage":"es","potentialAction":[{"@type":"ReadAction","target":["https:\/\/marksandharrison.cwdevelop.com\/es\/roanoke\/"]}]},{"@type":"ImageObject","inLanguage":"es","@id":"https:\/\/marksandharrison.cwdevelop.com\/es\/roanoke\/#primaryimage","url":"https:\/\/marksandharrison.cwdevelop.com\/wp-content\/uploads\/2026\/02\/roanoke.png","contentUrl":"https:\/\/marksandharrison.cwdevelop.com\/wp-content\/uploads\/2026\/02\/roanoke.png","width":1150,"height":350},{"@type":"BreadcrumbList","@id":"https:\/\/marksandharrison.cwdevelop.com\/es\/roanoke\/#breadcrumb","itemListElement":[{"@type":"ListItem","position":1,"name":"Inicio","item":"https:\/\/marksandharrison.cwdevelop.com\/es\/"},{"@type":"ListItem","position":2,"name":"Oficina en Roanoke"}]},{"@type":"WebSite","@id":"https:\/\/marksandharrison.cwdevelop.com\/es\/#website","url":"https:\/\/marksandharrison.cwdevelop.com\/es\/","name":"marksandharrison.cwdevelop.com Managed WordPress Site","description":"","potentialAction":[{"@type":"SearchAction","target":{"@type":"EntryPoint","urlTemplate":"https:\/\/marksandharrison.cwdevelop.com\/es\/?s={search_term_string}"},"query-input":{"@type":"PropertyValueSpecification","valueRequired":true,"valueName":"search_term_string"}}],"inLanguage":"es"}]}},"_links":{"self":[{"href":"https:\/\/marksandharrison.cwdevelop.com\/es\/wp-json\/wp\/v2\/pages\/911258","targetHints":{"allow":["GET"]}}],"collection":[{"href":"https:\/\/marksandharrison.cwdevelop.com\/es\/wp-json\/wp\/v2\/pages"}],"about":[{"href":"https:\/\/marksandharrison.cwdevelop.com\/es\/wp-json\/wp\/v2\/types\/page"}],"author":[{"embeddable":true,"href":"https:\/\/marksandharrison.cwdevelop.com\/es\/wp-json\/wp\/v2\/users\/6"}],"replies":[{"embeddable":true,"href":"https:\/\/marksandharrison.cwdevelop.com\/es\/wp-json\/wp\/v2\/comments?post=911258"}],"version-history":[{"count":0,"href":"https:\/\/marksandharrison.cwdevelop.com\/es\/wp-json\/wp\/v2\/pages\/911258\/revisions"}],"wp:featuredmedia":[{"embeddable":true,"href":"https:\/\/marksandharrison.cwdevelop.com\/es\/wp-json\/wp\/v2\/media\/912895"}],"wp:attachment":[{"href":"https:\/\/marksandharrison.cwdevelop.com\/es\/wp-json\/wp\/v2\/media?parent=911258"}],"curies":[{"name":"wp","href":"https:\/\/api.w.org\/{rel}","templated":true}]}}