{"id":910915,"date":"2026-02-21T08:04:43","date_gmt":"2026-02-21T08:04:43","guid":{"rendered":"https:\/\/marksandharrison.cwdevelop.com\/?page_id=910915"},"modified":"2026-04-07T09:39:57","modified_gmt":"2026-04-07T09:39:57","slug":"abogado-de-lesiones-personales-en-washington-d-c","status":"publish","type":"page","link":"https:\/\/marksandharrison.cwdevelop.com\/es\/abogado-de-lesiones-personales-en-washington-d-c\/","title":{"rendered":"Abogado de lesiones personales en Washington D.C."},"content":{"rendered":"<p>Seg\u00fan los Centros para el Control y la Prevenci\u00f3n de Enfermedades (CDC, por sus siglas en ingl\u00e9s), las lesiones no intencionales provocaron 200,955 muertes en todo el pa\u00eds en 2020, convirti\u00e9ndose en la cuarta causa principal de fallecimiento ese a\u00f1o. El Consejo Nacional de Seguridad (NSC, por sus siglas en ingl\u00e9s) estima que estas muertes generaron m\u00e1s de 1.15 billones de d\u00f3lares en costos.<\/p>\n<p>Ese mismo a\u00f1o, las lesiones no intencionales tambi\u00e9n ocasionaron 24.8 millones de visitas a consultorios m\u00e9dicos y 97.9 millones de visitas a los departamentos de emergencias.<\/p>\n<p>Desde accidentes automovil\u00edsticos y sobredosis de drogas hasta casos de responsabilidad de locales y negligencia m\u00e9dica, los abogados de lesiones personales de Marks &amp; Harrison en Washington D. C. est\u00e1n preparados para ayudarle en el camino para obtener una compensaci\u00f3n por las lesiones que usted sufri\u00f3 sin tener culpa alguna.<\/p>\n<p>Nuestros abogados experimentados en lesiones personales luchar\u00e1n por obtener la compensaci\u00f3n completa y justa que usted merece. Para ver los resultados significativos que hemos logrado en nombre de nuestros clientes, siga este enlace. Ll\u00e1menos hoy mismo para una consulta gratuita.<\/p>\n<p>Los abogados de lesiones personales de Marks &amp; Harrison se enorgullecen de servir a la zona de Washington, D. C. Nuestra oficina local est\u00e1 estrat\u00e9gicamente ubicada en el coraz\u00f3n de la ciudad, en 1003 K Street NW, Suite 404. En Marks &amp; Harrison, estamos comprometidos a brindar una representaci\u00f3n legal de primer nivel a los residentes de la capital de nuestra naci\u00f3n.<\/p>\n<p>Si usted est\u00e1 enfrentando las consecuencias de una lesi\u00f3n, nuestro equipo experimentado est\u00e1 aqu\u00ed para ayudarle a buscar justicia y compensaci\u00f3n. Le invitamos a visitar nuestra oficina o comunicarse con nosotros hoy mismo para comenzar su consulta inicial gratuita.<\/p>\n\n\t\t\t\t\n\t\t\t\t\t<div itemtype=\"https:\/\/schema.org\/VideoObject\" itemscope=\"\" id=\"video_play-910933\" class=\" vid-aligncenter\" style=\"display:block\">\n\t\t\t\t\t\t<meta itemprop=\"name\" content=\"Marks &#038; Harrison Expands to Northern Virginia and Washington, D.C.\" \/>\n\t\t\t\t\t\t<meta itemprop=\"thumbnailURL\" content=\"https:\/\/i.ytimg.com\/vi\/56qtzUk7NIA\/hqdefault.jpg\" \/>\n\t\t\t\t\t\t<meta itemprop=\"uploadDate\" content=\"21 de febrero de 2026\">\n\t\t\t\t\t\t\t\t\t\t\t\t\t<meta itemprop=\"embedURL\" content=\"https:\/\/www.youtube.com\/watch?v=56qtzUk7NIA\" \/>\n\t\t\t\t\t\t\t<iframe loading=\"lazy\" class=\"cw_video_single\" src=\"https:\/\/www.youtube.com\/embed\/56qtzUk7NIA?rel=0&amp;showinfo=1&amp;autoplay=0\" allowfullscreen=\"allowfullscreen\" width=\"100%\" height=\"480px\" ><\/iframe>\n\t\t\t\t\t\t\n\t\t\t\t\t\t\n\t\t\t\t\t\t\t\t\t\t\t\t\t\t\t<meta itemprop=\"description\" content=\"For more information, please visit: \r\n\r\nhttps:\/\/www.marksandharrison.com\/our-locations\/alexandria\/ or https:\/\/www.marksandharrison.com\/our-locations\/washington-dc\/\r\n\r\nFollow us on Facebook: \r\nhttps:\/\/www.facebook.com\/marksandharrison\r\nFollow us on Twitter: \r\nhttps:\/\/twitter.com\/mandhlaw\r\n\r\nContact us at http:\/\/www.marksandharrison.com\/contact-us\/\" \/>\n\t\t\t\t\t\t\t\n\t\t\t\t\t\t\n\t\t\t\t\t<\/div>\n\n\t\t\t\t\n\n\n\n\t\t\t\n\t\t\t\t\n","protected":false},"excerpt":{"rendered":"<p>Seg\u00fan los Centros para el Control y la Prevenci\u00f3n de Enfermedades (CDC, por sus siglas en ingl\u00e9s), las lesiones no intencionales provocaron 200,955 muertes en todo el pa\u00eds en 2020, convirti\u00e9ndose en la cuarta causa principal de fallecimiento ese a\u00f1o. El Consejo Nacional de Seguridad (NSC, por sus siglas en ingl\u00e9s) estima que estas muertes [&hellip;]<\/p>\n","protected":false},"author":6,"featured_media":918566,"parent":0,"menu_order":94,"comment_status":"closed","ping_status":"closed","template":"location.php","meta":{"_acf_changed":false,"footnotes":""},"class_list":["post-910915","page","type-page","status-publish","has-post-thumbnail","hentry"],"acf":[],"yoast_head":"<!-- This site is optimized with the Yoast SEO plugin v27.1 - https:\/\/yoast.com\/product\/yoast-seo-wordpress\/ -->\n<title>Abogado de lesiones personales en Washington D.C. | Marks &amp; Harrison<\/title>\n<meta name=\"description\" content=\"Nuestros abogados de lesiones personales en Washington D.C. le ayudan a obtener la compensaci\u00f3n que merece. Consulta gratuita y sin pago hasta ganar su caso.\" \/>\n<meta name=\"robots\" content=\"noindex, follow, max-snippet:-1, max-image-preview:large, max-video-preview:-1\" \/>\n<meta property=\"og:locale\" content=\"es_ES\" \/>\n<meta property=\"og:type\" content=\"article\" \/>\n<meta property=\"og:title\" content=\"Abogado de lesiones personales en Washington D.C. | Marks &amp; Harrison\" \/>\n<meta property=\"og:description\" content=\"Nuestros abogados de lesiones personales en Washington D.C. le ayudan a obtener la compensaci\u00f3n que merece. Consulta gratuita y sin pago hasta ganar su caso.\" \/>\n<meta property=\"og:url\" content=\"https:\/\/marksandharrison.cwdevelop.com\/es\/abogado-de-lesiones-personales-en-washington-d-c\/\" \/>\n<meta property=\"og:site_name\" content=\"marksandharrison.cwdevelop.com Managed WordPress Site\" \/>\n<meta property=\"article:modified_time\" content=\"2026-04-07T09:39:57+00:00\" \/>\n<meta property=\"og:image\" content=\"http:\/\/marksandharrison.cwdevelop.com\/wp-content\/uploads\/2026\/03\/abogado-de-lesiones-personales-en-washington-d-c.png\" \/>\n\t<meta property=\"og:image:width\" content=\"1150\" \/>\n\t<meta property=\"og:image:height\" content=\"350\" \/>\n\t<meta property=\"og:image:type\" content=\"image\/png\" \/>\n<meta name=\"twitter:card\" content=\"summary_large_image\" \/>\n<meta name=\"twitter:label1\" content=\"Tiempo de lectura\" \/>\n\t<meta name=\"twitter:data1\" content=\"2 minutos\" \/>\n<script type=\"application\/ld+json\" class=\"yoast-schema-graph\">{\"@context\":\"https:\/\/schema.org\",\"@graph\":[{\"@type\":\"WebPage\",\"@id\":\"https:\/\/marksandharrison.cwdevelop.com\/es\/abogado-de-lesiones-personales-en-washington-d-c\/\",\"url\":\"https:\/\/marksandharrison.cwdevelop.com\/es\/abogado-de-lesiones-personales-en-washington-d-c\/\",\"name\":\"Abogado de lesiones personales en Washington D.C. | Marks & Harrison\",\"isPartOf\":{\"@id\":\"https:\/\/marksandharrison.cwdevelop.com\/es\/#website\"},\"primaryImageOfPage\":{\"@id\":\"https:\/\/marksandharrison.cwdevelop.com\/es\/abogado-de-lesiones-personales-en-washington-d-c\/#primaryimage\"},\"image\":{\"@id\":\"https:\/\/marksandharrison.cwdevelop.com\/es\/abogado-de-lesiones-personales-en-washington-d-c\/#primaryimage\"},\"thumbnailUrl\":\"https:\/\/marksandharrison.cwdevelop.com\/wp-content\/uploads\/2026\/03\/abogado-de-lesiones-personales-en-washington-d-c.png\",\"datePublished\":\"2026-02-21T08:04:43+00:00\",\"dateModified\":\"2026-04-07T09:39:57+00:00\",\"description\":\"Nuestros abogados de lesiones personales en Washington D.C. le ayudan a obtener la compensaci\u00f3n que merece. Consulta gratuita y sin pago hasta ganar su caso.\",\"breadcrumb\":{\"@id\":\"https:\/\/marksandharrison.cwdevelop.com\/es\/abogado-de-lesiones-personales-en-washington-d-c\/#breadcrumb\"},\"inLanguage\":\"es\",\"potentialAction\":[{\"@type\":\"ReadAction\",\"target\":[\"https:\/\/marksandharrison.cwdevelop.com\/es\/abogado-de-lesiones-personales-en-washington-d-c\/\"]}]},{\"@type\":\"ImageObject\",\"inLanguage\":\"es\",\"@id\":\"https:\/\/marksandharrison.cwdevelop.com\/es\/abogado-de-lesiones-personales-en-washington-d-c\/#primaryimage\",\"url\":\"https:\/\/marksandharrison.cwdevelop.com\/wp-content\/uploads\/2026\/03\/abogado-de-lesiones-personales-en-washington-d-c.png\",\"contentUrl\":\"https:\/\/marksandharrison.cwdevelop.com\/wp-content\/uploads\/2026\/03\/abogado-de-lesiones-personales-en-washington-d-c.png\",\"width\":1150,\"height\":350},{\"@type\":\"BreadcrumbList\",\"@id\":\"https:\/\/marksandharrison.cwdevelop.com\/es\/abogado-de-lesiones-personales-en-washington-d-c\/#breadcrumb\",\"itemListElement\":[{\"@type\":\"ListItem\",\"position\":1,\"name\":\"Inicio\",\"item\":\"https:\/\/marksandharrison.cwdevelop.com\/es\/\"},{\"@type\":\"ListItem\",\"position\":2,\"name\":\"Abogado de lesiones personales en Washington D.C.\"}]},{\"@type\":\"WebSite\",\"@id\":\"https:\/\/marksandharrison.cwdevelop.com\/es\/#website\",\"url\":\"https:\/\/marksandharrison.cwdevelop.com\/es\/\",\"name\":\"marksandharrison.cwdevelop.com Managed WordPress Site\",\"description\":\"\",\"potentialAction\":[{\"@type\":\"SearchAction\",\"target\":{\"@type\":\"EntryPoint\",\"urlTemplate\":\"https:\/\/marksandharrison.cwdevelop.com\/es\/?s={search_term_string}\"},\"query-input\":{\"@type\":\"PropertyValueSpecification\",\"valueRequired\":true,\"valueName\":\"search_term_string\"}}],\"inLanguage\":\"es\"}]}<\/script>\n<!-- \/ Yoast SEO plugin. -->","yoast_head_json":{"title":"Abogado de lesiones personales en Washington D.C. | Marks & Harrison","description":"Nuestros abogados de lesiones personales en Washington D.C. le ayudan a obtener la compensaci\u00f3n que merece. Consulta gratuita y sin pago hasta ganar su caso.","robots":{"index":"noindex","follow":"follow","max-snippet":"max-snippet:-1","max-image-preview":"max-image-preview:large","max-video-preview":"max-video-preview:-1"},"og_locale":"es_ES","og_type":"article","og_title":"Abogado de lesiones personales en Washington D.C. | Marks & Harrison","og_description":"Nuestros abogados de lesiones personales en Washington D.C. le ayudan a obtener la compensaci\u00f3n que merece. Consulta gratuita y sin pago hasta ganar su caso.","og_url":"https:\/\/marksandharrison.cwdevelop.com\/es\/abogado-de-lesiones-personales-en-washington-d-c\/","og_site_name":"marksandharrison.cwdevelop.com Managed WordPress Site","article_modified_time":"2026-04-07T09:39:57+00:00","og_image":[{"width":1150,"height":350,"url":"http:\/\/marksandharrison.cwdevelop.com\/wp-content\/uploads\/2026\/03\/abogado-de-lesiones-personales-en-washington-d-c.png","type":"image\/png"}],"twitter_card":"summary_large_image","twitter_misc":{"Tiempo de lectura":"2 minutos"},"schema":{"@context":"https:\/\/schema.org","@graph":[{"@type":"WebPage","@id":"https:\/\/marksandharrison.cwdevelop.com\/es\/abogado-de-lesiones-personales-en-washington-d-c\/","url":"https:\/\/marksandharrison.cwdevelop.com\/es\/abogado-de-lesiones-personales-en-washington-d-c\/","name":"Abogado de lesiones personales en Washington D.C. | Marks & Harrison","isPartOf":{"@id":"https:\/\/marksandharrison.cwdevelop.com\/es\/#website"},"primaryImageOfPage":{"@id":"https:\/\/marksandharrison.cwdevelop.com\/es\/abogado-de-lesiones-personales-en-washington-d-c\/#primaryimage"},"image":{"@id":"https:\/\/marksandharrison.cwdevelop.com\/es\/abogado-de-lesiones-personales-en-washington-d-c\/#primaryimage"},"thumbnailUrl":"https:\/\/marksandharrison.cwdevelop.com\/wp-content\/uploads\/2026\/03\/abogado-de-lesiones-personales-en-washington-d-c.png","datePublished":"2026-02-21T08:04:43+00:00","dateModified":"2026-04-07T09:39:57+00:00","description":"Nuestros abogados de lesiones personales en Washington D.C. le ayudan a obtener la compensaci\u00f3n que merece. Consulta gratuita y sin pago hasta ganar su caso.","breadcrumb":{"@id":"https:\/\/marksandharrison.cwdevelop.com\/es\/abogado-de-lesiones-personales-en-washington-d-c\/#breadcrumb"},"inLanguage":"es","potentialAction":[{"@type":"ReadAction","target":["https:\/\/marksandharrison.cwdevelop.com\/es\/abogado-de-lesiones-personales-en-washington-d-c\/"]}]},{"@type":"ImageObject","inLanguage":"es","@id":"https:\/\/marksandharrison.cwdevelop.com\/es\/abogado-de-lesiones-personales-en-washington-d-c\/#primaryimage","url":"https:\/\/marksandharrison.cwdevelop.com\/wp-content\/uploads\/2026\/03\/abogado-de-lesiones-personales-en-washington-d-c.png","contentUrl":"https:\/\/marksandharrison.cwdevelop.com\/wp-content\/uploads\/2026\/03\/abogado-de-lesiones-personales-en-washington-d-c.png","width":1150,"height":350},{"@type":"BreadcrumbList","@id":"https:\/\/marksandharrison.cwdevelop.com\/es\/abogado-de-lesiones-personales-en-washington-d-c\/#breadcrumb","itemListElement":[{"@type":"ListItem","position":1,"name":"Inicio","item":"https:\/\/marksandharrison.cwdevelop.com\/es\/"},{"@type":"ListItem","position":2,"name":"Abogado de lesiones personales en Washington D.C."}]},{"@type":"WebSite","@id":"https:\/\/marksandharrison.cwdevelop.com\/es\/#website","url":"https:\/\/marksandharrison.cwdevelop.com\/es\/","name":"marksandharrison.cwdevelop.com Managed WordPress Site","description":"","potentialAction":[{"@type":"SearchAction","target":{"@type":"EntryPoint","urlTemplate":"https:\/\/marksandharrison.cwdevelop.com\/es\/?s={search_term_string}"},"query-input":{"@type":"PropertyValueSpecification","valueRequired":true,"valueName":"search_term_string"}}],"inLanguage":"es"}]}},"_links":{"self":[{"href":"https:\/\/marksandharrison.cwdevelop.com\/es\/wp-json\/wp\/v2\/pages\/910915","targetHints":{"allow":["GET"]}}],"collection":[{"href":"https:\/\/marksandharrison.cwdevelop.com\/es\/wp-json\/wp\/v2\/pages"}],"about":[{"href":"https:\/\/marksandharrison.cwdevelop.com\/es\/wp-json\/wp\/v2\/types\/page"}],"author":[{"embeddable":true,"href":"https:\/\/marksandharrison.cwdevelop.com\/es\/wp-json\/wp\/v2\/users\/6"}],"replies":[{"embeddable":true,"href":"https:\/\/marksandharrison.cwdevelop.com\/es\/wp-json\/wp\/v2\/comments?post=910915"}],"version-history":[{"count":0,"href":"https:\/\/marksandharrison.cwdevelop.com\/es\/wp-json\/wp\/v2\/pages\/910915\/revisions"}],"wp:featuredmedia":[{"embeddable":true,"href":"https:\/\/marksandharrison.cwdevelop.com\/es\/wp-json\/wp\/v2\/media\/918566"}],"wp:attachment":[{"href":"https:\/\/marksandharrison.cwdevelop.com\/es\/wp-json\/wp\/v2\/media?parent=910915"}],"curies":[{"name":"wp","href":"https:\/\/api.w.org\/{rel}","templated":true}]}}