{"id":910813,"date":"2026-02-21T07:34:33","date_gmt":"2026-02-21T07:34:33","guid":{"rendered":"https:\/\/marksandharrison.cwdevelop.com\/?page_id=910813"},"modified":"2026-03-26T09:17:03","modified_gmt":"2026-03-26T09:17:03","slug":"abogado-de-lesiones-personales-en-warrenton","status":"publish","type":"page","link":"https:\/\/marksandharrison.cwdevelop.com\/es\/abogado-de-lesiones-personales-en-warrenton\/","title":{"rendered":"Abogado de lesiones personales en Warrenton"},"content":{"rendered":"<p>\u00bfResult\u00f3 lesionado en un accidente que fue culpa de otra persona? Usted no tendr\u00eda que asumir las consecuencias financieras de lesiones causadas por terceros. Obtenga ayuda legal de uno de nuestros abogados especializados en lesiones personales en Warrenton para buscar una compensaci\u00f3n por sus gastos m\u00e9dicos y p\u00e9rdida de ingresos, as\u00ed como su dolor y sufrimiento.<\/p>\n<p>Comun\u00edquese con Marks &amp; Harrison para una consulta inicial gratuita con un abogado de lesiones personales en Warrenton. Nosotros podemos encargarnos de los detalles legales y buscar la m\u00e1xima compensaci\u00f3n posible. Desde 1911, nuestro despacho ha defendido los derechos e intereses de los habitantes afectados por lesiones en Virginia. Puede tener la tranquilidad de que contamos con las habilidades y los recursos necesarios para ayudarle sin importar la complejidad de su reclamo por lesiones personales.<\/p>\n<h2>\u00bfQu\u00e9 es, con exactitud, una lesi\u00f3n personal?<\/h2>\n<p><img loading=\"lazy\" decoding=\"async\" class=\"size-medium wp-image-921287 alignright\" src=\"http:\/\/marksandharrison.cwdevelop.com\/wp-content\/uploads\/2026\/03\/Personal-Injury-Attorney-in-Warrenton-300x211.jpg\" alt=\"\" width=\"300\" height=\"211\" srcset=\"https:\/\/marksandharrison.cwdevelop.com\/wp-content\/uploads\/2026\/03\/Personal-Injury-Attorney-in-Warrenton-300x211.jpg 300w, https:\/\/marksandharrison.cwdevelop.com\/wp-content\/uploads\/2026\/03\/Personal-Injury-Attorney-in-Warrenton-420x297.jpg 420w, https:\/\/marksandharrison.cwdevelop.com\/wp-content\/uploads\/2026\/03\/Personal-Injury-Attorney-in-Warrenton.jpg 422w\" sizes=\"auto, (max-width: 300px) 100vw, 300px\" \/>Una lesi\u00f3n personal se refiere al da\u00f1o f\u00edsico y psicol\u00f3gico que resulta de un accidente causado por actos intencionales, imprudentes o negligentes de otra parte. Cuando la v\u00edctima de un accidente sufre lesiones, puede tener derecho a emprender acciones legales para buscar una compensaci\u00f3n por parte de los responsables del accidente.<\/p>\n<h2>\u00bfQu\u00e9 tipos de casos de lesiones personales manejan?<\/h2>\n<p>En Marks &amp; Harrison, nuestros abogados de lesiones personales en Warrenton representan a clientes en una amplia variedad de casos de lesiones personales, que incluyen:<\/p>\n<div class=\"row\">\n<ul class=\"col-xl-6\">\n<li><a href=\"https:\/\/marksandharrison.cwdevelop.com\/our-locations\/warrenton\/car-accidents\/\">Accidentes de auto<\/a><\/li>\n<li><a href=\"https:\/\/marksandharrison.cwdevelop.com\/accident-attorney\/uber-accident\/\">Accidentes de Uber<\/a><\/li>\n<li><a href=\"https:\/\/marksandharrison.cwdevelop.com\/accident-attorney\/uninsured-motorist\/\">Accidentes de conductores sin seguro o con seguro insuficiente<\/a><\/li>\n<li><a href=\"https:\/\/marksandharrison.cwdevelop.com\/our-locations\/warrenton\/truck-accidents\/\">Accidentes de camiones y tractocamiones<\/a><\/li>\n<li><a href=\"https:\/\/marksandharrison.cwdevelop.com\/our-locations\/warrenton\/motorcycle-accidents\/\">Accidentes de motocicleta<\/a><\/li>\n<li><a href=\"https:\/\/marksandharrison.cwdevelop.com\/accident-attorney\/bicycle-accident-lawyer\/\">Accidentes de bicicleta<\/a><\/li>\n<li><a href=\"https:\/\/marksandharrison.cwdevelop.com\/pedestrian-injuries\/\">Accidentes de peatones<\/a><\/li>\n<li><a href=\"https:\/\/marksandharrison.cwdevelop.com\/accident-attorney\/boat-accident-lawyer\/\">Accidentes de embarcaciones<\/a><\/li>\n<li><a href=\"https:\/\/marksandharrison.cwdevelop.com\/slip-fall-premises-liability\/\">Accidentes por resbalones y ca\u00eddas<\/a><\/li>\n<\/ul>\n<ul class=\"col-xl-6\">\n<li>Responsabilidad de las instalaciones<\/li>\n<li><a href=\"https:\/\/marksandharrison.cwdevelop.com\/defective-products\/\">Productos defectuosos y responsabilidad por productos<\/a><\/li>\n<li><a href=\"https:\/\/marksandharrison.cwdevelop.com\/dog-bite-attack\/\">Ataques de perros y otros animales<\/a><\/li>\n<li><a href=\"https:\/\/marksandharrison.cwdevelop.com\/dangerous-drug-cosmetic-products\/\">Medicamentos y productos cosm\u00e9ticos peligrosos<\/a><\/li>\n<li><a href=\"https:\/\/marksandharrison.cwdevelop.com\/medical-malpractice-attorney\/\">Negligencia m\u00e9dica<\/a><\/li>\n<li><a href=\"https:\/\/marksandharrison.cwdevelop.com\/our-locations\/warrenton\/workers-compensation\/\">Accidentes laborales y compensaci\u00f3n para trabajadores<\/a><\/li>\n<li><a href=\"https:\/\/marksandharrison.cwdevelop.com\/nursing-home-abuse\/\">Negligencia y abuso en hogares de ancianos<\/a><\/li>\n<li><a href=\"https:\/\/marksandharrison.cwdevelop.com\/wrongful-death\/\">Muerte por negligencia<\/a><\/li>\n<\/ul>\n<\/div>\n","protected":false},"excerpt":{"rendered":"<p>\u00bfResult\u00f3 lesionado en un accidente que fue culpa de otra persona? Usted no tendr\u00eda que asumir las consecuencias financieras de lesiones causadas por terceros. Obtenga ayuda legal de uno de nuestros abogados especializados en lesiones personales en Warrenton para buscar una compensaci\u00f3n por sus gastos m\u00e9dicos y p\u00e9rdida de ingresos, as\u00ed como su dolor y [&hellip;]<\/p>\n","protected":false},"author":6,"featured_media":918580,"parent":0,"menu_order":93,"comment_status":"closed","ping_status":"closed","template":"location.php","meta":{"_acf_changed":false,"footnotes":""},"class_list":["post-910813","page","type-page","status-publish","has-post-thumbnail","hentry"],"acf":[],"yoast_head":"<!-- This site is optimized with the Yoast SEO plugin v27.1 - https:\/\/yoast.com\/product\/yoast-seo-wordpress\/ -->\n<title>Abogado de lesiones personales en Warrenton, VA | Marks &amp; Harrison<\/title>\n<meta name=\"description\" content=\"Contacte a un abogado de lesiones personales en Warrenton, VA. Obtenga una evaluaci\u00f3n gratuita y busque compensaci\u00f3n por gastos m\u00e9dicos, salarios perdidos y dolor.\" \/>\n<meta name=\"robots\" content=\"noindex, follow, max-snippet:-1, max-image-preview:large, max-video-preview:-1\" \/>\n<meta property=\"og:locale\" content=\"es_ES\" \/>\n<meta property=\"og:type\" content=\"article\" \/>\n<meta property=\"og:title\" content=\"Abogado de lesiones personales en Warrenton, VA | Marks &amp; Harrison\" \/>\n<meta property=\"og:description\" content=\"Contacte a un abogado de lesiones personales en Warrenton, VA. Obtenga una evaluaci\u00f3n gratuita y busque compensaci\u00f3n por gastos m\u00e9dicos, salarios perdidos y dolor.\" \/>\n<meta property=\"og:url\" content=\"https:\/\/marksandharrison.cwdevelop.com\/es\/abogado-de-lesiones-personales-en-warrenton\/\" \/>\n<meta property=\"og:site_name\" content=\"marksandharrison.cwdevelop.com Managed WordPress Site\" \/>\n<meta property=\"article:modified_time\" content=\"2026-03-26T09:17:03+00:00\" \/>\n<meta property=\"og:image\" content=\"http:\/\/marksandharrison.cwdevelop.com\/wp-content\/uploads\/2026\/03\/abogado-de-lesiones-personales-en-warrenton.png\" \/>\n\t<meta property=\"og:image:width\" content=\"1150\" \/>\n\t<meta property=\"og:image:height\" content=\"350\" \/>\n\t<meta property=\"og:image:type\" content=\"image\/png\" \/>\n<meta name=\"twitter:card\" content=\"summary_large_image\" \/>\n<meta name=\"twitter:label1\" content=\"Tiempo de lectura\" \/>\n\t<meta name=\"twitter:data1\" content=\"2 minutos\" \/>\n<script type=\"application\/ld+json\" class=\"yoast-schema-graph\">{\"@context\":\"https:\/\/schema.org\",\"@graph\":[{\"@type\":\"WebPage\",\"@id\":\"https:\/\/marksandharrison.cwdevelop.com\/es\/abogado-de-lesiones-personales-en-warrenton\/\",\"url\":\"https:\/\/marksandharrison.cwdevelop.com\/es\/abogado-de-lesiones-personales-en-warrenton\/\",\"name\":\"Abogado de lesiones personales en Warrenton, VA | Marks & Harrison\",\"isPartOf\":{\"@id\":\"https:\/\/marksandharrison.cwdevelop.com\/es\/#website\"},\"primaryImageOfPage\":{\"@id\":\"https:\/\/marksandharrison.cwdevelop.com\/es\/abogado-de-lesiones-personales-en-warrenton\/#primaryimage\"},\"image\":{\"@id\":\"https:\/\/marksandharrison.cwdevelop.com\/es\/abogado-de-lesiones-personales-en-warrenton\/#primaryimage\"},\"thumbnailUrl\":\"https:\/\/marksandharrison.cwdevelop.com\/wp-content\/uploads\/2026\/03\/abogado-de-lesiones-personales-en-warrenton.png\",\"datePublished\":\"2026-02-21T07:34:33+00:00\",\"dateModified\":\"2026-03-26T09:17:03+00:00\",\"description\":\"Contacte a un abogado de lesiones personales en Warrenton, VA. Obtenga una evaluaci\u00f3n gratuita y busque compensaci\u00f3n por gastos m\u00e9dicos, salarios perdidos y dolor.\",\"breadcrumb\":{\"@id\":\"https:\/\/marksandharrison.cwdevelop.com\/es\/abogado-de-lesiones-personales-en-warrenton\/#breadcrumb\"},\"inLanguage\":\"es\",\"potentialAction\":[{\"@type\":\"ReadAction\",\"target\":[\"https:\/\/marksandharrison.cwdevelop.com\/es\/abogado-de-lesiones-personales-en-warrenton\/\"]}]},{\"@type\":\"ImageObject\",\"inLanguage\":\"es\",\"@id\":\"https:\/\/marksandharrison.cwdevelop.com\/es\/abogado-de-lesiones-personales-en-warrenton\/#primaryimage\",\"url\":\"https:\/\/marksandharrison.cwdevelop.com\/wp-content\/uploads\/2026\/03\/abogado-de-lesiones-personales-en-warrenton.png\",\"contentUrl\":\"https:\/\/marksandharrison.cwdevelop.com\/wp-content\/uploads\/2026\/03\/abogado-de-lesiones-personales-en-warrenton.png\",\"width\":1150,\"height\":350},{\"@type\":\"BreadcrumbList\",\"@id\":\"https:\/\/marksandharrison.cwdevelop.com\/es\/abogado-de-lesiones-personales-en-warrenton\/#breadcrumb\",\"itemListElement\":[{\"@type\":\"ListItem\",\"position\":1,\"name\":\"Inicio\",\"item\":\"https:\/\/marksandharrison.cwdevelop.com\/es\/\"},{\"@type\":\"ListItem\",\"position\":2,\"name\":\"Abogado de lesiones personales en Warrenton\"}]},{\"@type\":\"WebSite\",\"@id\":\"https:\/\/marksandharrison.cwdevelop.com\/es\/#website\",\"url\":\"https:\/\/marksandharrison.cwdevelop.com\/es\/\",\"name\":\"marksandharrison.cwdevelop.com Managed WordPress Site\",\"description\":\"\",\"potentialAction\":[{\"@type\":\"SearchAction\",\"target\":{\"@type\":\"EntryPoint\",\"urlTemplate\":\"https:\/\/marksandharrison.cwdevelop.com\/es\/?s={search_term_string}\"},\"query-input\":{\"@type\":\"PropertyValueSpecification\",\"valueRequired\":true,\"valueName\":\"search_term_string\"}}],\"inLanguage\":\"es\"}]}<\/script>\n<!-- \/ Yoast SEO plugin. -->","yoast_head_json":{"title":"Abogado de lesiones personales en Warrenton, VA | Marks & Harrison","description":"Contacte a un abogado de lesiones personales en Warrenton, VA. Obtenga una evaluaci\u00f3n gratuita y busque compensaci\u00f3n por gastos m\u00e9dicos, salarios perdidos y dolor.","robots":{"index":"noindex","follow":"follow","max-snippet":"max-snippet:-1","max-image-preview":"max-image-preview:large","max-video-preview":"max-video-preview:-1"},"og_locale":"es_ES","og_type":"article","og_title":"Abogado de lesiones personales en Warrenton, VA | Marks & Harrison","og_description":"Contacte a un abogado de lesiones personales en Warrenton, VA. Obtenga una evaluaci\u00f3n gratuita y busque compensaci\u00f3n por gastos m\u00e9dicos, salarios perdidos y dolor.","og_url":"https:\/\/marksandharrison.cwdevelop.com\/es\/abogado-de-lesiones-personales-en-warrenton\/","og_site_name":"marksandharrison.cwdevelop.com Managed WordPress Site","article_modified_time":"2026-03-26T09:17:03+00:00","og_image":[{"width":1150,"height":350,"url":"http:\/\/marksandharrison.cwdevelop.com\/wp-content\/uploads\/2026\/03\/abogado-de-lesiones-personales-en-warrenton.png","type":"image\/png"}],"twitter_card":"summary_large_image","twitter_misc":{"Tiempo de lectura":"2 minutos"},"schema":{"@context":"https:\/\/schema.org","@graph":[{"@type":"WebPage","@id":"https:\/\/marksandharrison.cwdevelop.com\/es\/abogado-de-lesiones-personales-en-warrenton\/","url":"https:\/\/marksandharrison.cwdevelop.com\/es\/abogado-de-lesiones-personales-en-warrenton\/","name":"Abogado de lesiones personales en Warrenton, VA | Marks & Harrison","isPartOf":{"@id":"https:\/\/marksandharrison.cwdevelop.com\/es\/#website"},"primaryImageOfPage":{"@id":"https:\/\/marksandharrison.cwdevelop.com\/es\/abogado-de-lesiones-personales-en-warrenton\/#primaryimage"},"image":{"@id":"https:\/\/marksandharrison.cwdevelop.com\/es\/abogado-de-lesiones-personales-en-warrenton\/#primaryimage"},"thumbnailUrl":"https:\/\/marksandharrison.cwdevelop.com\/wp-content\/uploads\/2026\/03\/abogado-de-lesiones-personales-en-warrenton.png","datePublished":"2026-02-21T07:34:33+00:00","dateModified":"2026-03-26T09:17:03+00:00","description":"Contacte a un abogado de lesiones personales en Warrenton, VA. Obtenga una evaluaci\u00f3n gratuita y busque compensaci\u00f3n por gastos m\u00e9dicos, salarios perdidos y dolor.","breadcrumb":{"@id":"https:\/\/marksandharrison.cwdevelop.com\/es\/abogado-de-lesiones-personales-en-warrenton\/#breadcrumb"},"inLanguage":"es","potentialAction":[{"@type":"ReadAction","target":["https:\/\/marksandharrison.cwdevelop.com\/es\/abogado-de-lesiones-personales-en-warrenton\/"]}]},{"@type":"ImageObject","inLanguage":"es","@id":"https:\/\/marksandharrison.cwdevelop.com\/es\/abogado-de-lesiones-personales-en-warrenton\/#primaryimage","url":"https:\/\/marksandharrison.cwdevelop.com\/wp-content\/uploads\/2026\/03\/abogado-de-lesiones-personales-en-warrenton.png","contentUrl":"https:\/\/marksandharrison.cwdevelop.com\/wp-content\/uploads\/2026\/03\/abogado-de-lesiones-personales-en-warrenton.png","width":1150,"height":350},{"@type":"BreadcrumbList","@id":"https:\/\/marksandharrison.cwdevelop.com\/es\/abogado-de-lesiones-personales-en-warrenton\/#breadcrumb","itemListElement":[{"@type":"ListItem","position":1,"name":"Inicio","item":"https:\/\/marksandharrison.cwdevelop.com\/es\/"},{"@type":"ListItem","position":2,"name":"Abogado de lesiones personales en Warrenton"}]},{"@type":"WebSite","@id":"https:\/\/marksandharrison.cwdevelop.com\/es\/#website","url":"https:\/\/marksandharrison.cwdevelop.com\/es\/","name":"marksandharrison.cwdevelop.com Managed WordPress Site","description":"","potentialAction":[{"@type":"SearchAction","target":{"@type":"EntryPoint","urlTemplate":"https:\/\/marksandharrison.cwdevelop.com\/es\/?s={search_term_string}"},"query-input":{"@type":"PropertyValueSpecification","valueRequired":true,"valueName":"search_term_string"}}],"inLanguage":"es"}]}},"_links":{"self":[{"href":"https:\/\/marksandharrison.cwdevelop.com\/es\/wp-json\/wp\/v2\/pages\/910813","targetHints":{"allow":["GET"]}}],"collection":[{"href":"https:\/\/marksandharrison.cwdevelop.com\/es\/wp-json\/wp\/v2\/pages"}],"about":[{"href":"https:\/\/marksandharrison.cwdevelop.com\/es\/wp-json\/wp\/v2\/types\/page"}],"author":[{"embeddable":true,"href":"https:\/\/marksandharrison.cwdevelop.com\/es\/wp-json\/wp\/v2\/users\/6"}],"replies":[{"embeddable":true,"href":"https:\/\/marksandharrison.cwdevelop.com\/es\/wp-json\/wp\/v2\/comments?post=910813"}],"version-history":[{"count":0,"href":"https:\/\/marksandharrison.cwdevelop.com\/es\/wp-json\/wp\/v2\/pages\/910813\/revisions"}],"wp:featuredmedia":[{"embeddable":true,"href":"https:\/\/marksandharrison.cwdevelop.com\/es\/wp-json\/wp\/v2\/media\/918580"}],"wp:attachment":[{"href":"https:\/\/marksandharrison.cwdevelop.com\/es\/wp-json\/wp\/v2\/media?parent=910813"}],"curies":[{"name":"wp","href":"https:\/\/api.w.org\/{rel}","templated":true}]}}