{"id":903767,"date":"2014-09-19T04:10:10","date_gmt":"2014-09-19T04:10:10","guid":{"rendered":"https:\/\/marksandharrison.cwdevelop.com\/?page_id=903767"},"modified":"2026-03-26T09:25:14","modified_gmt":"2026-03-26T09:25:14","slug":"abuso-en-hogares-de-ancianos","status":"publish","type":"page","link":"https:\/\/marksandharrison.cwdevelop.com\/es\/abuso-en-hogares-de-ancianos\/","title":{"rendered":"Abogado de Abuso en Hogares de Ancianos en Richmond"},"content":{"rendered":"<p>Un hogar de ancianos debe respetar los derechos de sus residentes y tratarlos con cuidado, amabilidad y compasi\u00f3n. Lamentablemente, muchos hogares de ancianos en Virginia no cumplen con este est\u00e1ndar b\u00e1sico.<\/p>\n<p>De hecho, desde 2014, los inspectores del gobierno han sancionado a aproximadamente uno de cada cuatro hogares de ancianos en el estado por violaciones a regulaciones estatales y federales, seg\u00fan informa Capital News Service. En Marks &amp; Harrison, reconocemos la gravedad de este problema y estamos comprometidos a combatirlo.<\/p>\n<p>Durante m\u00e1s de 100 a\u00f1os, nuestra firma ha protegido los derechos de personas con discapacidades y de quienes han resultado lesionados en todo Virginia. Conocemos el da\u00f1o devastador que pueden causar los casos de <a href=\"https:\/\/marksandharrison.cwdevelop.com\/nursing-home-abuse\/recognizing-nursing-home-abuse\/\">abuso y negligencia en hogares de ancianos<\/a>. Estamos dedicados a utilizar los amplios recursos de nuestra firma para ayudar a las v\u00edctimas y a sus familias a buscar la justicia y la compensaci\u00f3n que merecen. Si usted considera que su ser querido ha sufrido da\u00f1os a causa de una conducta indebida o <a href=\"https:\/\/marksandharrison.cwdevelop.com\/blog\/sue-nursing-home-negligence\/\">negligencia en un hogar de ancianos<\/a>, cont\u00e1ctenos hoy mismo a trav\u00e9s de una de nuestras 11 oficinas ubicadas en todo Virginia.<\/p>\n<p>Nuestros abogados especializados en <a href=\"https:\/\/marksandharrison.cwdevelop.com\/nursing-home-abuse\/suspect-nursing-home-abuse\/\">abuso en hogares de ancianos<\/a> en Virginia pueden ofrecerle una consulta gratuita y comenzar a trabajar de inmediato en su caso. Hable hoy mismo con nuestros <a href=\"https:\/\/marksandharrison.cwdevelop.com\/es\/\">abogados de lesiones personales en Richmond<\/a> en Marks &amp; Harrison.<\/p>\n<h2>\u00bfCu\u00e1les son los derechos de los residentes de hogares de ancianos en Virginia?<\/h2>\n<p>Cuando su ser querido se muda a un <a href=\"https:\/\/marksandharrison.cwdevelop.com\/nursing-home-abuse\/nursing-home-resident-rights\/\">hogar de ancianos u otra instalaci\u00f3n de cuidados a largo plazo en Virginia<\/a>, no renuncia a sus derechos. De hecho, tanto la ley estatal (<a href=\"https:\/\/law.lis.virginia.gov\/vacode\/title32.1\/chapter5\/section32.1-138\/#:~:text=%C2%A7%2032.1%2D138.,.%3B%20exceptions%3B%20certification%20of%20compliance\">C\u00f3digo de Virginia \u00a7 32.1-138<\/a>) como la ley federal (<a href=\"https:\/\/www.congress.gov\/bill\/100th-congress\/house-bill\/3545\">Ley de Reconciliaci\u00f3n del Presupuesto General de 1987<\/a>) establecen y protegen de forma espec\u00edfica dichos derechos. Estos derechos se dividen en dos categor\u00edas principales:<\/p>\n<ul>\n<li><strong>Calidad del cuidado:<\/strong> un hogar de ancianos debe proporcionar la atenci\u00f3n y los servicios necesarios que permitan a los residentes \u201calcanzar o mantener el mayor nivel posible de bienestar f\u00edsico, mental y psicosocial\u201d.<\/li>\n<li><strong>Calidad de vida:<\/strong> los hogares de ancianos tambi\u00e9n deben brindar atenci\u00f3n en un entorno que promueva el mantenimiento o la mejora de la calidad de vida de cada residente.<\/li>\n<\/ul>\n<p>Espec\u00edficamente, los <a href=\"https:\/\/marksandharrison.cwdevelop.com\/nursing-home-abuse\/nursing-home-resident-rights\/\">hogares de ancianos en nuestro estado deben garantizar<\/a> que los residentes est\u00e9n libres de abuso f\u00edsico y mental, y bajo ninguna circunstancia pueden dejar de atender sus necesidades individuales. Si un hogar de ancianos incumple con sus obligaciones y un residente sufre da\u00f1os como consecuencia de ello, los residentes y sus familias tienen todo el derecho de emprender acciones legales. Cuando usted se comunique con Marks &amp; Harrison, le explicaremos en detalle sus derechos y los de su ser querido, as\u00ed como todas las opciones legales disponibles para usted.<\/p>\n<p><iframe loading=\"lazy\" style=\"border: 0;\" src=\"https:\/\/www.google.com\/maps\/embed?pb=!1m18!1m12!1m3!1d3161.0817706744783!2d-77.5464025!3d37.600234500000006!2m3!1f0!2f0!3f0!3m2!1i1024!2i768!4f13.1!3m3!1m2!1s0x89b114c4f15af799%3A0x3e4a74cde1fa3340!2sMarks%20%26%20Harrison%20-%20Personal%20Injury%20Attorney%20-%20Richmond!5e0!3m2!1sen!2sus!4v1680529458447!5m2!1sen!2sus\" width=\"100%\" height=\"450\" allowfullscreen=\"allowfullscreen\"><\/iframe><\/p>\n<h2>\u00bfCu\u00e1les son las se\u00f1ales de abuso y negligencia en los hogares de ancianos en Virginia?<\/h2>\n<p>Usted debe estar lo m\u00e1s atento posible al cuidado y trato que recibe su ser querido en un hogar de ancianos en Virginia. Si lo visita, debe observar el estado de mantenimiento de las instalaciones y los niveles de personal. Tambi\u00e9n debe estar alerta ante se\u00f1ales comunes de abuso o negligencia. Estas se\u00f1ales incluyen:<\/p>\n<ul>\n<li><strong>Abuso f\u00edsico:<\/strong> moretones, cortes u otras marcas recurrentes en las mismas \u00e1reas del cuerpo o con formas o patrones similares. Por ejemplo, marcas alrededor de las mu\u00f1ecas o tobillos pueden indicar que el personal ha utilizado sujeciones f\u00edsicas sobre su ser querido.<\/li>\n<li><strong>Abuso emocional:<\/strong> un cambio repentino en el comportamiento de su ser querido puede revelar que est\u00e1 sufriendo este tipo de abuso. El surgimiento abrupto de ansiedad, depresi\u00f3n o aislamiento es una se\u00f1al de alerta importante.<\/li>\n<li><strong>Abuso sexual:<\/strong> moretones en los senos, gl\u00fateos o \u00e1rea genital, infecciones genitales o enfermedades de transmisi\u00f3n sexual pueden indicar que su ser querido ha sido v\u00edctima de abuso sexual por parte de un miembro del personal o de otro residente.<\/li>\n<li><strong>Negligencia:<\/strong> \u00falceras por presi\u00f3n, p\u00e9rdida de peso causada por desnutrici\u00f3n, piel seca y escamosa por deshidrataci\u00f3n, ropa de cama sucia, ropa sin lavar y lesiones por ca\u00eddas son se\u00f1ales claras de que la instalaci\u00f3n no est\u00e1 brindando el cuidado que su ser querido merece.<\/li>\n<\/ul>\n<p>Tambi\u00e9n debe prestar atenci\u00f3n a las finanzas y pertenencias personales de su ser querido. \u00bfSe han producido retiros sospechosos de sus cuentas? \u00bfHan desaparecido prendas, joyas o dispositivos electr\u00f3nicos de su habitaci\u00f3n? Si es as\u00ed, su ser querido podr\u00eda estar siendo v\u00edctima de abuso financiero.<\/p>\n<h2>\u00bfQu\u00e9 debe hacer si sospecha que su ser querido est\u00e1 siendo v\u00edctima de abuso o negligencia en Richmond, Virginia?<\/h2>\n<p>Muchos de los casos de abuso y negligencia en hogares de ancianos en Virginia no se reportan. Las v\u00edctimas pueden temer represalias o sufrir condiciones como la enfermedad de Alzheimer que les impiden tomar acci\u00f3n. Por ello, usted debe estar preparado para actuar si sospecha que su ser querido ha sido maltratado. Algunas medidas que puede tomar incluyen:<\/p>\n<ul>\n<li><strong>Llame a la polic\u00eda si se trata de una emergencia.<\/strong> Si usted cree que su ser querido es v\u00edctima de un delito o enfrenta un peligro inminente, llame al 911 de inmediato. Tenga a mano el nombre de su ser querido, la ubicaci\u00f3n del hogar de ancianos, una descripci\u00f3n general de lo ocurrido y el nombre de la persona a quien usted sospecha de haber actuado indebidamente.<\/li>\n<li><strong>Reporte el caso a las autoridades correspondientes.<\/strong> Si la situaci\u00f3n no es de emergencia, debe reportar el abuso o negligencia contactando a su Departamento local de Servicios Sociales o a los <a href=\"https:\/\/www.vadars.org\/aps\/AdultProtServ.htm\">Servicios de Protecci\u00f3n para Adultos de Virginia<\/a> a trav\u00e9s de su l\u00ednea directa: (888) 832-3858. Tambi\u00e9n puede comunicarse con el <a href=\"https:\/\/www.elderrightsva.org\/\">Programa del Defensor del Pueblo para Cuidados a Largo Plazo de Virginia<\/a> al (804) 565-1600 y\/o presentar una queja ante el Departamento de Profesiones de la Salud al (800) 533-1560.<\/li>\n<li><strong>Busque ayuda legal.<\/strong> Si tiene dudas sobre qu\u00e9 hacer o necesita orientaci\u00f3n, comun\u00edquese con Marks &amp; Harrison sin demora. Le ayudaremos a tratar con el hogar de ancianos, reportar el maltrato a las autoridades competentes y tomar todas las medidas necesarias para proteger a su ser querido de forma inmediata.<\/li>\n<\/ul>\n<h2>\u00bfC\u00f3mo pueden ayudarle nuestros abogados de abuso y negligencia en hogares de ancianos en Richmond?<\/h2>\n<p>Si usted reporta un posible caso de abuso o negligencia, las autoridades pueden iniciar una investigaci\u00f3n y tomar medidas contra el hogar de ancianos. Esta investigaci\u00f3n puede resultar en sanciones contra los propietarios o administradores del centro, tales como multas, suspensi\u00f3n de la licencia del establecimiento o, en casos graves, el cierre inmediato de la instalaci\u00f3n.<\/p>\n<p>Sin embargo, para abordar el da\u00f1o f\u00edsico, emocional y\/o financiero espec\u00edfico que su ser querido ha sufrido, usted necesitar\u00e1 la ayuda de un abogado con experiencia en lesiones personales.<\/p>\n<p>En Marks &amp; Harrison, colaboraremos con las autoridades encargadas de investigar el caso de su ser querido. Adem\u00e1s, realizaremos nuestra propia investigaci\u00f3n independiente de inmediato y consultaremos con expertos en cuidado geri\u00e1trico. Con base en las pruebas recopiladas, podremos tomar diversas acciones legales en su nombre.<\/p>\n<p>Nuestro objetivo ser\u00e1 responsabilizar a los miembros del personal, profesionales m\u00e9dicos y\/o a la entidad propietaria y operadora del hogar de ancianos por las lesiones que su ser querido ha sufrido. Tambi\u00e9n buscaremos obtener una compensaci\u00f3n que puede incluir:<\/p>\n<ul>\n<li>Gastos m\u00e9dicos pasados y futuros;<\/li>\n<li>dolor f\u00edsico y sufrimiento;<\/li>\n<li>angustia emocional;<\/li>\n<li>da\u00f1os punitivos;<\/li>\n<li><a href=\"https:\/\/marksandharrison.cwdevelop.com\/wrongful-death\/\">indemnizaci\u00f3n por muerte injusta<\/a> (si su ser querido falleci\u00f3 como consecuencia del abuso o la negligencia).<\/li>\n<\/ul>\n<p>Sabemos que ninguna cantidad de compensaci\u00f3n puede revertir el da\u00f1o causado por el abuso o negligencia en un hogar de ancianos. Sin embargo, una acci\u00f3n civil puede ayudar a su familia a obtener respuestas y la justicia que merecen, y a dejar atr\u00e1s la experiencia traum\u00e1tica que han tenido que sufrir injustamente.<\/p>\n<h2>Nuestros abogados de negligencia en hogares de ancianos en Virginia est\u00e1n aqu\u00ed para usted<\/h2>\n<p>Como una de las firmas de abogados de lesiones personales m\u00e1s antiguas y grandes de Virginia, <a href=\"https:\/\/marksandharrison.cwdevelop.com\/es\/sobre-marks-harrison\/\">Marks &amp; Harrison<\/a> cuenta con la experiencia, habilidad y recursos necesarios para enfrentarse a hogares de ancianos que abusan o descuidan a sus residentes.<\/p>\n<p>Nuestros abogados con experiencia en lesiones en hogares de ancianos en Virginia est\u00e1n listos para comenzar a trabajar por usted hoy mismo, y no le cobraremos honorarios a menos que obtengamos una compensaci\u00f3n a su favor. Si su ser querido ha sido v\u00edctima de negligencia o abuso en una residencia de cuidado asistido en Virginia, no dude en buscar ayuda. Para obtener m\u00e1s informaci\u00f3n, <a href=\"https:\/\/marksandharrison.cwdevelop.com\/es\/contacto\/\">cont\u00e1ctenos hoy mismo<\/a> a trav\u00e9s de cualquiera de nuestras 11 oficinas ubicadas en todo el estado y programe una consulta gratuita.<\/p>\n","protected":false},"excerpt":{"rendered":"<p>Un hogar de ancianos debe respetar los derechos de sus residentes y tratarlos con cuidado, amabilidad y compasi\u00f3n. Lamentablemente, muchos hogares de ancianos en Virginia no cumplen con este est\u00e1ndar b\u00e1sico. De hecho, desde 2014, los inspectores del gobierno han sancionado a aproximadamente uno de cada cuatro hogares de ancianos en el estado por violaciones [&hellip;]<\/p>\n","protected":false},"author":1,"featured_media":915855,"parent":0,"menu_order":78,"comment_status":"closed","ping_status":"open","template":"","meta":{"_acf_changed":false,"footnotes":""},"class_list":["post-903767","page","type-page","status-publish","has-post-thumbnail","hentry"],"acf":[],"yoast_head":"<!-- This site is optimized with the Yoast SEO plugin v27.1 - https:\/\/yoast.com\/product\/yoast-seo-wordpress\/ -->\n<title>Abogado de Abuso en Hogares de Ancianos en Richmond - Marks &amp; Harrison<\/title>\n<meta name=\"description\" content=\"\u00bfSospecha de abuso o negligencia en un hogar de ancianos en Richmond, Virginia? Nuestros abogados pueden ayudarle a buscar la justicia que merece.\" \/>\n<meta name=\"robots\" content=\"noindex, follow, max-snippet:-1, max-image-preview:large, max-video-preview:-1\" \/>\n<meta property=\"og:locale\" content=\"es_ES\" \/>\n<meta property=\"og:type\" content=\"article\" \/>\n<meta property=\"og:title\" content=\"Abogado de Abuso en Hogares de Ancianos en Richmond\" \/>\n<meta property=\"og:description\" content=\"Un hogar de ancianos debe respetar los derechos de sus residentes y tratarlos con cuidado, amabilidad y compasi\u00f3n. Lamentablemente, muchos hogares de ancianos en Virginia no cumplen con este est\u00e1ndar b\u00e1sico.\" \/>\n<meta property=\"og:url\" content=\"https:\/\/marksandharrison.cwdevelop.com\/es\/abuso-en-hogares-de-ancianos\/\" \/>\n<meta property=\"og:site_name\" content=\"marksandharrison.cwdevelop.com Managed WordPress Site\" \/>\n<meta property=\"article:modified_time\" content=\"2026-03-26T09:25:14+00:00\" \/>\n<meta property=\"og:image\" content=\"http:\/\/marksandharrison.cwdevelop.com\/wp-content\/uploads\/2025\/07\/senior-abused-caretaker.jpg\" \/>\n\t<meta property=\"og:image:width\" content=\"1000\" \/>\n\t<meta property=\"og:image:height\" content=\"667\" \/>\n\t<meta property=\"og:image:type\" content=\"image\/jpeg\" \/>\n<meta name=\"twitter:card\" content=\"summary_large_image\" \/>\n<meta name=\"twitter:label1\" content=\"Tiempo de lectura\" \/>\n\t<meta name=\"twitter:data1\" content=\"7 minutos\" \/>\n<script type=\"application\/ld+json\" class=\"yoast-schema-graph\">{\"@context\":\"https:\/\/schema.org\",\"@graph\":[{\"@type\":\"WebPage\",\"@id\":\"https:\/\/marksandharrison.cwdevelop.com\/es\/abuso-en-hogares-de-ancianos\/\",\"url\":\"https:\/\/marksandharrison.cwdevelop.com\/es\/abuso-en-hogares-de-ancianos\/\",\"name\":\"Abogado de Abuso en Hogares de Ancianos en Richmond - Marks & Harrison\",\"isPartOf\":{\"@id\":\"https:\/\/marksandharrison.cwdevelop.com\/es\/#website\"},\"primaryImageOfPage\":{\"@id\":\"https:\/\/marksandharrison.cwdevelop.com\/es\/abuso-en-hogares-de-ancianos\/#primaryimage\"},\"image\":{\"@id\":\"https:\/\/marksandharrison.cwdevelop.com\/es\/abuso-en-hogares-de-ancianos\/#primaryimage\"},\"thumbnailUrl\":\"https:\/\/marksandharrison.cwdevelop.com\/wp-content\/uploads\/2026\/03\/abuso-en-hogares-de-ancianos.png\",\"datePublished\":\"2014-09-19T04:10:10+00:00\",\"dateModified\":\"2026-03-26T09:25:14+00:00\",\"description\":\"\u00bfSospecha de abuso o negligencia en un hogar de ancianos en Richmond, Virginia? Nuestros abogados pueden ayudarle a buscar la justicia que merece.\",\"breadcrumb\":{\"@id\":\"https:\/\/marksandharrison.cwdevelop.com\/es\/abuso-en-hogares-de-ancianos\/#breadcrumb\"},\"inLanguage\":\"es\",\"potentialAction\":[{\"@type\":\"ReadAction\",\"target\":[\"https:\/\/marksandharrison.cwdevelop.com\/es\/abuso-en-hogares-de-ancianos\/\"]}]},{\"@type\":\"ImageObject\",\"inLanguage\":\"es\",\"@id\":\"https:\/\/marksandharrison.cwdevelop.com\/es\/abuso-en-hogares-de-ancianos\/#primaryimage\",\"url\":\"https:\/\/marksandharrison.cwdevelop.com\/wp-content\/uploads\/2026\/03\/abuso-en-hogares-de-ancianos.png\",\"contentUrl\":\"https:\/\/marksandharrison.cwdevelop.com\/wp-content\/uploads\/2026\/03\/abuso-en-hogares-de-ancianos.png\",\"width\":1150,\"height\":350},{\"@type\":\"BreadcrumbList\",\"@id\":\"https:\/\/marksandharrison.cwdevelop.com\/es\/abuso-en-hogares-de-ancianos\/#breadcrumb\",\"itemListElement\":[{\"@type\":\"ListItem\",\"position\":1,\"name\":\"Inicio\",\"item\":\"https:\/\/marksandharrison.cwdevelop.com\/es\/\"},{\"@type\":\"ListItem\",\"position\":2,\"name\":\"Abogado de Abuso en Hogares de Ancianos en Richmond\"}]},{\"@type\":\"WebSite\",\"@id\":\"https:\/\/marksandharrison.cwdevelop.com\/es\/#website\",\"url\":\"https:\/\/marksandharrison.cwdevelop.com\/es\/\",\"name\":\"marksandharrison.cwdevelop.com Managed WordPress Site\",\"description\":\"\",\"potentialAction\":[{\"@type\":\"SearchAction\",\"target\":{\"@type\":\"EntryPoint\",\"urlTemplate\":\"https:\/\/marksandharrison.cwdevelop.com\/es\/?s={search_term_string}\"},\"query-input\":{\"@type\":\"PropertyValueSpecification\",\"valueRequired\":true,\"valueName\":\"search_term_string\"}}],\"inLanguage\":\"es\"}]}<\/script>\n<!-- \/ Yoast SEO plugin. -->","yoast_head_json":{"title":"Abogado de Abuso en Hogares de Ancianos en Richmond - Marks & Harrison","description":"\u00bfSospecha de abuso o negligencia en un hogar de ancianos en Richmond, Virginia? Nuestros abogados pueden ayudarle a buscar la justicia que merece.","robots":{"index":"noindex","follow":"follow","max-snippet":"max-snippet:-1","max-image-preview":"max-image-preview:large","max-video-preview":"max-video-preview:-1"},"og_locale":"es_ES","og_type":"article","og_title":"Abogado de Abuso en Hogares de Ancianos en Richmond","og_description":"Un hogar de ancianos debe respetar los derechos de sus residentes y tratarlos con cuidado, amabilidad y compasi\u00f3n. Lamentablemente, muchos hogares de ancianos en Virginia no cumplen con este est\u00e1ndar b\u00e1sico.","og_url":"https:\/\/marksandharrison.cwdevelop.com\/es\/abuso-en-hogares-de-ancianos\/","og_site_name":"marksandharrison.cwdevelop.com Managed WordPress Site","article_modified_time":"2026-03-26T09:25:14+00:00","og_image":[{"width":1000,"height":667,"url":"http:\/\/marksandharrison.cwdevelop.com\/wp-content\/uploads\/2025\/07\/senior-abused-caretaker.jpg","type":"image\/jpeg"}],"twitter_card":"summary_large_image","twitter_misc":{"Tiempo de lectura":"7 minutos"},"schema":{"@context":"https:\/\/schema.org","@graph":[{"@type":"WebPage","@id":"https:\/\/marksandharrison.cwdevelop.com\/es\/abuso-en-hogares-de-ancianos\/","url":"https:\/\/marksandharrison.cwdevelop.com\/es\/abuso-en-hogares-de-ancianos\/","name":"Abogado de Abuso en Hogares de Ancianos en Richmond - Marks & Harrison","isPartOf":{"@id":"https:\/\/marksandharrison.cwdevelop.com\/es\/#website"},"primaryImageOfPage":{"@id":"https:\/\/marksandharrison.cwdevelop.com\/es\/abuso-en-hogares-de-ancianos\/#primaryimage"},"image":{"@id":"https:\/\/marksandharrison.cwdevelop.com\/es\/abuso-en-hogares-de-ancianos\/#primaryimage"},"thumbnailUrl":"https:\/\/marksandharrison.cwdevelop.com\/wp-content\/uploads\/2026\/03\/abuso-en-hogares-de-ancianos.png","datePublished":"2014-09-19T04:10:10+00:00","dateModified":"2026-03-26T09:25:14+00:00","description":"\u00bfSospecha de abuso o negligencia en un hogar de ancianos en Richmond, Virginia? Nuestros abogados pueden ayudarle a buscar la justicia que merece.","breadcrumb":{"@id":"https:\/\/marksandharrison.cwdevelop.com\/es\/abuso-en-hogares-de-ancianos\/#breadcrumb"},"inLanguage":"es","potentialAction":[{"@type":"ReadAction","target":["https:\/\/marksandharrison.cwdevelop.com\/es\/abuso-en-hogares-de-ancianos\/"]}]},{"@type":"ImageObject","inLanguage":"es","@id":"https:\/\/marksandharrison.cwdevelop.com\/es\/abuso-en-hogares-de-ancianos\/#primaryimage","url":"https:\/\/marksandharrison.cwdevelop.com\/wp-content\/uploads\/2026\/03\/abuso-en-hogares-de-ancianos.png","contentUrl":"https:\/\/marksandharrison.cwdevelop.com\/wp-content\/uploads\/2026\/03\/abuso-en-hogares-de-ancianos.png","width":1150,"height":350},{"@type":"BreadcrumbList","@id":"https:\/\/marksandharrison.cwdevelop.com\/es\/abuso-en-hogares-de-ancianos\/#breadcrumb","itemListElement":[{"@type":"ListItem","position":1,"name":"Inicio","item":"https:\/\/marksandharrison.cwdevelop.com\/es\/"},{"@type":"ListItem","position":2,"name":"Abogado de Abuso en Hogares de Ancianos en Richmond"}]},{"@type":"WebSite","@id":"https:\/\/marksandharrison.cwdevelop.com\/es\/#website","url":"https:\/\/marksandharrison.cwdevelop.com\/es\/","name":"marksandharrison.cwdevelop.com Managed WordPress Site","description":"","potentialAction":[{"@type":"SearchAction","target":{"@type":"EntryPoint","urlTemplate":"https:\/\/marksandharrison.cwdevelop.com\/es\/?s={search_term_string}"},"query-input":{"@type":"PropertyValueSpecification","valueRequired":true,"valueName":"search_term_string"}}],"inLanguage":"es"}]}},"_links":{"self":[{"href":"https:\/\/marksandharrison.cwdevelop.com\/es\/wp-json\/wp\/v2\/pages\/903767","targetHints":{"allow":["GET"]}}],"collection":[{"href":"https:\/\/marksandharrison.cwdevelop.com\/es\/wp-json\/wp\/v2\/pages"}],"about":[{"href":"https:\/\/marksandharrison.cwdevelop.com\/es\/wp-json\/wp\/v2\/types\/page"}],"author":[{"embeddable":true,"href":"https:\/\/marksandharrison.cwdevelop.com\/es\/wp-json\/wp\/v2\/users\/1"}],"replies":[{"embeddable":true,"href":"https:\/\/marksandharrison.cwdevelop.com\/es\/wp-json\/wp\/v2\/comments?post=903767"}],"version-history":[{"count":0,"href":"https:\/\/marksandharrison.cwdevelop.com\/es\/wp-json\/wp\/v2\/pages\/903767\/revisions"}],"wp:featuredmedia":[{"embeddable":true,"href":"https:\/\/marksandharrison.cwdevelop.com\/es\/wp-json\/wp\/v2\/media\/915855"}],"wp:attachment":[{"href":"https:\/\/marksandharrison.cwdevelop.com\/es\/wp-json\/wp\/v2\/media?parent=903767"}],"curies":[{"name":"wp","href":"https:\/\/api.w.org\/{rel}","templated":true}]}}