{"id":903731,"date":"2014-09-19T03:43:30","date_gmt":"2014-09-19T03:43:30","guid":{"rendered":"https:\/\/marksandharrison.cwdevelop.com\/?page_id=903731"},"modified":"2026-04-07T09:00:41","modified_gmt":"2026-04-07T09:00:41","slug":"resbalones-y-caidas","status":"publish","type":"page","link":"https:\/\/marksandharrison.cwdevelop.com\/es\/resbalones-y-caidas\/","title":{"rendered":"Abogado de Resbalones y Ca\u00eddas en Richmond"},"content":{"rendered":"<p>Un accidente por resbal\u00f3n y ca\u00edda puede ocurrir cuando un negocio u otro propietario de un inmueble no toma las precauciones razonables para mantener sus instalaciones seguras para los clientes y otros visitantes leg\u00edtimos. Si usted o un ser querido ha sufrido una lesi\u00f3n por un resbal\u00f3n y ca\u00edda causado por la negligencia del propietario de una propiedad, es posible que pueda buscar una compensaci\u00f3n por sus p\u00e9rdidas mediante una demanda por \u201cresponsabilidad de las instalaciones\u201d.<\/p>\n<p>Sin embargo, un reclamo por accidente de resbal\u00f3n y ca\u00edda puede ser dif\u00edcil de probar. Generalmente implica cuestiones legales y de seguros complejas. Por ello, es importante contar con la ayuda de un abogado con experiencia en esta \u00e1rea del derecho, especialmente si usted ha sufrido un resbal\u00f3n y ca\u00edda en el trabajo. \u00a1No dude en ponerse en contacto hoy mismo con nuestros abogados de responsabilidad de instalaciones o abogados de accidentes por resbalones y ca\u00eddas en Richmond!<\/p>\n<p>Debe comunicarse con los abogados de lesiones por resbal\u00f3n y ca\u00edda de Richmond en Marks &amp; Harrison.<\/p>\n<p>Contamos con una amplia trayectoria en casos de resbalones y ca\u00eddas en Richmond y en todo Virginia, incluyendo:<\/p>\n<ul>\n<li><strong>Recuperaci\u00f3n de $271,407 \u2013<\/strong> Un inquilino result\u00f3 lesionado al caer en su complejo de apartamentos, al bajar unas escaleras exteriores donde la moldura del borde de los escalones se desprendi\u00f3.<\/li>\n<li><strong>Recuperaci\u00f3n de $180,000 \u2013<\/strong> Una espectadora de cine resbal\u00f3 y se fractur\u00f3 la pierna al pisar un piso de concreto que hab\u00eda sido pulido en exceso.<\/li>\n<li><strong>Recuperaci\u00f3n de $100,000 \u2013<\/strong> Un cliente de supermercado cay\u00f3 sobre una alfombra mojada en la entrada de la tienda y se lesion\u00f3 la rodilla.<\/li>\n<\/ul>\n<p>El resultado obtenido en un caso de resbal\u00f3n y ca\u00edda depende de factores \u00fanicos en cada caso. Los resultados anteriores no garantizan ni predicen lo que se podr\u00eda recuperar en su caso.<\/p>\n<p>Ser\u00e1 importante que nos reunamos con usted para revisar detalladamente lo ocurrido en su caso y comenzar de inmediato a buscar la compensaci\u00f3n que usted merece. Llame hoy mismo a nuestro abogado de lesiones por resbal\u00f3n y ca\u00edda o <a href=\"https:\/\/marksandharrison.cwdevelop.com\/es\/contacto\/\">cont\u00e1ctenos en l\u00ednea<\/a> para comenzar con una consulta gratuita.<\/p>\n<h2>\u00bfQu\u00e9 es una lesi\u00f3n por resbal\u00f3n y ca\u00edda?<\/h2>\n<p>Un resbal\u00f3n y ca\u00edda es un accidente que puede ser causado por una condici\u00f3n peligrosa en una propiedad que es pose\u00edda (o controlada) por una persona, empresa o entidad gubernamental.<\/p>\n<p>Una lesi\u00f3n por resbal\u00f3n y ca\u00edda puede producirse debido a condiciones como:<\/p>\n<ul>\n<li>Superf\u00edcies desniveladas o rotas<\/li>\n<li>Alfombras sueltas o desgastadas<\/li>\n<li>Falta de iluminaci\u00f3n adecuada en pasillos o escaleras<\/li>\n<li>Pasamanos rotos<\/li>\n<li>Pisos mojados, aceitosos o resbalosos por otras razones<\/li>\n<li>Huecos en el suelo u objetos que sobresalen del piso<\/li>\n<li>Nieve, hielo o agua acumulada debido a condiciones clim\u00e1ticas<\/li>\n<li><a href=\"https:\/\/marksandharrison.cwdevelop.com\/es\/abuso-en-hogares-de-ancianos\/\">Negligencia del personal en un asilo o casa de retiro<\/a><\/li>\n<\/ul>\n<p>Una lesi\u00f3n por resbal\u00f3n y ca\u00edda puede ser un accidente grave que ocasione da\u00f1os severos, incluyendo:<\/p>\n<ul>\n<li>Fracturas en brazos, mu\u00f1ecas y caderas<\/li>\n<li>Lesiones en la espalda, cuello y m\u00e9dula espinal<\/li>\n<li>Lesiones en los hombros y otras partes del torso superior, como clav\u00edculas rotas<\/li>\n<li>Lesiones en la cabeza y el cerebro, incluyendo conmociones cerebrales y da\u00f1o cerebral traum\u00e1tico<\/li>\n<\/ul>\n<p>Cualquier persona puede sufrir una lesi\u00f3n por resbal\u00f3n y ca\u00edda. Sin embargo, las consecuencias pueden ser m\u00e1s graves en el caso de adultos mayores, quienes pueden enfrentar complicaciones adicionales relacionadas con la edad y la salud. Es fundamental que cualquier v\u00edctima de un accidente de este tipo obtenga ayuda legal inmediata de un abogado especializado en resbalones y ca\u00eddas en Richmond.<\/p>\n<p><iframe loading=\"lazy\" style=\"border: 0;\" src=\"https:\/\/www.google.com\/maps\/embed?pb=!1m18!1m12!1m3!1d3161.0817706744783!2d-77.5464025!3d37.600234500000006!2m3!1f0!2f0!3f0!3m2!1i1024!2i768!4f13.1!3m3!1m2!1s0x89b114c4f15af799%3A0x3e4a74cde1fa3340!2sMarks%20%26%20Harrison%20-%20Personal%20Injury%20Attorney%20-%20Richmond!5e0!3m2!1sen!2sus!4v1680529458447!5m2!1sen!2sus\" width=\"100%\" height=\"450\" allowfullscreen=\"allowfullscreen\"><\/iframe><\/p>\n<h2>\u00bfC\u00f3mo se demuestra una demanda por resbal\u00f3n y ca\u00edda en Virginia?<\/h2>\n<p>No todos los casos de resbalones y ca\u00eddas dan lugar a un reclamo por compensaci\u00f3n. Por esto, es fundamental que un abogado revise cuidadosamente su caso.<\/p>\n<p>Tres aspectos clave en los casos de resbalones y ca\u00eddas en Richmond son:<\/p>\n<h3>\u00bfCu\u00e1l era su estatus como visitante?<\/h3>\n<p>Su estatus determina el nivel de responsabilidad que el propietario ten\u00eda hacia usted. Seg\u00fan la ley de Virginia, el nivel m\u00e1s alto de cuidado se debe a los \u201cinvitados\u201d (invitees). Estos son visitantes que acuden a una propiedad por fines comerciales del propietario o porque el inmueble est\u00e1 abierto al p\u00fablico en general. Un cliente en una tienda, por ejemplo, se considera un invitado. Como invitado, el propietario tiene la obligaci\u00f3n de tomar medidas razonables para mantener el lugar seguro y advertirle sobre peligros ocultos.<\/p>\n<p>Si usted estaba en la propiedad con permiso del propietario pero en beneficio propio (y no del propietario), se le considera un \u201clicenciatario\u201d (licensee), y la responsabilidad hacia usted ser\u00eda menor.<\/p>\n<p>Si usted se encontraba en la propiedad sin permiso, entonces se le considera un \u201cintruso\u201d (trespasser). En ese caso, el propietario solo tiene la obligaci\u00f3n de no causarle da\u00f1o intencional o de forma temeraria.<\/p>\n<p>Por supuesto, si usted excede los l\u00edmites del permiso otorgado por el propietario \u2014por ejemplo, si entra en un \u00e1rea restringida de una tienda siendo cliente\u2014 podr\u00eda perder su estatus como invitado.<\/p>\n<h3>\u00bfEl propietario del inmueble ten\u00eda conocimiento de la condici\u00f3n peligrosa?<\/h3>\n<p>Para que un propietario sea considerado responsable, debe haber tenido conocimiento de la condici\u00f3n peligrosa en el \u00e1rea donde ocurri\u00f3 la lesi\u00f3n. Este conocimiento puede ser real o \u201cconstructivo\u201d, lo que significa que se puede inferir que el propietario ten\u00eda conocimiento. Generalmente, se puede probar este conocimiento cuando:<\/p>\n<p>El propietario del inmueble (o uno de sus empleados) cre\u00f3 la condici\u00f3n peligrosa.<\/p>\n<p>La condici\u00f3n peligrosa era evidente y existi\u00f3 durante un per\u00edodo de tiempo suficiente.<\/p>\n<p>Por esta raz\u00f3n, un aspecto importante de su caso podr\u00eda ser proporcionar pruebas de cu\u00e1ndo surgi\u00f3 la condici\u00f3n peligrosa y cu\u00e1nto tiempo existi\u00f3 sin ser atendida por el propietario. Por ejemplo, si un arrendador recibi\u00f3 varias quejas sobre un pasamanos roto, esto podr\u00eda inclinar el caso hacia la negligencia.<\/p>\n<h3>\u00bfEra la condici\u00f3n peligrosa una que estaba \u201ca la vista y era evidente\u201d?<\/h3>\n<p>En muchos casos de resbalones y ca\u00eddas, el propietario del inmueble intentar\u00e1 evitar su responsabilidad argumentando que el peligro era \u201cabierto y evidente\u201d. En otras palabras, usted sab\u00eda o razonablemente deber\u00eda haber sabido sobre la condici\u00f3n peligrosa, y, como resultado, su propia negligencia al resbalar o tropezar con ella fue la causa de sus lesiones.<\/p>\n<p>Es fundamental que trabaje con un despacho legal que luche de manera firme contra cualquier intento de culparlo injustamente por las lesiones que ha sufrido en un accidente de este tipo.<\/p>\n<h2>\u00bfQu\u00e9 puede recuperar usted en una demanda por resbal\u00f3n y ca\u00edda en Virginia?<\/h2>\n<p>Si usted ha resultado lesionado en un resbal\u00f3n y ca\u00edda, puede tener derecho a recibir una indemnizaci\u00f3n que cubra:<\/p>\n<ul>\n<li>Gastos m\u00e9dicos pasados y futuros, y otros gastos relacionados<\/li>\n<li>Sueldos perdidos e ingresos futuros reducidos<\/li>\n<li>Dolor f\u00edsico y sufrimiento mental<\/li>\n<\/ul>\n<p>Si la ca\u00edda result\u00f3 en la muerte injusta de un ser querido, usted puede solicitar una compensaci\u00f3n distinta mediante una demanda por muerte injusta.<\/p>\n<p>Tenga en cuenta que existe un plazo l\u00edmite para presentar una demanda por lesiones personales o muerte injusta. Para lesiones personales, como un resbal\u00f3n y ca\u00edda, el plazo de prescripci\u00f3n en Virginia es de dos a\u00f1os. Para una demanda por muerte injusta, el plazo tambi\u00e9n es de dos a\u00f1os.<\/p>\n<h2>\u00bfC\u00f3mo puede ayudarle un abogado de resbalones y ca\u00eddas en Richmond?<\/h2>\n<p>En Marks &amp; Harrison, trabajamos con investigadores con experiencia que nos ayudan a determinar por qu\u00e9 ocurri\u00f3 su accidente de resbal\u00f3n y ca\u00edda, y qui\u00e9n debe ser considerado responsable. Tambi\u00e9n podemos consultar con expertos en seguridad y m\u00e9dicos que nos asistan en la preparaci\u00f3n de un reclamo por da\u00f1os en su nombre.<\/p>\n<p>Nuestro objetivo ser\u00e1 obtener para usted una compensaci\u00f3n financiera completa, justa y oportuna, ya sea mediante un acuerdo o, si es necesario, llevando su caso ante los tribunales para luchar por lo que usted merece.<\/p>\n<p>La mayor\u00eda de los negocios, y sus aseguradoras, impugnan los reclamos por resbalones y ca\u00eddas. Por eso, ser\u00e1 fundamental que cuente con un abogado con experiencia en responsabilidad de locales en Richmond, que proteja sus derechos en cada etapa del proceso.<\/p>\n<h2>Contacte a un abogado de resbalones y ca\u00eddas en Richmond<\/h2>\n<p>Si usted o un ser querido ha sufrido lesiones debido a un resbal\u00f3n y ca\u00edda, puede contar con los abogados de responsabilidad de locales de <a href=\"https:\/\/marksandharrison.cwdevelop.com\/es\/sobre-marks-harrison\/\">Marks &amp; Harrison<\/a> en Virginia para trabajar arduamente en su caso y buscar la compensaci\u00f3n que le corresponde. Conocemos la ley de responsabilidad de locales en Virginia, y atendemos a clientes en Richmond y desde nuestras oficinas en todo el estado.<\/p>\n<p><a href=\"https:\/\/marksandharrison.cwdevelop.com\/es\/contacto\/\">Comun\u00edquese<\/a> hoy mismo con <a href=\"https:\/\/marksandharrison.cwdevelop.com\/es\/\">nuestros abogados de lesiones personales en Richmond<\/a> para una consulta gratuita. Podemos ayudarle a obtener compensaci\u00f3n por sus gastos m\u00e9dicos, salarios perdidos e incluso por el dolor y sufrimiento causados por una lesi\u00f3n grave causada un accidente por resbal\u00f3n y ca\u00edda.<\/p>\n","protected":false},"excerpt":{"rendered":"<p>Un accidente por resbal\u00f3n y ca\u00edda puede ocurrir cuando un negocio u otro propietario de un inmueble no toma las precauciones razonables para mantener sus instalaciones seguras para los clientes y otros visitantes leg\u00edtimos. Si usted o un ser querido ha sufrido una lesi\u00f3n por un resbal\u00f3n y ca\u00edda causado por la negligencia del propietario [&hellip;]<\/p>\n","protected":false},"author":1,"featured_media":915999,"parent":0,"menu_order":426,"comment_status":"closed","ping_status":"open","template":"practice-area.php","meta":{"_acf_changed":false,"footnotes":""},"class_list":["post-903731","page","type-page","status-publish","has-post-thumbnail","hentry"],"acf":[],"yoast_head":"<!-- This site is optimized with the Yoast SEO plugin v27.1 - https:\/\/yoast.com\/product\/yoast-seo-wordpress\/ -->\n<title>Abogado de Resbalones y Ca\u00eddas en Richmond - Marks &amp; Harrison<\/title>\n<meta name=\"description\" content=\"\u00bfSufri\u00f3 un accidente de resbal\u00f3n y ca\u00edda en Richmond? Conozca sus derechos y c\u00f3mo un abogado de resbalones y ca\u00eddas puede ayudarle a obtener una compensaci\u00f3n justa.\" \/>\n<meta name=\"robots\" content=\"noindex, follow, max-snippet:-1, max-image-preview:large, max-video-preview:-1\" \/>\n<meta property=\"og:locale\" content=\"es_ES\" \/>\n<meta property=\"og:type\" content=\"article\" \/>\n<meta property=\"og:title\" content=\"Abogado de Resbalones y Ca\u00eddas en Richmond\" \/>\n<meta property=\"og:description\" content=\"Un accidente por resbal\u00f3n y ca\u00edda puede ocurrir cuando un negocio u otro propietario de un inmueble no toma las precauciones razonables para mantener sus instalaciones seguras para los clientes y otros visitantes leg\u00edtimos. Si usted o un ser querido ha sufrido una lesi\u00f3n por un resbal\u00f3n y ca\u00edda causado por la negligencia del propietario de una propiedad, es posible que pueda buscar una compensaci\u00f3n por sus p\u00e9rdidas mediante una demanda por \u201cresponsabilidad de las instalaciones\u201d.\" \/>\n<meta property=\"og:url\" content=\"https:\/\/marksandharrison.cwdevelop.com\/es\/resbalones-y-caidas\/\" \/>\n<meta property=\"og:site_name\" content=\"marksandharrison.cwdevelop.com Managed WordPress Site\" \/>\n<meta property=\"article:modified_time\" content=\"2026-04-07T09:00:41+00:00\" \/>\n<meta property=\"og:image\" content=\"http:\/\/marksandharrison.cwdevelop.com\/wp-content\/uploads\/2025\/07\/slip-from-stairs.jpg\" \/>\n\t<meta property=\"og:image:width\" content=\"800\" \/>\n\t<meta property=\"og:image:height\" content=\"534\" \/>\n\t<meta property=\"og:image:type\" content=\"image\/jpeg\" \/>\n<meta name=\"twitter:card\" content=\"summary_large_image\" \/>\n<meta name=\"twitter:label1\" content=\"Tiempo de lectura\" \/>\n\t<meta name=\"twitter:data1\" content=\"7 minutos\" \/>\n<script type=\"application\/ld+json\" class=\"yoast-schema-graph\">{\"@context\":\"https:\/\/schema.org\",\"@graph\":[{\"@type\":\"WebPage\",\"@id\":\"https:\/\/marksandharrison.cwdevelop.com\/es\/resbalones-y-caidas\/\",\"url\":\"https:\/\/marksandharrison.cwdevelop.com\/es\/resbalones-y-caidas\/\",\"name\":\"Abogado de Resbalones y Ca\u00eddas en Richmond - Marks & Harrison\",\"isPartOf\":{\"@id\":\"https:\/\/marksandharrison.cwdevelop.com\/es\/#website\"},\"primaryImageOfPage\":{\"@id\":\"https:\/\/marksandharrison.cwdevelop.com\/es\/resbalones-y-caidas\/#primaryimage\"},\"image\":{\"@id\":\"https:\/\/marksandharrison.cwdevelop.com\/es\/resbalones-y-caidas\/#primaryimage\"},\"thumbnailUrl\":\"https:\/\/marksandharrison.cwdevelop.com\/wp-content\/uploads\/2026\/03\/resbalones-y-caidas.png\",\"datePublished\":\"2014-09-19T03:43:30+00:00\",\"dateModified\":\"2026-04-07T09:00:41+00:00\",\"description\":\"\u00bfSufri\u00f3 un accidente de resbal\u00f3n y ca\u00edda en Richmond? Conozca sus derechos y c\u00f3mo un abogado de resbalones y ca\u00eddas puede ayudarle a obtener una compensaci\u00f3n justa.\",\"breadcrumb\":{\"@id\":\"https:\/\/marksandharrison.cwdevelop.com\/es\/resbalones-y-caidas\/#breadcrumb\"},\"inLanguage\":\"es\",\"potentialAction\":[{\"@type\":\"ReadAction\",\"target\":[\"https:\/\/marksandharrison.cwdevelop.com\/es\/resbalones-y-caidas\/\"]}]},{\"@type\":\"ImageObject\",\"inLanguage\":\"es\",\"@id\":\"https:\/\/marksandharrison.cwdevelop.com\/es\/resbalones-y-caidas\/#primaryimage\",\"url\":\"https:\/\/marksandharrison.cwdevelop.com\/wp-content\/uploads\/2026\/03\/resbalones-y-caidas.png\",\"contentUrl\":\"https:\/\/marksandharrison.cwdevelop.com\/wp-content\/uploads\/2026\/03\/resbalones-y-caidas.png\",\"width\":1150,\"height\":350},{\"@type\":\"BreadcrumbList\",\"@id\":\"https:\/\/marksandharrison.cwdevelop.com\/es\/resbalones-y-caidas\/#breadcrumb\",\"itemListElement\":[{\"@type\":\"ListItem\",\"position\":1,\"name\":\"Inicio\",\"item\":\"https:\/\/marksandharrison.cwdevelop.com\/es\/\"},{\"@type\":\"ListItem\",\"position\":2,\"name\":\"Abogado de Resbalones y Ca\u00eddas en Richmond\"}]},{\"@type\":\"WebSite\",\"@id\":\"https:\/\/marksandharrison.cwdevelop.com\/es\/#website\",\"url\":\"https:\/\/marksandharrison.cwdevelop.com\/es\/\",\"name\":\"marksandharrison.cwdevelop.com Managed WordPress Site\",\"description\":\"\",\"potentialAction\":[{\"@type\":\"SearchAction\",\"target\":{\"@type\":\"EntryPoint\",\"urlTemplate\":\"https:\/\/marksandharrison.cwdevelop.com\/es\/?s={search_term_string}\"},\"query-input\":{\"@type\":\"PropertyValueSpecification\",\"valueRequired\":true,\"valueName\":\"search_term_string\"}}],\"inLanguage\":\"es\"}]}<\/script>\n<!-- \/ Yoast SEO plugin. -->","yoast_head_json":{"title":"Abogado de Resbalones y Ca\u00eddas en Richmond - Marks & Harrison","description":"\u00bfSufri\u00f3 un accidente de resbal\u00f3n y ca\u00edda en Richmond? Conozca sus derechos y c\u00f3mo un abogado de resbalones y ca\u00eddas puede ayudarle a obtener una compensaci\u00f3n justa.","robots":{"index":"noindex","follow":"follow","max-snippet":"max-snippet:-1","max-image-preview":"max-image-preview:large","max-video-preview":"max-video-preview:-1"},"og_locale":"es_ES","og_type":"article","og_title":"Abogado de Resbalones y Ca\u00eddas en Richmond","og_description":"Un accidente por resbal\u00f3n y ca\u00edda puede ocurrir cuando un negocio u otro propietario de un inmueble no toma las precauciones razonables para mantener sus instalaciones seguras para los clientes y otros visitantes leg\u00edtimos. Si usted o un ser querido ha sufrido una lesi\u00f3n por un resbal\u00f3n y ca\u00edda causado por la negligencia del propietario de una propiedad, es posible que pueda buscar una compensaci\u00f3n por sus p\u00e9rdidas mediante una demanda por \u201cresponsabilidad de las instalaciones\u201d.","og_url":"https:\/\/marksandharrison.cwdevelop.com\/es\/resbalones-y-caidas\/","og_site_name":"marksandharrison.cwdevelop.com Managed WordPress Site","article_modified_time":"2026-04-07T09:00:41+00:00","og_image":[{"width":800,"height":534,"url":"http:\/\/marksandharrison.cwdevelop.com\/wp-content\/uploads\/2025\/07\/slip-from-stairs.jpg","type":"image\/jpeg"}],"twitter_card":"summary_large_image","twitter_misc":{"Tiempo de lectura":"7 minutos"},"schema":{"@context":"https:\/\/schema.org","@graph":[{"@type":"WebPage","@id":"https:\/\/marksandharrison.cwdevelop.com\/es\/resbalones-y-caidas\/","url":"https:\/\/marksandharrison.cwdevelop.com\/es\/resbalones-y-caidas\/","name":"Abogado de Resbalones y Ca\u00eddas en Richmond - Marks & Harrison","isPartOf":{"@id":"https:\/\/marksandharrison.cwdevelop.com\/es\/#website"},"primaryImageOfPage":{"@id":"https:\/\/marksandharrison.cwdevelop.com\/es\/resbalones-y-caidas\/#primaryimage"},"image":{"@id":"https:\/\/marksandharrison.cwdevelop.com\/es\/resbalones-y-caidas\/#primaryimage"},"thumbnailUrl":"https:\/\/marksandharrison.cwdevelop.com\/wp-content\/uploads\/2026\/03\/resbalones-y-caidas.png","datePublished":"2014-09-19T03:43:30+00:00","dateModified":"2026-04-07T09:00:41+00:00","description":"\u00bfSufri\u00f3 un accidente de resbal\u00f3n y ca\u00edda en Richmond? Conozca sus derechos y c\u00f3mo un abogado de resbalones y ca\u00eddas puede ayudarle a obtener una compensaci\u00f3n justa.","breadcrumb":{"@id":"https:\/\/marksandharrison.cwdevelop.com\/es\/resbalones-y-caidas\/#breadcrumb"},"inLanguage":"es","potentialAction":[{"@type":"ReadAction","target":["https:\/\/marksandharrison.cwdevelop.com\/es\/resbalones-y-caidas\/"]}]},{"@type":"ImageObject","inLanguage":"es","@id":"https:\/\/marksandharrison.cwdevelop.com\/es\/resbalones-y-caidas\/#primaryimage","url":"https:\/\/marksandharrison.cwdevelop.com\/wp-content\/uploads\/2026\/03\/resbalones-y-caidas.png","contentUrl":"https:\/\/marksandharrison.cwdevelop.com\/wp-content\/uploads\/2026\/03\/resbalones-y-caidas.png","width":1150,"height":350},{"@type":"BreadcrumbList","@id":"https:\/\/marksandharrison.cwdevelop.com\/es\/resbalones-y-caidas\/#breadcrumb","itemListElement":[{"@type":"ListItem","position":1,"name":"Inicio","item":"https:\/\/marksandharrison.cwdevelop.com\/es\/"},{"@type":"ListItem","position":2,"name":"Abogado de Resbalones y Ca\u00eddas en Richmond"}]},{"@type":"WebSite","@id":"https:\/\/marksandharrison.cwdevelop.com\/es\/#website","url":"https:\/\/marksandharrison.cwdevelop.com\/es\/","name":"marksandharrison.cwdevelop.com Managed WordPress Site","description":"","potentialAction":[{"@type":"SearchAction","target":{"@type":"EntryPoint","urlTemplate":"https:\/\/marksandharrison.cwdevelop.com\/es\/?s={search_term_string}"},"query-input":{"@type":"PropertyValueSpecification","valueRequired":true,"valueName":"search_term_string"}}],"inLanguage":"es"}]}},"_links":{"self":[{"href":"https:\/\/marksandharrison.cwdevelop.com\/es\/wp-json\/wp\/v2\/pages\/903731","targetHints":{"allow":["GET"]}}],"collection":[{"href":"https:\/\/marksandharrison.cwdevelop.com\/es\/wp-json\/wp\/v2\/pages"}],"about":[{"href":"https:\/\/marksandharrison.cwdevelop.com\/es\/wp-json\/wp\/v2\/types\/page"}],"author":[{"embeddable":true,"href":"https:\/\/marksandharrison.cwdevelop.com\/es\/wp-json\/wp\/v2\/users\/1"}],"replies":[{"embeddable":true,"href":"https:\/\/marksandharrison.cwdevelop.com\/es\/wp-json\/wp\/v2\/comments?post=903731"}],"version-history":[{"count":0,"href":"https:\/\/marksandharrison.cwdevelop.com\/es\/wp-json\/wp\/v2\/pages\/903731\/revisions"}],"wp:featuredmedia":[{"embeddable":true,"href":"https:\/\/marksandharrison.cwdevelop.com\/es\/wp-json\/wp\/v2\/media\/915999"}],"wp:attachment":[{"href":"https:\/\/marksandharrison.cwdevelop.com\/es\/wp-json\/wp\/v2\/media?parent=903731"}],"curies":[{"name":"wp","href":"https:\/\/api.w.org\/{rel}","templated":true}]}}