{"id":903728,"date":"2016-02-25T01:05:51","date_gmt":"2016-02-25T01:05:51","guid":{"rendered":"https:\/\/marksandharrison.cwdevelop.com\/?page_id=903728"},"modified":"2026-04-07T13:39:42","modified_gmt":"2026-04-07T13:39:42","slug":"lesiones-de-medula-espinal","status":"publish","type":"page","link":"https:\/\/marksandharrison.cwdevelop.com\/es\/lesiones-de-medula-espinal\/","title":{"rendered":"Abogado de Lesiones de la M\u00e9dula Espinal en Richmond"},"content":{"rendered":"<p>Si se lesiona la espalda o la m\u00e9dula espinal en un accidente, su vida podr\u00eda cambiar. Es por ello que estas lesiones suelen llamarse \u201ccatastr\u00f3ficas\u201d. Una lesi\u00f3n grave de espalda o de m\u00e9dula espinal puede causar par\u00e1lisis o p\u00e9rdida de sensibilidad y movimiento en sus extremidades. Incluso una lesi\u00f3n relativamente menor en la espalda o la m\u00e9dula espinal puede limitar su habilidad para moverse y provocar un dolor cr\u00f3nico y debilitante.<\/p>\n<p>Si ha sufrido una lesi\u00f3n en la espalda o en la m\u00e9dula espinal en un <a href=\"https:\/\/marksandharrison.cwdevelop.com\/es\/accidentes-automovilisticos\/\">accidente de auto<\/a>, en un <a href=\"https:\/\/marksandharrison.cwdevelop.com\/es\/resbalones-y-caidas\/\">resbal\u00f3n y ca\u00edda<\/a> o en un accidente laboral, debe buscar ayuda de un abogado de inmediato. Puede ser elegible para reclamar da\u00f1os por lesiones personales o beneficios de compensaci\u00f3n laboral que pueden ayudarle a pagar sus facturas m\u00e9dicas, reemplazar su p\u00e9rdida de ingresos y manejar sus gastos diarios.<\/p>\n<p>Los abogados de <a href=\"https:\/\/marksandharrison.cwdevelop.com\/es\/sobre-marks-harrison\/\">Marks &amp; Harrison<\/a> quieren ayudarle. Atendemos a clientes en Richmond y en todo Virginia. Simplemente llame o haga clic para una consulta gratuita. Podemos revisar los hechos de su caso, explorar sus opciones legales y ponernos a trabajar para buscarle alivio hoy mismo.<\/p>\n<h2>\u00bfQu\u00e9 es una lesi\u00f3n de espalda y columna vertebral?<\/h2>\n<p>Como se\u00f1ala la Asociaci\u00f3n Americana de Quiropr\u00e1cticos (ACA, por sus siglas en ingl\u00e9s), la espalda de una persona es una \u201cestructura complicada\u201d de huesos, discos, nervios, articulaciones, ligamentos y m\u00fasculos. Una lesi\u00f3n de la espalda o la columna vertebral se produce cuando uno o varios de estos componentes resultan da\u00f1ados.<\/p>\n<p>El da\u00f1o suele ser consecuencia de alg\u00fan tipo de traumatismo, como un sobreesfuerzo al levantar un objeto, una ca\u00edda o el impacto de un accidente de auto. Sin embargo, una lesi\u00f3n de espalda tambi\u00e9n puede ser el resultado de un movimiento repetitivo o de un esfuerzo.<\/p>\n<p>Si ha sufrido alg\u00fan tipo de accidente, debe prestar atenci\u00f3n a los signos y s\u00edntomas de las lesiones de espalda y columna. Seg\u00fan la Cl\u00ednica Mayo, las se\u00f1ales de alarma incluyen:<\/p>\n<div class=\"row\">\n<ul class=\"col-xl-6\">\n<li>M\u00fasculos adoloridos<\/li>\n<li>Dolor punzante o agudo (que puede extenderse a las piernas)<\/li>\n<li>Rango de movimiento restringido<\/li>\n<\/ul>\n<ul class=\"col-xl-6\">\n<li>Problemas de vejiga o intestino<\/li>\n<li>Fiebre<\/li>\n<li>Entumecimiento, hormigueo o debilidad en las piernas<\/li>\n<\/ul>\n<\/div>\n<p>Si presenta alguno de estos signos y s\u00edntomas, deber\u00eda acudir inmediatamente al m\u00e9dico. Un doctor puede diagnosticar la lesi\u00f3n de espalda o columna mediante un examen f\u00edsico o radiograf\u00edas, resonancias magn\u00e9ticas, tomograf\u00edas computarizadas, gammagraf\u00edas \u00f3seas o un tipo de estudio nervioso denominado EMG.<\/p>\n<p>Un doctor puede iniciar un tratamiento que puede incluir medicaci\u00f3n, inyecciones de esteroides, fisioterapia y, en casos extremos, cirug\u00eda. Las v\u00edctimas de lesiones de espalda o columna tambi\u00e9n pueden recurrir a la quiropr\u00e1ctica, los masajes u otras formas alternativas de tratamiento que han ganado popularidad en los \u00faltimos a\u00f1os.<\/p>\n<p>Tambi\u00e9n debe ponerse en contacto con un abogado de lesiones personales de Marks &amp; Harrison para discutir sus derechos legales y sus opciones para buscar beneficios y otras compensaciones que puedan ayudarle a obtener el tratamiento que necesita para su lesi\u00f3n de espalda o columna vertebral.<\/p>\n<p><iframe loading=\"lazy\" style=\"border: 0;\" src=\"https:\/\/www.google.com\/maps\/embed?pb=!1m18!1m12!1m3!1d3161.0817706744783!2d-77.5464025!3d37.600234500000006!2m3!1f0!2f0!3f0!3m2!1i1024!2i768!4f13.1!3m3!1m2!1s0x89b114c4f15af799%3A0x3e4a74cde1fa3340!2sMarks%20%26%20Harrison%20-%20Personal%20Injury%20Attorney%20-%20Richmond!5e0!3m2!1sen!2sus!4v1680529458447!5m2!1sen!2sus\" width=\"100%\" height=\"450\" allowfullscreen=\"allowfullscreen\"><\/iframe><\/p>\n<h2>\u00bfCu\u00e1les son los distintos tipos de lesiones de espalda y de m\u00e9dula espinal?<\/h2>\n<p>Una amplia gama de lesiones de espalda y columna pueden afectar a una persona. La lesi\u00f3n puede causar dolor agudo (que dura unos d\u00edas o semanas), dolor cr\u00f3nico (que dura tres meses o m\u00e1s), par\u00e1lisis (p\u00e9rdida de sensaci\u00f3n y movimiento) y otras complicaciones.<\/p>\n<p>Los tipos m\u00e1s comunes de lesiones de espalda y columna vertebral incluyen:<\/p>\n<ul>\n<li><strong>Esguince, distensi\u00f3n o desgarro:<\/strong> estas lesiones afectan a los m\u00fasculos y ligamentos. Pueden producirse por flexiones, torsiones o levantamientos repetidos de objetos pesados o por movimientos bruscos repentinos. La Oficina de Estad\u00edsticas Laborales (BLS, por sus siglas en ingl\u00e9s) informa de que son el principal tipo de lesi\u00f3n o enfermedad relacionada con el trabajo.<\/li>\n<li><strong>Discos abultados o rotos:<\/strong> una persona puede sufrir fuertes dolores de espalda y extremidades si el acolchado entre los huesos que forman la columna vertebral, o v\u00e9rtebras, se abulta y ejerce presi\u00f3n sobre los nervios de la m\u00e9dula espinal. Esto puede deberse al deslizamiento de una de las v\u00e9rtebras debido a un esfuerzo o a un golpe repentino en la columna.<\/li>\n<li><strong>Compresi\u00f3n de la m\u00e9dula espinal:<\/strong> un ejemplo es la mielopat\u00eda espondil\u00f3tica cervical (MEC). Esta afecci\u00f3n se produce cuando el canal espinal se estrecha hasta el punto de comprimir los nervios de la m\u00e9dula espinal, provocando dolor principalmente en el cuello.<\/li>\n<li><strong>Par\u00e1lisis:<\/strong> una fractura puede hacer que una persona pierda total o parcialmente la sensibilidad y el movimiento en la zona situada por debajo del punto de la lesi\u00f3n. Una lesi\u00f3n en un punto alto de la m\u00e9dula espinal puede causar tetraplejia (o cuadriplejia), que es la par\u00e1lisis de todas las extremidades. Una lesi\u00f3n en un punto m\u00e1s bajo puede provocar paraplejia, o par\u00e1lisis en las piernas. Tambi\u00e9n pueden surgir complicaciones, como problemas intestinales y vesicales, disfunci\u00f3n sexual, problemas respiratorios e incapacidad para regular la tensi\u00f3n arterial.<\/li>\n<\/ul>\n<h2>\u00bfCu\u00e1les son las causas de las lesiones de espalda y columna?<\/h2>\n<p>Seg\u00fan el National Spinal Cord Injury Statistical Center (NSCISC), la principal causa de lesiones medulares son los traumatismos sufridos en un <a href=\"https:\/\/marksandharrison.cwdevelop.com\/es\/accidentes-automovilisticos\/\">accidente de auto<\/a>, <a href=\"https:\/\/marksandharrison.cwdevelop.com\/es\/accidentes-de-camiones\/\">cami\u00f3n<\/a> o <a href=\"https:\/\/marksandharrison.cwdevelop.com\/es\/accidentes-de-motocicleta\/\">motocicleta<\/a>.<\/p>\n<p>Esto se debe a que el impacto de una colisi\u00f3n puede fracturar f\u00e1cilmente las v\u00e9rtebras o provocar el deslizamiento de una v\u00e9rtebra o un disco. Incluso un accidente menor puede causar el tipo de movimiento torpe que puede da\u00f1ar m\u00fasculos o ligamentos.<\/p>\n<p>Sin embargo, las ca\u00eddas, como las que pueden producirse debido a condiciones peligrosas en el trabajo o en la propiedad, y los accidentes relacionados con el deporte tambi\u00e9n son causas comunes de lesiones de la m\u00e9dula espinal.<\/p>\n<p>Se calcula que cada a\u00f1o se producen 12.000 nuevos casos de lesiones de la m\u00e9dula espinal y que 273.000 personas viven con esta dolencia, seg\u00fan el NSCISC.<\/p>\n<p>Adem\u00e1s, los esfuerzos repetitivos o repentinos al mover o levantar objetos pesados en el lugar de trabajo pueden causar lesiones de espalda, sobre todo en la zona lumbar. Tambi\u00e9n se conocen como trastornos musculoesquel\u00e9ticos o TME. El BLS informa de que seis trabajos, en particular, tienen un alto \u00edndice de estas lesiones:<\/p>\n<div class=\"row\">\n<ul class=\"col-xl-6\">\n<li>Peones y transportistas de mercanc\u00edas, existencias y materiales<\/li>\n<li>Auxiliares de enfermer\u00eda<\/li>\n<li>Conserjes y limpiadores<\/li>\n<\/ul>\n<ul class=\"col-xl-6\">\n<li>Conductores de veh\u00edculos pesados y tractores con remolque<\/li>\n<li>Enfermeros titulados<\/li>\n<li>Trabajadores de mantenimiento y reparaci\u00f3n<\/li>\n<\/ul>\n<\/div>\n<h2>\u00bfC\u00f3mo puede ayudarle un abogado en Richmond con su lesi\u00f3n de espalda o columna?<\/h2>\n<p>En Marks &amp; Harrison podemos proporcionarle una consulta gratuita, oportuna y confidencial sobre su caso de lesi\u00f3n de espalda o de la m\u00e9dula espinal, y podemos poner a nuestro equipo de investigadores a trabajar en su caso de inmediato.<\/p>\n<p>Mientras trabajamos en su caso, tambi\u00e9n podemos consultar con expertos altamente cualificados que pueden ayudarnos a determinar por qu\u00e9 ocurri\u00f3 su accidente, qui\u00e9n debe ser considerado responsable y cu\u00e1nto le ha afectado su lesi\u00f3n f\u00edsica, emocional y econ\u00f3micamente.<\/p>\n<p>Podemos explorar todas sus opciones legales, que pueden incluir uno o m\u00e1s de los siguientes puntos:<\/p>\n<ul>\n<li><strong>Da\u00f1os por lesiones personales \u2013<\/strong> Podemos buscar una recuperaci\u00f3n completa y justa de todos sus gastos m\u00e9dicos relacionados con lesiones de espalda o columna vertebral (pasados y futuros), salarios perdidos, disminuci\u00f3n de la capacidad de ganancia futura, dolor y sufrimiento, y m\u00e1s. Podemos negociar directamente con la compa\u00f1\u00eda de seguros del conductor culpable o, si es necesario, con su propia aseguradora. Siempre estamos dispuestos a llevar los casos a los tribunales para luchar por una compensaci\u00f3n justa para nuestros clientes.<\/li>\n<li><strong>Beneficios de compensaci\u00f3n laboral \u2013<\/strong> Si ha sufrido una lesi\u00f3n de espalda o de m\u00e9dula espinal mientras trabajaba, tambi\u00e9n podemos solicitar beneficios de compensaci\u00f3n laboral, tanto m\u00e9dicos como por p\u00e9rdida de salario. Estas prestaciones pueden cubrir todos sus gastos m\u00e9dicos (sin necesidad de pagar un deducible) y sustituir una parte de sus salarios perdidos. En muchos casos, se pueden solicitar tanto beneficios de compensaci\u00f3n laboral como por da\u00f1os personales. Una recuperaci\u00f3n por lesiones personales simplemente se compensar\u00eda con la cantidad recibida en beneficios de compensaci\u00f3n laboral.<\/li>\n<\/ul>\n<p>Entendemos lo dif\u00edcil que puede ser vivir con una lesi\u00f3n en la espalda o la columna vertebral. Nuestro objetivo es ayudarle a superar este momento dif\u00edcil y entrar en una nueva fase de su vida con la mayor paz y seguridad posible.<\/p>\n<h2>Contacte a un abogado de lesiones de la m\u00e9dula espinal en Richmond, Virginia hoy mismo<\/h2>\n<p>No espere a conseguir ayuda legal despu\u00e9s de haber sufrido una lesi\u00f3n en la espalda o la m\u00e9dula espinal en un accidente. P\u00f3ngase en contacto con Marks &amp; Harrison hoy mismo. Ll\u00e1menos o cont\u00e1ctenos en l\u00ednea. Una consulta gratuita con nuestra firma puede ayudarle a comprender sus derechos y opciones, y le permitir\u00e1 iniciar el camino hacia su recuperaci\u00f3n. Podemos atenderle desde nuestra <a href=\"https:\/\/marksandharrison.cwdevelop.com\/es\/\">oficina de Richmond<\/a> o en cualquiera de nuestras otras oficinas ubicadas en todo Virginia.<\/p>\n<p><strong>Fuentes \/ M\u00e1s informaci\u00f3n:<\/strong><\/p>\n<ul>\n<li>Back Pain Facts &amp; Statistics, American Chiropractor Association<\/li>\n<li><a href=\"http:\/\/www.mayoclinic.org\/diseases-conditions\/back-pain\/basics\/definition\/CON-20020797?p=1\">Back Pain<\/a>, Mayo Clinic<\/li>\n<li><a href=\"http:\/\/www.bls.gov\/news.release\/pdf\/osh2.pdf\">Non-Fatal Occupational Injuries and Illnesses<\/a>, Bureau of Labor Statistics<\/li>\n<\/ul>\n","protected":false},"excerpt":{"rendered":"<p>Si se lesiona la espalda o la m\u00e9dula espinal en un accidente, su vida podr\u00eda cambiar. Es por ello que estas lesiones suelen llamarse \u201ccatastr\u00f3ficas\u201d. Una lesi\u00f3n grave de espalda o de m\u00e9dula espinal puede causar par\u00e1lisis o p\u00e9rdida de sensibilidad y movimiento en sus extremidades. Incluso una lesi\u00f3n relativamente menor en la espalda o [&hellip;]<\/p>\n","protected":false},"author":1,"featured_media":915872,"parent":0,"menu_order":433,"comment_status":"closed","ping_status":"closed","template":"","meta":{"_acf_changed":false,"footnotes":""},"class_list":["post-903728","page","type-page","status-publish","has-post-thumbnail","hentry"],"acf":[],"yoast_head":"<!-- This site is optimized with the Yoast SEO plugin v27.1 - https:\/\/yoast.com\/product\/yoast-seo-wordpress\/ -->\n<title>Abogado de Lesiones de la M\u00e9dula Espinal en Richmond - Marks &amp; Harrison<\/title>\n<meta name=\"description\" content=\"\u00bfTiene lesiones en la m\u00e9dula espinal debido a un accidente de coche o a un accidente por resbal\u00f3n y ca\u00edda en Richmond? Llame a los abogados de lesiones personales de Marks &amp; Harrison para una consulta gratuita.\" \/>\n<meta name=\"robots\" content=\"noindex, follow, max-snippet:-1, max-image-preview:large, max-video-preview:-1\" \/>\n<meta property=\"og:locale\" content=\"es_ES\" \/>\n<meta property=\"og:type\" content=\"article\" \/>\n<meta property=\"og:title\" content=\"Abogado de Lesiones de la M\u00e9dula Espinal en Richmond\" \/>\n<meta property=\"og:description\" content=\"Si se lesiona la espalda o la m\u00e9dula espinal en un accidente, su vida podr\u00eda cambiar. Es por ello que estas lesiones suelen llamarse \u201ccatastr\u00f3ficas\u201d. Una lesi\u00f3n grave de espalda o de m\u00e9dula espinal puede causar par\u00e1lisis o p\u00e9rdida de sensibilidad y movimiento en sus extremidades. Incluso una lesi\u00f3n relativamente menor en la espalda o la m\u00e9dula espinal puede limitar su habilidad para moverse y provocar un dolor cr\u00f3nico y debilitante.\" \/>\n<meta property=\"og:url\" content=\"https:\/\/marksandharrison.cwdevelop.com\/es\/lesiones-de-medula-espinal\/\" \/>\n<meta property=\"og:site_name\" content=\"marksandharrison.cwdevelop.com Managed WordPress Site\" \/>\n<meta property=\"article:modified_time\" content=\"2026-04-07T13:39:42+00:00\" \/>\n<meta property=\"og:image\" content=\"http:\/\/marksandharrison.cwdevelop.com\/wp-content\/uploads\/2025\/07\/back-injured-spine.jpg\" \/>\n\t<meta property=\"og:image:width\" content=\"1000\" \/>\n\t<meta property=\"og:image:height\" content=\"666\" \/>\n\t<meta property=\"og:image:type\" content=\"image\/jpeg\" \/>\n<meta name=\"twitter:card\" content=\"summary_large_image\" \/>\n<meta name=\"twitter:label1\" content=\"Tiempo de lectura\" \/>\n\t<meta name=\"twitter:data1\" content=\"7 minutos\" \/>\n<script type=\"application\/ld+json\" class=\"yoast-schema-graph\">{\"@context\":\"https:\/\/schema.org\",\"@graph\":[{\"@type\":\"WebPage\",\"@id\":\"https:\/\/marksandharrison.cwdevelop.com\/es\/lesiones-de-medula-espinal\/\",\"url\":\"https:\/\/marksandharrison.cwdevelop.com\/es\/lesiones-de-medula-espinal\/\",\"name\":\"Abogado de Lesiones de la M\u00e9dula Espinal en Richmond - Marks & Harrison\",\"isPartOf\":{\"@id\":\"https:\/\/marksandharrison.cwdevelop.com\/es\/#website\"},\"primaryImageOfPage\":{\"@id\":\"https:\/\/marksandharrison.cwdevelop.com\/es\/lesiones-de-medula-espinal\/#primaryimage\"},\"image\":{\"@id\":\"https:\/\/marksandharrison.cwdevelop.com\/es\/lesiones-de-medula-espinal\/#primaryimage\"},\"thumbnailUrl\":\"https:\/\/marksandharrison.cwdevelop.com\/wp-content\/uploads\/2026\/03\/lesiones-de-medula-espinal.png\",\"datePublished\":\"2016-02-25T01:05:51+00:00\",\"dateModified\":\"2026-04-07T13:39:42+00:00\",\"description\":\"\u00bfTiene lesiones en la m\u00e9dula espinal debido a un accidente de coche o a un accidente por resbal\u00f3n y ca\u00edda en Richmond? Llame a los abogados de lesiones personales de Marks & Harrison para una consulta gratuita.\",\"breadcrumb\":{\"@id\":\"https:\/\/marksandharrison.cwdevelop.com\/es\/lesiones-de-medula-espinal\/#breadcrumb\"},\"inLanguage\":\"es\",\"potentialAction\":[{\"@type\":\"ReadAction\",\"target\":[\"https:\/\/marksandharrison.cwdevelop.com\/es\/lesiones-de-medula-espinal\/\"]}]},{\"@type\":\"ImageObject\",\"inLanguage\":\"es\",\"@id\":\"https:\/\/marksandharrison.cwdevelop.com\/es\/lesiones-de-medula-espinal\/#primaryimage\",\"url\":\"https:\/\/marksandharrison.cwdevelop.com\/wp-content\/uploads\/2026\/03\/lesiones-de-medula-espinal.png\",\"contentUrl\":\"https:\/\/marksandharrison.cwdevelop.com\/wp-content\/uploads\/2026\/03\/lesiones-de-medula-espinal.png\",\"width\":1150,\"height\":350},{\"@type\":\"BreadcrumbList\",\"@id\":\"https:\/\/marksandharrison.cwdevelop.com\/es\/lesiones-de-medula-espinal\/#breadcrumb\",\"itemListElement\":[{\"@type\":\"ListItem\",\"position\":1,\"name\":\"Inicio\",\"item\":\"https:\/\/marksandharrison.cwdevelop.com\/es\/\"},{\"@type\":\"ListItem\",\"position\":2,\"name\":\"Abogado de Lesiones de la M\u00e9dula Espinal en Richmond\"}]},{\"@type\":\"WebSite\",\"@id\":\"https:\/\/marksandharrison.cwdevelop.com\/es\/#website\",\"url\":\"https:\/\/marksandharrison.cwdevelop.com\/es\/\",\"name\":\"marksandharrison.cwdevelop.com Managed WordPress Site\",\"description\":\"\",\"potentialAction\":[{\"@type\":\"SearchAction\",\"target\":{\"@type\":\"EntryPoint\",\"urlTemplate\":\"https:\/\/marksandharrison.cwdevelop.com\/es\/?s={search_term_string}\"},\"query-input\":{\"@type\":\"PropertyValueSpecification\",\"valueRequired\":true,\"valueName\":\"search_term_string\"}}],\"inLanguage\":\"es\"}]}<\/script>\n<!-- \/ Yoast SEO plugin. -->","yoast_head_json":{"title":"Abogado de Lesiones de la M\u00e9dula Espinal en Richmond - Marks & Harrison","description":"\u00bfTiene lesiones en la m\u00e9dula espinal debido a un accidente de coche o a un accidente por resbal\u00f3n y ca\u00edda en Richmond? Llame a los abogados de lesiones personales de Marks & Harrison para una consulta gratuita.","robots":{"index":"noindex","follow":"follow","max-snippet":"max-snippet:-1","max-image-preview":"max-image-preview:large","max-video-preview":"max-video-preview:-1"},"og_locale":"es_ES","og_type":"article","og_title":"Abogado de Lesiones de la M\u00e9dula Espinal en Richmond","og_description":"Si se lesiona la espalda o la m\u00e9dula espinal en un accidente, su vida podr\u00eda cambiar. Es por ello que estas lesiones suelen llamarse \u201ccatastr\u00f3ficas\u201d. Una lesi\u00f3n grave de espalda o de m\u00e9dula espinal puede causar par\u00e1lisis o p\u00e9rdida de sensibilidad y movimiento en sus extremidades. Incluso una lesi\u00f3n relativamente menor en la espalda o la m\u00e9dula espinal puede limitar su habilidad para moverse y provocar un dolor cr\u00f3nico y debilitante.","og_url":"https:\/\/marksandharrison.cwdevelop.com\/es\/lesiones-de-medula-espinal\/","og_site_name":"marksandharrison.cwdevelop.com Managed WordPress Site","article_modified_time":"2026-04-07T13:39:42+00:00","og_image":[{"width":1000,"height":666,"url":"http:\/\/marksandharrison.cwdevelop.com\/wp-content\/uploads\/2025\/07\/back-injured-spine.jpg","type":"image\/jpeg"}],"twitter_card":"summary_large_image","twitter_misc":{"Tiempo de lectura":"7 minutos"},"schema":{"@context":"https:\/\/schema.org","@graph":[{"@type":"WebPage","@id":"https:\/\/marksandharrison.cwdevelop.com\/es\/lesiones-de-medula-espinal\/","url":"https:\/\/marksandharrison.cwdevelop.com\/es\/lesiones-de-medula-espinal\/","name":"Abogado de Lesiones de la M\u00e9dula Espinal en Richmond - Marks & Harrison","isPartOf":{"@id":"https:\/\/marksandharrison.cwdevelop.com\/es\/#website"},"primaryImageOfPage":{"@id":"https:\/\/marksandharrison.cwdevelop.com\/es\/lesiones-de-medula-espinal\/#primaryimage"},"image":{"@id":"https:\/\/marksandharrison.cwdevelop.com\/es\/lesiones-de-medula-espinal\/#primaryimage"},"thumbnailUrl":"https:\/\/marksandharrison.cwdevelop.com\/wp-content\/uploads\/2026\/03\/lesiones-de-medula-espinal.png","datePublished":"2016-02-25T01:05:51+00:00","dateModified":"2026-04-07T13:39:42+00:00","description":"\u00bfTiene lesiones en la m\u00e9dula espinal debido a un accidente de coche o a un accidente por resbal\u00f3n y ca\u00edda en Richmond? Llame a los abogados de lesiones personales de Marks & Harrison para una consulta gratuita.","breadcrumb":{"@id":"https:\/\/marksandharrison.cwdevelop.com\/es\/lesiones-de-medula-espinal\/#breadcrumb"},"inLanguage":"es","potentialAction":[{"@type":"ReadAction","target":["https:\/\/marksandharrison.cwdevelop.com\/es\/lesiones-de-medula-espinal\/"]}]},{"@type":"ImageObject","inLanguage":"es","@id":"https:\/\/marksandharrison.cwdevelop.com\/es\/lesiones-de-medula-espinal\/#primaryimage","url":"https:\/\/marksandharrison.cwdevelop.com\/wp-content\/uploads\/2026\/03\/lesiones-de-medula-espinal.png","contentUrl":"https:\/\/marksandharrison.cwdevelop.com\/wp-content\/uploads\/2026\/03\/lesiones-de-medula-espinal.png","width":1150,"height":350},{"@type":"BreadcrumbList","@id":"https:\/\/marksandharrison.cwdevelop.com\/es\/lesiones-de-medula-espinal\/#breadcrumb","itemListElement":[{"@type":"ListItem","position":1,"name":"Inicio","item":"https:\/\/marksandharrison.cwdevelop.com\/es\/"},{"@type":"ListItem","position":2,"name":"Abogado de Lesiones de la M\u00e9dula Espinal en Richmond"}]},{"@type":"WebSite","@id":"https:\/\/marksandharrison.cwdevelop.com\/es\/#website","url":"https:\/\/marksandharrison.cwdevelop.com\/es\/","name":"marksandharrison.cwdevelop.com Managed WordPress Site","description":"","potentialAction":[{"@type":"SearchAction","target":{"@type":"EntryPoint","urlTemplate":"https:\/\/marksandharrison.cwdevelop.com\/es\/?s={search_term_string}"},"query-input":{"@type":"PropertyValueSpecification","valueRequired":true,"valueName":"search_term_string"}}],"inLanguage":"es"}]}},"_links":{"self":[{"href":"https:\/\/marksandharrison.cwdevelop.com\/es\/wp-json\/wp\/v2\/pages\/903728","targetHints":{"allow":["GET"]}}],"collection":[{"href":"https:\/\/marksandharrison.cwdevelop.com\/es\/wp-json\/wp\/v2\/pages"}],"about":[{"href":"https:\/\/marksandharrison.cwdevelop.com\/es\/wp-json\/wp\/v2\/types\/page"}],"author":[{"embeddable":true,"href":"https:\/\/marksandharrison.cwdevelop.com\/es\/wp-json\/wp\/v2\/users\/1"}],"replies":[{"embeddable":true,"href":"https:\/\/marksandharrison.cwdevelop.com\/es\/wp-json\/wp\/v2\/comments?post=903728"}],"version-history":[{"count":0,"href":"https:\/\/marksandharrison.cwdevelop.com\/es\/wp-json\/wp\/v2\/pages\/903728\/revisions"}],"wp:featuredmedia":[{"embeddable":true,"href":"https:\/\/marksandharrison.cwdevelop.com\/es\/wp-json\/wp\/v2\/media\/915872"}],"wp:attachment":[{"href":"https:\/\/marksandharrison.cwdevelop.com\/es\/wp-json\/wp\/v2\/media?parent=903728"}],"curies":[{"name":"wp","href":"https:\/\/api.w.org\/{rel}","templated":true}]}}