{"id":902900,"date":"2014-09-19T03:37:00","date_gmt":"2014-09-19T03:37:00","guid":{"rendered":"https:\/\/marksandharrison.cwdevelop.com\/?page_id=902900"},"modified":"2026-04-07T09:01:50","modified_gmt":"2026-04-07T09:01:50","slug":"abogado-de-peatones","status":"publish","type":"page","link":"https:\/\/marksandharrison.cwdevelop.com\/es\/abogado-de-peatones\/","title":{"rendered":"Abogado de lesiones a peatones en Richmond"},"content":{"rendered":"<p>Los abogados de lesiones a peatones de <a href=\"https:\/\/marksandharrison.cwdevelop.com\/es\/\">Marks &amp; Harrison<\/a> tienen una larga trayectoria protegiendo los derechos de las v\u00edctimas de accidentes peatonales. Comprendemos la gravedad de las lesiones f\u00edsicas y psicol\u00f3gicas que estos accidentes pueden causar. Tambi\u00e9n sabemos que, con frecuencia, la negligencia del conductor es la causa principal de estos incidentes.<\/p>\n<p>Si usted es un peat\u00f3n que fue atropellado por un automovilista, o si un ser querido suyo result\u00f3 lesionado o falleci\u00f3 en un choque entre un peat\u00f3n y un veh\u00edculo, comun\u00edquese con nosotros hoy mismo para recibir asistencia inmediata. Si el accidente fue causado por la negligencia del conductor, es posible que usted tenga derecho a recibir una compensaci\u00f3n por todas sus p\u00e9rdidas.<\/p>\n<p>Los abogados de accidentes peatonales de Marks &amp; Harrison trabajan con los clientes y sus familias en Richmond y en todo el estado de Virginia. Para comenzar, simplemente ll\u00e1menos o haga clic aqu\u00ed hoy mismo.<\/p>\n<h2>\u00bfQu\u00e9 debe hacer si sufri\u00f3 lesiones en un choque entre un peat\u00f3n y un veh\u00edculo en Richmond, Virginia?<\/h2>\n<p>Al visitar nuestro sitio web en busca de informaci\u00f3n, usted ya ha dado un paso importante en su caso. Las decisiones que tome a continuaci\u00f3n ser\u00e1n igualmente cruciales para su reclamo por accidente peatonal.<\/p>\n<p><strong>Despu\u00e9s de un accidente peatonal, usted debe:<\/strong><\/p>\n<ul>\n<li><strong>Buscar atenci\u00f3n m\u00e9dica:<\/strong> es fundamental que un m\u00e9dico le examine, incluso si no est\u00e1 seguro de haber resultado herido. Algunos s\u00edntomas pueden tardar d\u00edas en manifestarse. Acuda a la sala de emergencias o consulte con su m\u00e9dico de cabecera lo antes posible.<\/li>\n<li><strong>Reportar el accidente a su aseguradora:<\/strong> su p\u00f3liza de seguro de auto puede exigir que reporte el accidente dentro de un plazo espec\u00edfico. Aseg\u00farese de hacerlo. Proporcione solo los hechos b\u00e1sicos y evite admitir culpa o se\u00f1alar responsables. Si la aseguradora del conductor le contacta, simplemente rechace hablar hasta haber consultado con su abogado.<\/li>\n<li><strong>Obtener una copia del informe policial: <\/strong>comun\u00edquese con la agencia policial local que elabor\u00f3 el informe o visite el sitio web del <a href=\"https:\/\/www.dmv.virginia.gov\/#\/\">Departamento de Veh\u00edculos Motorizados de Virginia (DMV)<\/a> para solicitar una copia. Su abogado utilizar\u00e1 este informe como parte de la investigaci\u00f3n de su caso.<\/li>\n<li><strong>Reunir toda la documentaci\u00f3n en un archivo:<\/strong> recoja todas las facturas m\u00e9dicas y recibos relacionados con el accidente y gu\u00e1rdelos en una carpeta. Tambi\u00e9n debe conservar su p\u00f3liza de seguro de auto, cartas de la aseguradora y cualquier fotograf\u00eda del lugar del accidente o de sus lesiones.<\/li>\n<li><strong>Contactarnos para una consulta gratuita:<\/strong> en Marks &amp; Harrison revisaremos su caso sin costo alguno. Podemos explicarle sus opciones legales y responder a todas sus preguntas. Si decidimos trabajar juntos, asignaremos de inmediato a nuestro equipo legal para encargarse de su caso.<\/li>\n<\/ul>\n<p><iframe loading=\"lazy\" style=\"border: 0;\" src=\"https:\/\/www.google.com\/maps\/embed?pb=!1m18!1m12!1m3!1d3161.0817706744783!2d-77.5464025!3d37.600234500000006!2m3!1f0!2f0!3f0!3m2!1i1024!2i768!4f13.1!3m3!1m2!1s0x89b114c4f15af799%3A0x3e4a74cde1fa3340!2sMarks%20%26%20Harrison%20-%20Personal%20Injury%20Attorney%20-%20Richmond!5e0!3m2!1sen!2sus!4v1680529458447!5m2!1sen!2sus\" width=\"100%\" height=\"450\" allowfullscreen=\"allowfullscreen\"><\/iframe><\/p>\n<h2>\u00bfQu\u00e9 causa las lesiones a peatones en Virginia?<\/h2>\n<p>Las estad\u00edsticas m\u00e1s recientes de la Oficina de Seguridad Vial de Virginia (VHSO) revelan que, en el transcurso de un solo a\u00f1o:<\/p>\n<ul>\n<li>90 peatones fallecieron en choques con veh\u00edculos (12.9% de todas las muertes en accidentes de tr\u00e1fico).<\/li>\n<li>1,640 peatones resultaron lesionados en estos accidentes (2.6% de todas las lesiones en accidentes de tr\u00e1fico).<\/li>\n<\/ul>\n<p>Estas cifras demuestran que la mayor\u00eda de los accidentes entre peatones y veh\u00edculos ocurren en intersecciones y en calles sin aceras. A pesar de los esfuerzos por mejorar la seguridad de los peatones, las v\u00edas en Richmond y en todo Virginia siguen representando un gran peligro para quienes caminan. Muchos conductores no saben c\u00f3mo compartir la v\u00eda de manera segura con los peatones, o simplemente se reh\u00fasan a hacerlo. Algunas v\u00edctimas de accidentes peatonales resultan heridas debido a la <a href=\"https:\/\/marksandharrison.cwdevelop.com\/accident-attorney\/car-accidents\/causes-of-car-accidents\/distracted-driving\/\">conducci\u00f3n distra\u00edda<\/a> del automovilista. Otras, debido a la congesti\u00f3n vehicular, ya que el <a href=\"https:\/\/marksandharrison.cwdevelop.com\/accident-attorney\/car-accidents\/\">exceso de tr\u00e1fico<\/a> tambi\u00e9n puede contribuir a este tipo de incidentes. Comun\u00edquese hoy mismo con nuestros abogados de accidentes peatonales en Richmond.<\/p>\n<h2>\u00bfC\u00f3mo puede demostrar la negligencia del conductor en su caso de lesiones como peat\u00f3n?<\/h2>\n<p>En su caso, el objetivo de nuestros abogados de lesiones a peatones en Richmond ser\u00e1 determinar si el conductor que lo atropell\u00f3 a usted o a su ser querido fue responsable o actu\u00f3 con negligencia. La negligencia puede establecerse mediante pruebas que demuestren que el conductor no cedi\u00f3 el paso cuando usted o su ser querido ten\u00edan el derecho de paso.<\/p>\n<p>Seg\u00fan la ley de Virginia, los conductores deben ceder el paso a los peatones cuando estos se encuentren caminando en:<\/p>\n<ul>\n<li>Un cruce peatonal marcado.<\/li>\n<li>Un cruce peatonal no marcado en una intersecci\u00f3n.<\/li>\n<li>Cualquier intersecci\u00f3n donde el l\u00edmite de velocidad sea de 35 millas por hora o menos.<\/li>\n<\/ul>\n<p>Adem\u00e1s, los conductores deben detenerse y ceder el paso a los peatones que transitan por la acera cuando ingresan o salen de entradas de veh\u00edculos o caminos privados. Tambi\u00e9n est\u00e1n obligados a tomar medidas razonables para evitar atropellar a peatones que caminan por la carretera en zonas sin aceras disponibles.<\/p>\n<p>En su caso, las pruebas podr\u00edan demostrar que el conductor no cedi\u00f3 el derecho de paso debido a exceso de velocidad, falta de atenci\u00f3n, <a href=\"https:\/\/marksandharrison.cwdevelop.com\/accident-attorney\/car-accidents\/causes-of-car-accidents\/distracted-driving\/\">conducci\u00f3n distra\u00edda<\/a>, fatiga al conducir o <a href=\"https:\/\/marksandharrison.cwdevelop.com\/accident-attorney\/car-accidents\/causes-of-car-accidents\/drunk-driving\/\">conducci\u00f3n bajo los efectos<\/a> del alcohol o las drogas.<\/p>\n<p><strong>En Marks &amp; Harrison, nuestros investigadores de accidentes peatonales pueden analizar pruebas como:<\/strong><\/p>\n<ul>\n<li>Fotograf\u00edas del lugar del accidente.<\/li>\n<li>Declaraciones de testigos presenciales.<\/li>\n<li>Im\u00e1genes de c\u00e1maras de vigilancia o de sem\u00e1foros.<\/li>\n<li>Informaci\u00f3n del registrador electr\u00f3nico de datos (EDR o \u201ccaja negra\u201d).<\/li>\n<li>Registros telef\u00f3nicos.<\/li>\n<li>Resultados de pruebas toxicol\u00f3gicas.<\/li>\n<\/ul>\n<h2>\u00bfQu\u00e9 puede recuperar en un reclamo por lesiones como peat\u00f3n en Virginia?<\/h2>\n<p>Los peatones pueden sufrir lesiones devastadoras y potencialmente mortales al ser atropellados por veh\u00edculos, tales como:<\/p>\n<div class=\"row\">\n<ul class=\"col-xl-6\">\n<li>Cortes faciales<\/li>\n<li>Quemaduras por fricci\u00f3n<\/li>\n<li>Fracturas de cr\u00e1neo<\/li>\n<li>Traumatismo cerebral<\/li>\n<\/ul>\n<ul class=\"col-xl-6\">\n<li><a href=\"https:\/\/marksandharrison.cwdevelop.com\/broken-bones-fractures\/\">Huesos y costillas rotas<\/a><\/li>\n<li><a href=\"https:\/\/marksandharrison.cwdevelop.com\/internal-injury\/\">\u00d3rganos perforados<\/a><\/li>\n<li><a href=\"https:\/\/marksandharrison.cwdevelop.com\/es\/lesiones-de-medula-espinal\/\">Lesiones en la m\u00e9dula espinal<\/a><\/li>\n<li>Trastorno de estr\u00e9s postraum\u00e1tico<\/li>\n<\/ul>\n<\/div>\n<p>Si un conductor negligente caus\u00f3 un accidente que ha afectado su vida, nosotros lucharemos por conseguir una compensaci\u00f3n completa y justa a trav\u00e9s del seguro de responsabilidad civil del conductor culpable. Esto puede incluir la recuperaci\u00f3n de:<\/p>\n<ul>\n<li>Gastos m\u00e9dicos pasados y futuros<\/li>\n<li>Salarios perdidos y disminuci\u00f3n de ingresos futuros<\/li>\n<li>Dolor y sufrimiento<\/li>\n<\/ul>\n<p>Tambi\u00e9n podemos asistirle para presentar un reclamo ante su propia aseguradora, si es necesario. Por ejemplo, sus lesiones podr\u00edan estar cubiertas por su <a href=\"https:\/\/marksandharrison.cwdevelop.com\/accident-attorney\/uninsured-motorist\/\">p\u00f3liza de conductor sin seguro o con seguro insuficiente (UM\/UIM)<\/a>, si el choque involucr\u00f3:<\/p>\n<ul>\n<li>Un <a href=\"https:\/\/marksandharrison.cwdevelop.com\/accident-attorney\/car-accidents\/hit-and-run-accidents\/\">conductor que se dio a la fuga<\/a> (algo com\u00fan en accidentes peatonales).<\/li>\n<li>Un conductor sin seguro obligatorio de responsabilidad civil.<\/li>\n<li>Un conductor cuyo seguro no cubre la totalidad de sus p\u00e9rdidas.<\/li>\n<\/ul>\n<p>Si la aseguradora se niega a ofrecer una compensaci\u00f3n justa, podemos buscar un acuerdo o llevar su caso ante los tribunales.<\/p>\n<h2>\u00bfImporta si usted tuvo parte de la culpa en su accidente peatonal?<\/h2>\n<p>Virginia es uno de los pocos lugares en el pa\u00eds que aplica la doctrina de la \u201c<a href=\"https:\/\/law.lis.virginia.gov\/vacode\/title8.01\/chapter3\/section8.01-58\/\">negligencia contributiva pura<\/a>.\u201d Seg\u00fan esta doctrina, si usted tuvo incluso un 1 % de culpa en las lesiones que sufri\u00f3 en un choque entre un peat\u00f3n y un veh\u00edculo, podr\u00eda quedar inhabilitado para recibir cualquier tipo de compensaci\u00f3n.<\/p>\n<p>Por esta raz\u00f3n, es fundamental contar con el respaldo de una firma legal que sepa c\u00f3mo refutar los intentos de la aseguradora de atribuirle culpa.<\/p>\n<p>Por ejemplo, las aseguradoras podr\u00edan alegar que usted fue atropellado mientras cruzaba la calle de forma ilegal, jugaba en la v\u00eda p\u00fablica o caminaba distra\u00eddo mientras enviaba mensajes de texto o hablaba por tel\u00e9fono.<\/p>\n<p>En Marks &amp; Harrison, nuestro <a href=\"https:\/\/www.google.com\/maps?cid=4488528406236508992\">abogado de accidentes peatonales en Richmond<\/a> investigar\u00e1 su caso a fondo y le proteger\u00e1 en\u00e9rgicamente contra cualquier aseguradora que intente responsabilizarlo por sus lesiones.<\/p>\n<h2>Obtenga ayuda de nuestros abogados de lesiones a peatones en Richmond hoy mismo<\/h2>\n<p>Como una de las firmas de abogados de lesiones personales m\u00e1s grandes de Virginia, <a href=\"https:\/\/marksandharrison.cwdevelop.com\/es\/sobre-marks-harrison\/\">Marks &amp; Harrison<\/a> cuenta con la habilidad, experiencia y recursos que usted necesita si ha sufrido lesiones en un accidente peatonal o ha perdido a un ser querido en un choque de este tipo.<\/p>\n<p>No espere para iniciar su caso. <a href=\"https:\/\/marksandharrison.cwdevelop.com\/es\/contacto\/\">Cont\u00e1ctenos hoy mismo<\/a> o comun\u00edquese con nosotros en l\u00ednea.<\/p>\n<p>Podemos ofrecerle una consulta gratuita en nuestra oficina de Richmond, en cualquiera de nuestras otras nueve oficinas ubicadas en todo Virginia, o en el lugar que le resulte m\u00e1s conveniente a usted y a su familia.<\/p>\n","protected":false},"excerpt":{"rendered":"<p>Los abogados de lesiones a peatones de Marks &amp; Harrison tienen una larga trayectoria protegiendo los derechos de las v\u00edctimas de accidentes peatonales. Comprendemos la gravedad de las lesiones f\u00edsicas y psicol\u00f3gicas que estos accidentes pueden causar. Tambi\u00e9n sabemos que, con frecuencia, la negligencia del conductor es la causa principal de estos incidentes. Si usted [&hellip;]<\/p>\n","protected":false},"author":1,"featured_media":916092,"parent":0,"menu_order":425,"comment_status":"closed","ping_status":"open","template":"practice-area.php","meta":{"_acf_changed":false,"footnotes":""},"class_list":["post-902900","page","type-page","status-publish","has-post-thumbnail","hentry"],"acf":[],"yoast_head":"<!-- This site is optimized with the Yoast SEO plugin v27.1 - https:\/\/yoast.com\/product\/yoast-seo-wordpress\/ -->\n<title>Abogado de lesiones a peatones en Richmond - Marks &amp; Harrison<\/title>\n<meta name=\"description\" content=\"\u00bfFue atropellado en Richmond? En Marks &amp; Harrison, nuestros abogados de accidentes peatonales le ayudar\u00e1n a obtener la compensaci\u00f3n que merece.\" \/>\n<meta name=\"robots\" content=\"noindex, follow, max-snippet:-1, max-image-preview:large, max-video-preview:-1\" \/>\n<meta property=\"og:locale\" content=\"es_ES\" \/>\n<meta property=\"og:type\" content=\"article\" \/>\n<meta property=\"og:title\" content=\"Abogado de lesiones a peatones en Richmond\" \/>\n<meta property=\"og:description\" content=\"\u00bfFue atropellado en Richmond? En Marks &amp; Harrison, nuestros abogados de accidentes peatonales le ayudar\u00e1n a obtener la compensaci\u00f3n que merece.\" \/>\n<meta property=\"og:url\" content=\"https:\/\/marksandharrison.cwdevelop.com\/es\/abogado-de-peatones\/\" \/>\n<meta property=\"og:site_name\" content=\"marksandharrison.cwdevelop.com Managed WordPress Site\" \/>\n<meta property=\"article:modified_time\" content=\"2026-04-07T09:01:50+00:00\" \/>\n<meta property=\"og:image\" content=\"http:\/\/marksandharrison.cwdevelop.com\/wp-content\/uploads\/2025\/06\/crossing-lady-pedestrian.jpg\" \/>\n\t<meta property=\"og:image:width\" content=\"1000\" \/>\n\t<meta property=\"og:image:height\" content=\"666\" \/>\n\t<meta property=\"og:image:type\" content=\"image\/jpeg\" \/>\n<meta name=\"twitter:card\" content=\"summary_large_image\" \/>\n<meta name=\"twitter:label1\" content=\"Tiempo de lectura\" \/>\n\t<meta name=\"twitter:data1\" content=\"7 minutos\" \/>\n<script type=\"application\/ld+json\" class=\"yoast-schema-graph\">{\"@context\":\"https:\/\/schema.org\",\"@graph\":[{\"@type\":\"WebPage\",\"@id\":\"https:\/\/marksandharrison.cwdevelop.com\/es\/abogado-de-peatones\/\",\"url\":\"https:\/\/marksandharrison.cwdevelop.com\/es\/abogado-de-peatones\/\",\"name\":\"Abogado de lesiones a peatones en Richmond - Marks & Harrison\",\"isPartOf\":{\"@id\":\"https:\/\/marksandharrison.cwdevelop.com\/es\/#website\"},\"primaryImageOfPage\":{\"@id\":\"https:\/\/marksandharrison.cwdevelop.com\/es\/abogado-de-peatones\/#primaryimage\"},\"image\":{\"@id\":\"https:\/\/marksandharrison.cwdevelop.com\/es\/abogado-de-peatones\/#primaryimage\"},\"thumbnailUrl\":\"https:\/\/marksandharrison.cwdevelop.com\/wp-content\/uploads\/2026\/03\/abogado-de-peatones.png\",\"datePublished\":\"2014-09-19T03:37:00+00:00\",\"dateModified\":\"2026-04-07T09:01:50+00:00\",\"description\":\"\u00bfFue atropellado en Richmond? En Marks & Harrison, nuestros abogados de accidentes peatonales le ayudar\u00e1n a obtener la compensaci\u00f3n que merece.\",\"breadcrumb\":{\"@id\":\"https:\/\/marksandharrison.cwdevelop.com\/es\/abogado-de-peatones\/#breadcrumb\"},\"inLanguage\":\"es\",\"potentialAction\":[{\"@type\":\"ReadAction\",\"target\":[\"https:\/\/marksandharrison.cwdevelop.com\/es\/abogado-de-peatones\/\"]}]},{\"@type\":\"ImageObject\",\"inLanguage\":\"es\",\"@id\":\"https:\/\/marksandharrison.cwdevelop.com\/es\/abogado-de-peatones\/#primaryimage\",\"url\":\"https:\/\/marksandharrison.cwdevelop.com\/wp-content\/uploads\/2026\/03\/abogado-de-peatones.png\",\"contentUrl\":\"https:\/\/marksandharrison.cwdevelop.com\/wp-content\/uploads\/2026\/03\/abogado-de-peatones.png\",\"width\":1150,\"height\":350},{\"@type\":\"BreadcrumbList\",\"@id\":\"https:\/\/marksandharrison.cwdevelop.com\/es\/abogado-de-peatones\/#breadcrumb\",\"itemListElement\":[{\"@type\":\"ListItem\",\"position\":1,\"name\":\"Inicio\",\"item\":\"https:\/\/marksandharrison.cwdevelop.com\/es\/\"},{\"@type\":\"ListItem\",\"position\":2,\"name\":\"Abogado de lesiones a peatones en Richmond\"}]},{\"@type\":\"WebSite\",\"@id\":\"https:\/\/marksandharrison.cwdevelop.com\/es\/#website\",\"url\":\"https:\/\/marksandharrison.cwdevelop.com\/es\/\",\"name\":\"marksandharrison.cwdevelop.com Managed WordPress Site\",\"description\":\"\",\"potentialAction\":[{\"@type\":\"SearchAction\",\"target\":{\"@type\":\"EntryPoint\",\"urlTemplate\":\"https:\/\/marksandharrison.cwdevelop.com\/es\/?s={search_term_string}\"},\"query-input\":{\"@type\":\"PropertyValueSpecification\",\"valueRequired\":true,\"valueName\":\"search_term_string\"}}],\"inLanguage\":\"es\"}]}<\/script>\n<!-- \/ Yoast SEO plugin. -->","yoast_head_json":{"title":"Abogado de lesiones a peatones en Richmond - Marks & Harrison","description":"\u00bfFue atropellado en Richmond? En Marks & Harrison, nuestros abogados de accidentes peatonales le ayudar\u00e1n a obtener la compensaci\u00f3n que merece.","robots":{"index":"noindex","follow":"follow","max-snippet":"max-snippet:-1","max-image-preview":"max-image-preview:large","max-video-preview":"max-video-preview:-1"},"og_locale":"es_ES","og_type":"article","og_title":"Abogado de lesiones a peatones en Richmond","og_description":"\u00bfFue atropellado en Richmond? En Marks & Harrison, nuestros abogados de accidentes peatonales le ayudar\u00e1n a obtener la compensaci\u00f3n que merece.","og_url":"https:\/\/marksandharrison.cwdevelop.com\/es\/abogado-de-peatones\/","og_site_name":"marksandharrison.cwdevelop.com Managed WordPress Site","article_modified_time":"2026-04-07T09:01:50+00:00","og_image":[{"width":1000,"height":666,"url":"http:\/\/marksandharrison.cwdevelop.com\/wp-content\/uploads\/2025\/06\/crossing-lady-pedestrian.jpg","type":"image\/jpeg"}],"twitter_card":"summary_large_image","twitter_misc":{"Tiempo de lectura":"7 minutos"},"schema":{"@context":"https:\/\/schema.org","@graph":[{"@type":"WebPage","@id":"https:\/\/marksandharrison.cwdevelop.com\/es\/abogado-de-peatones\/","url":"https:\/\/marksandharrison.cwdevelop.com\/es\/abogado-de-peatones\/","name":"Abogado de lesiones a peatones en Richmond - Marks & Harrison","isPartOf":{"@id":"https:\/\/marksandharrison.cwdevelop.com\/es\/#website"},"primaryImageOfPage":{"@id":"https:\/\/marksandharrison.cwdevelop.com\/es\/abogado-de-peatones\/#primaryimage"},"image":{"@id":"https:\/\/marksandharrison.cwdevelop.com\/es\/abogado-de-peatones\/#primaryimage"},"thumbnailUrl":"https:\/\/marksandharrison.cwdevelop.com\/wp-content\/uploads\/2026\/03\/abogado-de-peatones.png","datePublished":"2014-09-19T03:37:00+00:00","dateModified":"2026-04-07T09:01:50+00:00","description":"\u00bfFue atropellado en Richmond? En Marks & Harrison, nuestros abogados de accidentes peatonales le ayudar\u00e1n a obtener la compensaci\u00f3n que merece.","breadcrumb":{"@id":"https:\/\/marksandharrison.cwdevelop.com\/es\/abogado-de-peatones\/#breadcrumb"},"inLanguage":"es","potentialAction":[{"@type":"ReadAction","target":["https:\/\/marksandharrison.cwdevelop.com\/es\/abogado-de-peatones\/"]}]},{"@type":"ImageObject","inLanguage":"es","@id":"https:\/\/marksandharrison.cwdevelop.com\/es\/abogado-de-peatones\/#primaryimage","url":"https:\/\/marksandharrison.cwdevelop.com\/wp-content\/uploads\/2026\/03\/abogado-de-peatones.png","contentUrl":"https:\/\/marksandharrison.cwdevelop.com\/wp-content\/uploads\/2026\/03\/abogado-de-peatones.png","width":1150,"height":350},{"@type":"BreadcrumbList","@id":"https:\/\/marksandharrison.cwdevelop.com\/es\/abogado-de-peatones\/#breadcrumb","itemListElement":[{"@type":"ListItem","position":1,"name":"Inicio","item":"https:\/\/marksandharrison.cwdevelop.com\/es\/"},{"@type":"ListItem","position":2,"name":"Abogado de lesiones a peatones en Richmond"}]},{"@type":"WebSite","@id":"https:\/\/marksandharrison.cwdevelop.com\/es\/#website","url":"https:\/\/marksandharrison.cwdevelop.com\/es\/","name":"marksandharrison.cwdevelop.com Managed WordPress Site","description":"","potentialAction":[{"@type":"SearchAction","target":{"@type":"EntryPoint","urlTemplate":"https:\/\/marksandharrison.cwdevelop.com\/es\/?s={search_term_string}"},"query-input":{"@type":"PropertyValueSpecification","valueRequired":true,"valueName":"search_term_string"}}],"inLanguage":"es"}]}},"_links":{"self":[{"href":"https:\/\/marksandharrison.cwdevelop.com\/es\/wp-json\/wp\/v2\/pages\/902900","targetHints":{"allow":["GET"]}}],"collection":[{"href":"https:\/\/marksandharrison.cwdevelop.com\/es\/wp-json\/wp\/v2\/pages"}],"about":[{"href":"https:\/\/marksandharrison.cwdevelop.com\/es\/wp-json\/wp\/v2\/types\/page"}],"author":[{"embeddable":true,"href":"https:\/\/marksandharrison.cwdevelop.com\/es\/wp-json\/wp\/v2\/users\/1"}],"replies":[{"embeddable":true,"href":"https:\/\/marksandharrison.cwdevelop.com\/es\/wp-json\/wp\/v2\/comments?post=902900"}],"version-history":[{"count":0,"href":"https:\/\/marksandharrison.cwdevelop.com\/es\/wp-json\/wp\/v2\/pages\/902900\/revisions"}],"wp:featuredmedia":[{"embeddable":true,"href":"https:\/\/marksandharrison.cwdevelop.com\/es\/wp-json\/wp\/v2\/media\/916092"}],"wp:attachment":[{"href":"https:\/\/marksandharrison.cwdevelop.com\/es\/wp-json\/wp\/v2\/media?parent=902900"}],"curies":[{"name":"wp","href":"https:\/\/api.w.org\/{rel}","templated":true}]}}