{"id":857406,"date":"2014-07-17T13:07:27","date_gmt":"2014-07-17T13:07:27","guid":{"rendered":"https:\/\/marksandharrison.cwdevelop.com\/?page_id=857406"},"modified":"2026-03-26T09:47:10","modified_gmt":"2026-03-26T09:47:10","slug":"es","status":"publish","type":"page","link":"https:\/\/marksandharrison.cwdevelop.com\/es\/","title":{"rendered":"En Espanol"},"content":{"rendered":"<h2>Su primera llamada para obtener ayuda legal<\/h2>\n<p>Ya sea que haya sufrido un accidente o necesite ayuda con sus beneficios por discapacidad, los abogados de lesiones de Marks &amp; Harrison est\u00e1n aqu\u00ed para ofrecerle la orientaci\u00f3n legal en la que puede confiar. Durante m\u00e1s de 100 a\u00f1os, nuestro bufete ha ayudado a personas como usted a obtener la m\u00e1xima compensaci\u00f3n por lesiones personales, negligencia m\u00e9dica y accidentes laborales. Nuestros abogados no cobran honorarios por adelantado \u2014 usted solo paga si ganamos su caso.<\/p>\n","protected":false},"excerpt":{"rendered":"<p>Su primera llamada para obtener ayuda legal Ya sea que haya sufrido un accidente o necesite ayuda con sus beneficios por discapacidad, los abogados de lesiones de Marks &amp; Harrison est\u00e1n aqu\u00ed para ofrecerle la orientaci\u00f3n legal en la que puede confiar. Durante m\u00e1s de 100 a\u00f1os, nuestro bufete ha ayudado a personas como usted [&hellip;]<\/p>\n","protected":false},"author":1,"featured_media":916369,"parent":0,"menu_order":403,"comment_status":"open","ping_status":"open","template":"","meta":{"_acf_changed":false,"footnotes":""},"class_list":["post-857406","page","type-page","status-publish","has-post-thumbnail","hentry"],"acf":[],"yoast_head":"<!-- This site is optimized with the Yoast SEO plugin v27.1 - https:\/\/yoast.com\/product\/yoast-seo-wordpress\/ -->\n<title>Abogados de Lesiones Personales en Richmond - Marks &amp; Harrison<\/title>\n<meta name=\"description\" content=\"Desde 1911, los abogados especializados en lesiones personales de Marks &amp; Harrison en Richmond han representado a personas lesionadas y a sus familias.\" \/>\n<meta name=\"robots\" content=\"noindex, follow, max-snippet:-1, max-image-preview:large, max-video-preview:-1\" \/>\n<meta property=\"og:locale\" content=\"es_ES\" \/>\n<meta property=\"og:type\" content=\"article\" \/>\n<meta property=\"og:title\" content=\"Abogados de Lesiones Personales en Richmond - Marks &amp; Harrison\" \/>\n<meta property=\"og:description\" content=\"Desde 1911, los abogados especializados en lesiones personales de Marks &amp; Harrison en Richmond han representado a personas lesionadas y a sus familias.\" \/>\n<meta property=\"og:url\" content=\"https:\/\/marksandharrison.cwdevelop.com\/es\/\" \/>\n<meta property=\"og:site_name\" content=\"marksandharrison.cwdevelop.com Managed WordPress Site\" \/>\n<meta property=\"article:modified_time\" content=\"2026-03-26T09:47:10+00:00\" \/>\n<meta property=\"og:image\" content=\"http:\/\/marksandharrison.cwdevelop.com\/wp-content\/uploads\/2026\/01\/featured-home.png\" \/>\n\t<meta property=\"og:image:width\" content=\"803\" \/>\n\t<meta property=\"og:image:height\" content=\"435\" \/>\n\t<meta property=\"og:image:type\" content=\"image\/png\" \/>\n<meta name=\"twitter:card\" content=\"summary_large_image\" \/>\n<meta name=\"twitter:label1\" content=\"Tiempo de lectura\" \/>\n\t<meta name=\"twitter:data1\" content=\"1 minuto\" \/>\n<script type=\"application\/ld+json\" class=\"yoast-schema-graph\">{\"@context\":\"https:\/\/schema.org\",\"@graph\":[{\"@type\":\"WebPage\",\"@id\":\"https:\/\/marksandharrison.cwdevelop.com\/es\/\",\"url\":\"https:\/\/marksandharrison.cwdevelop.com\/es\/\",\"name\":\"Abogados de Lesiones Personales en Richmond - Marks & Harrison\",\"isPartOf\":{\"@id\":\"https:\/\/marksandharrison.cwdevelop.com\/es\/#website\"},\"primaryImageOfPage\":{\"@id\":\"https:\/\/marksandharrison.cwdevelop.com\/es\/#primaryimage\"},\"image\":{\"@id\":\"https:\/\/marksandharrison.cwdevelop.com\/es\/#primaryimage\"},\"thumbnailUrl\":\"https:\/\/marksandharrison.cwdevelop.com\/wp-content\/uploads\/2026\/01\/featured-home.png\",\"datePublished\":\"2014-07-17T13:07:27+00:00\",\"dateModified\":\"2026-03-26T09:47:10+00:00\",\"description\":\"Desde 1911, los abogados especializados en lesiones personales de Marks & Harrison en Richmond han representado a personas lesionadas y a sus familias.\",\"breadcrumb\":{\"@id\":\"https:\/\/marksandharrison.cwdevelop.com\/es\/#breadcrumb\"},\"inLanguage\":\"es\",\"potentialAction\":[{\"@type\":\"ReadAction\",\"target\":[\"https:\/\/marksandharrison.cwdevelop.com\/es\/\"]}]},{\"@type\":\"ImageObject\",\"inLanguage\":\"es\",\"@id\":\"https:\/\/marksandharrison.cwdevelop.com\/es\/#primaryimage\",\"url\":\"https:\/\/marksandharrison.cwdevelop.com\/wp-content\/uploads\/2026\/01\/featured-home.png\",\"contentUrl\":\"https:\/\/marksandharrison.cwdevelop.com\/wp-content\/uploads\/2026\/01\/featured-home.png\",\"width\":803,\"height\":435},{\"@type\":\"BreadcrumbList\",\"@id\":\"https:\/\/marksandharrison.cwdevelop.com\/es\/#breadcrumb\",\"itemListElement\":[{\"@type\":\"ListItem\",\"position\":1,\"name\":\"Inicio\",\"item\":\"https:\/\/marksandharrison.cwdevelop.com\/es\/\"},{\"@type\":\"ListItem\",\"position\":2,\"name\":\"En Espanol\"}]},{\"@type\":\"WebSite\",\"@id\":\"https:\/\/marksandharrison.cwdevelop.com\/es\/#website\",\"url\":\"https:\/\/marksandharrison.cwdevelop.com\/es\/\",\"name\":\"marksandharrison.cwdevelop.com Managed WordPress Site\",\"description\":\"\",\"potentialAction\":[{\"@type\":\"SearchAction\",\"target\":{\"@type\":\"EntryPoint\",\"urlTemplate\":\"https:\/\/marksandharrison.cwdevelop.com\/es\/?s={search_term_string}\"},\"query-input\":{\"@type\":\"PropertyValueSpecification\",\"valueRequired\":true,\"valueName\":\"search_term_string\"}}],\"inLanguage\":\"es\"}]}<\/script>\n<!-- \/ Yoast SEO plugin. -->","yoast_head_json":{"title":"Abogados de Lesiones Personales en Richmond - Marks & Harrison","description":"Desde 1911, los abogados especializados en lesiones personales de Marks & Harrison en Richmond han representado a personas lesionadas y a sus familias.","robots":{"index":"noindex","follow":"follow","max-snippet":"max-snippet:-1","max-image-preview":"max-image-preview:large","max-video-preview":"max-video-preview:-1"},"og_locale":"es_ES","og_type":"article","og_title":"Abogados de Lesiones Personales en Richmond - Marks & Harrison","og_description":"Desde 1911, los abogados especializados en lesiones personales de Marks & Harrison en Richmond han representado a personas lesionadas y a sus familias.","og_url":"https:\/\/marksandharrison.cwdevelop.com\/es\/","og_site_name":"marksandharrison.cwdevelop.com Managed WordPress Site","article_modified_time":"2026-03-26T09:47:10+00:00","og_image":[{"width":803,"height":435,"url":"http:\/\/marksandharrison.cwdevelop.com\/wp-content\/uploads\/2026\/01\/featured-home.png","type":"image\/png"}],"twitter_card":"summary_large_image","twitter_misc":{"Tiempo de lectura":"1 minuto"},"schema":{"@context":"https:\/\/schema.org","@graph":[{"@type":"WebPage","@id":"https:\/\/marksandharrison.cwdevelop.com\/es\/","url":"https:\/\/marksandharrison.cwdevelop.com\/es\/","name":"Abogados de Lesiones Personales en Richmond - Marks & Harrison","isPartOf":{"@id":"https:\/\/marksandharrison.cwdevelop.com\/es\/#website"},"primaryImageOfPage":{"@id":"https:\/\/marksandharrison.cwdevelop.com\/es\/#primaryimage"},"image":{"@id":"https:\/\/marksandharrison.cwdevelop.com\/es\/#primaryimage"},"thumbnailUrl":"https:\/\/marksandharrison.cwdevelop.com\/wp-content\/uploads\/2026\/01\/featured-home.png","datePublished":"2014-07-17T13:07:27+00:00","dateModified":"2026-03-26T09:47:10+00:00","description":"Desde 1911, los abogados especializados en lesiones personales de Marks & Harrison en Richmond han representado a personas lesionadas y a sus familias.","breadcrumb":{"@id":"https:\/\/marksandharrison.cwdevelop.com\/es\/#breadcrumb"},"inLanguage":"es","potentialAction":[{"@type":"ReadAction","target":["https:\/\/marksandharrison.cwdevelop.com\/es\/"]}]},{"@type":"ImageObject","inLanguage":"es","@id":"https:\/\/marksandharrison.cwdevelop.com\/es\/#primaryimage","url":"https:\/\/marksandharrison.cwdevelop.com\/wp-content\/uploads\/2026\/01\/featured-home.png","contentUrl":"https:\/\/marksandharrison.cwdevelop.com\/wp-content\/uploads\/2026\/01\/featured-home.png","width":803,"height":435},{"@type":"BreadcrumbList","@id":"https:\/\/marksandharrison.cwdevelop.com\/es\/#breadcrumb","itemListElement":[{"@type":"ListItem","position":1,"name":"Inicio","item":"https:\/\/marksandharrison.cwdevelop.com\/es\/"},{"@type":"ListItem","position":2,"name":"En Espanol"}]},{"@type":"WebSite","@id":"https:\/\/marksandharrison.cwdevelop.com\/es\/#website","url":"https:\/\/marksandharrison.cwdevelop.com\/es\/","name":"marksandharrison.cwdevelop.com Managed WordPress Site","description":"","potentialAction":[{"@type":"SearchAction","target":{"@type":"EntryPoint","urlTemplate":"https:\/\/marksandharrison.cwdevelop.com\/es\/?s={search_term_string}"},"query-input":{"@type":"PropertyValueSpecification","valueRequired":true,"valueName":"search_term_string"}}],"inLanguage":"es"}]}},"_links":{"self":[{"href":"https:\/\/marksandharrison.cwdevelop.com\/es\/wp-json\/wp\/v2\/pages\/857406","targetHints":{"allow":["GET"]}}],"collection":[{"href":"https:\/\/marksandharrison.cwdevelop.com\/es\/wp-json\/wp\/v2\/pages"}],"about":[{"href":"https:\/\/marksandharrison.cwdevelop.com\/es\/wp-json\/wp\/v2\/types\/page"}],"author":[{"embeddable":true,"href":"https:\/\/marksandharrison.cwdevelop.com\/es\/wp-json\/wp\/v2\/users\/1"}],"replies":[{"embeddable":true,"href":"https:\/\/marksandharrison.cwdevelop.com\/es\/wp-json\/wp\/v2\/comments?post=857406"}],"version-history":[{"count":0,"href":"https:\/\/marksandharrison.cwdevelop.com\/es\/wp-json\/wp\/v2\/pages\/857406\/revisions"}],"wp:featuredmedia":[{"embeddable":true,"href":"https:\/\/marksandharrison.cwdevelop.com\/es\/wp-json\/wp\/v2\/media\/916369"}],"wp:attachment":[{"href":"https:\/\/marksandharrison.cwdevelop.com\/es\/wp-json\/wp\/v2\/media?parent=857406"}],"curies":[{"name":"wp","href":"https:\/\/api.w.org\/{rel}","templated":true}]}}