{"id":848881,"date":"2025-04-29T16:41:57","date_gmt":"2025-04-29T16:41:57","guid":{"rendered":"https:\/\/marksandharrison.cwdevelop.com\/?page_id=848881"},"modified":"2026-04-07T09:05:52","modified_gmt":"2026-04-07T09:05:52","slug":"accidentes-de-motocicleta","status":"publish","type":"page","link":"https:\/\/marksandharrison.cwdevelop.com\/es\/accidentes-de-motocicleta\/","title":{"rendered":"Abogado de Accidente de Motocicleta en Richmond"},"content":{"rendered":"<p>El encanto de la carretera abierta ha atra\u00eddo a muchas personas a la libertad que ofrecen las motocicletas. Puede encontrar hoy m\u00e1s motocicletas en las carreteras de los Estados Unidos que antes, como lo demuestra el incremento constante de las matriculaciones de motocicletas.<\/p>\n<p>Durante el lapso de 10 a\u00f1os m\u00e1s reciente, el n\u00famero de motocicletas registradas en nuestro pa\u00eds aument\u00f3 en 962,278, o un aumento del 12 por ciento, de acuerdo con la Administraci\u00f3n Nacional de Seguridad del Tr\u00e1fico en las Carreteras.\u00a0 Actualmente, cerca de 9 millones de motocicletas matriculadas circulan en nuestras carreteras.<\/p>\n<p>Afortunadamente, en Virginia, las estad\u00edsticas indican que el incremento de motociclistas no ha llevado a un aumento de accidentes, lesiones o muertes. La Oficina de Seguridad Vial de Virginia reporta que un a\u00f1o reciente:<\/p>\n<ul>\n<li>1,792 choques en Virginia involucraron motocicletas (un 15 por ciento menos que el a\u00f1o anterior)<\/li>\n<li>87 de esos choques resultaron en muertes (una disminuci\u00f3n del 19 por cierto)<\/li>\n<li>1,404 causaron lesiones (una ca\u00edda del 16 por ciento).<\/li>\n<\/ul>\n<p>Sin embargo, debido a la negligencia de otros, el hecho es que andar en motocicleta puede ser una actividad peligrosa en nuestro estado.<\/p>\n<p>Si result\u00f3 lesionado en un accidente de motocicleta por causas ajenas a usted, puede tener derecho a una compensaci\u00f3n por sus lesiones. Contacte a nuestros abogados de accidentes de motocicletas en Richmond en Marks &amp; Harrison hoy para una consulta gratuita, sin compromiso y confidencial, o env\u00ede una solicitud de evaluaci\u00f3n de caso en l\u00ednea.\u00a0 Adicionalmente a nuestra <a href=\"https:\/\/marksandharrison.cwdevelop.com\/our-locations\/richmond-office\/\">ubicaci\u00f3n en Richmond<\/a>, tenemos oficinas en todo Virginia, incluyendo, <a href=\"https:\/\/marksandharrison.cwdevelop.com\/our-locations\/chesterfield-office\/\">Chesterfield<\/a>, <a href=\"https:\/\/marksandharrison.cwdevelop.com\/our-locations\/harrisonburg\/\">Harrisonburg<\/a>, <a href=\"https:\/\/marksandharrison.cwdevelop.com\/our-locations\/hopewell-office\/\">Hopewell<\/a>, <a href=\"https:\/\/marksandharrison.cwdevelop.com\/our-locations\/petersburg-office\/\">Petersburg<\/a>, <a href=\"https:\/\/marksandharrison.cwdevelop.com\/our-locations\/charlottesville-office\/\">Charlottesville<\/a>, <a href=\"https:\/\/marksandharrison.cwdevelop.com\/our-locations\/tappahannock-office\/\">Tappahannock<\/a>, <a href=\"https:\/\/marksandharrison.cwdevelop.com\/our-locations\/louisa-office\/\">Louisa<\/a>, <a href=\"https:\/\/marksandharrison.cwdevelop.com\/our-locations\/staunton-office\/\">Staunton<\/a>, y <a href=\"https:\/\/marksandharrison.cwdevelop.com\/our-locations\/fredericksburg-office\/\">Fredericksburg<\/a>.<\/p>\n<h2>\u00bfCu\u00e1les son las lesiones comunes despu\u00e9s de un accidente de motocicleta en Richmond?<\/h2>\n<p><img loading=\"lazy\" decoding=\"async\" class=\"alignright\" src=\"https:\/\/marksandharrison.cwdevelop.com\/wp-content\/uploads\/2020\/05\/common-motorcycle-injuries-223x300.jpg\" alt=\"A man with an injured foot after a motorcycle accident in Virginia. \" width=\"223\" height=\"300\" \/>Como pr\u00e1cticamente las motocicletas no brindan protecci\u00f3n, los accidentes que involucran motocicletas pueden resultar en lesiones graves o incluso la muerte de sus conductores. La mayor\u00eda de los choques de motocicletas resultan en lesiones para el conductor. Las lesiones comunes de motocicleta incluyen:<\/p>\n<ul>\n<li>Traumatismo craneoencef\u00e1lico (TBI, por sus siglas en ingl\u00e9s)<\/li>\n<li>Amputaciones en extremidades<\/li>\n<li><a href=\"https:\/\/marksandharrison.cwdevelop.com\/back-and-spine-injury\/\">Lesi\u00f3n de la m\u00e9dula espinal<\/a>, a menudo resulta en par\u00e1lisis<\/li>\n<li><a href=\"https:\/\/marksandharrison.cwdevelop.com\/broken-bones-fractures\/\">Huesos rotos<\/a>, particularmente en los pies y las piernas<\/li>\n<li>Fracturas y desfiguraci\u00f3n facial<\/li>\n<li>Abrasiones cut\u00e1neas graves (conocidas como erupciones por la carretera)<\/li>\n<li><a href=\"https:\/\/marksandharrison.cwdevelop.com\/burn-injury\/\">Quemaduras<\/a><\/li>\n<\/ul>\n<p>Las lesiones en la cabeza se encuentran entre las causas principales de muerte por accidente de motocicleta, a pesar de que la ley de Virginia exige que todos los conductores de motocicleta y los pasajeros usen cascos.<\/p>\n<h2>\u00bfCu\u00e1les son las causas comunes de accidentes de motocicleta en Richmond?<\/h2>\n<p><img loading=\"lazy\" decoding=\"async\" class=\"alignleft\" src=\"https:\/\/marksandharrison.cwdevelop.com\/wp-content\/uploads\/2020\/05\/motorcycle-accidents1-300x200.jpg\" alt=\"Paramedics attending to a motorcycle accident victim on a road in Virginia. \" width=\"300\" height=\"200\" \/>Las investigaciones han revelado que la mayor\u00eda de los choques no son culpa del motociclista, sino de otros conductores. La edici\u00f3n de 2007 de Virginia Traffic Crash Facts establece que en el 40% de los accidentes que involucran motocicletas, no hubo infracci\u00f3n por parte del motociclista. Las inclemencias del tiempo tampoco son un factor principal. En el 97% de los accidentes de motocicleta reportados, el clima estaba despejado o nublado. Los factores comunes de accidentes de motocicleta incluyen lo siguiente:<\/p>\n<ul>\n<li><strong>Los conductores simplemente no ven las motocicletas.<\/strong> Los automovilistas buscan veh\u00edculos para m\u00e1s pasajeros y, a menudo, no ven motocicletas mucho m\u00e1s peque\u00f1as en el tr\u00e1fico. Muchos accidentes ocurren cuando los conductores giran a la izquierda hacia las motocicletas que se aproximan, o cuando salen de los caminos de entrada, los estacionamientos, o de las calles laterales directamente en el camino de las motocicletas.<\/li>\n<li><strong>Los conductores no miran hacia los lados para detectar puntos ciegos.<\/strong> Al ser m\u00e1s peque\u00f1as que los veh\u00edculos de pasajeros, las motocicletas pueden f\u00e1cilmente desaparecer en el punto ciego de un conductor. Un automovilista que no mira hacia los lados puede cortarle el paso a una motocicleta en el proceso de cambiar de carril.<\/li>\n<li><strong>Los conductores juzgan mal la velocidad de las motocicletas.<\/strong> Como las motocicletas son m\u00e1s peque\u00f1as que los autos, SUVs o camionetas pickup, es un error com\u00fan que los conductores juzguen mal su velocidad, cambiar de carril en ellas, o salir enfrente de ellas.<\/li>\n<li><strong>Los conductores siguen a las motocicletas muy de cerca.<\/strong> Las motocicletas pueden detenerse m\u00e1s r\u00e1pido que los veh\u00edculos de pasajeros, y los conductores a menudo suelen seguirlos demasiado cerca, lo que aumenta las posibilidades de un choque trasero.<\/li>\n<li><strong>Conducir en estado de ebriedad.<\/strong> De acuerdo con la Administraci\u00f3n Nacional de Seguridad del Tr\u00e1fico en las Carreteras, el consumo de alcohol fue un factor en 1,296 accidentes fatales de motocicletas en 2013.<\/li>\n<li><strong>Conducir distra\u00eddo.<\/strong> Los conductores que se distraen de la importante tarea de operar un veh\u00edculo motorizado por cualquier\u00a0 cosa son un peligro para los dem\u00e1s en la carretera, incluyendo los motociclistas. Mandar mensajes de texto mientras maneja es extremadamente peligroso, porque requieren de atenci\u00f3n cognitiva, manual y visual por parte del conductor.<\/li>\n<li><strong>Caminos peligrosos.<\/strong> Baches, grietas, grava suelta, y otros defectos en carretera pueden causar accidentes para motocicletas m\u00e1s f\u00e1cilmente que para otro tipos de veh\u00edculos motorizados.<\/li>\n<li><strong>Problemas mec\u00e1nicos o de equipo.<\/strong> El dise\u00f1o defectuoso o las piezas defectuosas pueden hacer que la motocicleta en s\u00ed sea un peligro para el conductor.<\/li>\n<\/ul>\n<p><iframe loading=\"lazy\" style=\"border: 0;\" src=\"https:\/\/www.google.com\/maps\/embed?pb=!1m18!1m12!1m3!1d3161.0817706744783!2d-77.5464025!3d37.600234500000006!2m3!1f0!2f0!3f0!3m2!1i1024!2i768!4f13.1!3m3!1m2!1s0x89b114c4f15af799%3A0x3e4a74cde1fa3340!2sMarks%20%26%20Harrison%20-%20Personal%20Injury%20Attorney%20-%20Richmond!5e0!3m2!1sen!2sus!4v1680529458447!5m2!1sen!2sus\" width=\"100%\" height=\"450\" allowfullscreen=\"allowfullscreen\"><\/iframe><\/p>\n<h2>\u00bfQu\u00e9 da\u00f1os puedo tener despu\u00e9s de un accidente de motocicleta en Richmond, VA?<\/h2>\n<p><img loading=\"lazy\" decoding=\"async\" class=\"alignright\" src=\"https:\/\/marksandharrison.cwdevelop.com\/wp-content\/uploads\/2020\/05\/dangers-of-motorcycle-crashes-300x200.jpg\" alt=\"A moped that has been struck by a car. \" width=\"300\" height=\"200\" \/>En la mayor\u00eda de los accidentes que involucran motocicletas, el conductor de otro veh\u00edculo motorizado simplemente no vio la motocicleta. Sin embargo, los conductores negligentes deben rendir cuentas por los da\u00f1os que causaron, y los pasajeros lesionados tienen derecho a una compensaci\u00f3n completa y justa. Si usted ha sido lastimado en un accidente de motocicleta causado por un conductor negligente, puede tener derecho a una compensaci\u00f3n por:<\/p>\n<div class=\"row\">\n<ul class=\"col-xl-6\">\n<li>Gastos m\u00e9dicos<\/li>\n<li>Salarios perdidos, pasados y futuros<\/li>\n<li>Deterioro de la capacidad de la ganancia<\/li>\n<li>Dolor y sufrimiento, tanto f\u00edsico como emocional<\/li>\n<\/ul>\n<ul class=\"col-xl-6\">\n<li>Angustia mental<\/li>\n<li>Desfiguraci\u00f3n y cicatrizaci\u00f3n<\/li>\n<li>P\u00e9rdida de consorcio<\/li>\n<li>Da\u00f1os punitivos (en algunos casos)<\/li>\n<\/ul>\n<\/div>\n\n\t\t\t\t\n\t\t\t\t\t<div itemtype=\"https:\/\/schema.org\/VideoObject\" itemscope=\"\" id=\"video_play-879340\" class=\" vid-aligncenter\" style=\"display:block\">\n\t\t\t\t\t\t<meta itemprop=\"name\" content=\"Preguntas Frecuentes &#8211; Marks &#038; Harrison\" \/>\n\t\t\t\t\t\t<meta itemprop=\"thumbnailURL\" content=\"https:\/\/i.ytimg.com\/vi\/FO6h2O16S_I\/hqdefault.jpg\" \/>\n\t\t\t\t\t\t<meta itemprop=\"uploadDate\" content=\"29 de abril de 2025\">\n\t\t\t\t\t\t\t\t\t\t\t\t\t<meta itemprop=\"embedURL\" content=\"https:\/\/www.youtube.com\/watch?v=FO6h2O16S_I\" \/>\n\t\t\t\t\t\t\t<iframe loading=\"lazy\" class=\"cw_video_single\" src=\"https:\/\/www.youtube.com\/embed\/FO6h2O16S_I?rel=0&amp;showinfo=1&amp;autoplay=0\" allowfullscreen=\"allowfullscreen\" width=\"100%\" height=\"480px\" ><\/iframe>\n\t\t\t\t\t\t\n\t\t\t\t\t\t\n\t\t\t\t\t\t\t\t\t\t\t\t\t\t\t<meta itemprop=\"description\" content=\"https:\/\/www.marksandharrison.com\/es\/\r\n\r\nFollow us on Facebook: \r\nhttps:\/\/www.facebook.com\/marksandharrison\r\nFollow us on Twitter: \r\nhttps:\/\/twitter.com\/mandhlaw\r\n\r\nContact us at http:\/\/www.marksandharrison.com\/contact-us\/\" \/>\n\t\t\t\t\t\t\t\n\t\t\t\t\t\t\n\t\t\t\t\t<\/div>\n\n\t\t\t\t\n\n\n\n\t\t\t\n\t\t\t\t\n<h2>Asesoramiento legal para las v\u00edctimas de accidentes de motocicleta en Virginia<\/h2>\n<p>Los abogados de accidente de motocicleta en Richmond del bufete de abogados de <a href=\"https:\/\/marksandharrison.cwdevelop.com\/es\/sobre-marks-harrison\/\">Marks &amp; Harrison<\/a> han representado a docenas de v\u00edctimas de accidentes de motocicleta. En un caso inusual, pudimos obtener $120,000 para nuestro cliente en compensaci\u00f3n por una fractura de rodilla despu\u00e9s de que su instructor de motocicletas la sobresalt\u00f3 durante una clase de entrenamiento. Los abogados de accidentes de motocicleta de Marks &amp; Harrison han representado a personas lesionadas y a sus familias en Richmond y en todo Virginia durante casi 100 a\u00f1os. Si usted o un ser querido ha sido lesionado en un accidente de motocicleta, o si ha perdido a un ser querido en un accidente, cont\u00e1ctenos por una consulta gratuita, sin compromiso y confidencial. Nuestros abogados expertos en lesiones personales en Virginia analizar\u00e1 su caso y le aconsejar\u00e1 si tiene derecho a una compensaci\u00f3n. Si creemos que no necesita un abogado, se lo diremos inmediatamente. <a href=\"https:\/\/marksandharrison.cwdevelop.com\/es\/contacto\/\">Cont\u00e1ctenos hoy<\/a> llamando sin cargo al 1-888-807-3136. Nuestros tel\u00e9fonos se responden las 24 horas del d\u00eda, los 7 d\u00edas de la semana.\u00a0Tambi\u00e9n puede obtener ayuda en l\u00ednea al llenar nuestro formulario de evaluaci\u00f3n de caso gratuito. <a href=\"https:\/\/marksandharrison.cwdevelop.com\/es\/\">Nuestros<\/a> abogados de lesiones personales de Richmond pueden ayudar.<\/p>\n<p><strong>Fuentes:<\/strong><\/p>\n<ul>\n<li>NHTS: <a href=\"http:\/\/www-nrd.nhtsa.dot.gov\/Pubs\/812101.pdf\" target=\"_blank\" rel=\"noopener\">Accidentes de veh\u00edculos motorizados de 2013: Vista general<\/a><\/li>\n<\/ul>\n","protected":false},"excerpt":{"rendered":"<p>El encanto de la carretera abierta ha atra\u00eddo a muchas personas a la libertad que ofrecen las motocicletas. Puede encontrar hoy m\u00e1s motocicletas en las carreteras de los Estados Unidos que antes, como lo demuestra el incremento constante de las matriculaciones de motocicletas. Durante el lapso de 10 a\u00f1os m\u00e1s reciente, el n\u00famero de motocicletas [&hellip;]<\/p>\n","protected":false},"author":1,"featured_media":915258,"parent":0,"menu_order":74,"comment_status":"closed","ping_status":"closed","template":"","meta":{"_acf_changed":false,"footnotes":""},"class_list":["post-848881","page","type-page","status-publish","has-post-thumbnail","hentry"],"acf":[],"yoast_head":"<!-- This site is optimized with the Yoast SEO plugin v27.1 - https:\/\/yoast.com\/product\/yoast-seo-wordpress\/ -->\n<title>Abogado de Accidentes de Motocicleta en Richmond - Marks &amp; Harrison<\/title>\n<meta name=\"description\" content=\"Si usted o un ser querido ha resultado lesionado en un accidente de motocicleta, comun\u00edquese hoy con nuestros abogados de accidentes de motocicleta en Richmond, Virginia en Marks &amp; Harrison para una consulta inicial gratuita.\" \/>\n<meta name=\"robots\" content=\"noindex, follow, max-snippet:-1, max-image-preview:large, max-video-preview:-1\" \/>\n<meta property=\"og:locale\" content=\"es_ES\" \/>\n<meta property=\"og:type\" content=\"article\" \/>\n<meta property=\"og:title\" content=\"Abogado de Accidentes de Motocicleta en Richmond - Marks &amp; Harrison\" \/>\n<meta property=\"og:description\" content=\"Si usted o un ser querido ha resultado lesionado en un accidente de motocicleta, comun\u00edquese hoy con nuestros abogados de accidentes de motocicleta en Richmond, Virginia en Marks &amp; Harrison para una consulta inicial gratuita.\" \/>\n<meta property=\"og:url\" content=\"https:\/\/marksandharrison.cwdevelop.com\/es\/accidentes-de-motocicleta\/\" \/>\n<meta property=\"og:site_name\" content=\"marksandharrison.cwdevelop.com Managed WordPress Site\" \/>\n<meta property=\"article:modified_time\" content=\"2026-04-07T09:05:52+00:00\" \/>\n<meta property=\"og:image\" content=\"http:\/\/marksandharrison.cwdevelop.com\/wp-content\/uploads\/2026\/03\/accidentes-de-motocicleta.png\" \/>\n\t<meta property=\"og:image:width\" content=\"1150\" \/>\n\t<meta property=\"og:image:height\" content=\"350\" \/>\n\t<meta property=\"og:image:type\" content=\"image\/png\" \/>\n<meta name=\"twitter:card\" content=\"summary_large_image\" \/>\n<meta name=\"twitter:label1\" content=\"Tiempo de lectura\" \/>\n\t<meta name=\"twitter:data1\" content=\"6 minutos\" \/>\n<script type=\"application\/ld+json\" class=\"yoast-schema-graph\">{\"@context\":\"https:\/\/schema.org\",\"@graph\":[{\"@type\":\"WebPage\",\"@id\":\"https:\/\/marksandharrison.cwdevelop.com\/es\/accidentes-de-motocicleta\/\",\"url\":\"https:\/\/marksandharrison.cwdevelop.com\/es\/accidentes-de-motocicleta\/\",\"name\":\"Abogado de Accidentes de Motocicleta en Richmond - Marks & Harrison\",\"isPartOf\":{\"@id\":\"https:\/\/marksandharrison.cwdevelop.com\/es\/#website\"},\"primaryImageOfPage\":{\"@id\":\"https:\/\/marksandharrison.cwdevelop.com\/es\/accidentes-de-motocicleta\/#primaryimage\"},\"image\":{\"@id\":\"https:\/\/marksandharrison.cwdevelop.com\/es\/accidentes-de-motocicleta\/#primaryimage\"},\"thumbnailUrl\":\"https:\/\/marksandharrison.cwdevelop.com\/wp-content\/uploads\/2026\/03\/accidentes-de-motocicleta.png\",\"datePublished\":\"2025-04-29T16:41:57+00:00\",\"dateModified\":\"2026-04-07T09:05:52+00:00\",\"description\":\"Si usted o un ser querido ha resultado lesionado en un accidente de motocicleta, comun\u00edquese hoy con nuestros abogados de accidentes de motocicleta en Richmond, Virginia en Marks & Harrison para una consulta inicial gratuita.\",\"breadcrumb\":{\"@id\":\"https:\/\/marksandharrison.cwdevelop.com\/es\/accidentes-de-motocicleta\/#breadcrumb\"},\"inLanguage\":\"es\",\"potentialAction\":[{\"@type\":\"ReadAction\",\"target\":[\"https:\/\/marksandharrison.cwdevelop.com\/es\/accidentes-de-motocicleta\/\"]}]},{\"@type\":\"ImageObject\",\"inLanguage\":\"es\",\"@id\":\"https:\/\/marksandharrison.cwdevelop.com\/es\/accidentes-de-motocicleta\/#primaryimage\",\"url\":\"https:\/\/marksandharrison.cwdevelop.com\/wp-content\/uploads\/2026\/03\/accidentes-de-motocicleta.png\",\"contentUrl\":\"https:\/\/marksandharrison.cwdevelop.com\/wp-content\/uploads\/2026\/03\/accidentes-de-motocicleta.png\",\"width\":1150,\"height\":350},{\"@type\":\"BreadcrumbList\",\"@id\":\"https:\/\/marksandharrison.cwdevelop.com\/es\/accidentes-de-motocicleta\/#breadcrumb\",\"itemListElement\":[{\"@type\":\"ListItem\",\"position\":1,\"name\":\"Inicio\",\"item\":\"https:\/\/marksandharrison.cwdevelop.com\/es\/\"},{\"@type\":\"ListItem\",\"position\":2,\"name\":\"Abogado de Accidente de Motocicleta en Richmond\"}]},{\"@type\":\"WebSite\",\"@id\":\"https:\/\/marksandharrison.cwdevelop.com\/es\/#website\",\"url\":\"https:\/\/marksandharrison.cwdevelop.com\/es\/\",\"name\":\"marksandharrison.cwdevelop.com Managed WordPress Site\",\"description\":\"\",\"potentialAction\":[{\"@type\":\"SearchAction\",\"target\":{\"@type\":\"EntryPoint\",\"urlTemplate\":\"https:\/\/marksandharrison.cwdevelop.com\/es\/?s={search_term_string}\"},\"query-input\":{\"@type\":\"PropertyValueSpecification\",\"valueRequired\":true,\"valueName\":\"search_term_string\"}}],\"inLanguage\":\"es\"}]}<\/script>\n<!-- \/ Yoast SEO plugin. -->","yoast_head_json":{"title":"Abogado de Accidentes de Motocicleta en Richmond - Marks & Harrison","description":"Si usted o un ser querido ha resultado lesionado en un accidente de motocicleta, comun\u00edquese hoy con nuestros abogados de accidentes de motocicleta en Richmond, Virginia en Marks & Harrison para una consulta inicial gratuita.","robots":{"index":"noindex","follow":"follow","max-snippet":"max-snippet:-1","max-image-preview":"max-image-preview:large","max-video-preview":"max-video-preview:-1"},"og_locale":"es_ES","og_type":"article","og_title":"Abogado de Accidentes de Motocicleta en Richmond - Marks & Harrison","og_description":"Si usted o un ser querido ha resultado lesionado en un accidente de motocicleta, comun\u00edquese hoy con nuestros abogados de accidentes de motocicleta en Richmond, Virginia en Marks & Harrison para una consulta inicial gratuita.","og_url":"https:\/\/marksandharrison.cwdevelop.com\/es\/accidentes-de-motocicleta\/","og_site_name":"marksandharrison.cwdevelop.com Managed WordPress Site","article_modified_time":"2026-04-07T09:05:52+00:00","og_image":[{"width":1150,"height":350,"url":"http:\/\/marksandharrison.cwdevelop.com\/wp-content\/uploads\/2026\/03\/accidentes-de-motocicleta.png","type":"image\/png"}],"twitter_card":"summary_large_image","twitter_misc":{"Tiempo de lectura":"6 minutos"},"schema":{"@context":"https:\/\/schema.org","@graph":[{"@type":"WebPage","@id":"https:\/\/marksandharrison.cwdevelop.com\/es\/accidentes-de-motocicleta\/","url":"https:\/\/marksandharrison.cwdevelop.com\/es\/accidentes-de-motocicleta\/","name":"Abogado de Accidentes de Motocicleta en Richmond - Marks & Harrison","isPartOf":{"@id":"https:\/\/marksandharrison.cwdevelop.com\/es\/#website"},"primaryImageOfPage":{"@id":"https:\/\/marksandharrison.cwdevelop.com\/es\/accidentes-de-motocicleta\/#primaryimage"},"image":{"@id":"https:\/\/marksandharrison.cwdevelop.com\/es\/accidentes-de-motocicleta\/#primaryimage"},"thumbnailUrl":"https:\/\/marksandharrison.cwdevelop.com\/wp-content\/uploads\/2026\/03\/accidentes-de-motocicleta.png","datePublished":"2025-04-29T16:41:57+00:00","dateModified":"2026-04-07T09:05:52+00:00","description":"Si usted o un ser querido ha resultado lesionado en un accidente de motocicleta, comun\u00edquese hoy con nuestros abogados de accidentes de motocicleta en Richmond, Virginia en Marks & Harrison para una consulta inicial gratuita.","breadcrumb":{"@id":"https:\/\/marksandharrison.cwdevelop.com\/es\/accidentes-de-motocicleta\/#breadcrumb"},"inLanguage":"es","potentialAction":[{"@type":"ReadAction","target":["https:\/\/marksandharrison.cwdevelop.com\/es\/accidentes-de-motocicleta\/"]}]},{"@type":"ImageObject","inLanguage":"es","@id":"https:\/\/marksandharrison.cwdevelop.com\/es\/accidentes-de-motocicleta\/#primaryimage","url":"https:\/\/marksandharrison.cwdevelop.com\/wp-content\/uploads\/2026\/03\/accidentes-de-motocicleta.png","contentUrl":"https:\/\/marksandharrison.cwdevelop.com\/wp-content\/uploads\/2026\/03\/accidentes-de-motocicleta.png","width":1150,"height":350},{"@type":"BreadcrumbList","@id":"https:\/\/marksandharrison.cwdevelop.com\/es\/accidentes-de-motocicleta\/#breadcrumb","itemListElement":[{"@type":"ListItem","position":1,"name":"Inicio","item":"https:\/\/marksandharrison.cwdevelop.com\/es\/"},{"@type":"ListItem","position":2,"name":"Abogado de Accidente de Motocicleta en Richmond"}]},{"@type":"WebSite","@id":"https:\/\/marksandharrison.cwdevelop.com\/es\/#website","url":"https:\/\/marksandharrison.cwdevelop.com\/es\/","name":"marksandharrison.cwdevelop.com Managed WordPress Site","description":"","potentialAction":[{"@type":"SearchAction","target":{"@type":"EntryPoint","urlTemplate":"https:\/\/marksandharrison.cwdevelop.com\/es\/?s={search_term_string}"},"query-input":{"@type":"PropertyValueSpecification","valueRequired":true,"valueName":"search_term_string"}}],"inLanguage":"es"}]}},"_links":{"self":[{"href":"https:\/\/marksandharrison.cwdevelop.com\/es\/wp-json\/wp\/v2\/pages\/848881","targetHints":{"allow":["GET"]}}],"collection":[{"href":"https:\/\/marksandharrison.cwdevelop.com\/es\/wp-json\/wp\/v2\/pages"}],"about":[{"href":"https:\/\/marksandharrison.cwdevelop.com\/es\/wp-json\/wp\/v2\/types\/page"}],"author":[{"embeddable":true,"href":"https:\/\/marksandharrison.cwdevelop.com\/es\/wp-json\/wp\/v2\/users\/1"}],"replies":[{"embeddable":true,"href":"https:\/\/marksandharrison.cwdevelop.com\/es\/wp-json\/wp\/v2\/comments?post=848881"}],"version-history":[{"count":0,"href":"https:\/\/marksandharrison.cwdevelop.com\/es\/wp-json\/wp\/v2\/pages\/848881\/revisions"}],"wp:featuredmedia":[{"embeddable":true,"href":"https:\/\/marksandharrison.cwdevelop.com\/es\/wp-json\/wp\/v2\/media\/915258"}],"wp:attachment":[{"href":"https:\/\/marksandharrison.cwdevelop.com\/es\/wp-json\/wp\/v2\/media?parent=848881"}],"curies":[{"name":"wp","href":"https:\/\/api.w.org\/{rel}","templated":true}]}}