{"id":848589,"date":"2022-09-02T15:57:51","date_gmt":"2022-09-02T15:57:51","guid":{"rendered":"https:\/\/marksandharrison.cwdevelop.com\/?page_id=848589"},"modified":"2026-03-26T09:59:54","modified_gmt":"2026-03-26T09:59:54","slug":"seguro-social-de-incapacidad","status":"publish","type":"page","link":"https:\/\/marksandharrison.cwdevelop.com\/es\/seguro-social-de-incapacidad\/","title":{"rendered":"Seguro Social de Incapacidad"},"content":{"rendered":"<h2>\u00bfTiene problemas con un reclamo de discapacidad del Seguro Social en Virginia?<\/h2>\n<p>\u00bfSufre de una enfermedad o lesi\u00f3n que lo dej\u00f3 incapacitado para trabajar? Si est\u00e1 completamente discapacitado, puede ser elegible para recibir beneficios mensuales del Seguro Social, aunque obtener esos beneficios puede ser un desaf\u00edo.<\/p>\n<p>La Administraci\u00f3n del Seguro Social (SSA, por sus siglas en ingl\u00e9s) niega m\u00e1s de la mitad de los reclamos que recibe en la fase de solicitud inicial, y la representaci\u00f3n de un abogado de discapacidad del Seguro Social experimentado puede marcar la diferencia en el \u00e9xito de su reclamo.<\/p>\n<p>En Marks &amp; Harrison, nuestros abogados de discapacidad del seguro social ayudan a las personas calificadas en Virginia a obtener los beneficios de discapacidad del Seguro Social (SSD, por sus siglas en ingl\u00e9s) que tienen derecho a recibir.<\/p>\n<p>Nuestra firma se estableci\u00f3 en 1911, hace m\u00e1s de 100 a\u00f1os, y nuestra pr\u00e1ctica se enfoca exclusivamente en ayudar a las personas lesionadas.<\/p>\n<p>Hemos manejado una amplia gama de reclamos de discapacidad del Seguro Social y ayudado a muchas personas a obtener los beneficios que necesitan para sobrevivir despu\u00e9s de que una enfermedad o lesi\u00f3n los haya incapacitado.<\/p>\n<p><img loading=\"lazy\" decoding=\"async\" class=\"alignleft\" src=\"https:\/\/marksandharrison.cwdevelop.com\/wp-content\/uploads\/2020\/05\/phone.jpg\" alt=\"\" width=\"64\" height=\"59\" \/>Podemos atender a los clientes desde nuestra sede en Richmond o desde cualquiera de nuestras otras nueve oficinas ubicadas en Virginia. Llame o haga <a href=\"https:\/\/marksandharrison.cwdevelop.com\/contact-us\/\" target=\"_blank\" rel=\"noopener\">clic aqu\u00ed<\/a> hoy para recibir una consulta gratuita.<\/p>\n<h2>C\u00f3mo nuestra firma puede ayudarle con su reclamo de discapacidad del Seguro Social de Virginia<\/h2>\n<p>Si un veterano o un familiar no est\u00e1 de acuerdo con la decisi\u00f3n del VA sobre su reclamo, tambi\u00e9n podemos ayudarle en una apelaci\u00f3n.<\/p>\n<p><img loading=\"lazy\" decoding=\"async\" class=\"alignleft\" src=\"https:\/\/marksandharrison.cwdevelop.com\/wp-content\/uploads\/2020\/05\/To-begin-with.png\" alt=\"\" width=\"54\" height=\"55\" \/>Para empezar, podemos revisar sus circunstancias y determinar si es elegible o no para los beneficios de SSD. El SSD es para personas que han trabajado y pagado al Seguro Social, y luego quedan discapacitadas.<\/p>\n<p><img loading=\"lazy\" decoding=\"async\" class=\"alignleft\" src=\"https:\/\/marksandharrison.cwdevelop.com\/wp-content\/uploads\/2020\/05\/If-you-are-disabled.png\" alt=\"\" width=\"48\" height=\"102\" \/>Si est\u00e1 discapacitado, pero su historial laboral es insuficiente para calificar para SSD, a\u00fan puede ser elegible para los beneficios de Seguridad de Ingreso Suplementario (SSI, por sus siglas en ingl\u00e9s), otro programa administrado por la <a href=\"https:\/\/www.ssa.gov\/espanol\/\" target=\"_blank\" rel=\"noopener\">SSA<\/a>. La SSA niega inicialmente la mayor\u00eda de las solicitudes de beneficios de SSD.<\/p>\n<p>Nuestros experimentados abogados del Seguro Social en Richmond pueden ayudarle a obtener la documentaci\u00f3n m\u00e9dica necesaria y garantizar que su solicitud est\u00e9 preparada de manera adecuada y completa para aumentar sus posibilidades de aprobaci\u00f3n en la fase inicial de la solicitud.<\/p>\n<p><img loading=\"lazy\" decoding=\"async\" class=\"alignleft\" src=\"https:\/\/marksandharrison.cwdevelop.com\/wp-content\/uploads\/2020\/05\/bulb-1.jpg\" alt=\"\" width=\"45\" height=\"58\" \/>Si su reclamo ha sido denegado en la fase de solicitud, es a\u00fan m\u00e1s importante que nuestro abogado experto en SSD lo represente en la etapa de \u00abreconsideraci\u00f3n\u00bb o audiencia.<\/p>\n<p>Es posible que se necesite mucha preparaci\u00f3n previa a la audiencia, as\u00ed que comun\u00edquese con nuestra firma lo antes posible despu\u00e9s de que se haya denegado su solicitud. Nuestra ayuda puede marcar una diferencia significativa en si gana o no la apelaci\u00f3n de los beneficios denegados.<\/p>\n<h2>Conozca a nuestro equipo de abogados de discapacidad del Seguro Social en Richmond<\/h2>\n<img loading=\"lazy\" decoding=\"async\" class=\"aligncenter\" src=\"https:\/\/marksandharrison.cwdevelop.com\/wp-content\/uploads\/2020\/09\/meet-our-ssd-team.jpg\" alt=\"Richmond Social Security Disability Lawyers in Virginia.\" width=\"888\" height=\"333\" \/>\n<h3>Joanna L.Suyes<\/h3>\n<p>Joanna ha estado en Marks &amp; Harrison desde 1989. Es miembro de la Organizaci\u00f3n Nacional de Representantes de Demandantes del Seguro Social y de las secciones de Seguro Social de la Asociaci\u00f3n de Abogados Litigantes de Virginia y la Asociaci\u00f3n Estadounidense por la Justicia. Ella da conferencias regularmente sobre el proceso de discapacidad a otros abogados y a la comunidad. En 2019, Joanna fue seleccionada para Super Lawyers en el \u00e1rea de la ley de Discapacidad del Seguro Social. Nombrada miembro de la \u00e9lite legal por Virginia Business y l\u00edder en la ley por Virginia Lawyers Weekly en 2018, tiene una amplia experiencia ayudando a los clientes en todas las fases del proceso de reclamos de SSD, desde las solicitudes iniciales hasta las audiencias administrativas y las apelaciones en los tribunales federales.<\/p>\n<h3>Christy L. Bixby<\/h3>\n<p>Christy se uni\u00f3 a nuestra firma en 2016, pero ha estado trabajando en SSD desde 2004. Es una de nuestras asistentes legales de SSD y, si se le asigna, ser\u00e1 su principal punto de contacto durante su caso. Christy est\u00e1 aqu\u00ed para responder a sus preguntas y abordar sus inquietudes. El proceso SSD puede ser dif\u00edcil y estresante, y Christy se siente muy satisfecha de ayudar a los clientes a trav\u00e9s del sistema para que puedan concentrarse en su salud.<\/p>\n<h3>Amber M. Moore<\/h3>\n<p>Amber ha estado trabajando en casos de discapacidad del Seguro Social con Marks &amp; Harrison desde 1998. Antes de eso, trabaj\u00f3 en la oficina de audiencias del Seguro Social. Como asistente legal con m\u00e1s de dos d\u00e9cadas de experiencia, Amber se asegurar\u00e1 de que lo atiendan durante todo el proceso. Para Amber, la mejor parte de trabajar con clientes del Seguro Social es saber que est\u00e1 haciendo una peque\u00f1a diferencia en la vida de alguien.<\/p>\n<h2>Condiciones que frecuentemente resultan en discapacidad<\/h2>\n<p>La SSA define \u00abdiscapacidad\u00bb como la incapacidad de una persona para realizar cualquier tipo de trabajo debido a una lesi\u00f3n o a una condici\u00f3n m\u00e9dica. Se debe esperar que la discapacidad dure al menos un a\u00f1o o que resulte en la muerte. La discapacidad puede ser el resultado de una condici\u00f3n f\u00edsica o mental o una combinaci\u00f3n de tales condiciones.<\/p>\n<p>Algunas de las discapacidades m\u00e1s comunes que sufren los veteranos son:<\/p>\n<div class=\"row\">\n<ul class=\"col-xl-6\">\n<li>Sistema musculoesquel\u00e9tico<\/li>\n<li>Sentidos especiales y habla<\/li>\n<li>Sistema respiratorio<\/li>\n<li>Sistema cardiovascular<\/li>\n<li>Sistema digestivo<\/li>\n<li>Trastornos genitourinarios<\/li>\n<li>Trastornos hematol\u00f3gicos<\/li>\n<\/ul>\n<ul class=\"col-xl-6\">\n<li>Trastornos de la piel<\/li>\n<li>Desordenes endocrinos<\/li>\n<li>Neurol\u00f3gica<\/li>\n<li>Desordenes mentales<\/li>\n<li>Enfermedades neopl\u00e1sicas malignas<\/li>\n<li>Trastornos del sistema inmunol\u00f3gico<\/li>\n<li>Trastornos cong\u00e9nitos que afectan m\u00faltiples sistemas corporales<\/li>\n<\/ul>\n<\/div>\n<p>Muchas personas tienen condiciones m\u00e9dicas que quiz\u00e1s no se den cuenta de que califican para los beneficios por discapacidad del Seguro Social.<\/p>\n<div class=\"row\">\n<ul class=\"col-xl-6\">\n<li>Fibromialgia<\/li>\n<li>Neuropat\u00eda diab\u00e9tica<\/li>\n<li>Obesidad<\/li>\n<\/ul>\n<ul class=\"col-xl-6\">\n<li>Ataques de p\u00e1nico<\/li>\n<li>Asma<\/li>\n<\/ul>\n<\/div>\n<h2>Ayuda legal para obtener beneficios por discapacidad en Virginia<\/h2>\n<p>Si se le han negado los beneficios de discapacidad del Seguro Social (SSD, por sus siglas en ingl\u00e9s), comun\u00edquese hoy con los abogados de discapacidad del Seguro Social en Virginia de Marks &amp; Harrison. Las estad\u00edsticas muestran que las personas representadas por abogados tienen m\u00e1s \u00e9xito en obtener los beneficios del Seguro Social que las personas sin representaci\u00f3n legal. Nuestros abogados pueden ofrecerle una representaci\u00f3n legal experta para su reclamo de SSD de Richmond.<\/p>\n<p>Nuestra firma analizar\u00e1 su caso de Seguro Social para ver a qu\u00e9 beneficios tiene derecho y c\u00f3mo podemos ayudarle a obtener los beneficios de Seguro Social que se merece. Las personas discapacitadas o sus familias son elegibles para cobrar SSD. Una vez que comiencen los beneficios, continuar\u00e1n mientras la persona permanezca discapacitada.<\/p>\n<p>Los abogados de discapacidad del Seguro Social en Virginia de Marks &amp; Harrison brindan a nuestros clientes la informaci\u00f3n necesaria para tomar una decisi\u00f3n informada con respecto a las leyes y regulaciones de discapacidad del Seguro Social.<\/p>\n<p>Una comprensi\u00f3n de sus derechos legales puede ayudarle a lidiar de manera efectiva con su discapacidad y los problemas financieros resultantes.<\/p>\n<p>Se estima que hasta 54 millones de ni\u00f1os discapacitados, adultos y sus familias viven en los Estados Unidos. Para brindar asistencia econ\u00f3mica a los discapacitados, la Administraci\u00f3n del Seguro Social (SSA) ha instituido dos programas:<\/p>\n<ul>\n<li><strong>Seguro de Incapacidad del Seguro Social (SSDI, por sus siglas en ingl\u00e9s)<\/strong><br \/>\nSSD es un programa de \u201cseguro\u201d que paga beneficios por discapacidad a las personas (as\u00ed como a ciertos dependientes discapacitados) que han contribuido al fondo fiduciario del Seguro Social a trav\u00e9s de la Ley Federal de Contribuciones al Seguro (impuestos FICA, por sus siglas en ingl\u00e9s). Los empleadores de estas personas aseguradas hacen contribuciones FICA iguales en nombre del empleado.<\/li>\n<li><strong>Seguridad de Ingreso Suplementario (SSI, por sus siglas en ingl\u00e9s)<\/strong><br \/>\nSSI es un programa de ayuda financiera o basado en las necesidades que proporciona un ingreso b\u00e1sico para las personas discapacitadas que cumplen con las pautas espec\u00edficas de bajos ingresos.<\/li>\n<\/ul>\n<p>Una vez que haya reconocido que necesita ayuda con su reclamo de discapacidad del Seguro Social, el siguiente paso es seleccionar un abogado para que lo ayude en el proceso. Nuestros abogados experimentados han visto una gran variedad de situaciones relacionadas con la discapacidad del Seguro Social y han ayudado a muchas personas a recibir los beneficios a los que tienen derecho.<\/p>\n<p>Si se niega su reclamo, comun\u00edquese con nuestros abogados de discapacidad del Seguro Social en Virginia.<\/p>\n<p>En <a href=\"https:\/\/marksandharrison.cwdevelop.com\/es\/sobre-marks-harrison\/\" target=\"_blank\" rel=\"noopener\">Marks &amp; Harrison<\/a>, sabemos que nuestra ayuda puede marcar la diferencia en el \u00e9xito o no de su apelaci\u00f3n.<\/p>\n<p>Las propias estad\u00edsticas del gobierno muestran que los beneficios se otorgan con mucha m\u00e1s frecuencia a personas con abogados, que a quienes manejan sus propios reclamos sin un abogado que represente sus mejores intereses.<\/p>\n<p>Por ejemplo, como parte del proceso de reclamo, puede tener una audiencia ante un juez de derecho administrativo, y esa comparecencia es un procedimiento legal. Un abogado con experiencia en reclamos por discapacidad del Seguro Social puede ayudarle en la audiencia y puede significar la diferencia entre recibir beneficios o no. Cuanto antes nos contacte, mejor.<\/p>\n<p>Sin embargo, la representaci\u00f3n hace la mayor diferencia en la etapa de audiencia. Es muy importante que haga los arreglos para la representaci\u00f3n de un abogado con la suficiente anticipaci\u00f3n para permitir tiempo para la preparaci\u00f3n de la audiencia.<\/p>\n<img loading=\"lazy\" decoding=\"async\" class=\"alignleft\" src=\"http:\/\/marksandharrison.cwdevelop.com\/wp-content\/uploads\/2026\/03\/ssd-highlight-300x164.jpg\" alt=\"\" width=\"300\" height=\"164\" \/>\n<p>Lo mejor es llamar a Marks &amp; Harrison tan pronto como se le niegue su solicitud de beneficios. Gran parte de la preparaci\u00f3n previa a la audiencia, el an\u00e1lisis y la recopilaci\u00f3n de evidencia se requieren para una representaci\u00f3n exitosa en un caso de Seguro Social. Nunca hay un cargo por una consulta inicial, y no pagar\u00e1 honorarios legales a menos que se apruebe su reclamo.<\/p>\n<p>Nuestro equipo de abogados y personal de apoyo se esfuerzan por cumplir satisfactoriamente con los objetivos y metas del cliente enfoc\u00e1ndose en su caso. Si elige que lo representemos, haremos lo siguiente:<\/p>\n<ul>\n<li>Reunir y revisar pruebas m\u00e9dicas y de otro tipo.<\/li>\n<li>Analizar su caso bajo la normativa del Seguro Social.<\/li>\n<li>Comunicarnos con su m\u00e9dico y explicarle las normas del Seguro Social para obtener un informe acorde con las normas.<\/li>\n<li>Referirlo para obtener m\u00e1s informes m\u00e9dicos en respuesta a las preguntas planteadas por la Administraci\u00f3n del Seguro Social.<\/li>\n<li>Enviar a un profesional vocacional para un informe sobre su capacidad de trabajo.<\/li>\n<li>Sugerir que la Administraci\u00f3n del Seguro Social lo env\u00ede a un m\u00e9dico para un examen de consulta.<\/li>\n<li>Obtener documentos de su expediente de Seguro Social.<\/li>\n<li>Revisar las medidas que la Administraci\u00f3n del Seguro Social tom\u00f3.<\/li>\n<li>Pedir que se vuelva a abrir una solicitud anterior de beneficios para obtener m\u00e1s beneficios retroactivos para usted.<\/li>\n<li>Solicitar una exenci\u00f3n de un l\u00edmite de tiempo.<\/li>\n<li>Solicitar citaciones para garantizar la comparecencia de testigos cruciales en su audiencia.<\/li>\n<li>Presentar un argumento de cierre en su audiencia.<\/li>\n<li>Asegurarnos de que la Administraci\u00f3n del Seguro Social le est\u00e1 pagando la cantidad apropiada de beneficios.<\/li>\n<li>Si es necesario, solicitar una apelaci\u00f3n de su caso ante el Consejo de Apelaciones.<\/li>\n<li>Si es necesario, representarlo en una revisi\u00f3n de la corte federal de su caso.<\/li>\n<\/ul>\n<p>Mejore sus probabilidades de recibir beneficios. Cont\u00e1ctenos hoy llam\u00e1ndonos gratis al 1-888-807-3136. Nuestros tel\u00e9fonos son atendidos las 24 horas del d\u00eda, los 7 d\u00edas de la semana.<\/p>\n<p>Tambi\u00e9n puede enviar una evaluaci\u00f3n de caso en l\u00ednea. Para obtener m\u00e1s informaci\u00f3n sobre los reclamos por discapacidad del Seguro Social en Virginia, consulte: Preguntas frecuentes (FAQ) sobre Discapacidad del Seguro Social. Para visitar el sitio oficial de la Administraci\u00f3n del Seguro Social de EE. UU., haga <a href=\"https:\/\/www.ssa.gov\/espanol\/\" target=\"_blank\" rel=\"noopener\">clic aqu\u00ed<\/a>. P\u00f3ngase en contacto con nuestros <a href=\"https:\/\/marksandharrison.cwdevelop.com\/contact-us\/\" target=\"_blank\" rel=\"noopener\">abogados de lesiones personales de Richmond<\/a> hoy.<\/p>\n<h2>Preguntas frecuentes sobre los beneficios por discapacidad del Seguro Social<\/h2>\n<p>Los beneficios por Discapacidad del Seguro Social pueden desempe\u00f1ar un papel importante en su vida. Sin embargo, puede estar confundido acerca de lo que se necesita para obtener estos beneficios. Si es as\u00ed, no est\u00e1 solo. Muchas personas encuentran que el proceso de solicitud y apelaci\u00f3n de beneficios por discapacidad es dif\u00edcil de entender.<\/p>\n<p>Afortunadamente, puede ponerse en contacto con Marks &amp; Harrison. Podemos responder todas las preguntas que pueda tener sobre su reclamo. Tambi\u00e9n podemos ponernos a trabajar de inmediato para obtener los beneficios que se merece.<\/p>\n<p>Cont\u00e1ctenos hoy y programe una consulta gratuita.<\/p>\n<p>Para ayudarle a comenzar, presentamos las siguientes respuestas a las preguntas m\u00e1s comunes que reciben nuestros abogados sobre los beneficios por discapacidad en Virginia.<\/p>\n<h2>Nuestros abogados de beneficios por discapacidad del Seguro Social en Virginia est\u00e1n listos para ayudarle<\/h2>\n<p>Si est\u00e1 confundido acerca del proceso de beneficios por discapacidad del Seguro Social o se encuentra con obst\u00e1culos, obtenga ayuda del equipo legal calificado, experimentado y compasivo de Marks &amp; Harrison.<\/p>\n<p>Podemos proporcionar una consulta gratuita e inmediata por tel\u00e9fono o en cualquiera de nuestras nueve oficinas ubicadas en Virginia. Cont\u00e1ctenos hoy para aprender m\u00e1s.<\/p>\n","protected":false},"excerpt":{"rendered":"<p>\u00bfTiene problemas con un reclamo de discapacidad del Seguro Social en Virginia? \u00bfSufre de una enfermedad o lesi\u00f3n que lo dej\u00f3 incapacitado para trabajar? Si est\u00e1 completamente discapacitado, puede ser elegible para recibir beneficios mensuales del Seguro Social, aunque obtener esos beneficios puede ser un desaf\u00edo. La Administraci\u00f3n del Seguro Social (SSA, por sus siglas [&hellip;]<\/p>\n","protected":false},"author":1,"featured_media":917874,"parent":0,"menu_order":173,"comment_status":"closed","ping_status":"closed","template":"practice-area.php","meta":{"_acf_changed":false,"footnotes":""},"class_list":["post-848589","page","type-page","status-publish","has-post-thumbnail","hentry"],"acf":[],"yoast_head":"<!-- This site is optimized with the Yoast SEO plugin v27.1 - https:\/\/yoast.com\/product\/yoast-seo-wordpress\/ -->\n<title>Seguro Social de Incapacidad - Marks &amp; Harrison<\/title>\n<meta name=\"description\" content=\"Si se le negaron los beneficios por discapacidad del Seguro Social. Nuestros abogados pueden brindarle representaci\u00f3n legal experta para su reclamo de SSD, comun\u00edquese con Marks &amp; Harrison hoy.\" \/>\n<meta name=\"robots\" content=\"noindex, follow, max-snippet:-1, max-image-preview:large, max-video-preview:-1\" \/>\n<meta property=\"og:locale\" content=\"es_ES\" \/>\n<meta property=\"og:type\" content=\"article\" \/>\n<meta property=\"og:title\" content=\"Seguro Social de Incapacidad - Marks &amp; Harrison\" \/>\n<meta property=\"og:description\" content=\"Si se le negaron los beneficios por discapacidad del Seguro Social. Nuestros abogados pueden brindarle representaci\u00f3n legal experta para su reclamo de SSD, comun\u00edquese con Marks &amp; Harrison hoy.\" \/>\n<meta property=\"og:url\" content=\"https:\/\/marksandharrison.cwdevelop.com\/es\/seguro-social-de-incapacidad\/\" \/>\n<meta property=\"og:site_name\" content=\"marksandharrison.cwdevelop.com Managed WordPress Site\" \/>\n<meta property=\"article:modified_time\" content=\"2026-03-26T09:59:54+00:00\" \/>\n<meta property=\"og:image\" content=\"http:\/\/marksandharrison.cwdevelop.com\/wp-content\/uploads\/2026\/03\/seguro-social-de-incapacidad.png\" \/>\n\t<meta property=\"og:image:width\" content=\"1150\" \/>\n\t<meta property=\"og:image:height\" content=\"350\" \/>\n\t<meta property=\"og:image:type\" content=\"image\/png\" \/>\n<meta name=\"twitter:card\" content=\"summary_large_image\" \/>\n<meta name=\"twitter:label1\" content=\"Tiempo de lectura\" \/>\n\t<meta name=\"twitter:data1\" content=\"11 minutos\" \/>\n<script type=\"application\/ld+json\" class=\"yoast-schema-graph\">{\"@context\":\"https:\/\/schema.org\",\"@graph\":[{\"@type\":\"WebPage\",\"@id\":\"https:\/\/marksandharrison.cwdevelop.com\/es\/seguro-social-de-incapacidad\/\",\"url\":\"https:\/\/marksandharrison.cwdevelop.com\/es\/seguro-social-de-incapacidad\/\",\"name\":\"Seguro Social de Incapacidad - Marks & Harrison\",\"isPartOf\":{\"@id\":\"https:\/\/marksandharrison.cwdevelop.com\/es\/#website\"},\"primaryImageOfPage\":{\"@id\":\"https:\/\/marksandharrison.cwdevelop.com\/es\/seguro-social-de-incapacidad\/#primaryimage\"},\"image\":{\"@id\":\"https:\/\/marksandharrison.cwdevelop.com\/es\/seguro-social-de-incapacidad\/#primaryimage\"},\"thumbnailUrl\":\"https:\/\/marksandharrison.cwdevelop.com\/wp-content\/uploads\/2026\/03\/seguro-social-de-incapacidad.png\",\"datePublished\":\"2022-09-02T15:57:51+00:00\",\"dateModified\":\"2026-03-26T09:59:54+00:00\",\"description\":\"Si se le negaron los beneficios por discapacidad del Seguro Social. Nuestros abogados pueden brindarle representaci\u00f3n legal experta para su reclamo de SSD, comun\u00edquese con Marks & Harrison hoy.\",\"breadcrumb\":{\"@id\":\"https:\/\/marksandharrison.cwdevelop.com\/es\/seguro-social-de-incapacidad\/#breadcrumb\"},\"inLanguage\":\"es\",\"potentialAction\":[{\"@type\":\"ReadAction\",\"target\":[\"https:\/\/marksandharrison.cwdevelop.com\/es\/seguro-social-de-incapacidad\/\"]}]},{\"@type\":\"ImageObject\",\"inLanguage\":\"es\",\"@id\":\"https:\/\/marksandharrison.cwdevelop.com\/es\/seguro-social-de-incapacidad\/#primaryimage\",\"url\":\"https:\/\/marksandharrison.cwdevelop.com\/wp-content\/uploads\/2026\/03\/seguro-social-de-incapacidad.png\",\"contentUrl\":\"https:\/\/marksandharrison.cwdevelop.com\/wp-content\/uploads\/2026\/03\/seguro-social-de-incapacidad.png\",\"width\":1150,\"height\":350},{\"@type\":\"BreadcrumbList\",\"@id\":\"https:\/\/marksandharrison.cwdevelop.com\/es\/seguro-social-de-incapacidad\/#breadcrumb\",\"itemListElement\":[{\"@type\":\"ListItem\",\"position\":1,\"name\":\"Inicio\",\"item\":\"https:\/\/marksandharrison.cwdevelop.com\/es\/\"},{\"@type\":\"ListItem\",\"position\":2,\"name\":\"Seguro Social de Incapacidad\"}]},{\"@type\":\"WebSite\",\"@id\":\"https:\/\/marksandharrison.cwdevelop.com\/es\/#website\",\"url\":\"https:\/\/marksandharrison.cwdevelop.com\/es\/\",\"name\":\"marksandharrison.cwdevelop.com Managed WordPress Site\",\"description\":\"\",\"potentialAction\":[{\"@type\":\"SearchAction\",\"target\":{\"@type\":\"EntryPoint\",\"urlTemplate\":\"https:\/\/marksandharrison.cwdevelop.com\/es\/?s={search_term_string}\"},\"query-input\":{\"@type\":\"PropertyValueSpecification\",\"valueRequired\":true,\"valueName\":\"search_term_string\"}}],\"inLanguage\":\"es\"}]}<\/script>\n<!-- \/ Yoast SEO plugin. -->","yoast_head_json":{"title":"Seguro Social de Incapacidad - Marks & Harrison","description":"Si se le negaron los beneficios por discapacidad del Seguro Social. Nuestros abogados pueden brindarle representaci\u00f3n legal experta para su reclamo de SSD, comun\u00edquese con Marks & Harrison hoy.","robots":{"index":"noindex","follow":"follow","max-snippet":"max-snippet:-1","max-image-preview":"max-image-preview:large","max-video-preview":"max-video-preview:-1"},"og_locale":"es_ES","og_type":"article","og_title":"Seguro Social de Incapacidad - Marks & Harrison","og_description":"Si se le negaron los beneficios por discapacidad del Seguro Social. Nuestros abogados pueden brindarle representaci\u00f3n legal experta para su reclamo de SSD, comun\u00edquese con Marks & Harrison hoy.","og_url":"https:\/\/marksandharrison.cwdevelop.com\/es\/seguro-social-de-incapacidad\/","og_site_name":"marksandharrison.cwdevelop.com Managed WordPress Site","article_modified_time":"2026-03-26T09:59:54+00:00","og_image":[{"width":1150,"height":350,"url":"http:\/\/marksandharrison.cwdevelop.com\/wp-content\/uploads\/2026\/03\/seguro-social-de-incapacidad.png","type":"image\/png"}],"twitter_card":"summary_large_image","twitter_misc":{"Tiempo de lectura":"11 minutos"},"schema":{"@context":"https:\/\/schema.org","@graph":[{"@type":"WebPage","@id":"https:\/\/marksandharrison.cwdevelop.com\/es\/seguro-social-de-incapacidad\/","url":"https:\/\/marksandharrison.cwdevelop.com\/es\/seguro-social-de-incapacidad\/","name":"Seguro Social de Incapacidad - Marks & Harrison","isPartOf":{"@id":"https:\/\/marksandharrison.cwdevelop.com\/es\/#website"},"primaryImageOfPage":{"@id":"https:\/\/marksandharrison.cwdevelop.com\/es\/seguro-social-de-incapacidad\/#primaryimage"},"image":{"@id":"https:\/\/marksandharrison.cwdevelop.com\/es\/seguro-social-de-incapacidad\/#primaryimage"},"thumbnailUrl":"https:\/\/marksandharrison.cwdevelop.com\/wp-content\/uploads\/2026\/03\/seguro-social-de-incapacidad.png","datePublished":"2022-09-02T15:57:51+00:00","dateModified":"2026-03-26T09:59:54+00:00","description":"Si se le negaron los beneficios por discapacidad del Seguro Social. Nuestros abogados pueden brindarle representaci\u00f3n legal experta para su reclamo de SSD, comun\u00edquese con Marks & Harrison hoy.","breadcrumb":{"@id":"https:\/\/marksandharrison.cwdevelop.com\/es\/seguro-social-de-incapacidad\/#breadcrumb"},"inLanguage":"es","potentialAction":[{"@type":"ReadAction","target":["https:\/\/marksandharrison.cwdevelop.com\/es\/seguro-social-de-incapacidad\/"]}]},{"@type":"ImageObject","inLanguage":"es","@id":"https:\/\/marksandharrison.cwdevelop.com\/es\/seguro-social-de-incapacidad\/#primaryimage","url":"https:\/\/marksandharrison.cwdevelop.com\/wp-content\/uploads\/2026\/03\/seguro-social-de-incapacidad.png","contentUrl":"https:\/\/marksandharrison.cwdevelop.com\/wp-content\/uploads\/2026\/03\/seguro-social-de-incapacidad.png","width":1150,"height":350},{"@type":"BreadcrumbList","@id":"https:\/\/marksandharrison.cwdevelop.com\/es\/seguro-social-de-incapacidad\/#breadcrumb","itemListElement":[{"@type":"ListItem","position":1,"name":"Inicio","item":"https:\/\/marksandharrison.cwdevelop.com\/es\/"},{"@type":"ListItem","position":2,"name":"Seguro Social de Incapacidad"}]},{"@type":"WebSite","@id":"https:\/\/marksandharrison.cwdevelop.com\/es\/#website","url":"https:\/\/marksandharrison.cwdevelop.com\/es\/","name":"marksandharrison.cwdevelop.com Managed WordPress Site","description":"","potentialAction":[{"@type":"SearchAction","target":{"@type":"EntryPoint","urlTemplate":"https:\/\/marksandharrison.cwdevelop.com\/es\/?s={search_term_string}"},"query-input":{"@type":"PropertyValueSpecification","valueRequired":true,"valueName":"search_term_string"}}],"inLanguage":"es"}]}},"_links":{"self":[{"href":"https:\/\/marksandharrison.cwdevelop.com\/es\/wp-json\/wp\/v2\/pages\/848589","targetHints":{"allow":["GET"]}}],"collection":[{"href":"https:\/\/marksandharrison.cwdevelop.com\/es\/wp-json\/wp\/v2\/pages"}],"about":[{"href":"https:\/\/marksandharrison.cwdevelop.com\/es\/wp-json\/wp\/v2\/types\/page"}],"author":[{"embeddable":true,"href":"https:\/\/marksandharrison.cwdevelop.com\/es\/wp-json\/wp\/v2\/users\/1"}],"replies":[{"embeddable":true,"href":"https:\/\/marksandharrison.cwdevelop.com\/es\/wp-json\/wp\/v2\/comments?post=848589"}],"version-history":[{"count":0,"href":"https:\/\/marksandharrison.cwdevelop.com\/es\/wp-json\/wp\/v2\/pages\/848589\/revisions"}],"wp:featuredmedia":[{"embeddable":true,"href":"https:\/\/marksandharrison.cwdevelop.com\/es\/wp-json\/wp\/v2\/media\/917874"}],"wp:attachment":[{"href":"https:\/\/marksandharrison.cwdevelop.com\/es\/wp-json\/wp\/v2\/media?parent=848589"}],"curies":[{"name":"wp","href":"https:\/\/api.w.org\/{rel}","templated":true}]}}