{"id":2946,"date":"2015-08-25T08:30:34","date_gmt":"2015-08-25T08:30:34","guid":{"rendered":"https:\/\/marksandharrison.cwdevelop.com\/?page_id=2946"},"modified":"2026-03-26T09:57:30","modified_gmt":"2026-03-26T09:57:30","slug":"preguntas-frecuentes-de-compensacion-de-trabajadores","status":"publish","type":"page","link":"https:\/\/marksandharrison.cwdevelop.com\/es\/preguntas-frecuentes-de-compensacion-de-trabajadores\/","title":{"rendered":"Preguntas Frecuentes de Compensaci\u00f3n de Trabajadores"},"content":{"rendered":"\n                <div class=\"cw-accordion \">\n                    <div class=\"cw-accordion__wrapper\">\n                <div class=\"cw-accordion__item\"><button class=\"cw-accordion__item-title\" aria-expanded=\"false\" aria-controls=\"panel1\" id=\"accordion1\">\u00bfQue son los beneficios de Compensaci\u00f3n de Trabajadores?<\/button><div class=\"cw-accordion__item-content\" id=\"panel1\" role=\"region\" aria-labelledby=\"accordion1\"><p>Beneficios incluyen pago de todo el tratamiento m\u00e9dico (medicinas, suministros, equipo, cuentas hospitalarias, cuentas m\u00e9dicas) y una parte de sus salarios semanales. Beneficios por salarios perdidos var\u00edan dependiendo de si la lesi\u00f3n es considerada una incapacidad total temporal o incapacidad permanente. La compensaci\u00f3n se basa en su salario semanal promedio (salario sin descuentos antes del accidente o enfermedad, generalmente durante las 52 semanas previas e incluye tiempo extra y otros beneficios proporcionados por el empleador como por ejemplo alimentaci\u00f3n, uniforme y subsidios de auto y vivienda).<\/p>\n<p>Para m\u00e1s informaci\u00f3n sobre reclamaciones de Compensaci\u00f3n de Trabajadores en Virginia, por favor vea nuestra\u00a0<a href=\"https:\/\/marksandharrison.cwdevelop.com\/workers-compensation-attorney\/\">p\u00e1gina de Compensaci\u00f3n de Trabajadores<\/a>.<\/p>\n<\/div><\/div><div class=\"cw-accordion__item\"><button class=\"cw-accordion__item-title\" aria-expanded=\"false\" aria-controls=\"panel2\" id=\"accordion2\">\u00bfC\u00f3mo busco tratamiento m\u00e9dico?<\/button><div class=\"cw-accordion__item-content\" id=\"panel2\" role=\"region\" aria-labelledby=\"accordion2\"><p>Luego de ser informado de su accidente en el trabajo o enfermedad ocupacional, su empleador debe darle una lista de tres doctores. Usted debe seleccionar un doctor tratante de esa lista. Usted puede escoger su propio doctor si su empleador no le da una lista. Si su reclamaci\u00f3n puede ser compensada, su empleador pagar\u00e1 los gastos m\u00e9dicos que sean razonables y necesarios. Sus pagos de compensaci\u00f3n pueden ser suspendidos si usted no asiste a las citas m\u00e9dicas planificadas o si usted no sigue el tratamiento prescrito por su doctor.<\/p>\n<p>Para m\u00e1s informaci\u00f3n sobre reclamaciones de Compensaci\u00f3n de Trabajadores en Virginia, por favor vea nuestra\u00a0<a href=\"https:\/\/marksandharrison.cwdevelop.com\/workers-compensation-attorney\/\">p\u00e1gina de Compensaci\u00f3n de Trabajadores<\/a>.<\/p>\n<\/div><\/div><div class=\"cw-accordion__item\"><button class=\"cw-accordion__item-title\" aria-expanded=\"false\" aria-controls=\"panel3\" id=\"accordion3\">\u00bfTengo que contratar a un abogado para conseguir beneficios de Compensaci\u00f3n de Trabajadores?<\/button><div class=\"cw-accordion__item-content\" id=\"panel3\" role=\"region\" aria-labelledby=\"accordion3\"><p>Cuando un trabajador es lesionado, su reclamaci\u00f3n se presenta a la compa\u00f1\u00eda aseguradora de Compensaci\u00f3n de Trabajadores (o empleador que maneja su propio seguro) la cual paga beneficios m\u00e9dicos y por incapacidad de acuerdo a una formula aprobada por el Estado. Sin embargo, a empleados lesionados se les aconseja encarecidamente que consulten con un profesional que conozca las leyes de Compensaci\u00f3n de Trabajadores que se aplican a sus circunstancias particulares. Un abogado cualificado para interpretar las leyes de Compensaci\u00f3n de Trabajadores ser\u00e1 capaz de proveer consejo legal y ayuda con la finalidad de asegurar el recobro de todos los fondos a que tiene derecho el trabajador lesionado. Su empleador y la compa\u00f1\u00eda aseguradora siempre tienen un abogado con experiencia representando los intereses de ellos. Usted tambi\u00e9n estar\u00e1 tratando con ajustadores quienes trabajan para la compa\u00f1\u00eda aseguradora y cuya tarea es pagar tan poco como sea posible.<\/p>\n<p>Para m\u00e1s informaci\u00f3n sobre reclamaciones de Compensaci\u00f3n de Trabajadores en Virginia, por favor vea nuestra\u00a0<a href=\"https:\/\/marksandharrison.cwdevelop.com\/workers-compensation-attorney\/\">p\u00e1gina de Compensaci\u00f3n de Trabajadores<\/a>.<\/p>\n<\/div><\/div><div class=\"cw-accordion__item\"><button class=\"cw-accordion__item-title\" aria-expanded=\"false\" aria-controls=\"panel4\" id=\"accordion4\">\u00bfCu\u00e1les son algunos de los problemas asociados con las reclamaciones de Compensaci\u00f3n de Trabajadores?<\/button><div class=\"cw-accordion__item-content\" id=\"panel4\" role=\"region\" aria-labelledby=\"accordion4\"><p>Su empleador puede denegar reclamaciones de Compensaci\u00f3n de Trabajadores. Empleadores pueden parar de pagarle beneficios. Fraude por parte de los empleadores existe porque la prima del seguro de Compensaci\u00f3n de Trabajadores del empleador puede aumentar si una reclamaci\u00f3n es presentada (muy parecido a la prima del seguro de auto que sube si presenta una reclamaci\u00f3n). Los trabajadores pueden ser enga\u00f1ados y negados de parte o de toda la reclamaci\u00f3n de Compensaci\u00f3n de Trabajadores si hay fraude por parte del empleador. Tambi\u00e9n hay limitaciones a las leyes de Compensaci\u00f3n de Trabajadores e incluso malentendidos acerca de que es lo que significan. Por ejemplo, contratistas independientes no son elegibles para recibir beneficios, a pesar de que la definici\u00f3n de un contratista independiente puede ser obscura. Otros trabajadores que no son protegidos incluyen los due\u00f1os de negocios, los trabajadores del campo y los empleados de ferrocarriles. Un abogado especialista en Compensaci\u00f3n de Trabajadores en Virginia que represente sus intereses le ayudar\u00e1 a tratar con estos problemas como tambi\u00e9n otros, incluyendo regresar al trabajo y sobre c\u00f3mo su reclamaci\u00f3n se ve afectada por beneficios de jubilaci\u00f3n y compensaci\u00f3n por desempleo.<\/p>\n<p>Para m\u00e1s informaci\u00f3n sobre reclamaciones de Compensaci\u00f3n de Trabajadores en Virginia, por favor vea nuestra\u00a0<a href=\"https:\/\/marksandharrison.cwdevelop.com\/workers-compensation-attorney\/\">p\u00e1gina de Compensaci\u00f3n de Trabajadores<\/a>.<\/p>\n<\/div><\/div><div class=\"cw-accordion__item\"><button class=\"cw-accordion__item-title\" aria-expanded=\"false\" aria-controls=\"panel5\" id=\"accordion5\">\u00bfC\u00f3mo presento una reclamaci\u00f3n de Compensaci\u00f3n de Trabajadores sin un abogado?<\/button><div class=\"cw-accordion__item-content\" id=\"panel5\" role=\"region\" aria-labelledby=\"accordion5\"><p>Es su responsabilidad el presentar dentro del plazo su reclamaci\u00f3n a la Comisi\u00f3n de Compensaci\u00f3n de Trabajadores de Virginia, incluso si su empleador est\u00e1 pagando voluntariamente sus salarios y sus cuentas m\u00e9dicas.<\/p>\n<p>Para m\u00e1s informaci\u00f3n sobre reclamaciones de Compensaci\u00f3n de Trabajadores en Virginia, por favor vea nuestra\u00a0<a href=\"https:\/\/marksandharrison.cwdevelop.com\/workers-compensation-attorney\/\">p\u00e1gina de Compensaci\u00f3n de Trabajadores<\/a>.<\/p>\n<\/div><\/div><div class=\"cw-accordion__item\"><button class=\"cw-accordion__item-title\" aria-expanded=\"false\" aria-controls=\"panel6\" id=\"accordion6\">\u00bfQu\u00e9 debo hacer si mi reclamaci\u00f3n es aceptada?<\/button><div class=\"cw-accordion__item-content\" id=\"panel6\" role=\"region\" aria-labelledby=\"accordion6\"><p>Se le puede pedir que firme un documento llamado Acuerdo de Pagar Beneficios. Este documento manifiesta que usted fue lesionado en el trabajo o incapacitado por una enfermedad ocupacional, dice el periodo de incapacidad y tiene otra informaci\u00f3n acerca de su reclamaci\u00f3n. Aseg\u00farese de que toda la informaci\u00f3n sea correcta, especialmente la cantidad que se dice es el salario semanal promedio y las partes del cuerpo que fueron lesionadas o afectadas. El Acuerdo para Pagar Beneficios ser\u00e1 enviado a la Comisi\u00f3n de Compensaci\u00f3n de Trabajadores de Virginia para que dicte una orden basada en la informaci\u00f3n del Acuerdo. La orden obliga a la compa\u00f1\u00eda aseguradora a pagar sus beneficios.<\/p>\n<p>Para m\u00e1s informaci\u00f3n sobre reclamaciones de Compensaci\u00f3n de Trabajadores en Virginia, por favor vea nuestra\u00a0<a href=\"https:\/\/marksandharrison.cwdevelop.com\/workers-compensation-attorney\/\">p\u00e1gina de Compensaci\u00f3n de Trabajadores<\/a>.<\/p>\n<\/div><\/div><div class=\"cw-accordion__item\"><button class=\"cw-accordion__item-title\" aria-expanded=\"false\" aria-controls=\"panel7\" id=\"accordion7\">\u00bfQu\u00e9 pasa si mi reclamaci\u00f3n de Compensaci\u00f3n de Trabajadores es negada?<\/button><div class=\"cw-accordion__item-content\" id=\"panel7\" role=\"region\" aria-labelledby=\"accordion7\"><p>Muchas reclamaciones son negadas basadas en el reporte m\u00e9dico de que usted no est\u00e1 lesionado. Usted tiene derecho a apelar de eso y en esta fase es cuando el tener un abogado que le represente es muy importante. A pesar de que la ley le permite representarse usted mismo, en la mayor\u00eda de circunstancias usted deber\u00eda contratar a un abogado con experiencia en Compensaci\u00f3n de Trabajadores para llevar su reclamaci\u00f3n.<\/p>\n<p>Para m\u00e1s informaci\u00f3n sobre reclamaciones de Compensaci\u00f3n de Trabajadores en Virginia, por favor vea nuestra\u00a0<a href=\"https:\/\/marksandharrison.cwdevelop.com\/workers-compensation-attorney\/\">p\u00e1gina de Compensaci\u00f3n de Trabajadores.<\/a><\/p>\n<\/div><\/div><div class=\"cw-accordion__item\"><button class=\"cw-accordion__item-title\" aria-expanded=\"false\" aria-controls=\"panel8\" id=\"accordion8\">\u00bfC\u00f3mo me ayudar\u00e1 la firma de abogados Marks &#038; Harrison con mi reclamaci\u00f3n de Compensaci\u00f3n de Trabajadores?<\/button><div class=\"cw-accordion__item-content\" id=\"panel8\" role=\"region\" aria-labelledby=\"accordion8\"><p>Nunca le cobramos por la consulta inicial y usted no pagar\u00e1 honorarios profesionales a menos de que nos contrate. Nuestro equipo de abogados de Compensaci\u00f3n de Trabajadores en Virginia y personal se esmeran en alcanzar satisfactoriamente sus objetivos y metas enfoc\u00e1ndose en su caso. Si usted nos escoge para representarle, nosotros haremos lo siguiente:<\/p>\n<ul>\n<li>Reunirnos con usted para saber todos los hechos de su caso<\/li>\n<li>Explicarle todos sus derechos legales importantes<\/li>\n<li>Revisar sus records m\u00e9dicos con la finalidad de entender completamente sus lesiones y condici\u00f3n medica<\/li>\n<li>Reunirnos con sus m\u00e9dicos y proveedores de atenci\u00f3n medica<\/li>\n<li>Responder a todas sus preguntas respecto a compensaci\u00f3n de trabajadores<\/li>\n<li>Mantenerle al tanto e informado del progreso de su caso<\/li>\n<\/ul>\n<\/div><\/div><\/div><\/div>\n<p><a href=\"https:\/\/marksandharrison.cwdevelop.com\/es\/contacto\/\">Cont\u00e1ctenos<\/a>\u00a0hoy llamando al n\u00famero de tel\u00e9fono gratis 1-888-807-3136. Contestamos nuestros tel\u00e9fonos 24 horas al d\u00eda, 7 d\u00edas a la semana. Usted tambi\u00e9n puede enviar una Evaluaci\u00f3n de su Caso en l\u00ednea.<\/p>\n","protected":false},"excerpt":{"rendered":"<p>Cont\u00e1ctenos\u00a0hoy llamando al n\u00famero de tel\u00e9fono gratis 1-888-807-3136. Contestamos nuestros tel\u00e9fonos 24 horas al d\u00eda, 7 d\u00edas a la semana. Usted tambi\u00e9n puede enviar una Evaluaci\u00f3n de su Caso en l\u00ednea.<\/p>\n","protected":false},"author":3,"featured_media":0,"parent":0,"menu_order":165,"comment_status":"closed","ping_status":"closed","template":"","meta":{"_acf_changed":false,"footnotes":""},"class_list":["post-2946","page","type-page","status-publish","hentry"],"acf":[],"yoast_head":"<!-- This site is optimized with the Yoast SEO plugin v27.1 - https:\/\/yoast.com\/product\/yoast-seo-wordpress\/ -->\n<title>Preguntas frecuentes sobre la indemnizaci\u00f3n de los trabajadores en VA - Marks &amp; Harrison<\/title>\n<meta name=\"description\" content=\"Nuestro equipo de abogados de Compensaci\u00f3n de Trabajadores y personal se esmeran en alcanzar satisfactoriamente sus objetivos y metas enfoc\u00e1ndose.\" \/>\n<meta name=\"robots\" content=\"noindex, follow, max-snippet:-1, max-image-preview:large, max-video-preview:-1\" \/>\n<meta property=\"og:locale\" content=\"es_ES\" \/>\n<meta property=\"og:type\" content=\"article\" \/>\n<meta property=\"og:title\" content=\"Preguntas frecuentes sobre la indemnizaci\u00f3n de los trabajadores en VA - Marks &amp; Harrison\" \/>\n<meta property=\"og:description\" content=\"Nuestro equipo de abogados de Compensaci\u00f3n de Trabajadores y personal se esmeran en alcanzar satisfactoriamente sus objetivos y metas enfoc\u00e1ndose.\" \/>\n<meta property=\"og:url\" content=\"https:\/\/marksandharrison.cwdevelop.com\/es\/preguntas-frecuentes-de-compensacion-de-trabajadores\/\" \/>\n<meta property=\"og:site_name\" content=\"marksandharrison.cwdevelop.com Managed WordPress Site\" \/>\n<meta property=\"article:modified_time\" content=\"2026-03-26T09:57:30+00:00\" \/>\n<meta name=\"twitter:card\" content=\"summary_large_image\" \/>\n<meta name=\"twitter:label1\" content=\"Tiempo de lectura\" \/>\n\t<meta name=\"twitter:data1\" content=\"1 minuto\" \/>\n<script type=\"application\/ld+json\" class=\"yoast-schema-graph\">{\"@context\":\"https:\/\/schema.org\",\"@graph\":[{\"@type\":\"WebPage\",\"@id\":\"https:\/\/marksandharrison.cwdevelop.com\/es\/preguntas-frecuentes-de-compensacion-de-trabajadores\/\",\"url\":\"https:\/\/marksandharrison.cwdevelop.com\/es\/preguntas-frecuentes-de-compensacion-de-trabajadores\/\",\"name\":\"Preguntas frecuentes sobre la indemnizaci\u00f3n de los trabajadores en VA - Marks & Harrison\",\"isPartOf\":{\"@id\":\"https:\/\/marksandharrison.cwdevelop.com\/es\/#website\"},\"datePublished\":\"2015-08-25T08:30:34+00:00\",\"dateModified\":\"2026-03-26T09:57:30+00:00\",\"description\":\"Nuestro equipo de abogados de Compensaci\u00f3n de Trabajadores y personal se esmeran en alcanzar satisfactoriamente sus objetivos y metas enfoc\u00e1ndose.\",\"breadcrumb\":{\"@id\":\"https:\/\/marksandharrison.cwdevelop.com\/es\/preguntas-frecuentes-de-compensacion-de-trabajadores\/#breadcrumb\"},\"inLanguage\":\"es\",\"potentialAction\":[{\"@type\":\"ReadAction\",\"target\":[\"https:\/\/marksandharrison.cwdevelop.com\/es\/preguntas-frecuentes-de-compensacion-de-trabajadores\/\"]}]},{\"@type\":\"BreadcrumbList\",\"@id\":\"https:\/\/marksandharrison.cwdevelop.com\/es\/preguntas-frecuentes-de-compensacion-de-trabajadores\/#breadcrumb\",\"itemListElement\":[{\"@type\":\"ListItem\",\"position\":1,\"name\":\"Inicio\",\"item\":\"https:\/\/marksandharrison.cwdevelop.com\/es\/\"},{\"@type\":\"ListItem\",\"position\":2,\"name\":\"Preguntas Frecuentes de Compensaci\u00f3n de Trabajadores\"}]},{\"@type\":\"WebSite\",\"@id\":\"https:\/\/marksandharrison.cwdevelop.com\/es\/#website\",\"url\":\"https:\/\/marksandharrison.cwdevelop.com\/es\/\",\"name\":\"marksandharrison.cwdevelop.com Managed WordPress Site\",\"description\":\"\",\"potentialAction\":[{\"@type\":\"SearchAction\",\"target\":{\"@type\":\"EntryPoint\",\"urlTemplate\":\"https:\/\/marksandharrison.cwdevelop.com\/es\/?s={search_term_string}\"},\"query-input\":{\"@type\":\"PropertyValueSpecification\",\"valueRequired\":true,\"valueName\":\"search_term_string\"}}],\"inLanguage\":\"es\"}]}<\/script>\n<!-- \/ Yoast SEO plugin. -->","yoast_head_json":{"title":"Preguntas frecuentes sobre la indemnizaci\u00f3n de los trabajadores en VA - Marks & Harrison","description":"Nuestro equipo de abogados de Compensaci\u00f3n de Trabajadores y personal se esmeran en alcanzar satisfactoriamente sus objetivos y metas enfoc\u00e1ndose.","robots":{"index":"noindex","follow":"follow","max-snippet":"max-snippet:-1","max-image-preview":"max-image-preview:large","max-video-preview":"max-video-preview:-1"},"og_locale":"es_ES","og_type":"article","og_title":"Preguntas frecuentes sobre la indemnizaci\u00f3n de los trabajadores en VA - Marks & Harrison","og_description":"Nuestro equipo de abogados de Compensaci\u00f3n de Trabajadores y personal se esmeran en alcanzar satisfactoriamente sus objetivos y metas enfoc\u00e1ndose.","og_url":"https:\/\/marksandharrison.cwdevelop.com\/es\/preguntas-frecuentes-de-compensacion-de-trabajadores\/","og_site_name":"marksandharrison.cwdevelop.com Managed WordPress Site","article_modified_time":"2026-03-26T09:57:30+00:00","twitter_card":"summary_large_image","twitter_misc":{"Tiempo de lectura":"1 minuto"},"schema":{"@context":"https:\/\/schema.org","@graph":[{"@type":"WebPage","@id":"https:\/\/marksandharrison.cwdevelop.com\/es\/preguntas-frecuentes-de-compensacion-de-trabajadores\/","url":"https:\/\/marksandharrison.cwdevelop.com\/es\/preguntas-frecuentes-de-compensacion-de-trabajadores\/","name":"Preguntas frecuentes sobre la indemnizaci\u00f3n de los trabajadores en VA - Marks & Harrison","isPartOf":{"@id":"https:\/\/marksandharrison.cwdevelop.com\/es\/#website"},"datePublished":"2015-08-25T08:30:34+00:00","dateModified":"2026-03-26T09:57:30+00:00","description":"Nuestro equipo de abogados de Compensaci\u00f3n de Trabajadores y personal se esmeran en alcanzar satisfactoriamente sus objetivos y metas enfoc\u00e1ndose.","breadcrumb":{"@id":"https:\/\/marksandharrison.cwdevelop.com\/es\/preguntas-frecuentes-de-compensacion-de-trabajadores\/#breadcrumb"},"inLanguage":"es","potentialAction":[{"@type":"ReadAction","target":["https:\/\/marksandharrison.cwdevelop.com\/es\/preguntas-frecuentes-de-compensacion-de-trabajadores\/"]}]},{"@type":"BreadcrumbList","@id":"https:\/\/marksandharrison.cwdevelop.com\/es\/preguntas-frecuentes-de-compensacion-de-trabajadores\/#breadcrumb","itemListElement":[{"@type":"ListItem","position":1,"name":"Inicio","item":"https:\/\/marksandharrison.cwdevelop.com\/es\/"},{"@type":"ListItem","position":2,"name":"Preguntas Frecuentes de Compensaci\u00f3n de Trabajadores"}]},{"@type":"WebSite","@id":"https:\/\/marksandharrison.cwdevelop.com\/es\/#website","url":"https:\/\/marksandharrison.cwdevelop.com\/es\/","name":"marksandharrison.cwdevelop.com Managed WordPress Site","description":"","potentialAction":[{"@type":"SearchAction","target":{"@type":"EntryPoint","urlTemplate":"https:\/\/marksandharrison.cwdevelop.com\/es\/?s={search_term_string}"},"query-input":{"@type":"PropertyValueSpecification","valueRequired":true,"valueName":"search_term_string"}}],"inLanguage":"es"}]}},"_links":{"self":[{"href":"https:\/\/marksandharrison.cwdevelop.com\/es\/wp-json\/wp\/v2\/pages\/2946","targetHints":{"allow":["GET"]}}],"collection":[{"href":"https:\/\/marksandharrison.cwdevelop.com\/es\/wp-json\/wp\/v2\/pages"}],"about":[{"href":"https:\/\/marksandharrison.cwdevelop.com\/es\/wp-json\/wp\/v2\/types\/page"}],"author":[{"embeddable":true,"href":"https:\/\/marksandharrison.cwdevelop.com\/es\/wp-json\/wp\/v2\/users\/3"}],"replies":[{"embeddable":true,"href":"https:\/\/marksandharrison.cwdevelop.com\/es\/wp-json\/wp\/v2\/comments?post=2946"}],"version-history":[{"count":0,"href":"https:\/\/marksandharrison.cwdevelop.com\/es\/wp-json\/wp\/v2\/pages\/2946\/revisions"}],"wp:attachment":[{"href":"https:\/\/marksandharrison.cwdevelop.com\/es\/wp-json\/wp\/v2\/media?parent=2946"}],"curies":[{"name":"wp","href":"https:\/\/api.w.org\/{rel}","templated":true}]}}