{"id":2900,"date":"2015-08-25T06:29:58","date_gmt":"2015-08-25T06:29:58","guid":{"rendered":"https:\/\/marksandharrison.cwdevelop.com\/?page_id=2900"},"modified":"2026-04-07T09:20:40","modified_gmt":"2026-04-07T09:20:40","slug":"preguntas-frecuentes-de-seguridad-social","status":"publish","type":"page","link":"https:\/\/marksandharrison.cwdevelop.com\/es\/preguntas-frecuentes-de-seguridad-social\/","title":{"rendered":"Preguntas Frecuentes de Seguridad Social"},"content":{"rendered":"\n                <div class=\"cw-accordion \">\n                    <div class=\"cw-accordion__wrapper\">\n                <div class=\"cw-accordion__item\"><button class=\"cw-accordion__item-title\" aria-expanded=\"false\" aria-controls=\"panel1\" id=\"accordion1\">\u00bfQu\u00e9 es Seguridad Social por Incapacidad?<\/button><div class=\"cw-accordion__item-content\" id=\"panel1\" role=\"region\" aria-labelledby=\"accordion1\"><p>Durante los a\u00f1os de trabajo, empleados, empleadores y due\u00f1os de negocios pagan al sistema de Seguridad Social. Cuando el salario de un trabajador para o se reduce a causa de jubilaci\u00f3n, muerte o incapacidad, los beneficios de Seguridad Social se pagan al trabajador o su familia basados en las contribuciones que \u00e9l o ella hicieron en el sistema. Los beneficios de Incapacidad son proporcionados bajo dos programas. Seguridad Social por Incapacidad (SSD por sus siglas en ingl\u00e9s) proporciona beneficios a gente incapacitada o sus familias quienes han hecho contribuciones al sistema de Seguridad Social. Seguridad de Ingreso Suplementario (SSI por sus siglas en ingl\u00e9s) proporciona beneficios a gente incapacitada quienes tienen recursos limitados. Los dos programas tambi\u00e9n proporcionan beneficios a un viudo o viuda incapacitado\/a as\u00ed como tambi\u00e9n a los hijos incapacitados.<\/p>\n<p>Para m\u00e1s informaci\u00f3n sobre reclamaciones de Seguridad Social por Incapacidad en Virginia, por favor vea nuestra p\u00e1gina de Seguridad Social por Incapacidad.<\/p>\n<\/div><\/div><div class=\"cw-accordion__item\"><button class=\"cw-accordion__item-title\" aria-expanded=\"false\" aria-controls=\"panel2\" id=\"accordion2\">\u00bfC\u00f3mo define la Administraci\u00f3n de Seguridad Social a la incapacidad?<\/button><div class=\"cw-accordion__item-content\" id=\"panel2\" role=\"region\" aria-labelledby=\"accordion2\"><p>De acuerdo a la Ley de Seguridad Social, incapacidad se define como la imposibilidad de trabajar debido a un impedimento f\u00edsico o mental que se puede determinar medicamente y que ha durado o se espera que dure 12 meses o que produce la muerte. La determinaci\u00f3n m\u00e9dica se basa en un reporte del m\u00e9dico, reportes del laboratorio y se\u00f1ales y s\u00edntomas f\u00edsicos. Tambi\u00e9n se consideran factores que no son m\u00e9dicos como por ejemplo edad, educaci\u00f3n y experiencia laboral previa.<\/p>\n<p>Para m\u00e1s informaci\u00f3n sobre reclamaciones de Seguridad Social por Incapacidad en Virginia, por favor vea nuestra p\u00e1gina de Seguridad Social por Incapacidad.<\/p>\n<\/div><\/div><div class=\"cw-accordion__item\"><button class=\"cw-accordion__item-title\" aria-expanded=\"false\" aria-controls=\"panel3\" id=\"accordion3\">\u00bfC\u00f3mo alguien aplica para beneficios?<\/button><div class=\"cw-accordion__item-content\" id=\"panel3\" role=\"region\" aria-labelledby=\"accordion3\"><p>Usted comienza llamando al tel\u00e9fono de la Administraci\u00f3n de Seguridad Social para aplicar por tel\u00e9fono o para obtener una cita para aplicar para beneficios en persona en la oficina de Seguridad Social de su \u00e1rea.<\/p>\n<p>Para m\u00e1s informaci\u00f3n sobre reclamaciones de Seguridad Social por Incapacidad en Virginia, por favor vea nuestra p\u00e1gina de Seguridad Social por Incapacidad.<\/p>\n<\/div><\/div><div class=\"cw-accordion__item\"><button class=\"cw-accordion__item-title\" aria-expanded=\"false\" aria-controls=\"panel4\" id=\"accordion4\">\u00bfQu\u00e9 pasa si niegan mi petici\u00f3n?<\/button><div class=\"cw-accordion__item-content\" id=\"panel4\" role=\"region\" aria-labelledby=\"accordion4\"><p>El error m\u00e1s com\u00fan que comete la gente es el no apelar. M\u00e1s de la mitad de la gente cuyas aplicaciones son negadas no apelan. Si niegan su petici\u00f3n, usted debe presentar una Petici\u00f3n de Reconsideraci\u00f3n (una apelaci\u00f3n). Si su Reconsideraci\u00f3n es negada, usted debe presentar una Petici\u00f3n de Audiencia. La negativa de peticiones es frecuentemente revertida en la apelaci\u00f3n. \u00danicamente cerca de 40% de peticiones son aprobadas en el primer nivel. Las dem\u00e1s aprobaciones se obtienen a trav\u00e9s del sistema de apelaci\u00f3n, el 20% de peticiones son aprobadas en la Reconsideraci\u00f3n.<\/p>\n<p>Para m\u00e1s informaci\u00f3n sobre reclamaciones de Seguridad Social por Incapacidad en Virginia, por favor vea nuestra p\u00e1gina de Seguridad Social por Incapacidad.<\/p>\n<\/div><\/div><div class=\"cw-accordion__item\"><button class=\"cw-accordion__item-title\" aria-expanded=\"false\" aria-controls=\"panel5\" id=\"accordion5\">\u00bfQu\u00e9 es una audiencia?<\/button><div class=\"cw-accordion__item-content\" id=\"panel5\" role=\"region\" aria-labelledby=\"accordion5\"><p>La Audiencia es un paso crucial del sistema de apelaci\u00f3n donde usted tendr\u00e1 la mejor oportunidad de ganar. Una Audiencia es dirigida por la Oficina de Audiencias y Apelaciones de la Administraci\u00f3n de Seguridad Social. Esta no es la misma agencia que neg\u00f3 su Aplicaci\u00f3n Inicial o su Reconsideraci\u00f3n. La Audiencia es generalmente informal. La Audiencia es privada. Las \u00fanicas personas que estar\u00e1n presentes ser\u00e1n el juez y el asistente del juez, usted, su abogado y testigos que usted quiera presentar. El juez o su abogado le preguntaran sobre su condici\u00f3n m\u00e9dica actual, historial m\u00e9dico, habilidades, educaci\u00f3n, capacitaci\u00f3n, experiencia laboral y las limitaciones en su vida diaria causadas por su incapacidad.<\/p>\n<p>Para m\u00e1s informaci\u00f3n sobre reclamaciones de Seguridad Social por Incapacidad en Virginia, por favor vea nuestra\u00a0p\u00e1gina de Seguridad Social por Incapacidad.<\/p>\n<\/div><\/div><div class=\"cw-accordion__item\"><button class=\"cw-accordion__item-title\" aria-expanded=\"false\" aria-controls=\"panel6\" id=\"accordion6\">\u00bfTengo que tener un abogado para obtener beneficios?<\/button><div class=\"cw-accordion__item-content\" id=\"panel6\" role=\"region\" aria-labelledby=\"accordion6\"><p>Una persona no necesita la ayuda de un abogado para presentar una aplicaci\u00f3n. Sin embargo, si su reclamaci\u00f3n es negada, la ayuda de un abogado har\u00e1 la diferencia entre ganar o no la apelaci\u00f3n. Las mismas estad\u00edsticas del Gobierno demuestran que se otorgan beneficios mucho m\u00e1s frecuentemente a personas que tienen abogados que a quienes llevan sus casos ellos mismos sin un abogado que represente sus mejores intereses. Por ejemplo, como parte del proceso de reclamaci\u00f3n, usted puede tener una audiencia frente a un juez de derecho administrativo y tal comparecencia es un procedimiento legal. Un abogado especializado en reclamaciones de Seguridad Social por Incapacidad le puede ayudar en la audiencia y puede ser la diferencia entre recibir sus beneficios o no.<\/p>\n<p>Para m\u00e1s informaci\u00f3n sobre reclamaciones de Seguridad Social por Incapacidad en Virginia, por favor vea nuestra\u00a0p\u00e1gina de Seguridad Social por Incapacidad.<\/p>\n<\/div><\/div><div class=\"cw-accordion__item\"><button class=\"cw-accordion__item-title\" aria-expanded=\"false\" aria-controls=\"panel7\" id=\"accordion7\">\u00bfCu\u00e1ndo debo contactar a la firma de Marks &#038; Harrison para que me represente?<\/button><div class=\"cw-accordion__item-content\" id=\"panel7\" role=\"region\" aria-labelledby=\"accordion7\"><p>Lo m\u00e1s pronto mejor. Sin embargo, la etapa que al estar representado hace la mayor diferencia en el resultado de su caso es la etapa de la Audiencia. Por lo tanto, es muy importante que usted obtenga representaci\u00f3n legal lo m\u00e1s pronto posible para prepararse para la audiencia. Es mejor contactar a los abogados de Marks &amp; Harrison quienes son especialistas en Seguridad Social por Incapacidad en Virginia tan pronto como su aplicaci\u00f3n por beneficios es negada. La representaci\u00f3n adecuada en un caso de Seguridad Social requiere bastante preparaci\u00f3n antes de la audiencia, an\u00e1lisis y recolecci\u00f3n de pruebas. Es mejor que los abogados de Marks &amp; Harrison comiencen la preparaci\u00f3n para su audiencia lo m\u00e1s pronto posible.<\/p>\n<p>Para m\u00e1s informaci\u00f3n sobre reclamaciones de Seguridad Social por Incapacidad en Virginia, por favor vea nuestra\u00a0p\u00e1gina de Seguridad Social por Incapacidad.<\/p>\n<\/div><\/div><div class=\"cw-accordion__item\"><button class=\"cw-accordion__item-title\" aria-expanded=\"false\" aria-controls=\"panel8\" id=\"accordion8\">\u00bfCu\u00e1l es la informaci\u00f3n que Marks &#038; Harrison necesitar\u00e1?<\/button><div class=\"cw-accordion__item-content\" id=\"panel8\" role=\"region\" aria-labelledby=\"accordion8\"><p>Cuando usted tenga su primera cita con su abogado especializado en Seguridad Social por Incapacidad en Virginia, traiga todos los papeles de Seguridad Social \u2013 avisos de negativa, decisiones, formularios de apelaciones, etc. Si usted tiene reportes m\u00e9dicos, tr\u00e1igalos tambi\u00e9n. Tambi\u00e9n ser\u00eda de ayuda llevar a su abogado la siguiente informaci\u00f3n: los nombres y direcciones de sus empleadores de los \u00faltimos 15 a\u00f1os, fechas de empleo con cada empleador y una descripci\u00f3n corta de las responsabilidades del trabajo y el nombre de cada medicina que se encuentre tomando actualmente, como tambi\u00e9n la dosis y el nombre del doctor que le prescribi\u00f3.<\/p>\n<p>Para m\u00e1s informaci\u00f3n sobre reclamaciones de Seguridad Social por Incapacidad en Virginia, por favor vea nuestra\u00a0p\u00e1gina de Seguridad Social por Incapacidad.<\/p>\n<\/div><\/div><div class=\"cw-accordion__item\"><button class=\"cw-accordion__item-title\" aria-expanded=\"false\" aria-controls=\"panel9\" id=\"accordion9\">\u00bfC\u00f3mo me ayudara Marks &#038; Harrison con mi reclamaci\u00f3n de Seguridad Social por Incapacidad?<\/button><div class=\"cw-accordion__item-content\" id=\"panel9\" role=\"region\" aria-labelledby=\"accordion9\"><p>Nunca hay que pagar por la consulta inicial y usted no pagar\u00e1 ning\u00fan honorario profesional a menos que su reclamaci\u00f3n sea aprobada. Nuestro equipo de abogados y personal de apoyo se esmera en lograr satisfactoriamente los objetivos y metas del cliente enfoc\u00e1ndose en su caso. Si usted nos escoge para que le representemos, nosotros haremos lo siguiente:<\/p>\n<ul>\n<li>Recolectar y revisar la evidencia m\u00e9dica y otras pruebas<\/li>\n<li>Analizar su caso bajo las regulaciones de Seguridad Social<\/li>\n<li>Contactar a su m\u00e9dico y explicar las regulaciones de Seguridad Social para obtener un reporte consistente con dichas regulaciones<\/li>\n<li>Referirle a especialistas para m\u00e1s reportes m\u00e9dicos que contesten las preguntas hechas por la Administraci\u00f3n de Seguridad Social<\/li>\n<li>Enviarle un profesional vocacional para que reporte sobre su capacidad para trabajar<\/li>\n<li>Sugerir que la Administraci\u00f3n de Seguridad Social le env\u00ede a un doctor para un examen consultativo<\/li>\n<li>Obtener documentos de su caso de Seguridad Social<\/li>\n<li>Revisar las acciones tomadas por la Administraci\u00f3n de Seguridad Social<\/li>\n<li>Pedir que una aplicaci\u00f3n previa por beneficios sea reabierta para obtener m\u00e1s beneficios retroactivos para usted<\/li>\n<li>Pedir una exenci\u00f3n de un plazo de tiempo<\/li>\n<li>Pedir \u00f3rdenes de citaci\u00f3n para asegurar la comparecencia de testigos cruciales en su audiencia<\/li>\n<li>Presentar un alegato final en su audiencia<\/li>\n<li>Asegurar que la Administraci\u00f3n de Seguridad Social le est\u00e9 pagando la cantidad apropiada de beneficios<\/li>\n<li>Si es necesario, pedir una apelaci\u00f3n de su caso ante el Consejo de Apelaciones<\/li>\n<li>Si es necesario, representarle en una corte federal para la revisi\u00f3n de su caso<\/li>\n<\/ul>\n<p>Para m\u00e1s informaci\u00f3n sobre reclamaciones de Seguridad Social por Incapacidad en Virginia, por favor vea nuestra\u00a0p\u00e1gina de Seguridad Social por Incapacidad.<\/p>\n<\/div><\/div><\/div><\/div>\n<p>Para m\u00e1s informaci\u00f3n sobre reclamaciones de Seguridad Social por Incapacidad en Virginia, por favor vea: Seguridad Social por Incapacidad<\/p>\n<p><a href=\"https:\/\/marksandharrison.cwdevelop.com\/contact-us\/\">Cont\u00e1ctenos<\/a> hoy llamando al n\u00famero de tel\u00e9fono gratis 1-800-283-2202. Contestamos nuestros tel\u00e9fonos 24 horas al d\u00eda, 7 d\u00edas a la semana. Usted tambi\u00e9n puede enviar una Evaluaci\u00f3n de su Caso en l\u00ednea.<\/p>\n","protected":false},"excerpt":{"rendered":"<p>Para m\u00e1s informaci\u00f3n sobre reclamaciones de Seguridad Social por Incapacidad en Virginia, por favor vea: Seguridad Social por Incapacidad Cont\u00e1ctenos hoy llamando al n\u00famero de tel\u00e9fono gratis 1-800-283-2202. Contestamos nuestros tel\u00e9fonos 24 horas al d\u00eda, 7 d\u00edas a la semana. Usted tambi\u00e9n puede enviar una Evaluaci\u00f3n de su Caso en l\u00ednea.<\/p>\n","protected":false},"author":3,"featured_media":0,"parent":0,"menu_order":181,"comment_status":"closed","ping_status":"closed","template":"","meta":{"_acf_changed":false,"footnotes":""},"class_list":["post-2900","page","type-page","status-publish","hentry"],"acf":[],"yoast_head":"<!-- This site is optimized with the Yoast SEO plugin v27.1 - https:\/\/yoast.com\/product\/yoast-seo-wordpress\/ -->\n<title>Preguntas frecuentes sobre la Seguridad Social - Marks &amp; Harrison<\/title>\n<meta name=\"description\" content=\"Para m\u00e1s informaci\u00f3n sobre reclamaciones de Seguridad Social por Incapacidad en Virginia, cont\u00e1ctenos hoy llamando al n\u00famero de tel\u00e9fono gratis.\" \/>\n<meta name=\"robots\" content=\"noindex, follow, max-snippet:-1, max-image-preview:large, max-video-preview:-1\" \/>\n<meta property=\"og:locale\" content=\"es_ES\" \/>\n<meta property=\"og:type\" content=\"article\" \/>\n<meta property=\"og:title\" content=\"Preguntas frecuentes sobre la Seguridad Social - Marks &amp; Harrison\" \/>\n<meta property=\"og:description\" content=\"Para m\u00e1s informaci\u00f3n sobre reclamaciones de Seguridad Social por Incapacidad en Virginia, cont\u00e1ctenos hoy llamando al n\u00famero de tel\u00e9fono gratis.\" \/>\n<meta property=\"og:url\" content=\"https:\/\/marksandharrison.cwdevelop.com\/es\/preguntas-frecuentes-de-seguridad-social\/\" \/>\n<meta property=\"og:site_name\" content=\"marksandharrison.cwdevelop.com Managed WordPress Site\" \/>\n<meta property=\"article:modified_time\" content=\"2026-04-07T09:20:40+00:00\" \/>\n<meta name=\"twitter:card\" content=\"summary_large_image\" \/>\n<meta name=\"twitter:label1\" content=\"Tiempo de lectura\" \/>\n\t<meta name=\"twitter:data1\" content=\"1 minuto\" \/>\n<script type=\"application\/ld+json\" class=\"yoast-schema-graph\">{\"@context\":\"https:\/\/schema.org\",\"@graph\":[{\"@type\":\"WebPage\",\"@id\":\"https:\/\/marksandharrison.cwdevelop.com\/es\/preguntas-frecuentes-de-seguridad-social\/\",\"url\":\"https:\/\/marksandharrison.cwdevelop.com\/es\/preguntas-frecuentes-de-seguridad-social\/\",\"name\":\"Preguntas frecuentes sobre la Seguridad Social - Marks & Harrison\",\"isPartOf\":{\"@id\":\"https:\/\/marksandharrison.cwdevelop.com\/es\/#website\"},\"datePublished\":\"2015-08-25T06:29:58+00:00\",\"dateModified\":\"2026-04-07T09:20:40+00:00\",\"description\":\"Para m\u00e1s informaci\u00f3n sobre reclamaciones de Seguridad Social por Incapacidad en Virginia, cont\u00e1ctenos hoy llamando al n\u00famero de tel\u00e9fono gratis.\",\"breadcrumb\":{\"@id\":\"https:\/\/marksandharrison.cwdevelop.com\/es\/preguntas-frecuentes-de-seguridad-social\/#breadcrumb\"},\"inLanguage\":\"es\",\"potentialAction\":[{\"@type\":\"ReadAction\",\"target\":[\"https:\/\/marksandharrison.cwdevelop.com\/es\/preguntas-frecuentes-de-seguridad-social\/\"]}]},{\"@type\":\"BreadcrumbList\",\"@id\":\"https:\/\/marksandharrison.cwdevelop.com\/es\/preguntas-frecuentes-de-seguridad-social\/#breadcrumb\",\"itemListElement\":[{\"@type\":\"ListItem\",\"position\":1,\"name\":\"Inicio\",\"item\":\"https:\/\/marksandharrison.cwdevelop.com\/es\/\"},{\"@type\":\"ListItem\",\"position\":2,\"name\":\"Preguntas Frecuentes de Seguridad Social\"}]},{\"@type\":\"WebSite\",\"@id\":\"https:\/\/marksandharrison.cwdevelop.com\/es\/#website\",\"url\":\"https:\/\/marksandharrison.cwdevelop.com\/es\/\",\"name\":\"marksandharrison.cwdevelop.com Managed WordPress Site\",\"description\":\"\",\"potentialAction\":[{\"@type\":\"SearchAction\",\"target\":{\"@type\":\"EntryPoint\",\"urlTemplate\":\"https:\/\/marksandharrison.cwdevelop.com\/es\/?s={search_term_string}\"},\"query-input\":{\"@type\":\"PropertyValueSpecification\",\"valueRequired\":true,\"valueName\":\"search_term_string\"}}],\"inLanguage\":\"es\"}]}<\/script>\n<!-- \/ Yoast SEO plugin. -->","yoast_head_json":{"title":"Preguntas frecuentes sobre la Seguridad Social - Marks & Harrison","description":"Para m\u00e1s informaci\u00f3n sobre reclamaciones de Seguridad Social por Incapacidad en Virginia, cont\u00e1ctenos hoy llamando al n\u00famero de tel\u00e9fono gratis.","robots":{"index":"noindex","follow":"follow","max-snippet":"max-snippet:-1","max-image-preview":"max-image-preview:large","max-video-preview":"max-video-preview:-1"},"og_locale":"es_ES","og_type":"article","og_title":"Preguntas frecuentes sobre la Seguridad Social - Marks & Harrison","og_description":"Para m\u00e1s informaci\u00f3n sobre reclamaciones de Seguridad Social por Incapacidad en Virginia, cont\u00e1ctenos hoy llamando al n\u00famero de tel\u00e9fono gratis.","og_url":"https:\/\/marksandharrison.cwdevelop.com\/es\/preguntas-frecuentes-de-seguridad-social\/","og_site_name":"marksandharrison.cwdevelop.com Managed WordPress Site","article_modified_time":"2026-04-07T09:20:40+00:00","twitter_card":"summary_large_image","twitter_misc":{"Tiempo de lectura":"1 minuto"},"schema":{"@context":"https:\/\/schema.org","@graph":[{"@type":"WebPage","@id":"https:\/\/marksandharrison.cwdevelop.com\/es\/preguntas-frecuentes-de-seguridad-social\/","url":"https:\/\/marksandharrison.cwdevelop.com\/es\/preguntas-frecuentes-de-seguridad-social\/","name":"Preguntas frecuentes sobre la Seguridad Social - Marks & Harrison","isPartOf":{"@id":"https:\/\/marksandharrison.cwdevelop.com\/es\/#website"},"datePublished":"2015-08-25T06:29:58+00:00","dateModified":"2026-04-07T09:20:40+00:00","description":"Para m\u00e1s informaci\u00f3n sobre reclamaciones de Seguridad Social por Incapacidad en Virginia, cont\u00e1ctenos hoy llamando al n\u00famero de tel\u00e9fono gratis.","breadcrumb":{"@id":"https:\/\/marksandharrison.cwdevelop.com\/es\/preguntas-frecuentes-de-seguridad-social\/#breadcrumb"},"inLanguage":"es","potentialAction":[{"@type":"ReadAction","target":["https:\/\/marksandharrison.cwdevelop.com\/es\/preguntas-frecuentes-de-seguridad-social\/"]}]},{"@type":"BreadcrumbList","@id":"https:\/\/marksandharrison.cwdevelop.com\/es\/preguntas-frecuentes-de-seguridad-social\/#breadcrumb","itemListElement":[{"@type":"ListItem","position":1,"name":"Inicio","item":"https:\/\/marksandharrison.cwdevelop.com\/es\/"},{"@type":"ListItem","position":2,"name":"Preguntas Frecuentes de Seguridad Social"}]},{"@type":"WebSite","@id":"https:\/\/marksandharrison.cwdevelop.com\/es\/#website","url":"https:\/\/marksandharrison.cwdevelop.com\/es\/","name":"marksandharrison.cwdevelop.com Managed WordPress Site","description":"","potentialAction":[{"@type":"SearchAction","target":{"@type":"EntryPoint","urlTemplate":"https:\/\/marksandharrison.cwdevelop.com\/es\/?s={search_term_string}"},"query-input":{"@type":"PropertyValueSpecification","valueRequired":true,"valueName":"search_term_string"}}],"inLanguage":"es"}]}},"_links":{"self":[{"href":"https:\/\/marksandharrison.cwdevelop.com\/es\/wp-json\/wp\/v2\/pages\/2900","targetHints":{"allow":["GET"]}}],"collection":[{"href":"https:\/\/marksandharrison.cwdevelop.com\/es\/wp-json\/wp\/v2\/pages"}],"about":[{"href":"https:\/\/marksandharrison.cwdevelop.com\/es\/wp-json\/wp\/v2\/types\/page"}],"author":[{"embeddable":true,"href":"https:\/\/marksandharrison.cwdevelop.com\/es\/wp-json\/wp\/v2\/users\/3"}],"replies":[{"embeddable":true,"href":"https:\/\/marksandharrison.cwdevelop.com\/es\/wp-json\/wp\/v2\/comments?post=2900"}],"version-history":[{"count":0,"href":"https:\/\/marksandharrison.cwdevelop.com\/es\/wp-json\/wp\/v2\/pages\/2900\/revisions"}],"wp:attachment":[{"href":"https:\/\/marksandharrison.cwdevelop.com\/es\/wp-json\/wp\/v2\/media?parent=2900"}],"curies":[{"name":"wp","href":"https:\/\/api.w.org\/{rel}","templated":true}]}}