{"id":272,"date":"2014-09-20T14:20:17","date_gmt":"2014-09-20T14:20:17","guid":{"rendered":"https:\/\/marksandharrison.cwdevelop.com\/?page_id=272"},"modified":"2026-03-26T08:58:23","modified_gmt":"2026-03-26T08:58:23","slug":"acerca-de-nosotros","status":"publish","type":"page","link":"https:\/\/marksandharrison.cwdevelop.com\/es\/acerca-de-nosotros\/","title":{"rendered":"Acerca de Nosotros"},"content":{"rendered":"<h2>Nuestra \u00fanica misi\u00f3n es ayudar a personas lesionadas y a sus familias<\/h2>\n<p>Desde 1911, los abogados especializados en lesiones personales de la firma Marks &amp; Harrison, han representado a personas lesionadas y a sus familias en toda Virginia. Somos una de las firmas de abogados de lesiones personales m\u00e1s grande y antigua de Virginia. En Marks &amp; Harrison, nuestros clientes siempre son lo primero.<\/p>\n<p>Como profesionales en el \u00e1rea de lesiones, tenemos el deber de proteger los derechos de las v\u00edctimas de lesiones personales, accidentes automovil\u00edsticos, accidentes con trailers, lesiones traum\u00e1ticas del cerebro, negligencia m\u00e9dica, ataques de animales y perros, productos defectuosos, resbalones y ca\u00eddas, muerte causada por negligencia, compensaci\u00f3n de trabajadores y seguro social de incapacidad. Nosotros no representamos a la industria de seguros o a negocios grandes. Nosotros representamos a gente como usted.<\/p>\n<p>Ayudando a las personas perjudicadas y a sus familias es nuestro \u00fanico negocio.<\/p>\n<p>Complete y env\u00ede nuestro formulario online o ll\u00e1menos sin cargo al 1-800-283-2202. Nuestros tel\u00e9fonos son contestados las 24 horas del d\u00eda, los 7 d\u00edas de la semana.<\/p>\n","protected":false},"excerpt":{"rendered":"<p>Nuestra \u00fanica misi\u00f3n es ayudar a personas lesionadas y a sus familias Desde 1911, los abogados especializados en lesiones personales de la firma Marks &amp; Harrison, han representado a personas lesionadas y a sus familias en toda Virginia. Somos una de las firmas de abogados de lesiones personales m\u00e1s grande y antigua de Virginia. En [&hellip;]<\/p>\n","protected":false},"author":3,"featured_media":0,"parent":0,"menu_order":72,"comment_status":"closed","ping_status":"closed","template":"","meta":{"_acf_changed":false,"footnotes":""},"class_list":["post-272","page","type-page","status-publish","hentry"],"acf":[],"yoast_head":"<!-- This site is optimized with the Yoast SEO plugin v27.1 - https:\/\/yoast.com\/product\/yoast-seo-wordpress\/ -->\n<title>Acerca de Nosotros | Marks y Harrison<\/title>\n<meta name=\"description\" content=\"Los abogados especializados en lesiones personales de la firma Marks &amp; Harrison, han representado a personas lesionadas y a sus familias en toda Virginia.\u00a0\" \/>\n<meta name=\"robots\" content=\"noindex, follow, max-snippet:-1, max-image-preview:large, max-video-preview:-1\" \/>\n<meta property=\"og:locale\" content=\"es_ES\" \/>\n<meta property=\"og:type\" content=\"article\" \/>\n<meta property=\"og:title\" content=\"Acerca de Nosotros | Marks y Harrison\" \/>\n<meta property=\"og:description\" content=\"Los abogados especializados en lesiones personales de la firma Marks &amp; Harrison, han representado a personas lesionadas y a sus familias en toda Virginia.\u00a0\" \/>\n<meta property=\"og:url\" content=\"https:\/\/marksandharrison.cwdevelop.com\/es\/acerca-de-nosotros\/\" \/>\n<meta property=\"og:site_name\" content=\"marksandharrison.cwdevelop.com Managed WordPress Site\" \/>\n<meta property=\"article:modified_time\" content=\"2026-03-26T08:58:23+00:00\" \/>\n<meta name=\"twitter:card\" content=\"summary_large_image\" \/>\n<meta name=\"twitter:label1\" content=\"Tiempo de lectura\" \/>\n\t<meta name=\"twitter:data1\" content=\"1 minuto\" \/>\n<script type=\"application\/ld+json\" class=\"yoast-schema-graph\">{\"@context\":\"https:\/\/schema.org\",\"@graph\":[{\"@type\":\"WebPage\",\"@id\":\"https:\/\/marksandharrison.cwdevelop.com\/es\/acerca-de-nosotros\/\",\"url\":\"https:\/\/marksandharrison.cwdevelop.com\/es\/acerca-de-nosotros\/\",\"name\":\"Acerca de Nosotros | Marks y Harrison\",\"isPartOf\":{\"@id\":\"https:\/\/marksandharrison.cwdevelop.com\/es\/#website\"},\"datePublished\":\"2014-09-20T14:20:17+00:00\",\"dateModified\":\"2026-03-26T08:58:23+00:00\",\"description\":\"Los abogados especializados en lesiones personales de la firma Marks & Harrison, han representado a personas lesionadas y a sus familias en toda Virginia.\u00a0\",\"breadcrumb\":{\"@id\":\"https:\/\/marksandharrison.cwdevelop.com\/es\/acerca-de-nosotros\/#breadcrumb\"},\"inLanguage\":\"es\",\"potentialAction\":[{\"@type\":\"ReadAction\",\"target\":[\"https:\/\/marksandharrison.cwdevelop.com\/es\/acerca-de-nosotros\/\"]}]},{\"@type\":\"BreadcrumbList\",\"@id\":\"https:\/\/marksandharrison.cwdevelop.com\/es\/acerca-de-nosotros\/#breadcrumb\",\"itemListElement\":[{\"@type\":\"ListItem\",\"position\":1,\"name\":\"Inicio\",\"item\":\"https:\/\/marksandharrison.cwdevelop.com\/es\/\"},{\"@type\":\"ListItem\",\"position\":2,\"name\":\"Acerca de Nosotros\"}]},{\"@type\":\"WebSite\",\"@id\":\"https:\/\/marksandharrison.cwdevelop.com\/es\/#website\",\"url\":\"https:\/\/marksandharrison.cwdevelop.com\/es\/\",\"name\":\"marksandharrison.cwdevelop.com Managed WordPress Site\",\"description\":\"\",\"potentialAction\":[{\"@type\":\"SearchAction\",\"target\":{\"@type\":\"EntryPoint\",\"urlTemplate\":\"https:\/\/marksandharrison.cwdevelop.com\/es\/?s={search_term_string}\"},\"query-input\":{\"@type\":\"PropertyValueSpecification\",\"valueRequired\":true,\"valueName\":\"search_term_string\"}}],\"inLanguage\":\"es\"}]}<\/script>\n<!-- \/ Yoast SEO plugin. -->","yoast_head_json":{"title":"Acerca de Nosotros | Marks y Harrison","description":"Los abogados especializados en lesiones personales de la firma Marks & Harrison, han representado a personas lesionadas y a sus familias en toda Virginia.\u00a0","robots":{"index":"noindex","follow":"follow","max-snippet":"max-snippet:-1","max-image-preview":"max-image-preview:large","max-video-preview":"max-video-preview:-1"},"og_locale":"es_ES","og_type":"article","og_title":"Acerca de Nosotros | Marks y Harrison","og_description":"Los abogados especializados en lesiones personales de la firma Marks & Harrison, han representado a personas lesionadas y a sus familias en toda Virginia.\u00a0","og_url":"https:\/\/marksandharrison.cwdevelop.com\/es\/acerca-de-nosotros\/","og_site_name":"marksandharrison.cwdevelop.com Managed WordPress Site","article_modified_time":"2026-03-26T08:58:23+00:00","twitter_card":"summary_large_image","twitter_misc":{"Tiempo de lectura":"1 minuto"},"schema":{"@context":"https:\/\/schema.org","@graph":[{"@type":"WebPage","@id":"https:\/\/marksandharrison.cwdevelop.com\/es\/acerca-de-nosotros\/","url":"https:\/\/marksandharrison.cwdevelop.com\/es\/acerca-de-nosotros\/","name":"Acerca de Nosotros | Marks y Harrison","isPartOf":{"@id":"https:\/\/marksandharrison.cwdevelop.com\/es\/#website"},"datePublished":"2014-09-20T14:20:17+00:00","dateModified":"2026-03-26T08:58:23+00:00","description":"Los abogados especializados en lesiones personales de la firma Marks & Harrison, han representado a personas lesionadas y a sus familias en toda Virginia.\u00a0","breadcrumb":{"@id":"https:\/\/marksandharrison.cwdevelop.com\/es\/acerca-de-nosotros\/#breadcrumb"},"inLanguage":"es","potentialAction":[{"@type":"ReadAction","target":["https:\/\/marksandharrison.cwdevelop.com\/es\/acerca-de-nosotros\/"]}]},{"@type":"BreadcrumbList","@id":"https:\/\/marksandharrison.cwdevelop.com\/es\/acerca-de-nosotros\/#breadcrumb","itemListElement":[{"@type":"ListItem","position":1,"name":"Inicio","item":"https:\/\/marksandharrison.cwdevelop.com\/es\/"},{"@type":"ListItem","position":2,"name":"Acerca de Nosotros"}]},{"@type":"WebSite","@id":"https:\/\/marksandharrison.cwdevelop.com\/es\/#website","url":"https:\/\/marksandharrison.cwdevelop.com\/es\/","name":"marksandharrison.cwdevelop.com Managed WordPress Site","description":"","potentialAction":[{"@type":"SearchAction","target":{"@type":"EntryPoint","urlTemplate":"https:\/\/marksandharrison.cwdevelop.com\/es\/?s={search_term_string}"},"query-input":{"@type":"PropertyValueSpecification","valueRequired":true,"valueName":"search_term_string"}}],"inLanguage":"es"}]}},"_links":{"self":[{"href":"https:\/\/marksandharrison.cwdevelop.com\/es\/wp-json\/wp\/v2\/pages\/272","targetHints":{"allow":["GET"]}}],"collection":[{"href":"https:\/\/marksandharrison.cwdevelop.com\/es\/wp-json\/wp\/v2\/pages"}],"about":[{"href":"https:\/\/marksandharrison.cwdevelop.com\/es\/wp-json\/wp\/v2\/types\/page"}],"author":[{"embeddable":true,"href":"https:\/\/marksandharrison.cwdevelop.com\/es\/wp-json\/wp\/v2\/users\/3"}],"replies":[{"embeddable":true,"href":"https:\/\/marksandharrison.cwdevelop.com\/es\/wp-json\/wp\/v2\/comments?post=272"}],"version-history":[{"count":0,"href":"https:\/\/marksandharrison.cwdevelop.com\/es\/wp-json\/wp\/v2\/pages\/272\/revisions"}],"wp:attachment":[{"href":"https:\/\/marksandharrison.cwdevelop.com\/es\/wp-json\/wp\/v2\/media?parent=272"}],"curies":[{"name":"wp","href":"https:\/\/api.w.org\/{rel}","templated":true}]}}